{"id":2916,"date":"2020-01-31T12:03:46","date_gmt":"2020-01-31T11:03:46","guid":{"rendered":"https:\/\/www.kela.health\/?page_id=2916"},"modified":"2025-05-01T10:46:16","modified_gmt":"2025-05-01T08:46:16","slug":"kela-health","status":"publish","type":"page","link":"https:\/\/www.kela.health\/es\/","title":{"rendered":"Kela Health"},"content":{"rendered":"<section class=\"wpb-content-wrapper\"><p>[vc_section full_width=&#8221;stretch_row&#8221; content_placement=&#8221;top&#8221; el_id=&#8221;home-hero&#8221; el_class=&#8221;hero&#8221;][vc_row][vc_column width=&#8221;1\/2&#8243;][vc_column_text el_class=&#8221;box intro&#8221; el_id=&#8221;hero-box&#8221;]<\/p>\n<h1>Tenemos una fuerte herencia y un historial comprobado en salud animal<\/h1>\n<p>Somos Kela. Estamos ansiosos por contribuir, asociarnos, compartir nuestros conocimientos y experiencias y ser su socio sostenible en el negocio de la salud animal.<\/p>\n<p><a class=\"blue-button\" href=\"https:\/\/www.kela.health\/es\/acerca-de-kela\/\">Leer mas<\/a>[\/vc_column_text][\/vc_column][vc_column width=&#8221;1\/2&#8243;][\/vc_column][\/vc_row][vc_row css_animation=&#8221;none&#8221; el_id=&#8221;hero-element&#8221; el_class=&#8221;element&#8221;][vc_column css_animation=&#8221;none&#8221; width=&#8221;1\/4&#8243;][vc_column_text el_class=&#8221;box box-home&#8221;]<a href=\"https:\/\/www.kela.health\/es\/salud-animal\/\" class=\"image-link\"><img decoding=\"async\" loading=\"lazy\" class=\"size-full wp-image-206 alignleft\" src=\"https:\/\/www.kela.health\/wp-content\/uploads\/2018\/08\/AdobeStock_84894985@2x.png\" alt=\"\" width=\"540\" height=\"404\" \/><\/a><\/p>\n<p><a href=\"https:\/\/www.kela.health\/es\/salud-animal\/\">Salud Animal<\/a>[\/vc_column_text][\/vc_column][vc_column width=&#8221;1\/4&#8243;][vc_column_text el_class=&#8221;box box-home&#8221;]<a href=\"\/es\/fabricacion-por-contrato-2\/\" class=\"image-link\"><img decoding=\"async\" loading=\"lazy\" class=\"alignnone wp-image-1927 size-full\" src=\"https:\/\/www.kela.health\/wp-content\/uploads\/2018\/09\/DSC3436-corr-crop-1.png\" alt=\"\" width=\"540\" height=\"404\" \/><\/a><\/p>\n<p><a href=\"\/es\/fabricacion-por-contrato-2\/\">Fabricaci\u00f3n por contrato<\/a>[\/vc_column_text][\/vc_column][vc_column width=&#8221;1\/4&#8243;][\/vc_column][\/vc_row][\/vc_section][vc_row full_width=&#8221;stretch_row_content&#8221; el_id=&#8221;slider-bg&#8221; el_class=&#8221;myslider-wrapper&#8221;][vc_column][vc_column_text]<div class=\"container\"><div class=\"row\"><div class=\"col-sm-12\"><div id=\"kela-carousel\" class=\"carousel slide\"><!-- Wrapper for slides --><div class=\"carousel-inner\"><div class=\"item active\"><a class=\"\" href=\"https:\/\/www.kela.health\/es\/bienvenidos-a-nuestros-nuevos-directores\/\"><img class=\"img-responsive slider-img\" src=\"https:\/\/www.kela.health\/wp-content\/uploads\/2026\/02\/3-1170x500.png\"><\/a><div class=\"carousel-caption\"><h4><a href=\"https:\/\/www.kela.health\/es\/bienvenidos-a-nuestros-nuevos-directores\/\">Bienvenidos a nuestros nuevos Directores<\/a><\/h4><p class=\"carousel-excerpt\">Nos complace anunciar el nombramiento de Kristel Senten y Joeri Veiro como dos nuevos Directores, aportando un nuevo impulso al Comit\u00e9 de Direcci\u00f3n de KELA y reforzando nuestra experiencia en I+D y Operaciones.<\/p><p><a class=\"blue-button\" href=\"https:\/\/www.kela.health\/es\/bienvenidos-a-nuestros-nuevos-directores\/\">Leer mas<\/a><\/p><\/div> <\/div><div class=\"item\"><a class=\"\" href=\"https:\/\/www.kela.health\/es\/nueva-cooperacion-en-china\/\"><img class=\"img-responsive slider-img\" src=\"https:\/\/www.kela.health\/wp-content\/uploads\/2025\/03\/Collab-China-Social-Media--940x500.jpg\"><\/a><div class=\"carousel-caption\"><h4><a href=\"https:\/\/www.kela.health\/es\/nueva-cooperacion-en-china\/\">Nueva cooperaci\u00f3n en China<\/a><\/h4><p class=\"carousel-excerpt\">Nos complace anunciar que Kela y Yantai Weikang han firmado un acuerdo en Zhengzhou, China, para la distribuci\u00f3n de cuatro productos inyectables. Yantai Weikang es un l\u00edder destacado en la industria farmac\u00e9utica China. Al integrar los avanzados productos veterinarios de Kela, Yantai Weikang busca mejorar su oferta de productos inyectables y elevar significativamente la calidad de la atenci\u00f3n veterinaria en [&hellip;]<\/p><p><a class=\"blue-button\" href=\"https:\/\/www.kela.health\/es\/nueva-cooperacion-en-china\/\">Leer mas<\/a><\/p><\/div> <\/div><div class=\"item\"><a class=\"\" href=\"https:\/\/www.kela.health\/es\/fiesta-de-navidad\/\"><img class=\"img-responsive slider-img\" src=\"https:\/\/www.kela.health\/wp-content\/uploads\/2020\/12\/Kela-thumbnail-1-1135x500.png\"><\/a><div class=\"carousel-caption\"><h4><a href=\"https:\/\/www.kela.health\/es\/fiesta-de-navidad\/\">Fiesta de Navidad<\/a><\/h4><p class=\"carousel-excerpt\">Nuestra fiesta de Navidad del 13 de diciembre fue una noche memorable. Gracias a nuestro equipo por hacer que fuera una velada tan especial. &nbsp;<\/p><p><a class=\"blue-button\" href=\"https:\/\/www.kela.health\/es\/fiesta-de-navidad\/\">Leer mas<\/a><\/p><\/div> <\/div><\/div><!-- Controls --><a class=\"left carousel-control\" href=\"#kela-carousel\" role=\"button\" data-slide=\"prev\"><span class=\"glyphicon glyphicon-chevron-left\"><\/span><\/a><a class=\"right carousel-control\" href=\"#kela-carousel\" role=\"button\" data-slide=\"next\"><span class=\"glyphicon glyphicon-chevron-right\"><\/span><\/a><\/div><\/div><\/div><\/div><\/div>[\/vc_column_text][\/vc_column][\/vc_row][vc_section el_id=&#8221;home-content&#8221; el_class=&#8221;homecontent&#8221;][vc_row][vc_column width=&#8221;4\/12&#8243;][vc_column_text]<\/p>\n<h3>Fundamentando su negocio con Kela<\/h3>\n<p>Somos Kela. Nuestra promesa es entregar a nuestros clientes \u2013 veterinarios y m\u00e9dicos \u2013\u00a0 productos confiables y de la m\u00e1s alta calidad que necesitan para tratar exitosamente a sus animales. En esencia esto describe nuestro prop\u00f3sito como compa\u00f1\u00eda, nuestra asociaci\u00f3n para distribuci\u00f3n de productos y nuestro compromiso con la comunidad que est\u00e1 al cuidado de la salud animal en cualquier lugar del mundo.<\/p>\n<p>Estamos abiertos a negociar. Platiquemos.<\/p>\n<p><a class=\"blue-button\" href=\"https:\/\/www.kela.health\/es\/salud-animal\/valor-para-los-clientes\/\">Leer mas<\/a>[\/vc_column_text][\/vc_column][vc_column width=&#8221;1\/12&#8243;][\/vc_column][vc_column width=&#8221;3\/12&#8243;][vc_column_text]<\/p>\n<h3><a href=\"https:\/\/www.kela.health\/es\/trabajando-en-kela\/\">Trabajando en Kela<\/a><\/h3>\n<p>Cada empleado en Kela est\u00e1 en el coraz\u00f3n de nuestro negocio. Su talento y compromiso son esenciales\u00a0 para entregar nuestra promesa a los clientes. Esto conforma la cultura Kela que es b\u00e1sica para entender las necesidades de los clientes y los mercados, orient\u00e1ndonos a la calidad y entregando productos y servicios significativos a nuestros clientes.<\/p>\n<p><a class=\"blue-button\" href=\"https:\/\/www.kela.health\/es\/trabajando-en-kela\/\">Leer mas<\/a>[\/vc_column_text][\/vc_column][vc_column width=&#8221;1\/12&#8243;][\/vc_column][vc_column width=&#8221;3\/12&#8243;][vc_column_text el_class=&#8221;box box-productfinder&#8221;]<img decoding=\"async\" loading=\"lazy\" class=\"alignnone size-thumbnail wp-image-2001\" src=\"https:\/\/www.kela.health\/wp-content\/uploads\/2018\/11\/search.svg\" alt=\"\" width=\"20\" height=\"20\" \/><\/p>\n<h5>Buscador de productos<\/h5>\n<h6>Vea productos en su regi\u00f3n<\/h6>\n<p>Nuestra cartera cubre una amplia gama de productos de salud animal.<\/p>\n<p><a class=\"blue-button\" href=\"http:\/\/products.kela.health\">Vea productos<\/a>[\/vc_column_text][\/vc_column][\/vc_row][\/vc_section]<\/p>\n<\/section>","protected":false},"excerpt":{"rendered":"<p>[vc_section full_width=&#8221;stretch_row&#8221; content_placement=&#8221;top&#8221; el_id=&#8221;home-hero&#8221; el_class=&#8221;hero&#8221;][vc_row][vc_column width=&#8221;1\/2&#8243;][vc_column_text el_class=&#8221;box intro&#8221; el_id=&#8221;hero-box&#8221;] Tenemos una fuerte herencia y un historial comprobado en salud animal Somos Kela. Estamos ansiosos por contribuir, asociarnos, compartir nuestros conocimientos y experiencias y ser su socio sostenible en el negocio de la salud animal. Leer mas[\/vc_column_text][\/vc_column][vc_column width=&#8221;1\/2&#8243;][\/vc_column][\/vc_row][vc_row css_animation=&#8221;none&#8221; el_id=&#8221;hero-element&#8221; el_class=&#8221;element&#8221;][vc_column css_animation=&#8221;none&#8221; width=&#8221;1\/4&#8243;][vc_column_text el_class=&#8221;box box-home&#8221;] Salud Animal[\/vc_column_text][\/vc_column][vc_column width=&#8221;1\/4&#8243;][vc_column_text el_class=&#8221;box box-home&#8221;] Fabricaci\u00f3n [&hellip;]<\/p>\n","protected":false},"author":3,"featured_media":0,"parent":0,"menu_order":0,"comment_status":"closed","ping_status":"closed","template":"","meta":{"inline_featured_image":false},"acf":[],"yoast_head":"<!-- This site is optimized with the Yoast SEO plugin v20.8 - https:\/\/yoast.com\/wordpress\/plugins\/seo\/ -->\n<title>Kela Health - Kela Health<\/title>\n<meta name=\"description\" content=\"Tenemos una fuerte herencia y un historial comprobado en salud animal Somos Kela. Estamos ansiosos por contribuir, asociarnos, compartir nuestros\" \/>\n<meta name=\"robots\" content=\"index, follow, max-snippet:-1, max-image-preview:large, max-video-preview:-1\" \/>\n<link rel=\"canonical\" href=\"https:\/\/www.kela.health\/es\/\" \/>\n<meta property=\"og:locale\" content=\"es_ES\" \/>\n<meta property=\"og:type\" content=\"article\" \/>\n<meta property=\"og:title\" content=\"Kela Health - Kela Health\" \/>\n<meta property=\"og:description\" content=\"Tenemos una fuerte herencia y un historial comprobado en salud animal Somos Kela. Estamos ansiosos por contribuir, asociarnos, compartir nuestros\" \/>\n<meta property=\"og:url\" content=\"https:\/\/www.kela.health\/es\/\" \/>\n<meta property=\"og:site_name\" content=\"Kela Health\" \/>\n<meta property=\"article:publisher\" content=\"https:\/\/www.facebook.com\/Kela.Hoogstraten\/\" \/>\n<meta property=\"article:modified_time\" content=\"2025-05-01T08:46:16+00:00\" \/>\n<meta property=\"og:image\" content=\"https:\/\/www.kela.health\/wp-content\/uploads\/2018\/08\/AdobeStock_84894985@2x.png\" \/>\n<meta name=\"twitter:card\" content=\"summary_large_image\" \/>\n<meta name=\"twitter:label1\" content=\"Est. reading time\" \/>\n\t<meta name=\"twitter:data1\" content=\"2 minutes\" \/>\n<script type=\"application\/ld+json\" class=\"yoast-schema-graph\">{\"@context\":\"https:\/\/schema.org\",\"@graph\":[{\"@type\":\"WebPage\",\"@id\":\"https:\/\/www.kela.health\/es\/\",\"url\":\"https:\/\/www.kela.health\/es\/\",\"name\":\"Kela Health - Kela Health\",\"isPartOf\":{\"@id\":\"https:\/\/www.kela.health\/#website\"},\"datePublished\":\"2020-01-31T11:03:46+00:00\",\"dateModified\":\"2025-05-01T08:46:16+00:00\",\"description\":\"Tenemos una fuerte herencia y un historial comprobado en salud animal Somos Kela. Estamos ansiosos por contribuir, asociarnos, compartir nuestros\",\"breadcrumb\":{\"@id\":\"https:\/\/www.kela.health\/es\/#breadcrumb\"},\"inLanguage\":\"es-ES\",\"potentialAction\":[{\"@type\":\"ReadAction\",\"target\":[\"https:\/\/www.kela.health\/es\/\"]}]},{\"@type\":\"BreadcrumbList\",\"@id\":\"https:\/\/www.kela.health\/es\/#breadcrumb\",\"itemListElement\":[{\"@type\":\"ListItem\",\"position\":1,\"name\":\"Home\",\"item\":\"https:\/\/www.kela.health\/es\/\"},{\"@type\":\"ListItem\",\"position\":2,\"name\":\"Kela Health\"}]},{\"@type\":\"WebSite\",\"@id\":\"https:\/\/www.kela.health\/#website\",\"url\":\"https:\/\/www.kela.health\/\",\"name\":\"Kela Health\",\"description\":\"Focus on health\",\"publisher\":{\"@id\":\"https:\/\/www.kela.health\/#organization\"},\"potentialAction\":[{\"@type\":\"SearchAction\",\"target\":{\"@type\":\"EntryPoint\",\"urlTemplate\":\"https:\/\/www.kela.health\/?s={search_term_string}\"},\"query-input\":\"required name=search_term_string\"}],\"inLanguage\":\"es-ES\"},{\"@type\":\"Organization\",\"@id\":\"https:\/\/www.kela.health\/#organization\",\"name\":\"Kela NV\",\"url\":\"https:\/\/www.kela.health\/\",\"logo\":{\"@type\":\"ImageObject\",\"inLanguage\":\"es-ES\",\"@id\":\"https:\/\/www.kela.health\/#\/schema\/logo\/image\/\",\"url\":\"https:\/\/www.kela.health\/wp-content\/uploads\/2018\/09\/Kela-Pos-RGB.jpg\",\"contentUrl\":\"https:\/\/www.kela.health\/wp-content\/uploads\/2018\/09\/Kela-Pos-RGB.jpg\",\"width\":1000,\"height\":490,\"caption\":\"Kela NV\"},\"image\":{\"@id\":\"https:\/\/www.kela.health\/#\/schema\/logo\/image\/\"},\"sameAs\":[\"https:\/\/www.facebook.com\/Kela.Hoogstraten\/\",\"https:\/\/www.linkedin.com\/company\/kela-laboratoria-n-v-\/\"]}]}<\/script>\n<!-- \/ Yoast SEO plugin. -->","yoast_head_json":{"title":"Kela Health - Kela Health","description":"Tenemos una fuerte herencia y un historial comprobado en salud animal Somos Kela. Estamos ansiosos por contribuir, asociarnos, compartir nuestros","robots":{"index":"index","follow":"follow","max-snippet":"max-snippet:-1","max-image-preview":"max-image-preview:large","max-video-preview":"max-video-preview:-1"},"canonical":"https:\/\/www.kela.health\/es\/","og_locale":"es_ES","og_type":"article","og_title":"Kela Health - Kela Health","og_description":"Tenemos una fuerte herencia y un historial comprobado en salud animal Somos Kela. Estamos ansiosos por contribuir, asociarnos, compartir nuestros","og_url":"https:\/\/www.kela.health\/es\/","og_site_name":"Kela Health","article_publisher":"https:\/\/www.facebook.com\/Kela.Hoogstraten\/","article_modified_time":"2025-05-01T08:46:16+00:00","og_image":[{"url":"https:\/\/www.kela.health\/wp-content\/uploads\/2018\/08\/AdobeStock_84894985@2x.png"}],"twitter_card":"summary_large_image","twitter_misc":{"Est. reading time":"2 minutes"},"schema":{"@context":"https:\/\/schema.org","@graph":[{"@type":"WebPage","@id":"https:\/\/www.kela.health\/es\/","url":"https:\/\/www.kela.health\/es\/","name":"Kela Health - Kela Health","isPartOf":{"@id":"https:\/\/www.kela.health\/#website"},"datePublished":"2020-01-31T11:03:46+00:00","dateModified":"2025-05-01T08:46:16+00:00","description":"Tenemos una fuerte herencia y un historial comprobado en salud animal Somos Kela. Estamos ansiosos por contribuir, asociarnos, compartir nuestros","breadcrumb":{"@id":"https:\/\/www.kela.health\/es\/#breadcrumb"},"inLanguage":"es-ES","potentialAction":[{"@type":"ReadAction","target":["https:\/\/www.kela.health\/es\/"]}]},{"@type":"BreadcrumbList","@id":"https:\/\/www.kela.health\/es\/#breadcrumb","itemListElement":[{"@type":"ListItem","position":1,"name":"Home","item":"https:\/\/www.kela.health\/es\/"},{"@type":"ListItem","position":2,"name":"Kela Health"}]},{"@type":"WebSite","@id":"https:\/\/www.kela.health\/#website","url":"https:\/\/www.kela.health\/","name":"Kela Health","description":"Focus on health","publisher":{"@id":"https:\/\/www.kela.health\/#organization"},"potentialAction":[{"@type":"SearchAction","target":{"@type":"EntryPoint","urlTemplate":"https:\/\/www.kela.health\/?s={search_term_string}"},"query-input":"required name=search_term_string"}],"inLanguage":"es-ES"},{"@type":"Organization","@id":"https:\/\/www.kela.health\/#organization","name":"Kela NV","url":"https:\/\/www.kela.health\/","logo":{"@type":"ImageObject","inLanguage":"es-ES","@id":"https:\/\/www.kela.health\/#\/schema\/logo\/image\/","url":"https:\/\/www.kela.health\/wp-content\/uploads\/2018\/09\/Kela-Pos-RGB.jpg","contentUrl":"https:\/\/www.kela.health\/wp-content\/uploads\/2018\/09\/Kela-Pos-RGB.jpg","width":1000,"height":490,"caption":"Kela NV"},"image":{"@id":"https:\/\/www.kela.health\/#\/schema\/logo\/image\/"},"sameAs":["https:\/\/www.facebook.com\/Kela.Hoogstraten\/","https:\/\/www.linkedin.com\/company\/kela-laboratoria-n-v-\/"]}]}},"_links":{"self":[{"href":"https:\/\/www.kela.health\/es\/wp-json\/wp\/v2\/pages\/2916"}],"collection":[{"href":"https:\/\/www.kela.health\/es\/wp-json\/wp\/v2\/pages"}],"about":[{"href":"https:\/\/www.kela.health\/es\/wp-json\/wp\/v2\/types\/page"}],"author":[{"embeddable":true,"href":"https:\/\/www.kela.health\/es\/wp-json\/wp\/v2\/users\/3"}],"replies":[{"embeddable":true,"href":"https:\/\/www.kela.health\/es\/wp-json\/wp\/v2\/comments?post=2916"}],"version-history":[{"count":12,"href":"https:\/\/www.kela.health\/es\/wp-json\/wp\/v2\/pages\/2916\/revisions"}],"predecessor-version":[{"id":7319,"href":"https:\/\/www.kela.health\/es\/wp-json\/wp\/v2\/pages\/2916\/revisions\/7319"}],"wp:attachment":[{"href":"https:\/\/www.kela.health\/es\/wp-json\/wp\/v2\/media?parent=2916"}],"curies":[{"name":"wp","href":"https:\/\/api.w.org\/{rel}","templated":true}]}}