{"id":2919,"date":"2020-01-31T12:09:08","date_gmt":"2020-01-31T11:09:08","guid":{"rendered":"https:\/\/www.kela.health\/?page_id=2919"},"modified":"2025-01-17T16:40:16","modified_gmt":"2025-01-17T15:40:16","slug":"acerca-de-kela","status":"publish","type":"page","link":"https:\/\/www.kela.health\/es\/acerca-de-kela\/","title":{"rendered":"Acerca de Kela"},"content":{"rendered":"<section class=\"wpb-content-wrapper\"><p>[vc_row][vc_column][\/vc_column][\/vc_row][vc_section full_width=&#8221;stretch_row&#8221; content_placement=&#8221;top&#8221; el_id=&#8221;cat-landing-2&#8243; el_class=&#8221;cat-landing about-landing&#8221;][vc_row][vc_column width=&#8221;3\/12&#8243;][vc_row_inner][vc_column_inner][vc_wp_custommenu nav_menu=&#8221;13&#8243; el_class=&#8221;sidebar-small&#8221;][\/vc_column_inner][\/vc_row_inner][\/vc_column][vc_column width=&#8221;1\/12&#8243;][\/vc_column][vc_column width=&#8221;6\/12&#8243;][vc_column_text]<\/p>\n<h1>Acerca de Kela<\/h1>\n<h3>Tenemos el Know-How<\/h3>\n<p>Kela se estableci\u00f3 como una empresa familiar belga en 1941. Hemos desarrollado conocimientos especializados en todos los aspectos para llevar al mercado productos farmac\u00e9uticos y suplementos nutricionales. Nuestra experiencia proviene de adquisiciones bien dirigidas y una pol\u00edtica de contrataci\u00f3n org\u00e1nica para crear equipos expertos en todas las \u00e1reas como I+D, producci\u00f3n, registros globales, marketing, ventas y exportaci\u00f3n. Nuestros equipos desarrollan y mejoran productos farmac\u00e9uticos que cumplen con los requisitos de diferentes especies y desaf\u00edos en la salud animal global.<\/p>\n<h3>Socio integral para nuestros clientes<\/h3>\n<p>Adem\u00e1s de la calidad premium de nuestros productos, Kela es reconocida por su destacada experiencia en pr\u00e1cticas regulatorias locales y procesos de registro en todo el mundo, esto nos permite cumplir con los requisitos m\u00e1s diversos mediante la presentaci\u00f3n de expedientes personalizados a las autoridades locales. En el campo de la distribuci\u00f3n y el marketing, trabajamos tanto con nuestro talento interno, como con nuestros socios de distribuci\u00f3n externos. Esto nos permite dirigir nuestros recursos de ventas y marketing de manera m\u00e1s efectiva a aquellos canales de distribuci\u00f3n que brindan el m\u00e1ximo rendimiento y generan un beneficio mutuo. Muchas d\u00e9cadas de experiencia en producci\u00f3n han puesto a Kela en un nivel superior, donde la compa\u00f1\u00eda tiene la capacidad de manejar los procesos de fabricaci\u00f3n m\u00e1s delicados y complejos. Nuestros altos est\u00e1ndares de producci\u00f3n y nuestro desempe\u00f1o en procesos de exportaci\u00f3n, nos convierten en un socio preferido de fabricaci\u00f3n por contrato (maquila) para proveedores de productos veterinarios en todo el mundo.<\/p>\n<h3>Miembro de Acces VetMed<\/h3>\n<p>Kela es miembro de <a href=\"https:\/\/accessvetmed.eu\/\" target=\"_blank\" rel=\"noopener\">Access VetMed<\/a>.<\/p>\n<p>Access VetMed, antes conocido como European Group for Generic Veterinary Products (EGGVP), se fund\u00f3 en 2002 para representar a la industria de los medicamentos veterinarios gen\u00e9ricos en Europa.<\/p>\n<p>Kela fue uno de los miembros fundadores del EGGVP.<\/p>\n<p>Access VetMed quiere destacar el valor de los medicamentos veterinarios gen\u00e9ricos para la salud animal y la sociedad. Adem\u00e1s, Access VetMed desempe\u00f1a un papel activo en el proceso de toma de decisiones de la UE. La asocaci\u00f3n defiende el uso responsable de los medicamentos veterinarios para garantizar que se utilicen en beneficio de los animales de acuerdo con el enfoque One Health. Con este planteamiento, encajan perfectamente con nuestra propia visi\u00f3n.[\/vc_column_text][\/vc_column][vc_column width=&#8221;2\/12&#8243;][\/vc_column][\/vc_row][\/vc_section][vc_row][vc_column]<div class=\"templatera_shortcode\"><div class=\"vc_row wpb_row vc_row-fluid\"><div class=\"wpb_column vc_column_container vc_col-sm-4\"><div class=\"vc_column-inner\"><div class=\"wpb_wrapper\">\n\t<div class=\"wpb_text_column wpb_content_element  box box-home\" >\n\t\t<div class=\"wpb_wrapper\">\n\t\t\t<p><a href=\"https:\/\/www.kela.health\/es\/salud-animal\/\"><img class=\"size-full wp-image-206 alignleft\" src=\"https:\/\/www.kela.health\/wp-content\/uploads\/2018\/08\/AdobeStock_84894985@2x.png\" alt=\"\" width=\"540\" height=\"404\" \/><\/a><\/p>\n<p><a href=\"https:\/\/www.kela.health\/es\/salud-animal\/\">Salud Animal<\/a><\/p>\n\n\t\t<\/div>\n\t<\/div>\n<\/div><\/div><\/div><div class=\"wpb_column vc_column_container vc_col-sm-4\"><div class=\"vc_column-inner\"><div class=\"wpb_wrapper\">\n\t<div class=\"wpb_text_column wpb_content_element  box box-home\" >\n\t\t<div class=\"wpb_wrapper\">\n\t\t\t<p><a href=\"https:\/\/www.kela.health\/es\/?page_id=2980\"><img class=\"alignnone wp-image-214 size-full\" src=\"https:\/\/www.kela.health\/wp-content\/uploads\/2018\/08\/AdobeStock_23404240@2x.png\" alt=\"\" width=\"540\" height=\"404\" \/><\/a><\/p>\n<p><a href=\"https:\/\/www.kela.health\/es\/?page_id=2980\">Salud Humana<\/a><\/p>\n\n\t\t<\/div>\n\t<\/div>\n<\/div><\/div><\/div><div class=\"wpb_column vc_column_container vc_col-sm-4\"><div class=\"vc_column-inner\"><div class=\"wpb_wrapper\">\n\t<div class=\"wpb_text_column wpb_content_element  box box-home\" >\n\t\t<div class=\"wpb_wrapper\">\n\t\t\t<p><a href=\"https:\/\/www.kela.health\/es\/?page_id=2984\"><img class=\"alignnone wp-image-1927 size-full\" src=\"https:\/\/www.kela.health\/wp-content\/uploads\/2018\/09\/DSC3436-corr-crop-1.png\" alt=\"\" width=\"540\" height=\"404\" \/><\/a><\/p>\n<p><a href=\"https:\/\/www.kela.health\/es\/?page_id=2984\">Fabricaci\u00f3n por contrato<\/a><\/p>\n\n\t\t<\/div>\n\t<\/div>\n<\/div><\/div><\/div><\/div><\/div>[\/vc_column][\/vc_row]<\/p>\n<\/section>","protected":false},"excerpt":{"rendered":"Salud Animal Salud Humana Fabricaci\u00f3n por contrato","protected":false},"author":3,"featured_media":0,"parent":0,"menu_order":0,"comment_status":"closed","ping_status":"closed","template":"","meta":{"inline_featured_image":false},"acf":[],"yoast_head":"<!-- This site is optimized with the Yoast SEO plugin v20.8 - https:\/\/yoast.com\/wordpress\/plugins\/seo\/ -->\n<title>Acerca de Kela - Kela Health<\/title>\n<meta name=\"robots\" content=\"index, follow, max-snippet:-1, max-image-preview:large, max-video-preview:-1\" \/>\n<link rel=\"canonical\" href=\"https:\/\/www.kela.health\/nl\/over-kela\/\" \/>\n<meta property=\"og:locale\" content=\"es_ES\" \/>\n<meta property=\"og:type\" content=\"article\" \/>\n<meta property=\"og:title\" content=\"Acerca de Kela - Kela Health\" \/>\n<meta property=\"og:url\" content=\"https:\/\/www.kela.health\/nl\/over-kela\/\" \/>\n<meta property=\"og:site_name\" content=\"Kela Health\" \/>\n<meta property=\"article:publisher\" content=\"https:\/\/www.facebook.com\/Kela.Hoogstraten\/\" \/>\n<meta property=\"article:modified_time\" content=\"2025-01-17T15:40:16+00:00\" \/>\n<meta property=\"og:image\" content=\"https:\/\/www.kela.health\/wp-content\/uploads\/2018\/11\/og_01.png\" \/>\n\t<meta property=\"og:image:width\" content=\"1200\" \/>\n\t<meta property=\"og:image:height\" content=\"630\" \/>\n\t<meta property=\"og:image:type\" content=\"image\/png\" \/>\n<meta name=\"twitter:card\" content=\"summary_large_image\" \/>\n<meta name=\"twitter:label1\" content=\"Est. reading time\" \/>\n\t<meta name=\"twitter:data1\" content=\"2 minutes\" \/>\n<script type=\"application\/ld+json\" class=\"yoast-schema-graph\">{\"@context\":\"https:\/\/schema.org\",\"@graph\":[{\"@type\":\"WebPage\",\"@id\":\"https:\/\/www.kela.health\/nl\/over-kela\/\",\"url\":\"https:\/\/www.kela.health\/nl\/over-kela\/\",\"name\":\"Acerca de Kela - Kela Health\",\"isPartOf\":{\"@id\":\"https:\/\/www.kela.health\/#website\"},\"datePublished\":\"2020-01-31T11:09:08+00:00\",\"dateModified\":\"2025-01-17T15:40:16+00:00\",\"breadcrumb\":{\"@id\":\"https:\/\/www.kela.health\/nl\/over-kela\/#breadcrumb\"},\"inLanguage\":\"es-ES\",\"potentialAction\":[{\"@type\":\"ReadAction\",\"target\":[\"https:\/\/www.kela.health\/nl\/over-kela\/\"]}]},{\"@type\":\"BreadcrumbList\",\"@id\":\"https:\/\/www.kela.health\/nl\/over-kela\/#breadcrumb\",\"itemListElement\":[{\"@type\":\"ListItem\",\"position\":1,\"name\":\"Home\",\"item\":\"https:\/\/www.kela.health\/es\/\"},{\"@type\":\"ListItem\",\"position\":2,\"name\":\"Acerca de Kela\"}]},{\"@type\":\"WebSite\",\"@id\":\"https:\/\/www.kela.health\/#website\",\"url\":\"https:\/\/www.kela.health\/\",\"name\":\"Kela Health\",\"description\":\"Focus on health\",\"publisher\":{\"@id\":\"https:\/\/www.kela.health\/#organization\"},\"potentialAction\":[{\"@type\":\"SearchAction\",\"target\":{\"@type\":\"EntryPoint\",\"urlTemplate\":\"https:\/\/www.kela.health\/?s={search_term_string}\"},\"query-input\":\"required name=search_term_string\"}],\"inLanguage\":\"es-ES\"},{\"@type\":\"Organization\",\"@id\":\"https:\/\/www.kela.health\/#organization\",\"name\":\"Kela NV\",\"url\":\"https:\/\/www.kela.health\/\",\"logo\":{\"@type\":\"ImageObject\",\"inLanguage\":\"es-ES\",\"@id\":\"https:\/\/www.kela.health\/#\/schema\/logo\/image\/\",\"url\":\"https:\/\/www.kela.health\/wp-content\/uploads\/2018\/09\/Kela-Pos-RGB.jpg\",\"contentUrl\":\"https:\/\/www.kela.health\/wp-content\/uploads\/2018\/09\/Kela-Pos-RGB.jpg\",\"width\":1000,\"height\":490,\"caption\":\"Kela NV\"},\"image\":{\"@id\":\"https:\/\/www.kela.health\/#\/schema\/logo\/image\/\"},\"sameAs\":[\"https:\/\/www.facebook.com\/Kela.Hoogstraten\/\",\"https:\/\/www.linkedin.com\/company\/kela-laboratoria-n-v-\/\"]}]}<\/script>\n<!-- \/ Yoast SEO plugin. -->","yoast_head_json":{"title":"Acerca de Kela - Kela Health","robots":{"index":"index","follow":"follow","max-snippet":"max-snippet:-1","max-image-preview":"max-image-preview:large","max-video-preview":"max-video-preview:-1"},"canonical":"https:\/\/www.kela.health\/nl\/over-kela\/","og_locale":"es_ES","og_type":"article","og_title":"Acerca de Kela - Kela Health","og_url":"https:\/\/www.kela.health\/nl\/over-kela\/","og_site_name":"Kela Health","article_publisher":"https:\/\/www.facebook.com\/Kela.Hoogstraten\/","article_modified_time":"2025-01-17T15:40:16+00:00","og_image":[{"width":1200,"height":630,"url":"https:\/\/www.kela.health\/wp-content\/uploads\/2018\/11\/og_01.png","type":"image\/png"}],"twitter_card":"summary_large_image","twitter_misc":{"Est. reading time":"2 minutes"},"schema":{"@context":"https:\/\/schema.org","@graph":[{"@type":"WebPage","@id":"https:\/\/www.kela.health\/nl\/over-kela\/","url":"https:\/\/www.kela.health\/nl\/over-kela\/","name":"Acerca de Kela - Kela Health","isPartOf":{"@id":"https:\/\/www.kela.health\/#website"},"datePublished":"2020-01-31T11:09:08+00:00","dateModified":"2025-01-17T15:40:16+00:00","breadcrumb":{"@id":"https:\/\/www.kela.health\/nl\/over-kela\/#breadcrumb"},"inLanguage":"es-ES","potentialAction":[{"@type":"ReadAction","target":["https:\/\/www.kela.health\/nl\/over-kela\/"]}]},{"@type":"BreadcrumbList","@id":"https:\/\/www.kela.health\/nl\/over-kela\/#breadcrumb","itemListElement":[{"@type":"ListItem","position":1,"name":"Home","item":"https:\/\/www.kela.health\/es\/"},{"@type":"ListItem","position":2,"name":"Acerca de Kela"}]},{"@type":"WebSite","@id":"https:\/\/www.kela.health\/#website","url":"https:\/\/www.kela.health\/","name":"Kela Health","description":"Focus on health","publisher":{"@id":"https:\/\/www.kela.health\/#organization"},"potentialAction":[{"@type":"SearchAction","target":{"@type":"EntryPoint","urlTemplate":"https:\/\/www.kela.health\/?s={search_term_string}"},"query-input":"required name=search_term_string"}],"inLanguage":"es-ES"},{"@type":"Organization","@id":"https:\/\/www.kela.health\/#organization","name":"Kela NV","url":"https:\/\/www.kela.health\/","logo":{"@type":"ImageObject","inLanguage":"es-ES","@id":"https:\/\/www.kela.health\/#\/schema\/logo\/image\/","url":"https:\/\/www.kela.health\/wp-content\/uploads\/2018\/09\/Kela-Pos-RGB.jpg","contentUrl":"https:\/\/www.kela.health\/wp-content\/uploads\/2018\/09\/Kela-Pos-RGB.jpg","width":1000,"height":490,"caption":"Kela NV"},"image":{"@id":"https:\/\/www.kela.health\/#\/schema\/logo\/image\/"},"sameAs":["https:\/\/www.facebook.com\/Kela.Hoogstraten\/","https:\/\/www.linkedin.com\/company\/kela-laboratoria-n-v-\/"]}]}},"_links":{"self":[{"href":"https:\/\/www.kela.health\/es\/wp-json\/wp\/v2\/pages\/2919"}],"collection":[{"href":"https:\/\/www.kela.health\/es\/wp-json\/wp\/v2\/pages"}],"about":[{"href":"https:\/\/www.kela.health\/es\/wp-json\/wp\/v2\/types\/page"}],"author":[{"embeddable":true,"href":"https:\/\/www.kela.health\/es\/wp-json\/wp\/v2\/users\/3"}],"replies":[{"embeddable":true,"href":"https:\/\/www.kela.health\/es\/wp-json\/wp\/v2\/comments?post=2919"}],"version-history":[{"count":6,"href":"https:\/\/www.kela.health\/es\/wp-json\/wp\/v2\/pages\/2919\/revisions"}],"predecessor-version":[{"id":7085,"href":"https:\/\/www.kela.health\/es\/wp-json\/wp\/v2\/pages\/2919\/revisions\/7085"}],"wp:attachment":[{"href":"https:\/\/www.kela.health\/es\/wp-json\/wp\/v2\/media?parent=2919"}],"curies":[{"name":"wp","href":"https:\/\/api.w.org\/{rel}","templated":true}]}}