{"id":2930,"date":"2020-01-31T12:33:56","date_gmt":"2020-01-31T11:33:56","guid":{"rendered":"https:\/\/www.kela.health\/?page_id=2930"},"modified":"2020-04-09T16:41:39","modified_gmt":"2020-04-09T14:41:39","slug":"nuestros-valores","status":"publish","type":"page","link":"https:\/\/www.kela.health\/es\/acerca-de-kela\/nuestros-valores\/","title":{"rendered":"Nuestros valores"},"content":{"rendered":"<section class=\"wpb-content-wrapper\"><p>[vc_row][vc_column][\/vc_column][\/vc_row][vc_section full_width=&#8221;stretch_row&#8221; content_placement=&#8221;top&#8221; el_id=&#8221;cat-landing-2&#8243; el_class=&#8221;cat-landing about-landing&#8221;][vc_row][vc_column width=&#8221;3\/12&#8243;][vc_row_inner][vc_column_inner][vc_wp_custommenu nav_menu=&#8221;13&#8243; el_class=&#8221;sidebar-small&#8221;][\/vc_column_inner][\/vc_row_inner][\/vc_column][vc_column width=&#8221;1\/12&#8243;][\/vc_column][vc_column width=&#8221;6\/12&#8243;][vc_column_text]<\/p>\n<h1>Nuestros valores<\/h1>\n<p>Nuestros valores se expresan en la palabra PARTICIPAR, que comprende pasi\u00f3n, responsabilidad, respeto, orientaci\u00f3n a resultados y trabajo en equipo en un verbo que caracteriza qui\u00e9nes somos: PARTICIPAMOS@KELA.<\/p>\n<h3><strong>Respeto<\/strong><\/h3>\n<p>El respeto es la piedra angular de nuestra organizaci\u00f3n. El respeto mutuo es el suelo f\u00e9rtil para el respeto a los clientes, a las regulaciones y a las autoridades locales, a las comunidades en las que trabajamos y a las que servimos. El respeto es una cuesti\u00f3n de confianza, permite y alienta a todos a contribuir con sus conocimientos y habilidades. Se basa en la integridad, la transparencia y una actitud abierta de escuchar a las personas, interna y externamente, y adoptar diferentes opiniones.<\/p>\n<h3><strong>Responsabilidad<\/strong><\/h3>\n<p>La responsabilidad comienza con tomar nuestras actividades muy en serio. Actuar profesionalmente significa trabajar de manera eficiente, de acuerdo con el plan, con un gran sentido de calidad para nuestros clientes. Aceptamos la disciplina al respetar las reglas y los compromisos.<\/p>\n<h3><strong>Orientaci\u00f3n a resultados<\/strong><\/h3>\n<p>Nuestra actitud basada en los resultados se refleja en nuestra mentalidad de &#8220;yo lo puedo hacer&#8221;. Somos proactivos, curiosos sobre nuestros clientes y mercados y trabajamos para encontrar soluciones. Establecemos prioridades y tomamos decisiones claras con respecto a los objetivos de Kela y los requisitos de nuestros clientes.<\/p>\n<h3><strong>Trabajo en equipo<\/strong><\/h3>\n<p>El trabajo en equipo lo damos por hecho. Contribuimos desarrollando un ambiente de trabajo positivo basado en el respeto mutuo. Apoyamos y ayudamos a nuestros colegas cuando sea posible y compartimos nuestro conocimiento. Consideramos que la comunicaci\u00f3n efectiva con nuestros clientes es crucial para el crecimiento de nuestra empresa.<\/p>\n<h3><strong>Pasi\u00f3n<\/strong><\/h3>\n<p>La pasi\u00f3n es lo que une todos nuestros valores. Prosperamos con entusiasmo, estamos orgullosos de nuestros logros personales y los de Kela. Somos creativos y nos gusta pensar de forma innovadora en la creaci\u00f3n de valor para los clientes.[\/vc_column_text][\/vc_column][vc_column width=&#8221;2\/12&#8243;][\/vc_column][\/vc_row][\/vc_section][vc_row][vc_column]<div class=\"templatera_shortcode\"><div class=\"vc_row wpb_row vc_row-fluid\"><div class=\"wpb_column vc_column_container vc_col-sm-4\"><div class=\"vc_column-inner\"><div class=\"wpb_wrapper\">\n\t<div class=\"wpb_text_column wpb_content_element  box box-home\" >\n\t\t<div class=\"wpb_wrapper\">\n\t\t\t<p><a href=\"https:\/\/www.kela.health\/es\/salud-animal\/\"><img class=\"size-full wp-image-206 alignleft\" src=\"https:\/\/www.kela.health\/wp-content\/uploads\/2018\/08\/AdobeStock_84894985@2x.png\" alt=\"\" width=\"540\" height=\"404\" \/><\/a><\/p>\n<p><a href=\"https:\/\/www.kela.health\/es\/salud-animal\/\">Salud Animal<\/a><\/p>\n\n\t\t<\/div>\n\t<\/div>\n<\/div><\/div><\/div><div class=\"wpb_column vc_column_container vc_col-sm-4\"><div class=\"vc_column-inner\"><div class=\"wpb_wrapper\">\n\t<div class=\"wpb_text_column wpb_content_element  box box-home\" >\n\t\t<div class=\"wpb_wrapper\">\n\t\t\t<p><a href=\"https:\/\/www.kela.health\/es\/?page_id=2980\"><img class=\"alignnone wp-image-214 size-full\" src=\"https:\/\/www.kela.health\/wp-content\/uploads\/2018\/08\/AdobeStock_23404240@2x.png\" alt=\"\" width=\"540\" height=\"404\" \/><\/a><\/p>\n<p><a href=\"https:\/\/www.kela.health\/es\/?page_id=2980\">Salud Humana<\/a><\/p>\n\n\t\t<\/div>\n\t<\/div>\n<\/div><\/div><\/div><div class=\"wpb_column vc_column_container vc_col-sm-4\"><div class=\"vc_column-inner\"><div class=\"wpb_wrapper\">\n\t<div class=\"wpb_text_column wpb_content_element  box box-home\" >\n\t\t<div class=\"wpb_wrapper\">\n\t\t\t<p><a href=\"https:\/\/www.kela.health\/es\/?page_id=2984\"><img class=\"alignnone wp-image-1927 size-full\" src=\"https:\/\/www.kela.health\/wp-content\/uploads\/2018\/09\/DSC3436-corr-crop-1.png\" alt=\"\" width=\"540\" height=\"404\" \/><\/a><\/p>\n<p><a href=\"https:\/\/www.kela.health\/es\/?page_id=2984\">Fabricaci\u00f3n por contrato<\/a><\/p>\n\n\t\t<\/div>\n\t<\/div>\n<\/div><\/div><\/div><\/div><\/div>[\/vc_column][\/vc_row]<\/p>\n<\/section>","protected":false},"excerpt":{"rendered":"Salud Animal Salud Humana Fabricaci\u00f3n por contrato","protected":false},"author":3,"featured_media":0,"parent":2919,"menu_order":0,"comment_status":"closed","ping_status":"closed","template":"","meta":{"inline_featured_image":false},"acf":[],"yoast_head":"<!-- This site is optimized with the Yoast SEO plugin v20.8 - https:\/\/yoast.com\/wordpress\/plugins\/seo\/ -->\n<title>Nuestros valores - Acerca de Kela - Kela Health<\/title>\n<meta name=\"robots\" content=\"index, follow, max-snippet:-1, max-image-preview:large, max-video-preview:-1\" \/>\n<link rel=\"canonical\" href=\"https:\/\/www.kela.health\/nl\/over-kela\/onze-waarden\/\" \/>\n<meta property=\"og:locale\" content=\"es_ES\" \/>\n<meta property=\"og:type\" content=\"article\" \/>\n<meta property=\"og:title\" content=\"Nuestros valores - Acerca de Kela - Kela Health\" \/>\n<meta property=\"og:url\" content=\"https:\/\/www.kela.health\/nl\/over-kela\/onze-waarden\/\" \/>\n<meta property=\"og:site_name\" content=\"Kela Health\" \/>\n<meta property=\"article:publisher\" content=\"https:\/\/www.facebook.com\/Kela.Hoogstraten\/\" \/>\n<meta property=\"article:modified_time\" content=\"2020-04-09T14:41:39+00:00\" \/>\n<meta property=\"og:image\" content=\"https:\/\/www.kela.health\/wp-content\/uploads\/2018\/11\/og_01.png\" \/>\n\t<meta property=\"og:image:width\" content=\"1200\" \/>\n\t<meta property=\"og:image:height\" content=\"630\" \/>\n\t<meta property=\"og:image:type\" content=\"image\/png\" \/>\n<meta name=\"twitter:card\" content=\"summary_large_image\" \/>\n<meta name=\"twitter:label1\" content=\"Est. reading time\" \/>\n\t<meta name=\"twitter:data1\" content=\"2 minutes\" \/>\n<script type=\"application\/ld+json\" class=\"yoast-schema-graph\">{\"@context\":\"https:\/\/schema.org\",\"@graph\":[{\"@type\":\"WebPage\",\"@id\":\"https:\/\/www.kela.health\/nl\/over-kela\/onze-waarden\/\",\"url\":\"https:\/\/www.kela.health\/nl\/over-kela\/onze-waarden\/\",\"name\":\"Nuestros valores - Acerca de Kela - Kela Health\",\"isPartOf\":{\"@id\":\"https:\/\/www.kela.health\/#website\"},\"datePublished\":\"2020-01-31T11:33:56+00:00\",\"dateModified\":\"2020-04-09T14:41:39+00:00\",\"breadcrumb\":{\"@id\":\"https:\/\/www.kela.health\/nl\/over-kela\/onze-waarden\/#breadcrumb\"},\"inLanguage\":\"es-ES\",\"potentialAction\":[{\"@type\":\"ReadAction\",\"target\":[\"https:\/\/www.kela.health\/nl\/over-kela\/onze-waarden\/\"]}]},{\"@type\":\"BreadcrumbList\",\"@id\":\"https:\/\/www.kela.health\/nl\/over-kela\/onze-waarden\/#breadcrumb\",\"itemListElement\":[{\"@type\":\"ListItem\",\"position\":1,\"name\":\"Home\",\"item\":\"https:\/\/www.kela.health\/es\/\"},{\"@type\":\"ListItem\",\"position\":2,\"name\":\"Acerca de Kela\",\"item\":\"https:\/\/www.kela.health\/nl\/over-kela\/\"},{\"@type\":\"ListItem\",\"position\":3,\"name\":\"Nuestros valores\"}]},{\"@type\":\"WebSite\",\"@id\":\"https:\/\/www.kela.health\/#website\",\"url\":\"https:\/\/www.kela.health\/\",\"name\":\"Kela Health\",\"description\":\"Focus on health\",\"publisher\":{\"@id\":\"https:\/\/www.kela.health\/#organization\"},\"potentialAction\":[{\"@type\":\"SearchAction\",\"target\":{\"@type\":\"EntryPoint\",\"urlTemplate\":\"https:\/\/www.kela.health\/?s={search_term_string}\"},\"query-input\":\"required name=search_term_string\"}],\"inLanguage\":\"es-ES\"},{\"@type\":\"Organization\",\"@id\":\"https:\/\/www.kela.health\/#organization\",\"name\":\"Kela NV\",\"url\":\"https:\/\/www.kela.health\/\",\"logo\":{\"@type\":\"ImageObject\",\"inLanguage\":\"es-ES\",\"@id\":\"https:\/\/www.kela.health\/#\/schema\/logo\/image\/\",\"url\":\"https:\/\/www.kela.health\/wp-content\/uploads\/2018\/09\/Kela-Pos-RGB.jpg\",\"contentUrl\":\"https:\/\/www.kela.health\/wp-content\/uploads\/2018\/09\/Kela-Pos-RGB.jpg\",\"width\":1000,\"height\":490,\"caption\":\"Kela NV\"},\"image\":{\"@id\":\"https:\/\/www.kela.health\/#\/schema\/logo\/image\/\"},\"sameAs\":[\"https:\/\/www.facebook.com\/Kela.Hoogstraten\/\",\"https:\/\/www.linkedin.com\/company\/kela-laboratoria-n-v-\/\"]}]}<\/script>\n<!-- \/ Yoast SEO plugin. -->","yoast_head_json":{"title":"Nuestros valores - Acerca de Kela - Kela Health","robots":{"index":"index","follow":"follow","max-snippet":"max-snippet:-1","max-image-preview":"max-image-preview:large","max-video-preview":"max-video-preview:-1"},"canonical":"https:\/\/www.kela.health\/nl\/over-kela\/onze-waarden\/","og_locale":"es_ES","og_type":"article","og_title":"Nuestros valores - Acerca de Kela - Kela Health","og_url":"https:\/\/www.kela.health\/nl\/over-kela\/onze-waarden\/","og_site_name":"Kela Health","article_publisher":"https:\/\/www.facebook.com\/Kela.Hoogstraten\/","article_modified_time":"2020-04-09T14:41:39+00:00","og_image":[{"width":1200,"height":630,"url":"https:\/\/www.kela.health\/wp-content\/uploads\/2018\/11\/og_01.png","type":"image\/png"}],"twitter_card":"summary_large_image","twitter_misc":{"Est. reading time":"2 minutes"},"schema":{"@context":"https:\/\/schema.org","@graph":[{"@type":"WebPage","@id":"https:\/\/www.kela.health\/nl\/over-kela\/onze-waarden\/","url":"https:\/\/www.kela.health\/nl\/over-kela\/onze-waarden\/","name":"Nuestros valores - Acerca de Kela - Kela Health","isPartOf":{"@id":"https:\/\/www.kela.health\/#website"},"datePublished":"2020-01-31T11:33:56+00:00","dateModified":"2020-04-09T14:41:39+00:00","breadcrumb":{"@id":"https:\/\/www.kela.health\/nl\/over-kela\/onze-waarden\/#breadcrumb"},"inLanguage":"es-ES","potentialAction":[{"@type":"ReadAction","target":["https:\/\/www.kela.health\/nl\/over-kela\/onze-waarden\/"]}]},{"@type":"BreadcrumbList","@id":"https:\/\/www.kela.health\/nl\/over-kela\/onze-waarden\/#breadcrumb","itemListElement":[{"@type":"ListItem","position":1,"name":"Home","item":"https:\/\/www.kela.health\/es\/"},{"@type":"ListItem","position":2,"name":"Acerca de Kela","item":"https:\/\/www.kela.health\/nl\/over-kela\/"},{"@type":"ListItem","position":3,"name":"Nuestros valores"}]},{"@type":"WebSite","@id":"https:\/\/www.kela.health\/#website","url":"https:\/\/www.kela.health\/","name":"Kela Health","description":"Focus on health","publisher":{"@id":"https:\/\/www.kela.health\/#organization"},"potentialAction":[{"@type":"SearchAction","target":{"@type":"EntryPoint","urlTemplate":"https:\/\/www.kela.health\/?s={search_term_string}"},"query-input":"required name=search_term_string"}],"inLanguage":"es-ES"},{"@type":"Organization","@id":"https:\/\/www.kela.health\/#organization","name":"Kela NV","url":"https:\/\/www.kela.health\/","logo":{"@type":"ImageObject","inLanguage":"es-ES","@id":"https:\/\/www.kela.health\/#\/schema\/logo\/image\/","url":"https:\/\/www.kela.health\/wp-content\/uploads\/2018\/09\/Kela-Pos-RGB.jpg","contentUrl":"https:\/\/www.kela.health\/wp-content\/uploads\/2018\/09\/Kela-Pos-RGB.jpg","width":1000,"height":490,"caption":"Kela NV"},"image":{"@id":"https:\/\/www.kela.health\/#\/schema\/logo\/image\/"},"sameAs":["https:\/\/www.facebook.com\/Kela.Hoogstraten\/","https:\/\/www.linkedin.com\/company\/kela-laboratoria-n-v-\/"]}]}},"_links":{"self":[{"href":"https:\/\/www.kela.health\/es\/wp-json\/wp\/v2\/pages\/2930"}],"collection":[{"href":"https:\/\/www.kela.health\/es\/wp-json\/wp\/v2\/pages"}],"about":[{"href":"https:\/\/www.kela.health\/es\/wp-json\/wp\/v2\/types\/page"}],"author":[{"embeddable":true,"href":"https:\/\/www.kela.health\/es\/wp-json\/wp\/v2\/users\/3"}],"replies":[{"embeddable":true,"href":"https:\/\/www.kela.health\/es\/wp-json\/wp\/v2\/comments?post=2930"}],"version-history":[{"count":3,"href":"https:\/\/www.kela.health\/es\/wp-json\/wp\/v2\/pages\/2930\/revisions"}],"predecessor-version":[{"id":3329,"href":"https:\/\/www.kela.health\/es\/wp-json\/wp\/v2\/pages\/2930\/revisions\/3329"}],"up":[{"embeddable":true,"href":"https:\/\/www.kela.health\/es\/wp-json\/wp\/v2\/pages\/2919"}],"wp:attachment":[{"href":"https:\/\/www.kela.health\/es\/wp-json\/wp\/v2\/media?parent=2930"}],"curies":[{"name":"wp","href":"https:\/\/api.w.org\/{rel}","templated":true}]}}