{"id":2932,"date":"2020-01-31T12:36:23","date_gmt":"2020-01-31T11:36:23","guid":{"rendered":"https:\/\/www.kela.health\/?page_id=2932"},"modified":"2025-01-17T16:42:06","modified_gmt":"2025-01-17T15:42:06","slug":"historia","status":"publish","type":"page","link":"https:\/\/www.kela.health\/es\/acerca-de-kela\/historia\/","title":{"rendered":"Historia"},"content":{"rendered":"<section class=\"wpb-content-wrapper\"><p>[vc_row][vc_column][\/vc_column][\/vc_row][vc_section full_width=&#8221;stretch_row&#8221; content_placement=&#8221;top&#8221; el_id=&#8221;cat-landing-2&#8243; el_class=&#8221;cat-landing about-landing&#8221;][vc_row][vc_column width=&#8221;3\/12&#8243;][vc_row_inner][vc_column_inner][vc_wp_custommenu nav_menu=&#8221;13&#8243; el_class=&#8221;sidebar-small&#8221;][\/vc_column_inner][\/vc_row_inner][\/vc_column][vc_column width=&#8221;1\/12&#8243;][\/vc_column][vc_column width=&#8221;6\/12&#8243;][vc_column_text]<\/p>\n<h1>Historia<\/h1>\n<h3>Nuestra casa matriz en B\u00e9lgica<\/h3>\n<p>Kela fue creada en 1941 e inicialmente se dedic\u00f3 a la producci\u00f3n de productos farmac\u00e9uticos de uso humano. Nuestras instalaciones de producci\u00f3n en B\u00e9lgica fueron severamente da\u00f1adas por los bombardeos durante la segunda guerra mundial. Sin embargo, la perseverancia en el ADN de Kela ayud\u00f3 a la joven empresa familiar a reconstruir y restaurar r\u00e1pidamente sus f\u00e1bricas y reanudar la producci\u00f3n.<\/p>\n<p>1952 fue un a\u00f1o importante para Kela, ya que se dedic\u00f3 a la producci\u00f3n de productos farmac\u00e9uticos para animales. En retrospectiva, esto ha significado un verdadero impulso para el desarrollo de Kela. A medida que nuestro negocio creci\u00f3, nos mudamos a un sitio industrial de nueva construcci\u00f3n y m\u00e1s espacioso en Hoogstraten, B\u00e9lgica, y establecimos nuestras oficinas centrales en las mismas instalaciones en 1976. Nuestro enfoque se centr\u00f3 en expandir el negocio. Tomamos una participaci\u00f3n del 50% en Wolfs NV en 1981. Nuestra primera adquisici\u00f3n dio un paso adelante en nuestro acceso a las ventas de productos farmac\u00e9uticos de uso humano. Adquirimos el 50% restante en 2004, lo que nos permiti\u00f3 integrar completamente el negocio y ampliar nuestra oferta de productos. A medida que nuestra empresa continu\u00f3 creciendo constantemente, 1990 marc\u00f3 la construcci\u00f3n de un nuevo almac\u00e9n y oficinas para nuestro negocio de atenci\u00f3n de la salud humana en Sint-Niklaas, B\u00e9lgica. Un a\u00f1o despu\u00e9s, en 1991, adquirimos la propiedad total de Phenix Pharmaceuticals, ampliando a\u00fan m\u00e1s nuestro alcance en productos farmac\u00e9uticos veterinarios.<\/p>\n<h3>Expansi\u00f3n global<\/h3>\n<p>Nuestra fuerte herencia belga proporciona el caldo de cultivo para el pr\u00f3ximo paso decisivo en nuestra historia: la expansi\u00f3n global como productor y distribuidor de productos de salud animal. Si bien nuestros productos farmac\u00e9uticos para humanos continuaron dirigidos a los mercados en B\u00e9lgica y Luxemburgo, nuestro negocio veterinario nos llev\u00f3 a un nivel global. Adquirimos Anupco en el Reino Unido y solidificamos a\u00fan m\u00e1s nuestra pr\u00e1ctica de salud animal. Despu\u00e9s de una reorganizaci\u00f3n estrat\u00e9gica en 2002, nos enfocamos totalmente en la fabricaci\u00f3n y venta de nuestras marcas internas Kela y Anupco. Diez a\u00f1os despu\u00e9s, nuestro alcance global se estableci\u00f3 con la creaci\u00f3n de nuestra empresa conjunta GPMK en Argelia (2012, 49% de participaci\u00f3n). La creaci\u00f3n de Kela de las Am\u00e9ricas sigui\u00f3 en 2013 y nos dio acceso directo a la distribuci\u00f3n en M\u00e9xico. En 2015, creamos Kela Tailandia, y si bien invertimos tiempo y recursos en la expansi\u00f3n de nuestra red global de exportaciones, 2016 result\u00f3 ser un a\u00f1o crucial para nuestro negocio veterinario. Nuestra empresa conjunta con Vetop China (50% de participaci\u00f3n) nos dio acceso a la producci\u00f3n y distribuci\u00f3n de productos farmac\u00e9uticos veterinarios en la regi\u00f3n. Nuestra adquisici\u00f3n de Biagral B\u00e9lgica (80% de participaci\u00f3n) introdujo a Kela en la fabricaci\u00f3n de mezclas de hierbas arom\u00e1ticas para uso veterinario.<\/p>\n<p>En diciembre 2024, Kela Pharma, la divisi\u00f3n Salud Humana de Kela nv, ha sido adquirida por Ceres Pharma nv, una empresa farmac\u00e9utica belga especializada en la salud femenina y familiar. Esta adquisici\u00f3n representa un hito importante en el crecimiento continuo de Kela Pharma y abre nuevas oportunidades para fortalecer y expandir nuestros productos de Salud Humana.<\/p>\n<p>Kela nv seguir\u00e1 completamente comprometida con sus actividades principales: la divisi\u00f3n de Salud Animal y nuestras operaciones como una Organizaci\u00f3n de Desarrollo y Fabricaci\u00f3n por Contrato (CDMO). Continuaremos desarrollando, produciendo y distribuyendo soluciones veterinarias de alta calidad en todo el mundo.[\/vc_column_text][\/vc_column][vc_column width=&#8221;2\/12&#8243;][\/vc_column][\/vc_row][\/vc_section][vc_row][vc_column]<div class=\"templatera_shortcode\"><div class=\"vc_row wpb_row vc_row-fluid\"><div class=\"wpb_column vc_column_container vc_col-sm-4\"><div class=\"vc_column-inner\"><div class=\"wpb_wrapper\">\n\t<div class=\"wpb_text_column wpb_content_element  box box-home\" >\n\t\t<div class=\"wpb_wrapper\">\n\t\t\t<p><a href=\"https:\/\/www.kela.health\/es\/salud-animal\/\"><img class=\"size-full wp-image-206 alignleft\" src=\"https:\/\/www.kela.health\/wp-content\/uploads\/2018\/08\/AdobeStock_84894985@2x.png\" alt=\"\" width=\"540\" height=\"404\" \/><\/a><\/p>\n<p><a href=\"https:\/\/www.kela.health\/es\/salud-animal\/\">Salud Animal<\/a><\/p>\n\n\t\t<\/div>\n\t<\/div>\n<\/div><\/div><\/div><div class=\"wpb_column vc_column_container vc_col-sm-4\"><div class=\"vc_column-inner\"><div class=\"wpb_wrapper\">\n\t<div class=\"wpb_text_column wpb_content_element  box box-home\" >\n\t\t<div class=\"wpb_wrapper\">\n\t\t\t<p><a href=\"https:\/\/www.kela.health\/es\/?page_id=2980\"><img class=\"alignnone wp-image-214 size-full\" src=\"https:\/\/www.kela.health\/wp-content\/uploads\/2018\/08\/AdobeStock_23404240@2x.png\" alt=\"\" width=\"540\" height=\"404\" \/><\/a><\/p>\n<p><a href=\"https:\/\/www.kela.health\/es\/?page_id=2980\">Salud Humana<\/a><\/p>\n\n\t\t<\/div>\n\t<\/div>\n<\/div><\/div><\/div><div class=\"wpb_column vc_column_container vc_col-sm-4\"><div class=\"vc_column-inner\"><div class=\"wpb_wrapper\">\n\t<div class=\"wpb_text_column wpb_content_element  box box-home\" >\n\t\t<div class=\"wpb_wrapper\">\n\t\t\t<p><a href=\"https:\/\/www.kela.health\/es\/?page_id=2984\"><img class=\"alignnone wp-image-1927 size-full\" src=\"https:\/\/www.kela.health\/wp-content\/uploads\/2018\/09\/DSC3436-corr-crop-1.png\" alt=\"\" width=\"540\" height=\"404\" \/><\/a><\/p>\n<p><a href=\"https:\/\/www.kela.health\/es\/?page_id=2984\">Fabricaci\u00f3n por contrato<\/a><\/p>\n\n\t\t<\/div>\n\t<\/div>\n<\/div><\/div><\/div><\/div><\/div>[\/vc_column][\/vc_row]<\/p>\n<\/section>","protected":false},"excerpt":{"rendered":"Salud Animal Salud Humana Fabricaci\u00f3n por contrato","protected":false},"author":3,"featured_media":0,"parent":2919,"menu_order":0,"comment_status":"closed","ping_status":"closed","template":"","meta":{"inline_featured_image":false},"acf":[],"yoast_head":"<!-- This site is optimized with the Yoast SEO plugin v20.8 - https:\/\/yoast.com\/wordpress\/plugins\/seo\/ -->\n<title>Historia - Acerca de Kela - Kela Health<\/title>\n<meta name=\"robots\" content=\"index, follow, max-snippet:-1, max-image-preview:large, max-video-preview:-1\" \/>\n<link rel=\"canonical\" href=\"https:\/\/www.kela.health\/nl\/over-kela\/historiek\/\" \/>\n<meta property=\"og:locale\" content=\"es_ES\" \/>\n<meta property=\"og:type\" content=\"article\" \/>\n<meta property=\"og:title\" content=\"Historia - Acerca de Kela - Kela Health\" \/>\n<meta property=\"og:url\" content=\"https:\/\/www.kela.health\/nl\/over-kela\/historiek\/\" \/>\n<meta property=\"og:site_name\" content=\"Kela Health\" \/>\n<meta property=\"article:publisher\" content=\"https:\/\/www.facebook.com\/Kela.Hoogstraten\/\" \/>\n<meta property=\"article:modified_time\" content=\"2025-01-17T15:42:06+00:00\" \/>\n<meta property=\"og:image\" content=\"https:\/\/www.kela.health\/wp-content\/uploads\/2018\/11\/og_01.png\" \/>\n\t<meta property=\"og:image:width\" content=\"1200\" \/>\n\t<meta property=\"og:image:height\" content=\"630\" \/>\n\t<meta property=\"og:image:type\" content=\"image\/png\" \/>\n<meta name=\"twitter:card\" content=\"summary_large_image\" \/>\n<meta name=\"twitter:label1\" content=\"Est. reading time\" \/>\n\t<meta name=\"twitter:data1\" content=\"3 minutes\" \/>\n<script type=\"application\/ld+json\" class=\"yoast-schema-graph\">{\"@context\":\"https:\/\/schema.org\",\"@graph\":[{\"@type\":\"WebPage\",\"@id\":\"https:\/\/www.kela.health\/nl\/over-kela\/historiek\/\",\"url\":\"https:\/\/www.kela.health\/nl\/over-kela\/historiek\/\",\"name\":\"Historia - Acerca de Kela - Kela Health\",\"isPartOf\":{\"@id\":\"https:\/\/www.kela.health\/#website\"},\"datePublished\":\"2020-01-31T11:36:23+00:00\",\"dateModified\":\"2025-01-17T15:42:06+00:00\",\"breadcrumb\":{\"@id\":\"https:\/\/www.kela.health\/nl\/over-kela\/historiek\/#breadcrumb\"},\"inLanguage\":\"es-ES\",\"potentialAction\":[{\"@type\":\"ReadAction\",\"target\":[\"https:\/\/www.kela.health\/nl\/over-kela\/historiek\/\"]}]},{\"@type\":\"BreadcrumbList\",\"@id\":\"https:\/\/www.kela.health\/nl\/over-kela\/historiek\/#breadcrumb\",\"itemListElement\":[{\"@type\":\"ListItem\",\"position\":1,\"name\":\"Home\",\"item\":\"https:\/\/www.kela.health\/es\/\"},{\"@type\":\"ListItem\",\"position\":2,\"name\":\"Acerca de Kela\",\"item\":\"https:\/\/www.kela.health\/nl\/over-kela\/\"},{\"@type\":\"ListItem\",\"position\":3,\"name\":\"Historia\"}]},{\"@type\":\"WebSite\",\"@id\":\"https:\/\/www.kela.health\/#website\",\"url\":\"https:\/\/www.kela.health\/\",\"name\":\"Kela Health\",\"description\":\"Focus on health\",\"publisher\":{\"@id\":\"https:\/\/www.kela.health\/#organization\"},\"potentialAction\":[{\"@type\":\"SearchAction\",\"target\":{\"@type\":\"EntryPoint\",\"urlTemplate\":\"https:\/\/www.kela.health\/?s={search_term_string}\"},\"query-input\":\"required name=search_term_string\"}],\"inLanguage\":\"es-ES\"},{\"@type\":\"Organization\",\"@id\":\"https:\/\/www.kela.health\/#organization\",\"name\":\"Kela NV\",\"url\":\"https:\/\/www.kela.health\/\",\"logo\":{\"@type\":\"ImageObject\",\"inLanguage\":\"es-ES\",\"@id\":\"https:\/\/www.kela.health\/#\/schema\/logo\/image\/\",\"url\":\"https:\/\/www.kela.health\/wp-content\/uploads\/2018\/09\/Kela-Pos-RGB.jpg\",\"contentUrl\":\"https:\/\/www.kela.health\/wp-content\/uploads\/2018\/09\/Kela-Pos-RGB.jpg\",\"width\":1000,\"height\":490,\"caption\":\"Kela NV\"},\"image\":{\"@id\":\"https:\/\/www.kela.health\/#\/schema\/logo\/image\/\"},\"sameAs\":[\"https:\/\/www.facebook.com\/Kela.Hoogstraten\/\",\"https:\/\/www.linkedin.com\/company\/kela-laboratoria-n-v-\/\"]}]}<\/script>\n<!-- \/ Yoast SEO plugin. -->","yoast_head_json":{"title":"Historia - Acerca de Kela - Kela Health","robots":{"index":"index","follow":"follow","max-snippet":"max-snippet:-1","max-image-preview":"max-image-preview:large","max-video-preview":"max-video-preview:-1"},"canonical":"https:\/\/www.kela.health\/nl\/over-kela\/historiek\/","og_locale":"es_ES","og_type":"article","og_title":"Historia - Acerca de Kela - Kela Health","og_url":"https:\/\/www.kela.health\/nl\/over-kela\/historiek\/","og_site_name":"Kela Health","article_publisher":"https:\/\/www.facebook.com\/Kela.Hoogstraten\/","article_modified_time":"2025-01-17T15:42:06+00:00","og_image":[{"width":1200,"height":630,"url":"https:\/\/www.kela.health\/wp-content\/uploads\/2018\/11\/og_01.png","type":"image\/png"}],"twitter_card":"summary_large_image","twitter_misc":{"Est. reading time":"3 minutes"},"schema":{"@context":"https:\/\/schema.org","@graph":[{"@type":"WebPage","@id":"https:\/\/www.kela.health\/nl\/over-kela\/historiek\/","url":"https:\/\/www.kela.health\/nl\/over-kela\/historiek\/","name":"Historia - Acerca de Kela - Kela Health","isPartOf":{"@id":"https:\/\/www.kela.health\/#website"},"datePublished":"2020-01-31T11:36:23+00:00","dateModified":"2025-01-17T15:42:06+00:00","breadcrumb":{"@id":"https:\/\/www.kela.health\/nl\/over-kela\/historiek\/#breadcrumb"},"inLanguage":"es-ES","potentialAction":[{"@type":"ReadAction","target":["https:\/\/www.kela.health\/nl\/over-kela\/historiek\/"]}]},{"@type":"BreadcrumbList","@id":"https:\/\/www.kela.health\/nl\/over-kela\/historiek\/#breadcrumb","itemListElement":[{"@type":"ListItem","position":1,"name":"Home","item":"https:\/\/www.kela.health\/es\/"},{"@type":"ListItem","position":2,"name":"Acerca de Kela","item":"https:\/\/www.kela.health\/nl\/over-kela\/"},{"@type":"ListItem","position":3,"name":"Historia"}]},{"@type":"WebSite","@id":"https:\/\/www.kela.health\/#website","url":"https:\/\/www.kela.health\/","name":"Kela Health","description":"Focus on health","publisher":{"@id":"https:\/\/www.kela.health\/#organization"},"potentialAction":[{"@type":"SearchAction","target":{"@type":"EntryPoint","urlTemplate":"https:\/\/www.kela.health\/?s={search_term_string}"},"query-input":"required name=search_term_string"}],"inLanguage":"es-ES"},{"@type":"Organization","@id":"https:\/\/www.kela.health\/#organization","name":"Kela NV","url":"https:\/\/www.kela.health\/","logo":{"@type":"ImageObject","inLanguage":"es-ES","@id":"https:\/\/www.kela.health\/#\/schema\/logo\/image\/","url":"https:\/\/www.kela.health\/wp-content\/uploads\/2018\/09\/Kela-Pos-RGB.jpg","contentUrl":"https:\/\/www.kela.health\/wp-content\/uploads\/2018\/09\/Kela-Pos-RGB.jpg","width":1000,"height":490,"caption":"Kela NV"},"image":{"@id":"https:\/\/www.kela.health\/#\/schema\/logo\/image\/"},"sameAs":["https:\/\/www.facebook.com\/Kela.Hoogstraten\/","https:\/\/www.linkedin.com\/company\/kela-laboratoria-n-v-\/"]}]}},"_links":{"self":[{"href":"https:\/\/www.kela.health\/es\/wp-json\/wp\/v2\/pages\/2932"}],"collection":[{"href":"https:\/\/www.kela.health\/es\/wp-json\/wp\/v2\/pages"}],"about":[{"href":"https:\/\/www.kela.health\/es\/wp-json\/wp\/v2\/types\/page"}],"author":[{"embeddable":true,"href":"https:\/\/www.kela.health\/es\/wp-json\/wp\/v2\/users\/3"}],"replies":[{"embeddable":true,"href":"https:\/\/www.kela.health\/es\/wp-json\/wp\/v2\/comments?post=2932"}],"version-history":[{"count":3,"href":"https:\/\/www.kela.health\/es\/wp-json\/wp\/v2\/pages\/2932\/revisions"}],"predecessor-version":[{"id":7087,"href":"https:\/\/www.kela.health\/es\/wp-json\/wp\/v2\/pages\/2932\/revisions\/7087"}],"up":[{"embeddable":true,"href":"https:\/\/www.kela.health\/es\/wp-json\/wp\/v2\/pages\/2919"}],"wp:attachment":[{"href":"https:\/\/www.kela.health\/es\/wp-json\/wp\/v2\/media?parent=2932"}],"curies":[{"name":"wp","href":"https:\/\/api.w.org\/{rel}","templated":true}]}}