{"id":2934,"date":"2020-01-31T12:44:37","date_gmt":"2020-01-31T11:44:37","guid":{"rendered":"https:\/\/www.kela.health\/?page_id=2934"},"modified":"2026-02-02T20:53:26","modified_gmt":"2026-02-02T19:53:26","slug":"liderazgo","status":"publish","type":"page","link":"https:\/\/www.kela.health\/es\/acerca-de-kela\/liderazgo\/","title":{"rendered":"Equipo de Liderazgo"},"content":{"rendered":"<section class=\"wpb-content-wrapper\"><p>[vc_row][vc_column][\/vc_column][\/vc_row][vc_section full_width=&#8221;stretch_row&#8221; content_placement=&#8221;top&#8221; el_id=&#8221;cat-landing-2&#8243; el_class=&#8221;cat-landing about-landing&#8221;][vc_row][vc_column width=&#8221;3\/12&#8243;][vc_row_inner][vc_column_inner][vc_wp_custommenu nav_menu=&#8221;13&#8243; el_class=&#8221;sidebar-small&#8221;][\/vc_column_inner][\/vc_row_inner][\/vc_column][vc_column width=&#8221;1\/12&#8243;][\/vc_column][vc_column width=&#8221;6\/12&#8243;][vc_column_text]<\/p>\n<h1>Equipo de Liderazgo<\/h1>\n<p>[\/vc_column_text][vc_column_text]<\/p>\n<h3>Pascal Beyens<\/h3>\n<h4>Gerente General<\/h4>\n<p>Pascal ha sido Gerente General de Kela desde 2010 y cuenta con m\u00e1s de 30 a\u00f1os de experiencia en una variedad de entornos industriales internacionales. Tiene una amplia experiencia en ventas, finanzas, programas de mejora continua y fusiones y adquisiciones. Pascal impulsa el plan estrat\u00e9gico de Kela, la pol\u00edtica integrada de recursos humanos de la compa\u00f1\u00eda y la comunicaci\u00f3n continua con los accionistas.[\/vc_column_text][vc_column_text]<\/p>\n<h3>Bart Lavrysen<\/h3>\n<h4>Director Global de Finanzas<\/h4>\n<p>Bart es responsable de las finanzas anivel global de Kela y lidera todos los servicios corporativos que contribuyen a un entorno financiero, de recursos humanos y de sistemas de alto rendimiento. La experiencia de Bart proviene de varias posiciones de liderazgo en banca corporativa para empresas multinacionales medianas y grandes. Su liderazgo t\u00e1ctico y estrat\u00e9gico respalda a todas las divisiones del grupo en su desempe\u00f1o en el servicio a los clientes de KELA.[\/vc_column_text][vc_column_text]<\/p>\n<h3><strong>Kristel Senten<\/strong><\/h3>\n<h4>Directora T\u00e9cnica de I+D<\/h4>\n<p>Kristel cuenta con casi 20 a\u00f1os de experiencia farmac\u00e9utica veterinaria y posee un doctorado en Qu\u00edmica Medicinal. Tiene una amplia experiencia en desarrollo farmac\u00e9utico, autorizaciones de comercializaci\u00f3n a nivel global, gesti\u00f3n del ciclo de vida y transferencias de tecnolog\u00eda de productos. Apoya la alineaci\u00f3n de la experiencia farmac\u00e9utica y regulatoria con las prioridades corporativas, reforzando la posici\u00f3n de Kela como socio integral para productos, soluciones y servicios veterinarios.[\/vc_column_text][vc_column_text]<\/p>\n<h3><strong>Joeri Veiro<\/strong><\/h3>\n<h4>Director de Calidad y Operaciones<\/h4>\n<p>Joeri aporta una amplia experiencia en aseguramiento de la calidad y operaciones dentro de la industria farmac\u00e9utica. Desde su incorporaci\u00f3n a Kela en 2018, ha desempe\u00f1ado funciones clave, incluyendo las de Responsable de QA y Persona Cualificada (Qualified Person), fortaleciendo el cumplimiento normativo y la supervisi\u00f3n de la calidad. En su funci\u00f3n actual, Joeri combina el liderazgo de los departamentos de QC y QA con sus responsabilidades como Persona Cualificada, apoyando una ejecuci\u00f3n s\u00f3lida, el cumplimiento y la supervisi\u00f3n de las operaciones de Kela.[\/vc_column_text][\/vc_column][vc_column width=&#8221;2\/12&#8243;][\/vc_column][\/vc_row][\/vc_section][vc_row][vc_column]<div class=\"templatera_shortcode\"><div class=\"vc_row wpb_row vc_row-fluid\"><div class=\"wpb_column vc_column_container vc_col-sm-4\"><div class=\"vc_column-inner\"><div class=\"wpb_wrapper\">\n\t<div class=\"wpb_text_column wpb_content_element  box box-home\" >\n\t\t<div class=\"wpb_wrapper\">\n\t\t\t<p><a href=\"https:\/\/www.kela.health\/es\/salud-animal\/\"><img class=\"size-full wp-image-206 alignleft\" src=\"https:\/\/www.kela.health\/wp-content\/uploads\/2018\/08\/AdobeStock_84894985@2x.png\" alt=\"\" width=\"540\" height=\"404\" \/><\/a><\/p>\n<p><a href=\"https:\/\/www.kela.health\/es\/salud-animal\/\">Salud Animal<\/a><\/p>\n\n\t\t<\/div>\n\t<\/div>\n<\/div><\/div><\/div><div class=\"wpb_column vc_column_container vc_col-sm-4\"><div class=\"vc_column-inner\"><div class=\"wpb_wrapper\">\n\t<div class=\"wpb_text_column wpb_content_element  box box-home\" >\n\t\t<div class=\"wpb_wrapper\">\n\t\t\t<p><a href=\"https:\/\/www.kela.health\/es\/?page_id=2980\"><img class=\"alignnone wp-image-214 size-full\" src=\"https:\/\/www.kela.health\/wp-content\/uploads\/2018\/08\/AdobeStock_23404240@2x.png\" alt=\"\" width=\"540\" height=\"404\" \/><\/a><\/p>\n<p><a href=\"https:\/\/www.kela.health\/es\/?page_id=2980\">Salud Humana<\/a><\/p>\n\n\t\t<\/div>\n\t<\/div>\n<\/div><\/div><\/div><div class=\"wpb_column vc_column_container vc_col-sm-4\"><div class=\"vc_column-inner\"><div class=\"wpb_wrapper\">\n\t<div class=\"wpb_text_column wpb_content_element  box box-home\" >\n\t\t<div class=\"wpb_wrapper\">\n\t\t\t<p><a href=\"https:\/\/www.kela.health\/es\/?page_id=2984\"><img class=\"alignnone wp-image-1927 size-full\" src=\"https:\/\/www.kela.health\/wp-content\/uploads\/2018\/09\/DSC3436-corr-crop-1.png\" alt=\"\" width=\"540\" height=\"404\" \/><\/a><\/p>\n<p><a href=\"https:\/\/www.kela.health\/es\/?page_id=2984\">Fabricaci\u00f3n por contrato<\/a><\/p>\n\n\t\t<\/div>\n\t<\/div>\n<\/div><\/div><\/div><\/div><\/div>[\/vc_column][\/vc_row]<\/p>\n<\/section>","protected":false},"excerpt":{"rendered":"Salud Animal Salud Humana Fabricaci\u00f3n por contrato","protected":false},"author":3,"featured_media":0,"parent":2919,"menu_order":0,"comment_status":"closed","ping_status":"closed","template":"","meta":{"inline_featured_image":false},"acf":[],"yoast_head":"<!-- This site is optimized with the Yoast SEO plugin v20.8 - https:\/\/yoast.com\/wordpress\/plugins\/seo\/ -->\n<title>Equipo de Liderazgo - Acerca de Kela - Kela Health<\/title>\n<meta name=\"robots\" content=\"index, follow, max-snippet:-1, max-image-preview:large, max-video-preview:-1\" \/>\n<link rel=\"canonical\" href=\"https:\/\/www.kela.health\/es\/acerca-de-kela\/liderazgo\/\" \/>\n<meta property=\"og:locale\" content=\"es_ES\" \/>\n<meta property=\"og:type\" content=\"article\" \/>\n<meta property=\"og:title\" content=\"Equipo de Liderazgo - Acerca de Kela - Kela Health\" \/>\n<meta property=\"og:url\" content=\"https:\/\/www.kela.health\/es\/acerca-de-kela\/liderazgo\/\" \/>\n<meta property=\"og:site_name\" content=\"Kela Health\" \/>\n<meta property=\"article:publisher\" content=\"https:\/\/www.facebook.com\/Kela.Hoogstraten\/\" \/>\n<meta property=\"article:modified_time\" content=\"2026-02-02T19:53:26+00:00\" \/>\n<meta property=\"og:image\" content=\"https:\/\/www.kela.health\/wp-content\/uploads\/2018\/11\/og_01.png\" \/>\n\t<meta property=\"og:image:width\" content=\"1200\" \/>\n\t<meta property=\"og:image:height\" content=\"630\" \/>\n\t<meta property=\"og:image:type\" content=\"image\/png\" \/>\n<meta name=\"twitter:card\" content=\"summary_large_image\" \/>\n<meta name=\"twitter:label1\" content=\"Est. reading time\" \/>\n\t<meta name=\"twitter:data1\" content=\"2 minutes\" \/>\n<script type=\"application\/ld+json\" class=\"yoast-schema-graph\">{\"@context\":\"https:\/\/schema.org\",\"@graph\":[{\"@type\":\"WebPage\",\"@id\":\"https:\/\/www.kela.health\/es\/acerca-de-kela\/liderazgo\/\",\"url\":\"https:\/\/www.kela.health\/es\/acerca-de-kela\/liderazgo\/\",\"name\":\"Equipo de Liderazgo - Acerca de Kela - Kela Health\",\"isPartOf\":{\"@id\":\"https:\/\/www.kela.health\/#website\"},\"datePublished\":\"2020-01-31T11:44:37+00:00\",\"dateModified\":\"2026-02-02T19:53:26+00:00\",\"breadcrumb\":{\"@id\":\"https:\/\/www.kela.health\/es\/acerca-de-kela\/liderazgo\/#breadcrumb\"},\"inLanguage\":\"es-ES\",\"potentialAction\":[{\"@type\":\"ReadAction\",\"target\":[\"https:\/\/www.kela.health\/es\/acerca-de-kela\/liderazgo\/\"]}]},{\"@type\":\"BreadcrumbList\",\"@id\":\"https:\/\/www.kela.health\/es\/acerca-de-kela\/liderazgo\/#breadcrumb\",\"itemListElement\":[{\"@type\":\"ListItem\",\"position\":1,\"name\":\"Home\",\"item\":\"https:\/\/www.kela.health\/es\/\"},{\"@type\":\"ListItem\",\"position\":2,\"name\":\"Acerca de Kela\",\"item\":\"https:\/\/www.kela.health\/nl\/over-kela\/\"},{\"@type\":\"ListItem\",\"position\":3,\"name\":\"Equipo de Liderazgo\"}]},{\"@type\":\"WebSite\",\"@id\":\"https:\/\/www.kela.health\/#website\",\"url\":\"https:\/\/www.kela.health\/\",\"name\":\"Kela Health\",\"description\":\"Focus on health\",\"publisher\":{\"@id\":\"https:\/\/www.kela.health\/#organization\"},\"potentialAction\":[{\"@type\":\"SearchAction\",\"target\":{\"@type\":\"EntryPoint\",\"urlTemplate\":\"https:\/\/www.kela.health\/?s={search_term_string}\"},\"query-input\":\"required name=search_term_string\"}],\"inLanguage\":\"es-ES\"},{\"@type\":\"Organization\",\"@id\":\"https:\/\/www.kela.health\/#organization\",\"name\":\"Kela NV\",\"url\":\"https:\/\/www.kela.health\/\",\"logo\":{\"@type\":\"ImageObject\",\"inLanguage\":\"es-ES\",\"@id\":\"https:\/\/www.kela.health\/#\/schema\/logo\/image\/\",\"url\":\"https:\/\/www.kela.health\/wp-content\/uploads\/2018\/09\/Kela-Pos-RGB.jpg\",\"contentUrl\":\"https:\/\/www.kela.health\/wp-content\/uploads\/2018\/09\/Kela-Pos-RGB.jpg\",\"width\":1000,\"height\":490,\"caption\":\"Kela NV\"},\"image\":{\"@id\":\"https:\/\/www.kela.health\/#\/schema\/logo\/image\/\"},\"sameAs\":[\"https:\/\/www.facebook.com\/Kela.Hoogstraten\/\",\"https:\/\/www.linkedin.com\/company\/kela-laboratoria-n-v-\/\"]}]}<\/script>\n<!-- \/ Yoast SEO plugin. -->","yoast_head_json":{"title":"Equipo de Liderazgo - Acerca de Kela - Kela Health","robots":{"index":"index","follow":"follow","max-snippet":"max-snippet:-1","max-image-preview":"max-image-preview:large","max-video-preview":"max-video-preview:-1"},"canonical":"https:\/\/www.kela.health\/es\/acerca-de-kela\/liderazgo\/","og_locale":"es_ES","og_type":"article","og_title":"Equipo de Liderazgo - Acerca de Kela - Kela Health","og_url":"https:\/\/www.kela.health\/es\/acerca-de-kela\/liderazgo\/","og_site_name":"Kela Health","article_publisher":"https:\/\/www.facebook.com\/Kela.Hoogstraten\/","article_modified_time":"2026-02-02T19:53:26+00:00","og_image":[{"width":1200,"height":630,"url":"https:\/\/www.kela.health\/wp-content\/uploads\/2018\/11\/og_01.png","type":"image\/png"}],"twitter_card":"summary_large_image","twitter_misc":{"Est. reading time":"2 minutes"},"schema":{"@context":"https:\/\/schema.org","@graph":[{"@type":"WebPage","@id":"https:\/\/www.kela.health\/es\/acerca-de-kela\/liderazgo\/","url":"https:\/\/www.kela.health\/es\/acerca-de-kela\/liderazgo\/","name":"Equipo de Liderazgo - Acerca de Kela - Kela Health","isPartOf":{"@id":"https:\/\/www.kela.health\/#website"},"datePublished":"2020-01-31T11:44:37+00:00","dateModified":"2026-02-02T19:53:26+00:00","breadcrumb":{"@id":"https:\/\/www.kela.health\/es\/acerca-de-kela\/liderazgo\/#breadcrumb"},"inLanguage":"es-ES","potentialAction":[{"@type":"ReadAction","target":["https:\/\/www.kela.health\/es\/acerca-de-kela\/liderazgo\/"]}]},{"@type":"BreadcrumbList","@id":"https:\/\/www.kela.health\/es\/acerca-de-kela\/liderazgo\/#breadcrumb","itemListElement":[{"@type":"ListItem","position":1,"name":"Home","item":"https:\/\/www.kela.health\/es\/"},{"@type":"ListItem","position":2,"name":"Acerca de Kela","item":"https:\/\/www.kela.health\/nl\/over-kela\/"},{"@type":"ListItem","position":3,"name":"Equipo de Liderazgo"}]},{"@type":"WebSite","@id":"https:\/\/www.kela.health\/#website","url":"https:\/\/www.kela.health\/","name":"Kela Health","description":"Focus on health","publisher":{"@id":"https:\/\/www.kela.health\/#organization"},"potentialAction":[{"@type":"SearchAction","target":{"@type":"EntryPoint","urlTemplate":"https:\/\/www.kela.health\/?s={search_term_string}"},"query-input":"required name=search_term_string"}],"inLanguage":"es-ES"},{"@type":"Organization","@id":"https:\/\/www.kela.health\/#organization","name":"Kela NV","url":"https:\/\/www.kela.health\/","logo":{"@type":"ImageObject","inLanguage":"es-ES","@id":"https:\/\/www.kela.health\/#\/schema\/logo\/image\/","url":"https:\/\/www.kela.health\/wp-content\/uploads\/2018\/09\/Kela-Pos-RGB.jpg","contentUrl":"https:\/\/www.kela.health\/wp-content\/uploads\/2018\/09\/Kela-Pos-RGB.jpg","width":1000,"height":490,"caption":"Kela NV"},"image":{"@id":"https:\/\/www.kela.health\/#\/schema\/logo\/image\/"},"sameAs":["https:\/\/www.facebook.com\/Kela.Hoogstraten\/","https:\/\/www.linkedin.com\/company\/kela-laboratoria-n-v-\/"]}]}},"_links":{"self":[{"href":"https:\/\/www.kela.health\/es\/wp-json\/wp\/v2\/pages\/2934"}],"collection":[{"href":"https:\/\/www.kela.health\/es\/wp-json\/wp\/v2\/pages"}],"about":[{"href":"https:\/\/www.kela.health\/es\/wp-json\/wp\/v2\/types\/page"}],"author":[{"embeddable":true,"href":"https:\/\/www.kela.health\/es\/wp-json\/wp\/v2\/users\/3"}],"replies":[{"embeddable":true,"href":"https:\/\/www.kela.health\/es\/wp-json\/wp\/v2\/comments?post=2934"}],"version-history":[{"count":8,"href":"https:\/\/www.kela.health\/es\/wp-json\/wp\/v2\/pages\/2934\/revisions"}],"predecessor-version":[{"id":7612,"href":"https:\/\/www.kela.health\/es\/wp-json\/wp\/v2\/pages\/2934\/revisions\/7612"}],"up":[{"embeddable":true,"href":"https:\/\/www.kela.health\/es\/wp-json\/wp\/v2\/pages\/2919"}],"wp:attachment":[{"href":"https:\/\/www.kela.health\/es\/wp-json\/wp\/v2\/media?parent=2934"}],"curies":[{"name":"wp","href":"https:\/\/api.w.org\/{rel}","templated":true}]}}