{"id":2973,"date":"2020-01-31T13:54:12","date_gmt":"2020-01-31T12:54:12","guid":{"rendered":"https:\/\/www.kela.health\/?page_id=2973"},"modified":"2020-01-31T17:08:32","modified_gmt":"2020-01-31T16:08:32","slug":"salud-animal","status":"publish","type":"page","link":"https:\/\/www.kela.health\/es\/salud-animal\/","title":{"rendered":"Salud Animal"},"content":{"rendered":"<section class=\"wpb-content-wrapper\"><p>[vc_row][vc_column][\/vc_column][\/vc_row][vc_section full_width=&#8221;stretch_row&#8221; content_placement=&#8221;top&#8221; el_id=&#8221;cat-landing&#8221; el_class=&#8221;cat-landing animal-landing&#8221;][vc_row][vc_column]<div class=\"templatera_shortcode\"><div class=\"vc_row wpb_row vc_row-fluid\"><div class=\"wpb_column vc_column_container vc_col-sm-12\"><div class=\"vc_column-inner\"><div class=\"wpb_wrapper\"><div class=\"evc-section-title evc-shortcode page-title\" style=\"text-align: left\">\n\t<div class=\"evc-st-inner\">\n\t\t\t\t\t<h2 class=\"evc-st-title\" >\n\t\t\t\tSalud Animal\t\t\t<\/h2>\n\t\t\t\t\t\t\t\t\t<\/div>\n<\/div>\n<\/div><\/div><\/div><\/div><\/div>[\/vc_column][\/vc_row][vc_row][vc_column width=&#8221;1\/2&#8243;][vc_column_text]Nuestros productos de salud animal incluyen principalmente productos farmac\u00e9uticos y suplementos alimenticios para el ganado a nivel mundial, en algunos pa\u00edses seleccionados tambi\u00e9n para animales de compa\u00f1\u00eda. Consideramos que la buena salud animal es un beneficio social y econ\u00f3mico importante para nuestros clientes.<\/p>\n<p><a class=\"blue-button\" href=\"https:\/\/www.kela.health\/es\/salud-animal\/valor-para-los-clientes\/\">Leer m\u00e1s<\/a>[\/vc_column_text][\/vc_column][\/vc_row][vc_row][vc_column width=&#8221;7\/12&#8243; offset=&#8221;vc_col-lg-offset-0 vc_col-lg-5 vc_col-md-offset-0 vc_col-md-6 vc_col-sm-offset-0 vc_col-xs-12&#8243;][vc_wp_custommenu nav_menu=&#8221;7&#8243; el_class=&#8221;sidebar-large&#8221;][\/vc_column][vc_column width=&#8221;5\/12&#8243; offset=&#8221;vc_hidden-lg vc_hidden-md vc_hidden-sm vc_hidden-xs&#8221;][\/vc_column][\/vc_row][\/vc_section][vc_section][vc_row][vc_column width=&#8221;7\/12&#8243;][vc_column_text]<\/p>\n<h2>Qu\u00e9 nos diferencia<\/h2>\n<p>[\/vc_column_text][vc_column_text]Kela florece con la interacci\u00f3n de nuestro patrimonio, nuestra gente y nuestra oferta de productos.<\/p>\n<p><strong>Nuestra experiencia sin igual<\/strong> proviene de d\u00e9cadas de incansables esfuerzos de investigaci\u00f3n, desarrollo e innovaci\u00f3n en el \u00e1rea de la salud animal. El enfoque hist\u00f3rico de Kela en facilitar a los veterinarios tratamientos antimicrobianos nos ha convertido en uno de los pocos actores mundiales en penicilina como producto terminado para uso animal.<\/p>\n<p><strong>Nuestra gente en nuestro negocio de salud animal<\/strong> est\u00e1 altamente preparada y comprende lo que impulsa a los veterinarios en su profesi\u00f3n, independientemente de la regi\u00f3n donde practiquen. Contamos con personal veterinario capacitado, farmac\u00e9uticos (industriales), ingenieros, economistas y maestros en administraci\u00f3n de negocios. Nuestra gente apoya a los productores con conocimientos globales y un enfoque adaptado a las circunstancias locales. Gracias a esta tremenda fuente de experiencia, podemos ayudar a resolver los desaf\u00edos cotidianos de los veterinarios y farmac\u00e9uticos.<\/p>\n<p><strong>Nuestro portafolio integral<\/strong> est\u00e1 dise\u00f1ado para cumplir con los requisitos de los veterinarios en regiones muy diversas del mundo. Esto, en combinaci\u00f3n con nuestros esfuerzos para proporcionar un soporte relevante para nuestros productos, convierte a Kela en un socio confiable para muchos profesionales de la salud animal.[\/vc_column_text][\/vc_column][vc_column width=&#8221;1\/12&#8243;][\/vc_column][vc_column width=&#8221;4\/12&#8243;][vc_column_text el_class=&#8221;box box-gradient&#8221;]<\/p>\n<blockquote>\n<p>&#8220;En Kela participamos en la cadena de valor de los alimentos, entre garantizar la salud del ganado para los agricultores y el compromiso con la seguridad alimentaria para los consumidores.&#8221;<\/p>\n<\/blockquote>\n<p>[\/vc_column_text][vc_column_text el_class=&#8221;box box-contact&#8221; css=&#8221;.vc_custom_1580486908464{background-color: #ffffff !important;}&#8221;]<img decoding=\"async\" loading=\"lazy\" class=\"alignnone size-medium wp-image-2007\" src=\"https:\/\/www.kela.health\/wp-content\/uploads\/2018\/11\/chat-bubble.svg\" alt=\"\" width=\"30\" height=\"26\" \/><\/p>\n<h5>Salud Animal<\/h5>\n<h6><strong>Cont\u00e1ctenos para mayor informaci\u00f3n<\/strong><\/h6>\n<p>+ 32 (0)3 340 04 11<br \/>\n<a href=\"mailto:info@kela.health\">info@kela.health<\/a><\/p>\n<p><a class=\"blue-button\" href=\"https:\/\/www.kela.health\/es\/salud-animal\/contacto\/\">Contacto Kela<\/a>[\/vc_column_text][\/vc_column][\/vc_row][\/vc_section]<\/p>\n<\/section>","protected":false},"excerpt":{"rendered":"Salud Animal","protected":false},"author":3,"featured_media":0,"parent":0,"menu_order":0,"comment_status":"closed","ping_status":"closed","template":"","meta":{"inline_featured_image":false},"acf":[],"yoast_head":"<!-- This site is optimized with the Yoast SEO plugin v20.8 - https:\/\/yoast.com\/wordpress\/plugins\/seo\/ -->\n<title>Salud Animal - Kela Health<\/title>\n<meta name=\"description\" content=\"Nuestros productos de salud animal incluyen principalmente productos farmac\u00e9uticos y suplementos alimenticios para el ganado a nivel mundial, en algunos pa\u00edses seleccionados tambi\u00e9n para animales de compa\u00f1\u00eda. Consideramos que la buena salud animal es un beneficio social y econ\u00f3mico importante para nuestros clientes.\" \/>\n<meta name=\"robots\" content=\"index, follow, max-snippet:-1, max-image-preview:large, max-video-preview:-1\" \/>\n<link rel=\"canonical\" href=\"https:\/\/www.kela.health\/es\/salud-animal\/\" \/>\n<meta property=\"og:locale\" content=\"es_ES\" \/>\n<meta property=\"og:type\" content=\"article\" \/>\n<meta property=\"og:title\" content=\"Salud Animal - Kela Health\" \/>\n<meta property=\"og:description\" content=\"Nuestros productos de salud animal incluyen principalmente productos farmac\u00e9uticos y suplementos alimenticios para el ganado a nivel mundial, en algunos pa\u00edses seleccionados tambi\u00e9n para animales de compa\u00f1\u00eda. Consideramos que la buena salud animal es un beneficio social y econ\u00f3mico importante para nuestros clientes.\" \/>\n<meta property=\"og:url\" content=\"https:\/\/www.kela.health\/es\/salud-animal\/\" \/>\n<meta property=\"og:site_name\" content=\"Kela Health\" \/>\n<meta property=\"article:publisher\" content=\"https:\/\/www.facebook.com\/Kela.Hoogstraten\/\" \/>\n<meta property=\"article:modified_time\" content=\"2020-01-31T16:08:32+00:00\" \/>\n<meta property=\"og:image\" content=\"https:\/\/www.kela.health\/wp-content\/uploads\/2018\/11\/chat-bubble.svg\" \/>\n<meta name=\"twitter:card\" content=\"summary_large_image\" \/>\n<meta name=\"twitter:label1\" content=\"Est. reading time\" \/>\n\t<meta name=\"twitter:data1\" content=\"2 minutes\" \/>\n<script type=\"application\/ld+json\" class=\"yoast-schema-graph\">{\"@context\":\"https:\/\/schema.org\",\"@graph\":[{\"@type\":\"WebPage\",\"@id\":\"https:\/\/www.kela.health\/es\/salud-animal\/\",\"url\":\"https:\/\/www.kela.health\/es\/salud-animal\/\",\"name\":\"Salud Animal - Kela Health\",\"isPartOf\":{\"@id\":\"https:\/\/www.kela.health\/#website\"},\"datePublished\":\"2020-01-31T12:54:12+00:00\",\"dateModified\":\"2020-01-31T16:08:32+00:00\",\"description\":\"Nuestros productos de salud animal incluyen principalmente productos farmac\u00e9uticos y suplementos alimenticios para el ganado a nivel mundial, en algunos pa\u00edses seleccionados tambi\u00e9n para animales de compa\u00f1\u00eda. Consideramos que la buena salud animal es un beneficio social y econ\u00f3mico importante para nuestros clientes.\",\"breadcrumb\":{\"@id\":\"https:\/\/www.kela.health\/es\/salud-animal\/#breadcrumb\"},\"inLanguage\":\"es-ES\",\"potentialAction\":[{\"@type\":\"ReadAction\",\"target\":[\"https:\/\/www.kela.health\/es\/salud-animal\/\"]}]},{\"@type\":\"BreadcrumbList\",\"@id\":\"https:\/\/www.kela.health\/es\/salud-animal\/#breadcrumb\",\"itemListElement\":[{\"@type\":\"ListItem\",\"position\":1,\"name\":\"Home\",\"item\":\"https:\/\/www.kela.health\/es\/\"},{\"@type\":\"ListItem\",\"position\":2,\"name\":\"Salud Animal\"}]},{\"@type\":\"WebSite\",\"@id\":\"https:\/\/www.kela.health\/#website\",\"url\":\"https:\/\/www.kela.health\/\",\"name\":\"Kela Health\",\"description\":\"Focus on health\",\"publisher\":{\"@id\":\"https:\/\/www.kela.health\/#organization\"},\"potentialAction\":[{\"@type\":\"SearchAction\",\"target\":{\"@type\":\"EntryPoint\",\"urlTemplate\":\"https:\/\/www.kela.health\/?s={search_term_string}\"},\"query-input\":\"required name=search_term_string\"}],\"inLanguage\":\"es-ES\"},{\"@type\":\"Organization\",\"@id\":\"https:\/\/www.kela.health\/#organization\",\"name\":\"Kela NV\",\"url\":\"https:\/\/www.kela.health\/\",\"logo\":{\"@type\":\"ImageObject\",\"inLanguage\":\"es-ES\",\"@id\":\"https:\/\/www.kela.health\/#\/schema\/logo\/image\/\",\"url\":\"https:\/\/www.kela.health\/wp-content\/uploads\/2018\/09\/Kela-Pos-RGB.jpg\",\"contentUrl\":\"https:\/\/www.kela.health\/wp-content\/uploads\/2018\/09\/Kela-Pos-RGB.jpg\",\"width\":1000,\"height\":490,\"caption\":\"Kela NV\"},\"image\":{\"@id\":\"https:\/\/www.kela.health\/#\/schema\/logo\/image\/\"},\"sameAs\":[\"https:\/\/www.facebook.com\/Kela.Hoogstraten\/\",\"https:\/\/www.linkedin.com\/company\/kela-laboratoria-n-v-\/\"]}]}<\/script>\n<!-- \/ Yoast SEO plugin. -->","yoast_head_json":{"title":"Salud Animal - Kela Health","description":"Nuestros productos de salud animal incluyen principalmente productos farmac\u00e9uticos y suplementos alimenticios para el ganado a nivel mundial, en algunos pa\u00edses seleccionados tambi\u00e9n para animales de compa\u00f1\u00eda. Consideramos que la buena salud animal es un beneficio social y econ\u00f3mico importante para nuestros clientes.","robots":{"index":"index","follow":"follow","max-snippet":"max-snippet:-1","max-image-preview":"max-image-preview:large","max-video-preview":"max-video-preview:-1"},"canonical":"https:\/\/www.kela.health\/es\/salud-animal\/","og_locale":"es_ES","og_type":"article","og_title":"Salud Animal - Kela Health","og_description":"Nuestros productos de salud animal incluyen principalmente productos farmac\u00e9uticos y suplementos alimenticios para el ganado a nivel mundial, en algunos pa\u00edses seleccionados tambi\u00e9n para animales de compa\u00f1\u00eda. Consideramos que la buena salud animal es un beneficio social y econ\u00f3mico importante para nuestros clientes.","og_url":"https:\/\/www.kela.health\/es\/salud-animal\/","og_site_name":"Kela Health","article_publisher":"https:\/\/www.facebook.com\/Kela.Hoogstraten\/","article_modified_time":"2020-01-31T16:08:32+00:00","og_image":[{"url":"https:\/\/www.kela.health\/wp-content\/uploads\/2018\/11\/chat-bubble.svg"}],"twitter_card":"summary_large_image","twitter_misc":{"Est. reading time":"2 minutes"},"schema":{"@context":"https:\/\/schema.org","@graph":[{"@type":"WebPage","@id":"https:\/\/www.kela.health\/es\/salud-animal\/","url":"https:\/\/www.kela.health\/es\/salud-animal\/","name":"Salud Animal - Kela Health","isPartOf":{"@id":"https:\/\/www.kela.health\/#website"},"datePublished":"2020-01-31T12:54:12+00:00","dateModified":"2020-01-31T16:08:32+00:00","description":"Nuestros productos de salud animal incluyen principalmente productos farmac\u00e9uticos y suplementos alimenticios para el ganado a nivel mundial, en algunos pa\u00edses seleccionados tambi\u00e9n para animales de compa\u00f1\u00eda. Consideramos que la buena salud animal es un beneficio social y econ\u00f3mico importante para nuestros clientes.","breadcrumb":{"@id":"https:\/\/www.kela.health\/es\/salud-animal\/#breadcrumb"},"inLanguage":"es-ES","potentialAction":[{"@type":"ReadAction","target":["https:\/\/www.kela.health\/es\/salud-animal\/"]}]},{"@type":"BreadcrumbList","@id":"https:\/\/www.kela.health\/es\/salud-animal\/#breadcrumb","itemListElement":[{"@type":"ListItem","position":1,"name":"Home","item":"https:\/\/www.kela.health\/es\/"},{"@type":"ListItem","position":2,"name":"Salud Animal"}]},{"@type":"WebSite","@id":"https:\/\/www.kela.health\/#website","url":"https:\/\/www.kela.health\/","name":"Kela Health","description":"Focus on health","publisher":{"@id":"https:\/\/www.kela.health\/#organization"},"potentialAction":[{"@type":"SearchAction","target":{"@type":"EntryPoint","urlTemplate":"https:\/\/www.kela.health\/?s={search_term_string}"},"query-input":"required name=search_term_string"}],"inLanguage":"es-ES"},{"@type":"Organization","@id":"https:\/\/www.kela.health\/#organization","name":"Kela NV","url":"https:\/\/www.kela.health\/","logo":{"@type":"ImageObject","inLanguage":"es-ES","@id":"https:\/\/www.kela.health\/#\/schema\/logo\/image\/","url":"https:\/\/www.kela.health\/wp-content\/uploads\/2018\/09\/Kela-Pos-RGB.jpg","contentUrl":"https:\/\/www.kela.health\/wp-content\/uploads\/2018\/09\/Kela-Pos-RGB.jpg","width":1000,"height":490,"caption":"Kela NV"},"image":{"@id":"https:\/\/www.kela.health\/#\/schema\/logo\/image\/"},"sameAs":["https:\/\/www.facebook.com\/Kela.Hoogstraten\/","https:\/\/www.linkedin.com\/company\/kela-laboratoria-n-v-\/"]}]}},"_links":{"self":[{"href":"https:\/\/www.kela.health\/es\/wp-json\/wp\/v2\/pages\/2973"}],"collection":[{"href":"https:\/\/www.kela.health\/es\/wp-json\/wp\/v2\/pages"}],"about":[{"href":"https:\/\/www.kela.health\/es\/wp-json\/wp\/v2\/types\/page"}],"author":[{"embeddable":true,"href":"https:\/\/www.kela.health\/es\/wp-json\/wp\/v2\/users\/3"}],"replies":[{"embeddable":true,"href":"https:\/\/www.kela.health\/es\/wp-json\/wp\/v2\/comments?post=2973"}],"version-history":[{"count":8,"href":"https:\/\/www.kela.health\/es\/wp-json\/wp\/v2\/pages\/2973\/revisions"}],"predecessor-version":[{"id":3115,"href":"https:\/\/www.kela.health\/es\/wp-json\/wp\/v2\/pages\/2973\/revisions\/3115"}],"wp:attachment":[{"href":"https:\/\/www.kela.health\/es\/wp-json\/wp\/v2\/media?parent=2973"}],"curies":[{"name":"wp","href":"https:\/\/api.w.org\/{rel}","templated":true}]}}