{"id":3011,"date":"2020-01-31T15:39:31","date_gmt":"2020-01-31T14:39:31","guid":{"rendered":"https:\/\/www.kela.health\/?page_id=3011"},"modified":"2020-01-31T15:40:25","modified_gmt":"2020-01-31T14:40:25","slug":"que-nos-diferencia","status":"publish","type":"page","link":"https:\/\/www.kela.health\/es\/salud-animal\/valor-para-los-clientes\/que-nos-diferencia\/","title":{"rendered":"Qu\u00e9 nos diferencia?"},"content":{"rendered":"<section class=\"wpb-content-wrapper\"><p>[vc_row][vc_column][\/vc_column][\/vc_row][vc_section full_width=&#8221;stretch_row&#8221; content_placement=&#8221;top&#8221; el_id=&#8221;cat-landing-2&#8243; el_class=&#8221;cat-landing animal-landing&#8221;][vc_row][vc_column width=&#8221;3\/12&#8243;][vc_row_inner][vc_column_inner][vc_wp_custommenu nav_menu=&#8221;8&#8243; el_class=&#8221;sidebar-small&#8221;][\/vc_column_inner][\/vc_row_inner][\/vc_column][vc_column width=&#8221;1\/12&#8243;][\/vc_column][vc_column width=&#8221;6\/12&#8243;][vc_column_text el_class=&#8221;breadcrumb&#8221;]Salud Animal[\/vc_column_text][vc_column_text]<\/p>\n<h1>Qu\u00e9 nos diferencia<\/h1>\n<p>Kela florece con la interacci\u00f3n de nuestro patrimonio, nuestra gente y nuestra oferta de productos.<\/p>\n<p><strong>Nuestra experiencia sin igual<\/strong> proviene de d\u00e9cadas de incansables esfuerzos de investigaci\u00f3n, desarrollo e innovaci\u00f3n en el \u00e1rea de la salud animal. El enfoque hist\u00f3rico de Kela en facilitar a los veterinarios tratamientos antimicrobianos nos ha convertido en uno de los pocos actores mundiales en penicilina como producto terminado para uso animal.<\/p>\n<p><strong>Nuestra gente en nuestro negocio de salud animal<\/strong> est\u00e1 altamente preparada y comprende lo que impulsa a los veterinarios en su profesi\u00f3n, independientemente de la regi\u00f3n donde practiquen. Contamos con personal veterinario capacitado, farmac\u00e9uticos (industriales), ingenieros, economistas y maestros en administraci\u00f3n de negocios. Nuestra gente apoya a los productores con conocimientos globales y un enfoque adaptado a las circunstancias locales. Gracias a esta tremenda fuente de experiencia, podemos ayudar a resolver los desaf\u00edos cotidianos de los veterinarios y farmac\u00e9uticos.<\/p>\n<p><strong>Nuestro portafolio integral<\/strong> est\u00e1 dise\u00f1ado para cumplir con los requisitos de los veterinarios en regiones muy diversas del mundo. Esto, en combinaci\u00f3n con nuestros esfuerzos para proporcionar un soporte relevante para nuestros productos, convierte a Kela en un socio confiable para muchos profesionales de la salud animal.[\/vc_column_text][\/vc_column][vc_column width=&#8221;2\/12&#8243;][\/vc_column][\/vc_row][\/vc_section][vc_row][vc_column]<div class=\"templatera_shortcode\"><div class=\"vc_row wpb_row vc_row-fluid\"><div class=\"wpb_column vc_column_container vc_col-sm-4\"><div class=\"vc_column-inner\"><div class=\"wpb_wrapper\">\n\t<div class=\"wpb_text_column wpb_content_element  vc_custom_1581501694398 box box-contact\" >\n\t\t<div class=\"wpb_wrapper\">\n\t\t\t<p><img class=\"alignnone size-thumbnail wp-image-2007\" src=\"https:\/\/www.kela.health\/wp-content\/uploads\/2018\/11\/chat-bubble.svg\" alt=\"\" width=\"30\" height=\"26\" \/><\/p>\n<h5>Salud Animal<\/h5>\n<h6>Cont\u00e1ctenos para mayor informaci\u00f3n<\/h6>\n<p>+32 (0)3 340 04 11<br \/>\n<a href=\"mailto:info@kela.health\">info@kela.health<\/a><\/p>\n<p><a class=\"blue-button\" href=\"https:\/\/www.kela.health\/es\/salud-animal\/contacto\/\">Contacto Kela<\/a><\/p>\n\n\t\t<\/div>\n\t<\/div>\n<\/div><\/div><\/div><div class=\"wpb_column vc_column_container vc_col-sm-4\"><div class=\"vc_column-inner\"><div class=\"wpb_wrapper\">\n\t<div class=\"wpb_text_column wpb_content_element  box box-kela\" >\n\t\t<div class=\"wpb_wrapper\">\n\t\t\t<h5><strong>Qu\u00e9 nos hace diferentes?<\/strong><\/h5>\n<h6>Nuestra experiencia inigualable<\/h6>\n<h6>El background de nuestra gente<\/h6>\n<h6>El valor en lo que hacemos<\/h6>\n<p><a class=\"blue-button\" href=\"https:\/\/www.kela.health\/es\/salud-animal\/valor-para-los-clientes\/que-nos-diferencia\/\">Saber mas<\/a><\/p>\n\n\t\t<\/div>\n\t<\/div>\n<\/div><\/div><\/div><div class=\"wpb_column vc_column_container vc_col-sm-4\"><div class=\"vc_column-inner\"><div class=\"wpb_wrapper\">\n\t<div class=\"wpb_text_column wpb_content_element  box box-productfinder\" >\n\t\t<div class=\"wpb_wrapper\">\n\t\t\t<p><img class=\"alignnone size-thumbnail wp-image-2001\" src=\"https:\/\/www.kela.health\/wp-content\/uploads\/2018\/11\/search.svg\" alt=\"\" width=\"20\" height=\"20\" \/><\/p>\n<h5>Buscador de productos<\/h5>\n<h6>Vea productos en su regi\u00f3n<\/h6>\n<p>Nuestra cartera cubre una amplia gama de productos de salud animal.<\/p>\n<p><a class=\"blue-button\" href=\"http:\/\/products.kela.health\">Vea productos<\/a><\/p>\n\n\t\t<\/div>\n\t<\/div>\n<\/div><\/div><\/div><\/div><\/div>[\/vc_column][\/vc_row]<\/p>\n<\/section>","protected":false},"excerpt":{"rendered":"Salud Animal Cont\u00e1ctenos para mayor informaci\u00f3n +32 (0)3 340 04 11 info@kela.health Contacto Kela Qu\u00e9 nos hace diferentes? Nuestra experiencia inigualable El background de nuestra gente El valor en lo que hacemos Saber mas Buscador de productos Vea productos en su regi\u00f3n Nuestra cartera cubre una amplia gama de productos de salud animal. Vea productos","protected":false},"author":3,"featured_media":0,"parent":2994,"menu_order":0,"comment_status":"closed","ping_status":"closed","template":"","meta":{"inline_featured_image":false},"acf":[],"yoast_head":"<!-- This site is optimized with the Yoast SEO plugin v20.8 - https:\/\/yoast.com\/wordpress\/plugins\/seo\/ -->\n<title>Qu\u00e9 nos diferencia? - Valor para los clientes - Kela Health<\/title>\n<meta name=\"robots\" content=\"index, follow, max-snippet:-1, max-image-preview:large, max-video-preview:-1\" \/>\n<link rel=\"canonical\" href=\"https:\/\/www.kela.health\/es\/salud-animal\/valor-para-los-clientes\/que-nos-diferencia\/\" \/>\n<meta property=\"og:locale\" content=\"es_ES\" \/>\n<meta property=\"og:type\" content=\"article\" \/>\n<meta property=\"og:title\" content=\"Qu\u00e9 nos diferencia? - Valor para los clientes - Kela Health\" \/>\n<meta property=\"og:url\" content=\"https:\/\/www.kela.health\/es\/salud-animal\/valor-para-los-clientes\/que-nos-diferencia\/\" \/>\n<meta property=\"og:site_name\" content=\"Kela Health\" \/>\n<meta property=\"article:publisher\" content=\"https:\/\/www.facebook.com\/Kela.Hoogstraten\/\" \/>\n<meta property=\"article:modified_time\" content=\"2020-01-31T14:40:25+00:00\" \/>\n<meta property=\"og:image\" content=\"https:\/\/www.kela.health\/wp-content\/uploads\/2018\/11\/og_01.png\" \/>\n\t<meta property=\"og:image:width\" content=\"1200\" \/>\n\t<meta property=\"og:image:height\" content=\"630\" \/>\n\t<meta property=\"og:image:type\" content=\"image\/png\" \/>\n<meta name=\"twitter:card\" content=\"summary_large_image\" \/>\n<meta name=\"twitter:label1\" content=\"Est. reading time\" \/>\n\t<meta name=\"twitter:data1\" content=\"2 minutes\" \/>\n<script type=\"application\/ld+json\" class=\"yoast-schema-graph\">{\"@context\":\"https:\/\/schema.org\",\"@graph\":[{\"@type\":\"WebPage\",\"@id\":\"https:\/\/www.kela.health\/es\/salud-animal\/valor-para-los-clientes\/que-nos-diferencia\/\",\"url\":\"https:\/\/www.kela.health\/es\/salud-animal\/valor-para-los-clientes\/que-nos-diferencia\/\",\"name\":\"Qu\u00e9 nos diferencia? - Valor para los clientes - Kela Health\",\"isPartOf\":{\"@id\":\"https:\/\/www.kela.health\/#website\"},\"datePublished\":\"2020-01-31T14:39:31+00:00\",\"dateModified\":\"2020-01-31T14:40:25+00:00\",\"breadcrumb\":{\"@id\":\"https:\/\/www.kela.health\/es\/salud-animal\/valor-para-los-clientes\/que-nos-diferencia\/#breadcrumb\"},\"inLanguage\":\"es-ES\",\"potentialAction\":[{\"@type\":\"ReadAction\",\"target\":[\"https:\/\/www.kela.health\/es\/salud-animal\/valor-para-los-clientes\/que-nos-diferencia\/\"]}]},{\"@type\":\"BreadcrumbList\",\"@id\":\"https:\/\/www.kela.health\/es\/salud-animal\/valor-para-los-clientes\/que-nos-diferencia\/#breadcrumb\",\"itemListElement\":[{\"@type\":\"ListItem\",\"position\":1,\"name\":\"Home\",\"item\":\"https:\/\/www.kela.health\/es\/\"},{\"@type\":\"ListItem\",\"position\":2,\"name\":\"Salud Animal\",\"item\":\"https:\/\/www.kela.health\/es\/salud-animal\/\"},{\"@type\":\"ListItem\",\"position\":3,\"name\":\"Valor para los clientes\",\"item\":\"https:\/\/www.kela.health\/es\/salud-animal\/valor-para-los-clientes\/\"},{\"@type\":\"ListItem\",\"position\":4,\"name\":\"Qu\u00e9 nos diferencia?\"}]},{\"@type\":\"WebSite\",\"@id\":\"https:\/\/www.kela.health\/#website\",\"url\":\"https:\/\/www.kela.health\/\",\"name\":\"Kela Health\",\"description\":\"Focus on health\",\"publisher\":{\"@id\":\"https:\/\/www.kela.health\/#organization\"},\"potentialAction\":[{\"@type\":\"SearchAction\",\"target\":{\"@type\":\"EntryPoint\",\"urlTemplate\":\"https:\/\/www.kela.health\/?s={search_term_string}\"},\"query-input\":\"required name=search_term_string\"}],\"inLanguage\":\"es-ES\"},{\"@type\":\"Organization\",\"@id\":\"https:\/\/www.kela.health\/#organization\",\"name\":\"Kela NV\",\"url\":\"https:\/\/www.kela.health\/\",\"logo\":{\"@type\":\"ImageObject\",\"inLanguage\":\"es-ES\",\"@id\":\"https:\/\/www.kela.health\/#\/schema\/logo\/image\/\",\"url\":\"https:\/\/www.kela.health\/wp-content\/uploads\/2018\/09\/Kela-Pos-RGB.jpg\",\"contentUrl\":\"https:\/\/www.kela.health\/wp-content\/uploads\/2018\/09\/Kela-Pos-RGB.jpg\",\"width\":1000,\"height\":490,\"caption\":\"Kela NV\"},\"image\":{\"@id\":\"https:\/\/www.kela.health\/#\/schema\/logo\/image\/\"},\"sameAs\":[\"https:\/\/www.facebook.com\/Kela.Hoogstraten\/\",\"https:\/\/www.linkedin.com\/company\/kela-laboratoria-n-v-\/\"]}]}<\/script>\n<!-- \/ Yoast SEO plugin. -->","yoast_head_json":{"title":"Qu\u00e9 nos diferencia? - Valor para los clientes - Kela Health","robots":{"index":"index","follow":"follow","max-snippet":"max-snippet:-1","max-image-preview":"max-image-preview:large","max-video-preview":"max-video-preview:-1"},"canonical":"https:\/\/www.kela.health\/es\/salud-animal\/valor-para-los-clientes\/que-nos-diferencia\/","og_locale":"es_ES","og_type":"article","og_title":"Qu\u00e9 nos diferencia? - Valor para los clientes - Kela Health","og_url":"https:\/\/www.kela.health\/es\/salud-animal\/valor-para-los-clientes\/que-nos-diferencia\/","og_site_name":"Kela Health","article_publisher":"https:\/\/www.facebook.com\/Kela.Hoogstraten\/","article_modified_time":"2020-01-31T14:40:25+00:00","og_image":[{"width":1200,"height":630,"url":"https:\/\/www.kela.health\/wp-content\/uploads\/2018\/11\/og_01.png","type":"image\/png"}],"twitter_card":"summary_large_image","twitter_misc":{"Est. reading time":"2 minutes"},"schema":{"@context":"https:\/\/schema.org","@graph":[{"@type":"WebPage","@id":"https:\/\/www.kela.health\/es\/salud-animal\/valor-para-los-clientes\/que-nos-diferencia\/","url":"https:\/\/www.kela.health\/es\/salud-animal\/valor-para-los-clientes\/que-nos-diferencia\/","name":"Qu\u00e9 nos diferencia? - Valor para los clientes - Kela Health","isPartOf":{"@id":"https:\/\/www.kela.health\/#website"},"datePublished":"2020-01-31T14:39:31+00:00","dateModified":"2020-01-31T14:40:25+00:00","breadcrumb":{"@id":"https:\/\/www.kela.health\/es\/salud-animal\/valor-para-los-clientes\/que-nos-diferencia\/#breadcrumb"},"inLanguage":"es-ES","potentialAction":[{"@type":"ReadAction","target":["https:\/\/www.kela.health\/es\/salud-animal\/valor-para-los-clientes\/que-nos-diferencia\/"]}]},{"@type":"BreadcrumbList","@id":"https:\/\/www.kela.health\/es\/salud-animal\/valor-para-los-clientes\/que-nos-diferencia\/#breadcrumb","itemListElement":[{"@type":"ListItem","position":1,"name":"Home","item":"https:\/\/www.kela.health\/es\/"},{"@type":"ListItem","position":2,"name":"Salud Animal","item":"https:\/\/www.kela.health\/es\/salud-animal\/"},{"@type":"ListItem","position":3,"name":"Valor para los clientes","item":"https:\/\/www.kela.health\/es\/salud-animal\/valor-para-los-clientes\/"},{"@type":"ListItem","position":4,"name":"Qu\u00e9 nos diferencia?"}]},{"@type":"WebSite","@id":"https:\/\/www.kela.health\/#website","url":"https:\/\/www.kela.health\/","name":"Kela Health","description":"Focus on health","publisher":{"@id":"https:\/\/www.kela.health\/#organization"},"potentialAction":[{"@type":"SearchAction","target":{"@type":"EntryPoint","urlTemplate":"https:\/\/www.kela.health\/?s={search_term_string}"},"query-input":"required name=search_term_string"}],"inLanguage":"es-ES"},{"@type":"Organization","@id":"https:\/\/www.kela.health\/#organization","name":"Kela NV","url":"https:\/\/www.kela.health\/","logo":{"@type":"ImageObject","inLanguage":"es-ES","@id":"https:\/\/www.kela.health\/#\/schema\/logo\/image\/","url":"https:\/\/www.kela.health\/wp-content\/uploads\/2018\/09\/Kela-Pos-RGB.jpg","contentUrl":"https:\/\/www.kela.health\/wp-content\/uploads\/2018\/09\/Kela-Pos-RGB.jpg","width":1000,"height":490,"caption":"Kela NV"},"image":{"@id":"https:\/\/www.kela.health\/#\/schema\/logo\/image\/"},"sameAs":["https:\/\/www.facebook.com\/Kela.Hoogstraten\/","https:\/\/www.linkedin.com\/company\/kela-laboratoria-n-v-\/"]}]}},"_links":{"self":[{"href":"https:\/\/www.kela.health\/es\/wp-json\/wp\/v2\/pages\/3011"}],"collection":[{"href":"https:\/\/www.kela.health\/es\/wp-json\/wp\/v2\/pages"}],"about":[{"href":"https:\/\/www.kela.health\/es\/wp-json\/wp\/v2\/types\/page"}],"author":[{"embeddable":true,"href":"https:\/\/www.kela.health\/es\/wp-json\/wp\/v2\/users\/3"}],"replies":[{"embeddable":true,"href":"https:\/\/www.kela.health\/es\/wp-json\/wp\/v2\/comments?post=3011"}],"version-history":[{"count":2,"href":"https:\/\/www.kela.health\/es\/wp-json\/wp\/v2\/pages\/3011\/revisions"}],"predecessor-version":[{"id":3013,"href":"https:\/\/www.kela.health\/es\/wp-json\/wp\/v2\/pages\/3011\/revisions\/3013"}],"up":[{"embeddable":true,"href":"https:\/\/www.kela.health\/es\/wp-json\/wp\/v2\/pages\/2994"}],"wp:attachment":[{"href":"https:\/\/www.kela.health\/es\/wp-json\/wp\/v2\/media?parent=3011"}],"curies":[{"name":"wp","href":"https:\/\/api.w.org\/{rel}","templated":true}]}}