{"id":3037,"date":"2020-01-31T16:04:47","date_gmt":"2020-01-31T15:04:47","guid":{"rendered":"https:\/\/www.kela.health\/?page_id=3037"},"modified":"2022-09-28T12:20:41","modified_gmt":"2022-09-28T10:20:41","slug":"kela-veterinaria","status":"publish","type":"page","link":"https:\/\/www.kela.health\/es\/salud-animal\/distribucion-propia\/kela-veterinaria\/","title":{"rendered":"Kela Veterinaria"},"content":{"rendered":"<section class=\"wpb-content-wrapper\"><p>[vc_row][vc_column][\/vc_column][\/vc_row][vc_section full_width=&#8221;stretch_row&#8221; content_placement=&#8221;top&#8221; el_id=&#8221;cat-landing-2&#8243; el_class=&#8221;cat-landing animal-landing&#8221;][vc_row][vc_column width=&#8221;3\/12&#8243;][vc_row_inner][vc_column_inner][vc_wp_custommenu nav_menu=&#8221;8&#8243; el_class=&#8221;sidebar-small&#8221;][\/vc_column_inner][\/vc_row_inner][\/vc_column][vc_column width=&#8221;1\/12&#8243;][\/vc_column][vc_column width=&#8221;6\/12&#8243;][vc_column_text el_class=&#8221;breadcrumb&#8221;]Salud Animal[\/vc_column_text][vc_column_text]<\/p>\n<h1><strong>Kela Veterinaria<\/strong><\/h1>\n<p>Nuestro negocio de distribuci\u00f3n belga se centra en llevar al mercado productos para animales de compa\u00f1\u00eda y ganado que brinden un valor agregado a los veterinarios. Nuestra filosof\u00eda empresarial se basa en proporcionar calidad, ganar confianza y garantizar la facilidad de servicio y la flexibilidad. Brindar productos de calidad que satisfagan las necesidades del mercado es nuestra prioridad. Tenemos toda la capacidad para garantizar que cada paso del proceso, desde la producci\u00f3n hasta la distribuci\u00f3n, se siga de acuerdo con estrictos est\u00e1ndares de calidad.<\/p>\n<p>Hacemos esfuerzos diarios para ganar la confianza de nuestros clientes, veterinarios o mayoristas. Con este fin, agrupamos todas las fuerzas para garantizar que los medicamentos siempre tengan una calidad constante. La confianza de nuestros clientes y socios comerciales tambi\u00e9n proviene de proporcionar un servicio confiable y ser flexible en nuestra ejecuci\u00f3n. Nuestro compromiso es garantizar una cartera b\u00e1sica s\u00f3lida que est\u00e9 f\u00e1cilmente disponible en el mercado. Es por eso que entregamos stock a nuestros socios mayoristas a diario. Permite a los veterinarios en todo momento acceder a los medicamentos necesarios con su mayorista de manera transparente y oportuna en todo el pa\u00eds. Nuestro equipo de representantes de ventas se compromete a compartir sus conocimientos con los veterinarios y brindar soporte t\u00e9cnico de productos cuando sea necesario.[\/vc_column_text][vc_column_text el_class=&#8221;location&#8221;]<\/p>\n<h4><strong><a href=\"https:\/\/www.google.com\/maps\/place\/Sint+Lenaartseweg+48,+2320+Hoogstraten\/@51.3866317,4.732999,17z\/data=!3m1!4b1!4m5!3m4!1s0x47c6a84fa707c81b:0x78989578c12a6e50!8m2!3d51.3866284!4d4.7351877\" class=\"image-link\"><img decoding=\"async\" loading=\"lazy\" class=\"alignnone size-thumbnail wp-image-4464\" src=\"https:\/\/www.kela.health\/wp-content\/uploads\/2021\/08\/Schermafbeelding-2021-08-27-173522-150x150.png\" alt=\"\" width=\"150\" height=\"150\" srcset=\"https:\/\/www.kela.health\/wp-content\/uploads\/2021\/08\/Schermafbeelding-2021-08-27-173522-150x150.png 150w, https:\/\/www.kela.health\/wp-content\/uploads\/2021\/08\/Schermafbeelding-2021-08-27-173522-400x399.png 400w, https:\/\/www.kela.health\/wp-content\/uploads\/2021\/08\/Schermafbeelding-2021-08-27-173522-308x308.png 308w, https:\/\/www.kela.health\/wp-content\/uploads\/2021\/08\/Schermafbeelding-2021-08-27-173522.png 676w\" sizes=\"(max-width: 150px) 100vw, 150px\" \/><\/a>Kela Veterinaria NV<\/strong><\/h4>\n<p><strong>Sede social<\/strong><br \/>\nSint Lenaartseweg 48<br \/>\n2320 Hoogstraten<br \/>\nRPR Antwerpen, dep. Turnhout<br \/>\nBelgium<\/p>\n<p>&nbsp;<\/p>\n<p>Tel: +32 (0)3 780 63 90<br \/>\nEmail: <a href=\"mailto:info.vet@kela.health\">info.vet@kela.health<\/a>[\/vc_column_text][vc_column_text el_class=&#8221;location&#8221;]<strong><span class=\"VIiyi\" lang=\"es\"><span class=\"JLqJ4b ChMk0b\" data-language-for-alternatives=\"es\" data-language-to-translate-into=\"nl\" data-phrase-index=\"2\"><a href=\"https:\/\/goo.gl\/maps\/u87pZSXc8BwdaHsi7\" class=\"image-link\"><img decoding=\"async\" loading=\"lazy\" class=\"alignnone size-thumbnail wp-image-4473\" src=\"https:\/\/www.kela.health\/wp-content\/uploads\/2021\/08\/Schermafbeelding-2021-08-27-174017-150x150.png\" alt=\"\" width=\"150\" height=\"150\" \/><\/a><\/span><\/span><\/strong><\/p>\n<p><strong><span class=\"VIiyi\" lang=\"es\"><span class=\"JLqJ4b ChMk0b\" data-language-for-alternatives=\"es\" data-language-to-translate-into=\"nl\" data-phrase-index=\"2\">Direcci\u00f3n comercial<\/span><\/span><\/strong><br \/>\nNieuwe Steenweg 62<br \/>\n9140 Elversele<br \/>\nBelgium<\/p>\n<p>&nbsp;<\/p>\n<p>Tel: +32 (0)3 780 63 90<br \/>\nEmail: <a href=\"mailto:info.vet@kela.health\">info.vet@kela.health<\/a>[\/vc_column_text][\/vc_column][vc_column width=&#8221;2\/12&#8243;][\/vc_column][\/vc_row][\/vc_section][vc_row][vc_column]<div class=\"templatera_shortcode\"><div class=\"vc_row wpb_row vc_row-fluid\"><div class=\"wpb_column vc_column_container vc_col-sm-4\"><div class=\"vc_column-inner\"><div class=\"wpb_wrapper\">\n\t<div class=\"wpb_text_column wpb_content_element  vc_custom_1581501694398 box box-contact\" >\n\t\t<div class=\"wpb_wrapper\">\n\t\t\t<p><img class=\"alignnone size-thumbnail wp-image-2007\" src=\"https:\/\/www.kela.health\/wp-content\/uploads\/2018\/11\/chat-bubble.svg\" alt=\"\" width=\"30\" height=\"26\" \/><\/p>\n<h5>Salud Animal<\/h5>\n<h6>Cont\u00e1ctenos para mayor informaci\u00f3n<\/h6>\n<p>+32 (0)3 340 04 11<br \/>\n<a href=\"mailto:info@kela.health\">info@kela.health<\/a><\/p>\n<p><a class=\"blue-button\" href=\"https:\/\/www.kela.health\/es\/salud-animal\/contacto\/\">Contacto Kela<\/a><\/p>\n\n\t\t<\/div>\n\t<\/div>\n<\/div><\/div><\/div><div class=\"wpb_column vc_column_container vc_col-sm-4\"><div class=\"vc_column-inner\"><div class=\"wpb_wrapper\">\n\t<div class=\"wpb_text_column wpb_content_element  box box-kela\" >\n\t\t<div class=\"wpb_wrapper\">\n\t\t\t<h5><strong>Qu\u00e9 nos hace diferentes?<\/strong><\/h5>\n<h6>Nuestra experiencia inigualable<\/h6>\n<h6>El background de nuestra gente<\/h6>\n<h6>El valor en lo que hacemos<\/h6>\n<p><a class=\"blue-button\" href=\"https:\/\/www.kela.health\/es\/salud-animal\/valor-para-los-clientes\/que-nos-diferencia\/\">Saber mas<\/a><\/p>\n\n\t\t<\/div>\n\t<\/div>\n<\/div><\/div><\/div><div class=\"wpb_column vc_column_container vc_col-sm-4\"><div class=\"vc_column-inner\"><div class=\"wpb_wrapper\">\n\t<div class=\"wpb_text_column wpb_content_element  box box-productfinder\" >\n\t\t<div class=\"wpb_wrapper\">\n\t\t\t<p><img class=\"alignnone size-thumbnail wp-image-2001\" src=\"https:\/\/www.kela.health\/wp-content\/uploads\/2018\/11\/search.svg\" alt=\"\" width=\"20\" height=\"20\" \/><\/p>\n<h5>Buscador de productos<\/h5>\n<h6>Vea productos en su regi\u00f3n<\/h6>\n<p>Nuestra cartera cubre una amplia gama de productos de salud animal.<\/p>\n<p><a class=\"blue-button\" href=\"http:\/\/products.kela.health\">Vea productos<\/a><\/p>\n\n\t\t<\/div>\n\t<\/div>\n<\/div><\/div><\/div><\/div><\/div>[\/vc_column][\/vc_row]<\/p>\n<\/section>","protected":false},"excerpt":{"rendered":"Salud Animal Cont\u00e1ctenos para mayor informaci\u00f3n +32 (0)3 340 04 11 info@kela.health Contacto Kela Qu\u00e9 nos hace diferentes? Nuestra experiencia inigualable El background de nuestra gente El valor en lo que hacemos Saber mas Buscador de productos Vea productos en su regi\u00f3n Nuestra cartera cubre una amplia gama de productos de salud animal. Vea productos","protected":false},"author":3,"featured_media":0,"parent":3035,"menu_order":1,"comment_status":"closed","ping_status":"closed","template":"","meta":{"inline_featured_image":false},"acf":[],"yoast_head":"<!-- This site is optimized with the Yoast SEO plugin v20.8 - https:\/\/yoast.com\/wordpress\/plugins\/seo\/ -->\n<title>Kela Veterinaria - Distribuci\u00f3n propia - Kela Health<\/title>\n<meta name=\"robots\" content=\"index, follow, max-snippet:-1, max-image-preview:large, max-video-preview:-1\" \/>\n<link rel=\"canonical\" href=\"https:\/\/www.kela.health\/animal-health\/distribution\/belgium\/\" \/>\n<meta property=\"og:locale\" content=\"es_ES\" \/>\n<meta property=\"og:type\" content=\"article\" \/>\n<meta property=\"og:title\" content=\"Kela Veterinaria - Distribuci\u00f3n propia - Kela Health\" \/>\n<meta property=\"og:url\" content=\"https:\/\/www.kela.health\/animal-health\/distribution\/belgium\/\" \/>\n<meta property=\"og:site_name\" content=\"Kela Health\" \/>\n<meta property=\"article:publisher\" content=\"https:\/\/www.facebook.com\/Kela.Hoogstraten\/\" \/>\n<meta property=\"article:modified_time\" content=\"2022-09-28T10:20:41+00:00\" \/>\n<meta property=\"og:image\" content=\"https:\/\/www.kela.health\/wp-content\/uploads\/2021\/08\/Schermafbeelding-2021-08-27-173522-150x150.png\" \/>\n<meta name=\"twitter:card\" content=\"summary_large_image\" \/>\n<meta name=\"twitter:label1\" content=\"Est. reading time\" \/>\n\t<meta name=\"twitter:data1\" content=\"2 minutes\" \/>\n<script type=\"application\/ld+json\" class=\"yoast-schema-graph\">{\"@context\":\"https:\/\/schema.org\",\"@graph\":[{\"@type\":\"WebPage\",\"@id\":\"https:\/\/www.kela.health\/animal-health\/distribution\/belgium\/\",\"url\":\"https:\/\/www.kela.health\/animal-health\/distribution\/belgium\/\",\"name\":\"Kela Veterinaria - Distribuci\u00f3n propia - Kela Health\",\"isPartOf\":{\"@id\":\"https:\/\/www.kela.health\/#website\"},\"datePublished\":\"2020-01-31T15:04:47+00:00\",\"dateModified\":\"2022-09-28T10:20:41+00:00\",\"breadcrumb\":{\"@id\":\"https:\/\/www.kela.health\/animal-health\/distribution\/belgium\/#breadcrumb\"},\"inLanguage\":\"es-ES\",\"potentialAction\":[{\"@type\":\"ReadAction\",\"target\":[\"https:\/\/www.kela.health\/animal-health\/distribution\/belgium\/\"]}]},{\"@type\":\"BreadcrumbList\",\"@id\":\"https:\/\/www.kela.health\/animal-health\/distribution\/belgium\/#breadcrumb\",\"itemListElement\":[{\"@type\":\"ListItem\",\"position\":1,\"name\":\"Home\",\"item\":\"https:\/\/www.kela.health\/es\/\"},{\"@type\":\"ListItem\",\"position\":2,\"name\":\"Salud Animal\",\"item\":\"https:\/\/www.kela.health\/es\/salud-animal\/\"},{\"@type\":\"ListItem\",\"position\":3,\"name\":\"Distribuci\u00f3n propia\",\"item\":\"https:\/\/www.kela.health\/es\/salud-animal\/distribucion-propia\/\"},{\"@type\":\"ListItem\",\"position\":4,\"name\":\"Kela Veterinaria\"}]},{\"@type\":\"WebSite\",\"@id\":\"https:\/\/www.kela.health\/#website\",\"url\":\"https:\/\/www.kela.health\/\",\"name\":\"Kela Health\",\"description\":\"Focus on health\",\"publisher\":{\"@id\":\"https:\/\/www.kela.health\/#organization\"},\"potentialAction\":[{\"@type\":\"SearchAction\",\"target\":{\"@type\":\"EntryPoint\",\"urlTemplate\":\"https:\/\/www.kela.health\/?s={search_term_string}\"},\"query-input\":\"required name=search_term_string\"}],\"inLanguage\":\"es-ES\"},{\"@type\":\"Organization\",\"@id\":\"https:\/\/www.kela.health\/#organization\",\"name\":\"Kela NV\",\"url\":\"https:\/\/www.kela.health\/\",\"logo\":{\"@type\":\"ImageObject\",\"inLanguage\":\"es-ES\",\"@id\":\"https:\/\/www.kela.health\/#\/schema\/logo\/image\/\",\"url\":\"https:\/\/www.kela.health\/wp-content\/uploads\/2018\/09\/Kela-Pos-RGB.jpg\",\"contentUrl\":\"https:\/\/www.kela.health\/wp-content\/uploads\/2018\/09\/Kela-Pos-RGB.jpg\",\"width\":1000,\"height\":490,\"caption\":\"Kela NV\"},\"image\":{\"@id\":\"https:\/\/www.kela.health\/#\/schema\/logo\/image\/\"},\"sameAs\":[\"https:\/\/www.facebook.com\/Kela.Hoogstraten\/\",\"https:\/\/www.linkedin.com\/company\/kela-laboratoria-n-v-\/\"]}]}<\/script>\n<!-- \/ Yoast SEO plugin. -->","yoast_head_json":{"title":"Kela Veterinaria - Distribuci\u00f3n propia - Kela Health","robots":{"index":"index","follow":"follow","max-snippet":"max-snippet:-1","max-image-preview":"max-image-preview:large","max-video-preview":"max-video-preview:-1"},"canonical":"https:\/\/www.kela.health\/animal-health\/distribution\/belgium\/","og_locale":"es_ES","og_type":"article","og_title":"Kela Veterinaria - Distribuci\u00f3n propia - Kela Health","og_url":"https:\/\/www.kela.health\/animal-health\/distribution\/belgium\/","og_site_name":"Kela Health","article_publisher":"https:\/\/www.facebook.com\/Kela.Hoogstraten\/","article_modified_time":"2022-09-28T10:20:41+00:00","og_image":[{"url":"https:\/\/www.kela.health\/wp-content\/uploads\/2021\/08\/Schermafbeelding-2021-08-27-173522-150x150.png"}],"twitter_card":"summary_large_image","twitter_misc":{"Est. reading time":"2 minutes"},"schema":{"@context":"https:\/\/schema.org","@graph":[{"@type":"WebPage","@id":"https:\/\/www.kela.health\/animal-health\/distribution\/belgium\/","url":"https:\/\/www.kela.health\/animal-health\/distribution\/belgium\/","name":"Kela Veterinaria - Distribuci\u00f3n propia - Kela Health","isPartOf":{"@id":"https:\/\/www.kela.health\/#website"},"datePublished":"2020-01-31T15:04:47+00:00","dateModified":"2022-09-28T10:20:41+00:00","breadcrumb":{"@id":"https:\/\/www.kela.health\/animal-health\/distribution\/belgium\/#breadcrumb"},"inLanguage":"es-ES","potentialAction":[{"@type":"ReadAction","target":["https:\/\/www.kela.health\/animal-health\/distribution\/belgium\/"]}]},{"@type":"BreadcrumbList","@id":"https:\/\/www.kela.health\/animal-health\/distribution\/belgium\/#breadcrumb","itemListElement":[{"@type":"ListItem","position":1,"name":"Home","item":"https:\/\/www.kela.health\/es\/"},{"@type":"ListItem","position":2,"name":"Salud Animal","item":"https:\/\/www.kela.health\/es\/salud-animal\/"},{"@type":"ListItem","position":3,"name":"Distribuci\u00f3n propia","item":"https:\/\/www.kela.health\/es\/salud-animal\/distribucion-propia\/"},{"@type":"ListItem","position":4,"name":"Kela Veterinaria"}]},{"@type":"WebSite","@id":"https:\/\/www.kela.health\/#website","url":"https:\/\/www.kela.health\/","name":"Kela Health","description":"Focus on health","publisher":{"@id":"https:\/\/www.kela.health\/#organization"},"potentialAction":[{"@type":"SearchAction","target":{"@type":"EntryPoint","urlTemplate":"https:\/\/www.kela.health\/?s={search_term_string}"},"query-input":"required name=search_term_string"}],"inLanguage":"es-ES"},{"@type":"Organization","@id":"https:\/\/www.kela.health\/#organization","name":"Kela NV","url":"https:\/\/www.kela.health\/","logo":{"@type":"ImageObject","inLanguage":"es-ES","@id":"https:\/\/www.kela.health\/#\/schema\/logo\/image\/","url":"https:\/\/www.kela.health\/wp-content\/uploads\/2018\/09\/Kela-Pos-RGB.jpg","contentUrl":"https:\/\/www.kela.health\/wp-content\/uploads\/2018\/09\/Kela-Pos-RGB.jpg","width":1000,"height":490,"caption":"Kela NV"},"image":{"@id":"https:\/\/www.kela.health\/#\/schema\/logo\/image\/"},"sameAs":["https:\/\/www.facebook.com\/Kela.Hoogstraten\/","https:\/\/www.linkedin.com\/company\/kela-laboratoria-n-v-\/"]}]}},"_links":{"self":[{"href":"https:\/\/www.kela.health\/es\/wp-json\/wp\/v2\/pages\/3037"}],"collection":[{"href":"https:\/\/www.kela.health\/es\/wp-json\/wp\/v2\/pages"}],"about":[{"href":"https:\/\/www.kela.health\/es\/wp-json\/wp\/v2\/types\/page"}],"author":[{"embeddable":true,"href":"https:\/\/www.kela.health\/es\/wp-json\/wp\/v2\/users\/3"}],"replies":[{"embeddable":true,"href":"https:\/\/www.kela.health\/es\/wp-json\/wp\/v2\/comments?post=3037"}],"version-history":[{"count":2,"href":"https:\/\/www.kela.health\/es\/wp-json\/wp\/v2\/pages\/3037\/revisions"}],"predecessor-version":[{"id":5051,"href":"https:\/\/www.kela.health\/es\/wp-json\/wp\/v2\/pages\/3037\/revisions\/5051"}],"up":[{"embeddable":true,"href":"https:\/\/www.kela.health\/es\/wp-json\/wp\/v2\/pages\/3035"}],"wp:attachment":[{"href":"https:\/\/www.kela.health\/es\/wp-json\/wp\/v2\/media?parent=3037"}],"curies":[{"name":"wp","href":"https:\/\/api.w.org\/{rel}","templated":true}]}}