{"id":3041,"date":"2020-01-31T16:08:38","date_gmt":"2020-01-31T15:08:38","guid":{"rendered":"https:\/\/www.kela.health\/?page_id=3041"},"modified":"2020-01-31T16:09:52","modified_gmt":"2020-01-31T15:09:52","slug":"kela-de-las-americas","status":"publish","type":"page","link":"https:\/\/www.kela.health\/es\/salud-animal\/distribucion-propia\/kela-de-las-americas\/","title":{"rendered":"Kela de las Am\u00e9ricas"},"content":{"rendered":"<section class=\"wpb-content-wrapper\"><p>[vc_row][vc_column][\/vc_column][\/vc_row][vc_section full_width=&#8221;stretch_row&#8221; content_placement=&#8221;top&#8221; el_id=&#8221;cat-landing-2&#8243; el_class=&#8221;cat-landing animal-landing&#8221;][vc_row][vc_column width=&#8221;3\/12&#8243;][vc_row_inner][vc_column_inner][vc_wp_custommenu nav_menu=&#8221;8&#8243; el_class=&#8221;sidebar-small&#8221;][\/vc_column_inner][\/vc_row_inner][\/vc_column][vc_column width=&#8221;1\/12&#8243;][\/vc_column][vc_column width=&#8221;6\/12&#8243;][vc_column_text el_class=&#8221;breadcrumb&#8221;]Salud Animal[\/vc_column_text][vc_column_text]<\/p>\n<h1>Kela de las Am\u00e9ricas<\/h1>\n<p>Kela De Las Am\u00e9ricas tiene su sede en Guadalajara (Jalisco) desde 2013. Nuestra estrategia en M\u00e9xico se centra en entregar productos farmac\u00e9uticos inyectables, principalmente al sector de la producci\u00f3n de carne de res, pero tambi\u00e9n a las empresas de ganado lechero. El mercado mexicano es importante para Kela, ya que M\u00e9xico es el octavo pa\u00eds productor de carne en el mundo. Trabajamos con distribuidores en todo el pa\u00eds y el objetivo de Kela de las Am\u00e9ricas es expandirnos a\u00fan m\u00e1s a nivel local. En ese sentido, participamos regularmente en eventos locales para aumentar nuestra visibilidad y conocimiento de la marca.<\/p>\n<p>Nuestros clientes en M\u00e9xico son distribuidores que entregan productos farmac\u00e9uticos a granjas familiares, as\u00ed como a grandes grupos integrados. Si bien tenemos alrededor de 40 registros en nuestra cartera, suministramos principalmente antibi\u00f3ticos inyectables y multivitaminas, un producto antiparasitario y dos productos antiinflamatorios. Defendemos la importancia de las pruebas locales y realizamos regularmente ensayos de campo. Tenemos una alianza con la Universidad de Guadalajara para realizar pruebas locales y mantenemos una buena relaci\u00f3n con la Asociaci\u00f3n de M\u00e9dicos Veterinarios Zootecnistas Especialistas en Bovinos del Estado de Veracruz, quienes tambi\u00e9n nos ayudan con las pruebas locales.<\/p>\n<p>Nuestro objetivo es convertirnos en un jugador reconocido y respetado en el segmento de antibi\u00f3ticos inyectables y multivitaminas para el ganado en el mercado mexicano. Nuestro equipo de ventas en el terreno apoya la promoci\u00f3n de nuestros productos con distribuidores locales. Participar en el mercado mexicano ofrece una experiencia valiosa sobre c\u00f3mo ganar credibilidad local como organizaci\u00f3n europea. KELA aspira a ser la referencia en el campo del uso responsable y eficiente de antibi\u00f3ticos, en beneficio de las granjas familiares y los grupos integrados.[\/vc_column_text][vc_column_text el_class=&#8221;location&#8221;]<img decoding=\"async\" loading=\"lazy\" class=\"alignnone wp-image-2064 size-thumbnail\" src=\"https:\/\/www.kela.health\/wp-content\/uploads\/2018\/11\/kela-mex-150x150.png\" alt=\"\" width=\"150\" height=\"150\" srcset=\"https:\/\/www.kela.health\/wp-content\/uploads\/2018\/11\/kela-mex-150x150.png 150w, https:\/\/www.kela.health\/wp-content\/uploads\/2018\/11\/kela-mex.png 402w\" sizes=\"(max-width: 150px) 100vw, 150px\" \/><\/p>\n<h4><strong>KELA DE LAS AM\u00c9RICAS SA DE CV <\/strong><\/h4>\n<p>Samos 845<br \/>\nSenderos del Valle<br \/>\nTlajomulco De Z\u00fa\u00f1iga<br \/>\nJalisco 45654<br \/>\nTel: +52 33 3121 6145<br \/>\n<a href=\"mailto:info@kela.mx\">info@kela.mx<\/a>[\/vc_column_text][vc_gmaps link=&#8221;#E-8_JTNDaWZyYW1lJTIwc3JjJTNEJTIyaHR0cHMlM0ElMkYlMkZ3d3cuZ29vZ2xlLmNvbSUyRm1hcHMlMkZlbWJlZCUzRnBiJTNEJTIxMW0xOCUyMTFtMTIlMjExbTMlMjExZDE4NjguMDM5MzA5NjY4MzA1MSUyMTJkLTEwMy4zNTgzNzQ4MjQwNDMyMiUyMTNkMjAuNTQzOTYzOTA4MTc5Mjg2JTIxMm0zJTIxMWYwJTIxMmYwJTIxM2YwJTIxM20yJTIxMWkxMDI0JTIxMmk3NjglMjE0ZjEzLjElMjEzbTMlMjExbTIlMjExczB4ODQyZjRkNjFiZjdkMzcyYiUyNTNBMHg3MmZiZWViNDA4NDhiOGQ3JTIxMnNLZWxhJTJCZGUlMkJsYXMlMkJhbWVyaWNhcyUyMTVlMCUyMTNtMiUyMTFzZW4lMjEyc2JlJTIxNHYxNTM4NTU1MTg4MjcxJTIyJTIwd2lkdGglM0QlMjI2MDAlMjIlMjBoZWlnaHQlM0QlMjI0NTAlMjIlMjBmcmFtZWJvcmRlciUzRCUyMjAlMjIlMjBzdHlsZSUzRCUyMmJvcmRlciUzQTAlMjIlMjBhbGxvd2Z1bGxzY3JlZW4lM0UlM0MlMkZpZnJhbWUlM0U=&#8221;][\/vc_column][vc_column width=&#8221;2\/12&#8243;][\/vc_column][\/vc_row][\/vc_section][vc_row][vc_column]<div class=\"templatera_shortcode\"><div class=\"vc_row wpb_row vc_row-fluid\"><div class=\"wpb_column vc_column_container vc_col-sm-4\"><div class=\"vc_column-inner\"><div class=\"wpb_wrapper\">\n\t<div class=\"wpb_text_column wpb_content_element  vc_custom_1581501694398 box box-contact\" >\n\t\t<div class=\"wpb_wrapper\">\n\t\t\t<p><img class=\"alignnone size-thumbnail wp-image-2007\" src=\"https:\/\/www.kela.health\/wp-content\/uploads\/2018\/11\/chat-bubble.svg\" alt=\"\" width=\"30\" height=\"26\" \/><\/p>\n<h5>Salud Animal<\/h5>\n<h6>Cont\u00e1ctenos para mayor informaci\u00f3n<\/h6>\n<p>+32 (0)3 340 04 11<br \/>\n<a href=\"mailto:info@kela.health\">info@kela.health<\/a><\/p>\n<p><a class=\"blue-button\" href=\"https:\/\/www.kela.health\/es\/salud-animal\/contacto\/\">Contacto Kela<\/a><\/p>\n\n\t\t<\/div>\n\t<\/div>\n<\/div><\/div><\/div><div class=\"wpb_column vc_column_container vc_col-sm-4\"><div class=\"vc_column-inner\"><div class=\"wpb_wrapper\">\n\t<div class=\"wpb_text_column wpb_content_element  box box-kela\" >\n\t\t<div class=\"wpb_wrapper\">\n\t\t\t<h5><strong>Qu\u00e9 nos hace diferentes?<\/strong><\/h5>\n<h6>Nuestra experiencia inigualable<\/h6>\n<h6>El background de nuestra gente<\/h6>\n<h6>El valor en lo que hacemos<\/h6>\n<p><a class=\"blue-button\" href=\"https:\/\/www.kela.health\/es\/salud-animal\/valor-para-los-clientes\/que-nos-diferencia\/\">Saber mas<\/a><\/p>\n\n\t\t<\/div>\n\t<\/div>\n<\/div><\/div><\/div><div class=\"wpb_column vc_column_container vc_col-sm-4\"><div class=\"vc_column-inner\"><div class=\"wpb_wrapper\">\n\t<div class=\"wpb_text_column wpb_content_element  box box-productfinder\" >\n\t\t<div class=\"wpb_wrapper\">\n\t\t\t<p><img class=\"alignnone size-thumbnail wp-image-2001\" src=\"https:\/\/www.kela.health\/wp-content\/uploads\/2018\/11\/search.svg\" alt=\"\" width=\"20\" height=\"20\" \/><\/p>\n<h5>Buscador de productos<\/h5>\n<h6>Vea productos en su regi\u00f3n<\/h6>\n<p>Nuestra cartera cubre una amplia gama de productos de salud animal.<\/p>\n<p><a class=\"blue-button\" href=\"http:\/\/products.kela.health\">Vea productos<\/a><\/p>\n\n\t\t<\/div>\n\t<\/div>\n<\/div><\/div><\/div><\/div><\/div>[\/vc_column][\/vc_row]<\/p>\n<\/section>","protected":false},"excerpt":{"rendered":"Salud Animal Cont\u00e1ctenos para mayor informaci\u00f3n +32 (0)3 340 04 11 info@kela.health Contacto Kela Qu\u00e9 nos hace diferentes? Nuestra experiencia inigualable El background de nuestra gente El valor en lo que hacemos Saber mas Buscador de productos Vea productos en su regi\u00f3n Nuestra cartera cubre una amplia gama de productos de salud animal. Vea productos","protected":false},"author":3,"featured_media":0,"parent":3035,"menu_order":2,"comment_status":"closed","ping_status":"closed","template":"","meta":{"inline_featured_image":false},"acf":[],"yoast_head":"<!-- This site is optimized with the Yoast SEO plugin v20.8 - https:\/\/yoast.com\/wordpress\/plugins\/seo\/ -->\n<title>Kela de las Am\u00e9ricas - Distribuci\u00f3n propia - Kela Health<\/title>\n<meta name=\"robots\" content=\"index, follow, max-snippet:-1, max-image-preview:large, max-video-preview:-1\" \/>\n<link rel=\"canonical\" href=\"https:\/\/www.kela.health\/es\/salud-animal\/distribucion-propia\/kela-de-las-americas\/\" \/>\n<meta property=\"og:locale\" content=\"es_ES\" \/>\n<meta property=\"og:type\" content=\"article\" \/>\n<meta property=\"og:title\" content=\"Kela de las Am\u00e9ricas - Distribuci\u00f3n propia - Kela Health\" \/>\n<meta property=\"og:url\" content=\"https:\/\/www.kela.health\/es\/salud-animal\/distribucion-propia\/kela-de-las-americas\/\" \/>\n<meta property=\"og:site_name\" content=\"Kela Health\" \/>\n<meta property=\"article:publisher\" content=\"https:\/\/www.facebook.com\/Kela.Hoogstraten\/\" \/>\n<meta property=\"article:modified_time\" content=\"2020-01-31T15:09:52+00:00\" \/>\n<meta property=\"og:image\" content=\"https:\/\/www.kela.health\/wp-content\/uploads\/2018\/11\/kela-mex-150x150.png\" \/>\n<meta name=\"twitter:card\" content=\"summary_large_image\" \/>\n<meta name=\"twitter:label1\" content=\"Est. reading time\" \/>\n\t<meta name=\"twitter:data1\" content=\"2 minutes\" \/>\n<script type=\"application\/ld+json\" class=\"yoast-schema-graph\">{\"@context\":\"https:\/\/schema.org\",\"@graph\":[{\"@type\":\"WebPage\",\"@id\":\"https:\/\/www.kela.health\/es\/salud-animal\/distribucion-propia\/kela-de-las-americas\/\",\"url\":\"https:\/\/www.kela.health\/es\/salud-animal\/distribucion-propia\/kela-de-las-americas\/\",\"name\":\"Kela de las Am\u00e9ricas - Distribuci\u00f3n propia - Kela Health\",\"isPartOf\":{\"@id\":\"https:\/\/www.kela.health\/#website\"},\"datePublished\":\"2020-01-31T15:08:38+00:00\",\"dateModified\":\"2020-01-31T15:09:52+00:00\",\"breadcrumb\":{\"@id\":\"https:\/\/www.kela.health\/es\/salud-animal\/distribucion-propia\/kela-de-las-americas\/#breadcrumb\"},\"inLanguage\":\"es-ES\",\"potentialAction\":[{\"@type\":\"ReadAction\",\"target\":[\"https:\/\/www.kela.health\/es\/salud-animal\/distribucion-propia\/kela-de-las-americas\/\"]}]},{\"@type\":\"BreadcrumbList\",\"@id\":\"https:\/\/www.kela.health\/es\/salud-animal\/distribucion-propia\/kela-de-las-americas\/#breadcrumb\",\"itemListElement\":[{\"@type\":\"ListItem\",\"position\":1,\"name\":\"Home\",\"item\":\"https:\/\/www.kela.health\/es\/\"},{\"@type\":\"ListItem\",\"position\":2,\"name\":\"Salud Animal\",\"item\":\"https:\/\/www.kela.health\/es\/salud-animal\/\"},{\"@type\":\"ListItem\",\"position\":3,\"name\":\"Distribuci\u00f3n propia\",\"item\":\"https:\/\/www.kela.health\/es\/salud-animal\/distribucion-propia\/\"},{\"@type\":\"ListItem\",\"position\":4,\"name\":\"Kela de las Am\u00e9ricas\"}]},{\"@type\":\"WebSite\",\"@id\":\"https:\/\/www.kela.health\/#website\",\"url\":\"https:\/\/www.kela.health\/\",\"name\":\"Kela Health\",\"description\":\"Focus on health\",\"publisher\":{\"@id\":\"https:\/\/www.kela.health\/#organization\"},\"potentialAction\":[{\"@type\":\"SearchAction\",\"target\":{\"@type\":\"EntryPoint\",\"urlTemplate\":\"https:\/\/www.kela.health\/?s={search_term_string}\"},\"query-input\":\"required name=search_term_string\"}],\"inLanguage\":\"es-ES\"},{\"@type\":\"Organization\",\"@id\":\"https:\/\/www.kela.health\/#organization\",\"name\":\"Kela NV\",\"url\":\"https:\/\/www.kela.health\/\",\"logo\":{\"@type\":\"ImageObject\",\"inLanguage\":\"es-ES\",\"@id\":\"https:\/\/www.kela.health\/#\/schema\/logo\/image\/\",\"url\":\"https:\/\/www.kela.health\/wp-content\/uploads\/2018\/09\/Kela-Pos-RGB.jpg\",\"contentUrl\":\"https:\/\/www.kela.health\/wp-content\/uploads\/2018\/09\/Kela-Pos-RGB.jpg\",\"width\":1000,\"height\":490,\"caption\":\"Kela NV\"},\"image\":{\"@id\":\"https:\/\/www.kela.health\/#\/schema\/logo\/image\/\"},\"sameAs\":[\"https:\/\/www.facebook.com\/Kela.Hoogstraten\/\",\"https:\/\/www.linkedin.com\/company\/kela-laboratoria-n-v-\/\"]}]}<\/script>\n<!-- \/ Yoast SEO plugin. -->","yoast_head_json":{"title":"Kela de las Am\u00e9ricas - Distribuci\u00f3n propia - Kela Health","robots":{"index":"index","follow":"follow","max-snippet":"max-snippet:-1","max-image-preview":"max-image-preview:large","max-video-preview":"max-video-preview:-1"},"canonical":"https:\/\/www.kela.health\/es\/salud-animal\/distribucion-propia\/kela-de-las-americas\/","og_locale":"es_ES","og_type":"article","og_title":"Kela de las Am\u00e9ricas - Distribuci\u00f3n propia - Kela Health","og_url":"https:\/\/www.kela.health\/es\/salud-animal\/distribucion-propia\/kela-de-las-americas\/","og_site_name":"Kela Health","article_publisher":"https:\/\/www.facebook.com\/Kela.Hoogstraten\/","article_modified_time":"2020-01-31T15:09:52+00:00","og_image":[{"url":"https:\/\/www.kela.health\/wp-content\/uploads\/2018\/11\/kela-mex-150x150.png"}],"twitter_card":"summary_large_image","twitter_misc":{"Est. reading time":"2 minutes"},"schema":{"@context":"https:\/\/schema.org","@graph":[{"@type":"WebPage","@id":"https:\/\/www.kela.health\/es\/salud-animal\/distribucion-propia\/kela-de-las-americas\/","url":"https:\/\/www.kela.health\/es\/salud-animal\/distribucion-propia\/kela-de-las-americas\/","name":"Kela de las Am\u00e9ricas - Distribuci\u00f3n propia - Kela Health","isPartOf":{"@id":"https:\/\/www.kela.health\/#website"},"datePublished":"2020-01-31T15:08:38+00:00","dateModified":"2020-01-31T15:09:52+00:00","breadcrumb":{"@id":"https:\/\/www.kela.health\/es\/salud-animal\/distribucion-propia\/kela-de-las-americas\/#breadcrumb"},"inLanguage":"es-ES","potentialAction":[{"@type":"ReadAction","target":["https:\/\/www.kela.health\/es\/salud-animal\/distribucion-propia\/kela-de-las-americas\/"]}]},{"@type":"BreadcrumbList","@id":"https:\/\/www.kela.health\/es\/salud-animal\/distribucion-propia\/kela-de-las-americas\/#breadcrumb","itemListElement":[{"@type":"ListItem","position":1,"name":"Home","item":"https:\/\/www.kela.health\/es\/"},{"@type":"ListItem","position":2,"name":"Salud Animal","item":"https:\/\/www.kela.health\/es\/salud-animal\/"},{"@type":"ListItem","position":3,"name":"Distribuci\u00f3n propia","item":"https:\/\/www.kela.health\/es\/salud-animal\/distribucion-propia\/"},{"@type":"ListItem","position":4,"name":"Kela de las Am\u00e9ricas"}]},{"@type":"WebSite","@id":"https:\/\/www.kela.health\/#website","url":"https:\/\/www.kela.health\/","name":"Kela Health","description":"Focus on health","publisher":{"@id":"https:\/\/www.kela.health\/#organization"},"potentialAction":[{"@type":"SearchAction","target":{"@type":"EntryPoint","urlTemplate":"https:\/\/www.kela.health\/?s={search_term_string}"},"query-input":"required name=search_term_string"}],"inLanguage":"es-ES"},{"@type":"Organization","@id":"https:\/\/www.kela.health\/#organization","name":"Kela NV","url":"https:\/\/www.kela.health\/","logo":{"@type":"ImageObject","inLanguage":"es-ES","@id":"https:\/\/www.kela.health\/#\/schema\/logo\/image\/","url":"https:\/\/www.kela.health\/wp-content\/uploads\/2018\/09\/Kela-Pos-RGB.jpg","contentUrl":"https:\/\/www.kela.health\/wp-content\/uploads\/2018\/09\/Kela-Pos-RGB.jpg","width":1000,"height":490,"caption":"Kela NV"},"image":{"@id":"https:\/\/www.kela.health\/#\/schema\/logo\/image\/"},"sameAs":["https:\/\/www.facebook.com\/Kela.Hoogstraten\/","https:\/\/www.linkedin.com\/company\/kela-laboratoria-n-v-\/"]}]}},"_links":{"self":[{"href":"https:\/\/www.kela.health\/es\/wp-json\/wp\/v2\/pages\/3041"}],"collection":[{"href":"https:\/\/www.kela.health\/es\/wp-json\/wp\/v2\/pages"}],"about":[{"href":"https:\/\/www.kela.health\/es\/wp-json\/wp\/v2\/types\/page"}],"author":[{"embeddable":true,"href":"https:\/\/www.kela.health\/es\/wp-json\/wp\/v2\/users\/3"}],"replies":[{"embeddable":true,"href":"https:\/\/www.kela.health\/es\/wp-json\/wp\/v2\/comments?post=3041"}],"version-history":[{"count":2,"href":"https:\/\/www.kela.health\/es\/wp-json\/wp\/v2\/pages\/3041\/revisions"}],"predecessor-version":[{"id":3043,"href":"https:\/\/www.kela.health\/es\/wp-json\/wp\/v2\/pages\/3041\/revisions\/3043"}],"up":[{"embeddable":true,"href":"https:\/\/www.kela.health\/es\/wp-json\/wp\/v2\/pages\/3035"}],"wp:attachment":[{"href":"https:\/\/www.kela.health\/es\/wp-json\/wp\/v2\/media?parent=3041"}],"curies":[{"name":"wp","href":"https:\/\/api.w.org\/{rel}","templated":true}]}}