{"id":3052,"date":"2020-01-31T16:12:59","date_gmt":"2020-01-31T15:12:59","guid":{"rendered":"https:\/\/www.kela.health\/?page_id=3052"},"modified":"2020-01-31T16:12:59","modified_gmt":"2020-01-31T15:12:59","slug":"regiones","status":"publish","type":"page","link":"https:\/\/www.kela.health\/es\/salud-animal\/regiones\/","title":{"rendered":"Regiones"},"content":{"rendered":"<section class=\"wpb-content-wrapper\"><p>[vc_row][vc_column][\/vc_column][\/vc_row][vc_section full_width=&#8221;stretch_row&#8221; content_placement=&#8221;top&#8221; el_id=&#8221;cat-landing-2&#8243; el_class=&#8221;cat-landing animal-landing&#8221;][vc_row][vc_column width=&#8221;3\/12&#8243;][vc_row_inner][vc_column_inner][vc_wp_custommenu nav_menu=&#8221;8&#8243; el_class=&#8221;sidebar-small&#8221;][\/vc_column_inner][\/vc_row_inner][\/vc_column][vc_column width=&#8221;1\/12&#8243;][\/vc_column][vc_column width=&#8221;6\/12&#8243;][vc_column_text el_class=&#8221;breadcrumb&#8221;]<span class=\"breadcumb\">Salud Animal<\/span>[\/vc_column_text][vc_column_text]<\/p>\n<h1>Regiones<\/h1>\n<h3>De Europa al mundo<\/h3>\n<p>La s\u00f3lida base de Kela en B\u00e9lgica y el Reino Unido ha constituido el trampol\u00edn para exportar a \u00c1frica, Asia, Am\u00e9rica Central y otras regiones. Si bien nuestra pr\u00e1ctica de exportaci\u00f3n funciona principalmente a trav\u00e9s de relaciones personalizadas con distribuidores, tambi\u00e9n tenemos nuestra propia subsidiaria en M\u00e9xico. Nuestro s\u00f3lido perfil europeo y el conocimiento experto en producci\u00f3n, aseguramiento de la calidad y el manejo de la complejidad de los registros nos convierten en un socio preferido para muchos distribuidores en esas regiones.<\/p>\n<h3>Nuestros distribuidores son nuestros socios.<\/h3>\n<p>Los distribuidores buscan principalmente un socio comercial con una oferta de tratamiento de alta calidad que pueda ayudarlos a superar tr\u00e1mites aduaneros y de importaci\u00f3n a veces complejos. Entendemos la importancia econ\u00f3mica del ganado para las empresas agr\u00edcolas industriales y de peque\u00f1a escala y las familias que viven de la ganader\u00eda. Tener los medios y la experiencia para proporcionar el producto correcto en la dosis correcta en el momento correcto es esencial para las buenas pr\u00e1cticas de salud animal, en cualquier parte del mundo. Por lo tanto, Kela realiza inversiones en soporte de productos y asesoramiento, tanto a nivel del distribuidor, el veterinario y el agricultor.<\/p>\n<h3>Nuestra gente sabe de qu\u00e9 habla<\/h3>\n<p>Nuestra gente en las regiones no solo conocen los productos que representa, sino que comprenden los desaf\u00edos locales que enfrentan los agricultores. Los entornos clim\u00e1ticos locales, as\u00ed como las condiciones socioecon\u00f3micas basadas en la comunidad, tienen un gran impacto en la forma en que los agricultores manejan sus negocios y, por lo tanto, en la salud de sus animales. Un enfoque localmente relevante. Esto significa que nuestra red de exportaci\u00f3n reconoce los diferentes requisitos de productos y terapias en diferentes partes del mundo. Este es tambi\u00e9n el caso en nuestro soporte t\u00e9cnico y esfuerzos de coaching en el campo.[\/vc_column_text][\/vc_column][vc_column width=&#8221;2\/12&#8243;][\/vc_column][\/vc_row][\/vc_section][vc_row][vc_column css_animation=&#8221;fadeIn&#8221;]<div class=\"templatera_shortcode\"><div class=\"vc_row wpb_row vc_row-fluid\"><div class=\"wpb_column vc_column_container vc_col-sm-4\"><div class=\"vc_column-inner\"><div class=\"wpb_wrapper\">\n\t<div class=\"wpb_text_column wpb_content_element  vc_custom_1581501694398 box box-contact\" >\n\t\t<div class=\"wpb_wrapper\">\n\t\t\t<p><img class=\"alignnone size-thumbnail wp-image-2007\" src=\"https:\/\/www.kela.health\/wp-content\/uploads\/2018\/11\/chat-bubble.svg\" alt=\"\" width=\"30\" height=\"26\" \/><\/p>\n<h5>Salud Animal<\/h5>\n<h6>Cont\u00e1ctenos para mayor informaci\u00f3n<\/h6>\n<p>+32 (0)3 340 04 11<br \/>\n<a href=\"mailto:info@kela.health\">info@kela.health<\/a><\/p>\n<p><a class=\"blue-button\" href=\"https:\/\/www.kela.health\/es\/salud-animal\/contacto\/\">Contacto Kela<\/a><\/p>\n\n\t\t<\/div>\n\t<\/div>\n<\/div><\/div><\/div><div class=\"wpb_column vc_column_container vc_col-sm-4\"><div class=\"vc_column-inner\"><div class=\"wpb_wrapper\">\n\t<div class=\"wpb_text_column wpb_content_element  box box-kela\" >\n\t\t<div class=\"wpb_wrapper\">\n\t\t\t<h5><strong>Qu\u00e9 nos hace diferentes?<\/strong><\/h5>\n<h6>Nuestra experiencia inigualable<\/h6>\n<h6>El background de nuestra gente<\/h6>\n<h6>El valor en lo que hacemos<\/h6>\n<p><a class=\"blue-button\" href=\"https:\/\/www.kela.health\/es\/salud-animal\/valor-para-los-clientes\/que-nos-diferencia\/\">Saber mas<\/a><\/p>\n\n\t\t<\/div>\n\t<\/div>\n<\/div><\/div><\/div><div class=\"wpb_column vc_column_container vc_col-sm-4\"><div class=\"vc_column-inner\"><div class=\"wpb_wrapper\">\n\t<div class=\"wpb_text_column wpb_content_element  box box-productfinder\" >\n\t\t<div class=\"wpb_wrapper\">\n\t\t\t<p><img class=\"alignnone size-thumbnail wp-image-2001\" src=\"https:\/\/www.kela.health\/wp-content\/uploads\/2018\/11\/search.svg\" alt=\"\" width=\"20\" height=\"20\" \/><\/p>\n<h5>Buscador de productos<\/h5>\n<h6>Vea productos en su regi\u00f3n<\/h6>\n<p>Nuestra cartera cubre una amplia gama de productos de salud animal.<\/p>\n<p><a class=\"blue-button\" href=\"http:\/\/products.kela.health\">Vea productos<\/a><\/p>\n\n\t\t<\/div>\n\t<\/div>\n<\/div><\/div><\/div><\/div><\/div>[\/vc_column][\/vc_row][vc_row][vc_column][\/vc_column][\/vc_row]<\/p>\n<\/section>","protected":false},"excerpt":{"rendered":"Salud Animal Cont\u00e1ctenos para mayor informaci\u00f3n +32 (0)3 340 04 11 info@kela.health Contacto Kela Qu\u00e9 nos hace diferentes? Nuestra experiencia inigualable El background de nuestra gente El valor en lo que hacemos Saber mas Buscador de productos Vea productos en su regi\u00f3n Nuestra cartera cubre una amplia gama de productos de salud animal. Vea productos","protected":false},"author":3,"featured_media":0,"parent":2973,"menu_order":4,"comment_status":"closed","ping_status":"closed","template":"","meta":{"inline_featured_image":false},"acf":[],"yoast_head":"<!-- This site is optimized with the Yoast SEO plugin v20.8 - https:\/\/yoast.com\/wordpress\/plugins\/seo\/ -->\n<title>Regiones - Salud Animal - Kela Health<\/title>\n<meta name=\"robots\" content=\"index, follow, max-snippet:-1, max-image-preview:large, max-video-preview:-1\" \/>\n<link rel=\"canonical\" href=\"https:\/\/www.kela.health\/es\/salud-animal\/regiones\/\" \/>\n<meta property=\"og:locale\" content=\"es_ES\" \/>\n<meta property=\"og:type\" content=\"article\" \/>\n<meta property=\"og:title\" content=\"Regiones - Salud Animal - Kela Health\" \/>\n<meta property=\"og:url\" content=\"https:\/\/www.kela.health\/es\/salud-animal\/regiones\/\" \/>\n<meta property=\"og:site_name\" content=\"Kela Health\" \/>\n<meta property=\"article:publisher\" content=\"https:\/\/www.facebook.com\/Kela.Hoogstraten\/\" \/>\n<meta property=\"og:image\" content=\"https:\/\/www.kela.health\/wp-content\/uploads\/2018\/11\/og_01.png\" \/>\n\t<meta property=\"og:image:width\" content=\"1200\" \/>\n\t<meta property=\"og:image:height\" content=\"630\" \/>\n\t<meta property=\"og:image:type\" content=\"image\/png\" \/>\n<meta name=\"twitter:card\" content=\"summary_large_image\" \/>\n<meta name=\"twitter:label1\" content=\"Est. reading time\" \/>\n\t<meta name=\"twitter:data1\" content=\"2 minutes\" \/>\n<script type=\"application\/ld+json\" class=\"yoast-schema-graph\">{\"@context\":\"https:\/\/schema.org\",\"@graph\":[{\"@type\":\"WebPage\",\"@id\":\"https:\/\/www.kela.health\/es\/salud-animal\/regiones\/\",\"url\":\"https:\/\/www.kela.health\/es\/salud-animal\/regiones\/\",\"name\":\"Regiones - Salud Animal - Kela Health\",\"isPartOf\":{\"@id\":\"https:\/\/www.kela.health\/#website\"},\"datePublished\":\"2020-01-31T15:12:59+00:00\",\"dateModified\":\"2020-01-31T15:12:59+00:00\",\"breadcrumb\":{\"@id\":\"https:\/\/www.kela.health\/es\/salud-animal\/regiones\/#breadcrumb\"},\"inLanguage\":\"es-ES\",\"potentialAction\":[{\"@type\":\"ReadAction\",\"target\":[\"https:\/\/www.kela.health\/es\/salud-animal\/regiones\/\"]}]},{\"@type\":\"BreadcrumbList\",\"@id\":\"https:\/\/www.kela.health\/es\/salud-animal\/regiones\/#breadcrumb\",\"itemListElement\":[{\"@type\":\"ListItem\",\"position\":1,\"name\":\"Home\",\"item\":\"https:\/\/www.kela.health\/es\/\"},{\"@type\":\"ListItem\",\"position\":2,\"name\":\"Salud Animal\",\"item\":\"https:\/\/www.kela.health\/es\/salud-animal\/\"},{\"@type\":\"ListItem\",\"position\":3,\"name\":\"Regiones\"}]},{\"@type\":\"WebSite\",\"@id\":\"https:\/\/www.kela.health\/#website\",\"url\":\"https:\/\/www.kela.health\/\",\"name\":\"Kela Health\",\"description\":\"Focus on health\",\"publisher\":{\"@id\":\"https:\/\/www.kela.health\/#organization\"},\"potentialAction\":[{\"@type\":\"SearchAction\",\"target\":{\"@type\":\"EntryPoint\",\"urlTemplate\":\"https:\/\/www.kela.health\/?s={search_term_string}\"},\"query-input\":\"required name=search_term_string\"}],\"inLanguage\":\"es-ES\"},{\"@type\":\"Organization\",\"@id\":\"https:\/\/www.kela.health\/#organization\",\"name\":\"Kela NV\",\"url\":\"https:\/\/www.kela.health\/\",\"logo\":{\"@type\":\"ImageObject\",\"inLanguage\":\"es-ES\",\"@id\":\"https:\/\/www.kela.health\/#\/schema\/logo\/image\/\",\"url\":\"https:\/\/www.kela.health\/wp-content\/uploads\/2018\/09\/Kela-Pos-RGB.jpg\",\"contentUrl\":\"https:\/\/www.kela.health\/wp-content\/uploads\/2018\/09\/Kela-Pos-RGB.jpg\",\"width\":1000,\"height\":490,\"caption\":\"Kela NV\"},\"image\":{\"@id\":\"https:\/\/www.kela.health\/#\/schema\/logo\/image\/\"},\"sameAs\":[\"https:\/\/www.facebook.com\/Kela.Hoogstraten\/\",\"https:\/\/www.linkedin.com\/company\/kela-laboratoria-n-v-\/\"]}]}<\/script>\n<!-- \/ Yoast SEO plugin. -->","yoast_head_json":{"title":"Regiones - Salud Animal - Kela Health","robots":{"index":"index","follow":"follow","max-snippet":"max-snippet:-1","max-image-preview":"max-image-preview:large","max-video-preview":"max-video-preview:-1"},"canonical":"https:\/\/www.kela.health\/es\/salud-animal\/regiones\/","og_locale":"es_ES","og_type":"article","og_title":"Regiones - Salud Animal - Kela Health","og_url":"https:\/\/www.kela.health\/es\/salud-animal\/regiones\/","og_site_name":"Kela Health","article_publisher":"https:\/\/www.facebook.com\/Kela.Hoogstraten\/","og_image":[{"width":1200,"height":630,"url":"https:\/\/www.kela.health\/wp-content\/uploads\/2018\/11\/og_01.png","type":"image\/png"}],"twitter_card":"summary_large_image","twitter_misc":{"Est. reading time":"2 minutes"},"schema":{"@context":"https:\/\/schema.org","@graph":[{"@type":"WebPage","@id":"https:\/\/www.kela.health\/es\/salud-animal\/regiones\/","url":"https:\/\/www.kela.health\/es\/salud-animal\/regiones\/","name":"Regiones - Salud Animal - Kela Health","isPartOf":{"@id":"https:\/\/www.kela.health\/#website"},"datePublished":"2020-01-31T15:12:59+00:00","dateModified":"2020-01-31T15:12:59+00:00","breadcrumb":{"@id":"https:\/\/www.kela.health\/es\/salud-animal\/regiones\/#breadcrumb"},"inLanguage":"es-ES","potentialAction":[{"@type":"ReadAction","target":["https:\/\/www.kela.health\/es\/salud-animal\/regiones\/"]}]},{"@type":"BreadcrumbList","@id":"https:\/\/www.kela.health\/es\/salud-animal\/regiones\/#breadcrumb","itemListElement":[{"@type":"ListItem","position":1,"name":"Home","item":"https:\/\/www.kela.health\/es\/"},{"@type":"ListItem","position":2,"name":"Salud Animal","item":"https:\/\/www.kela.health\/es\/salud-animal\/"},{"@type":"ListItem","position":3,"name":"Regiones"}]},{"@type":"WebSite","@id":"https:\/\/www.kela.health\/#website","url":"https:\/\/www.kela.health\/","name":"Kela Health","description":"Focus on health","publisher":{"@id":"https:\/\/www.kela.health\/#organization"},"potentialAction":[{"@type":"SearchAction","target":{"@type":"EntryPoint","urlTemplate":"https:\/\/www.kela.health\/?s={search_term_string}"},"query-input":"required name=search_term_string"}],"inLanguage":"es-ES"},{"@type":"Organization","@id":"https:\/\/www.kela.health\/#organization","name":"Kela NV","url":"https:\/\/www.kela.health\/","logo":{"@type":"ImageObject","inLanguage":"es-ES","@id":"https:\/\/www.kela.health\/#\/schema\/logo\/image\/","url":"https:\/\/www.kela.health\/wp-content\/uploads\/2018\/09\/Kela-Pos-RGB.jpg","contentUrl":"https:\/\/www.kela.health\/wp-content\/uploads\/2018\/09\/Kela-Pos-RGB.jpg","width":1000,"height":490,"caption":"Kela NV"},"image":{"@id":"https:\/\/www.kela.health\/#\/schema\/logo\/image\/"},"sameAs":["https:\/\/www.facebook.com\/Kela.Hoogstraten\/","https:\/\/www.linkedin.com\/company\/kela-laboratoria-n-v-\/"]}]}},"_links":{"self":[{"href":"https:\/\/www.kela.health\/es\/wp-json\/wp\/v2\/pages\/3052"}],"collection":[{"href":"https:\/\/www.kela.health\/es\/wp-json\/wp\/v2\/pages"}],"about":[{"href":"https:\/\/www.kela.health\/es\/wp-json\/wp\/v2\/types\/page"}],"author":[{"embeddable":true,"href":"https:\/\/www.kela.health\/es\/wp-json\/wp\/v2\/users\/3"}],"replies":[{"embeddable":true,"href":"https:\/\/www.kela.health\/es\/wp-json\/wp\/v2\/comments?post=3052"}],"version-history":[{"count":1,"href":"https:\/\/www.kela.health\/es\/wp-json\/wp\/v2\/pages\/3052\/revisions"}],"predecessor-version":[{"id":3053,"href":"https:\/\/www.kela.health\/es\/wp-json\/wp\/v2\/pages\/3052\/revisions\/3053"}],"up":[{"embeddable":true,"href":"https:\/\/www.kela.health\/es\/wp-json\/wp\/v2\/pages\/2973"}],"wp:attachment":[{"href":"https:\/\/www.kela.health\/es\/wp-json\/wp\/v2\/media?parent=3052"}],"curies":[{"name":"wp","href":"https:\/\/api.w.org\/{rel}","templated":true}]}}