{"id":1430,"date":"2018-10-16T14:26:53","date_gmt":"2018-10-16T12:26:53","guid":{"rendered":"https:\/\/www.kela.health\/?page_id=1430"},"modified":"2025-05-01T10:41:48","modified_gmt":"2025-05-01T08:41:48","slug":"home","status":"publish","type":"page","link":"https:\/\/www.kela.health\/fr\/","title":{"rendered":"Home"},"content":{"rendered":"<section class=\"wpb-content-wrapper\"><p>[vc_section full_width=&#8221;stretch_row&#8221; content_placement=&#8221;top&#8221; el_id=&#8221;home-hero&#8221; el_class=&#8221;hero&#8221;][vc_row][vc_column width=&#8221;1\/2&#8243;][vc_column_text el_class=&#8221;box intro&#8221; el_id=&#8221;hero-box&#8221;]<\/p>\n<h1><strong>Riche exp\u00e9rience, ant\u00e9c\u00e9dents av\u00e9r\u00e9s en mati\u00e8re de sant\u00e9 animale<\/strong><\/h1>\n<p>Nous sommes Kela. Nous sommes impatients de nous impliquer, de nouer des liens, de partager notre savoir-faire et notre exp\u00e9rience et de devenir votre partenaire durable dans le secteur de la sant\u00e9 animale.<\/p>\n<p><a class=\"blue-button\" href=\"https:\/\/www.kela.health\/fr\/a-propos-de-kela\/\">En savoir plus<\/a>[\/vc_column_text][\/vc_column][vc_column width=&#8221;1\/2&#8243;][\/vc_column][\/vc_row][vc_row css_animation=&#8221;none&#8221; el_id=&#8221;hero-element&#8221; el_class=&#8221;element&#8221;][vc_column css_animation=&#8221;none&#8221; width=&#8221;1\/4&#8243;][vc_column_text el_class=&#8221;box box-home&#8221;]<a href=\"https:\/\/www.kela.health\/fr\/sante-animale\" class=\"image-link\"><img decoding=\"async\" loading=\"lazy\" class=\"size-full wp-image-206 alignleft\" src=\"https:\/\/www.kela.health\/wp-content\/uploads\/2018\/08\/AdobeStock_84894985@2x.png\" alt=\"\" width=\"540\" height=\"404\" \/><\/a><\/p>\n<p><a href=\"https:\/\/www.kela.health\/fr\/sante-animale\">Sant\u00e9 animale<\/a>[\/vc_column_text][\/vc_column][vc_column width=&#8221;1\/4&#8243;][vc_column_text el_class=&#8221;box box-home&#8221;]<a href=\"https:\/\/www.kela.health\/fr\/fabrication-en-sous-traitance\" class=\"image-link\"><img decoding=\"async\" loading=\"lazy\" class=\"alignnone wp-image-1929 size-full\" src=\"https:\/\/www.kela.health\/wp-content\/uploads\/2018\/09\/DSC3436-corr-crop-1.png\" alt=\"\" width=\"540\" height=\"404\" \/><\/a><\/p>\n<p><a href=\"https:\/\/www.kela.health\/fr\/fabrication-sous-contrat\">Fabrication sous contrat<\/a>[\/vc_column_text][\/vc_column][vc_column width=&#8221;1\/4&#8243;][\/vc_column][\/vc_row][\/vc_section][vc_row full_width=&#8221;stretch_row_content&#8221; el_id=&#8221;slider-bg&#8221; el_class=&#8221;myslider-wrapper&#8221;][vc_column][vc_column_text]<div class=\"container\"><div class=\"row\"><div class=\"col-sm-12\"><div id=\"kela-carousel\" class=\"carousel slide\"><!-- Wrapper for slides --><div class=\"carousel-inner\"><div class=\"item active\"><a class=\"\" href=\"https:\/\/www.kela.health\/fr\/bienvenue-a-nos-nouveaux-directeurs\/\"><img class=\"img-responsive slider-img\" src=\"https:\/\/www.kela.health\/wp-content\/uploads\/2026\/02\/3-1170x500.png\"><\/a><div class=\"carousel-caption\"><h4><a href=\"https:\/\/www.kela.health\/fr\/bienvenue-a-nos-nouveaux-directeurs\/\">Bienvenue \u00e0 nos nouveaux Directeurs<\/a><\/h4><p class=\"carousel-excerpt\">Nous avons le plaisir d\u2019annoncer la nomination de Kristel Senten et Joeri Veiro en tant que deux nouveaux Directeurs, apportant une nouvelle dynamique au Comit\u00e9 de Direction de KELA et renfor\u00e7ant notre expertise en R&amp;D et en Op\u00e9rations.<\/p><p><a class=\"blue-button\" href=\"https:\/\/www.kela.health\/fr\/bienvenue-a-nos-nouveaux-directeurs\/\">Lire la suite<\/a><\/p><\/div> <\/div><div class=\"item\"><a class=\"\" href=\"https:\/\/www.kela.health\/fr\/nouvelle-cooperation-en-chine\/\"><img class=\"img-responsive slider-img\" src=\"https:\/\/www.kela.health\/wp-content\/uploads\/2025\/03\/Collab-China-Social-Media--940x500.jpg\"><\/a><div class=\"carousel-caption\"><h4><a href=\"https:\/\/www.kela.health\/fr\/nouvelle-cooperation-en-chine\/\">Nouvelle coop\u00e9ration en Chine<\/a><\/h4><p class=\"carousel-excerpt\">Nous sommes heureux d&#8217;annoncer que Kela et Yantai Weikang ont sign\u00e9 un accord \u00e0 Zhengzhou, en Chine, pour la distribution de 4 produits injectables. Yantai Weikang est un leader dans l&#8217;industrie pharmaceutique chinoise. En int\u00e9grant les produits v\u00e9t\u00e9rinaires avanc\u00e9s de Kela, Yantai Weikang vise \u00e0 am\u00e9liorer son offre de produits injectables et \u00e0 \u00e9lever significativement la qualit\u00e9 des soins v\u00e9t\u00e9rinaires [&hellip;]<\/p><p><a class=\"blue-button\" href=\"https:\/\/www.kela.health\/fr\/nouvelle-cooperation-en-chine\/\">Lire la suite<\/a><\/p><\/div> <\/div><div class=\"item\"><a class=\"\" href=\"https:\/\/www.kela.health\/fr\/notre-fete-de-noel\/\"><img class=\"img-responsive slider-img\" src=\"https:\/\/www.kela.health\/wp-content\/uploads\/2020\/12\/Kela-thumbnail-1-1135x500.png\"><\/a><div class=\"carousel-caption\"><h4><a href=\"https:\/\/www.kela.health\/fr\/notre-fete-de-noel\/\">Notre f\u00eate de No\u00ebl<\/a><\/h4><p class=\"carousel-excerpt\">Notre f\u00eate de No\u00ebl \u00e9tait une soir\u00e9e magique et pleine de souvenirs ! Un grand merci \u00e0 tous ceux qui ont contribu\u00e9 \u00e0 en faire un moment si sp\u00e9cial et inoubliable. &nbsp;<\/p><p><a class=\"blue-button\" href=\"https:\/\/www.kela.health\/fr\/notre-fete-de-noel\/\">Lire la suite<\/a><\/p><\/div> <\/div><\/div><!-- Controls --><a class=\"left carousel-control\" href=\"#kela-carousel\" role=\"button\" data-slide=\"prev\"><span class=\"glyphicon glyphicon-chevron-left\"><\/span><\/a><a class=\"right carousel-control\" href=\"#kela-carousel\" role=\"button\" data-slide=\"next\"><span class=\"glyphicon glyphicon-chevron-right\"><\/span><\/a><\/div><\/div><\/div><\/div><\/div>[\/vc_column_text][\/vc_column][\/vc_row][vc_section el_id=&#8221;home-content&#8221; el_class=&#8221;homecontent&#8221;][vc_row][vc_column width=&#8221;4\/12&#8243;][vc_column_text]<\/p>\n<h3>Renforcer vos activit\u00e9s avec Kela<\/h3>\n<p>Nous sommes Kela. Dans notre esprit, notre raison d\u2019existance consiste \u00e0 fournir les produits pharmaceutiques de grande qualit\u00e9 et fiables dont nos clients ont besoin pour traiter leurs animaux avec succ\u00e8s. C\u2019est essentiellement l\u2019objectif de notre entreprise, de nos partenariats de distribution et de notre engagement dans les soins de sant\u00e9 animale, partout dans le monde.<\/p>\n<p>Nous sommes pr\u00eats \u00e0 faire affaires. Parlons-en.<\/p>\n<p><a class=\"blue-button\" href=\"https:\/\/www.kela.health\/fr\/a-propos-de-kela\/nos-valeurs\/\">En savoir plus<\/a>[\/vc_column_text][\/vc_column][vc_column width=&#8221;1\/12&#8243;][\/vc_column][vc_column width=&#8221;3\/12&#8243;][vc_column_text]<\/p>\n<h3><a href=\"https:\/\/www.kela.health\/fr\/travailler-chez-kela\/\">Travailler chez Kela<\/a><\/h3>\n<p>Tous les collaborateurs de Kela font partie du noyeau d\u00fbr de notre entreprise. Leur talent et leur engagement sont essentiels afin de concr\u00e9tiser notre promesse \u00e0 nos clients. Cela d\u00e9termine la culture Kela qui fait que nous comprenons les march\u00e9s et les besoins de nos clients, que nous nous focalisons sur la qualit\u00e9 et que nous d\u00e9livrons des produits et services pr\u00e9cieux \u00e0 nos clients.<\/p>\n<p><a class=\"blue-button\" href=\"https:\/\/www.kela.health\/fr\/travailler-chez-kela\/\">En savoir plus<\/a>[\/vc_column_text][\/vc_column][vc_column width=&#8221;1\/12&#8243;][\/vc_column][vc_column width=&#8221;3\/12&#8243;][vc_column_text el_class=&#8221;box box-productfinder&#8221;]<img decoding=\"async\" loading=\"lazy\" class=\"alignnone size-medium wp-image-116\" src=\"https:\/\/www.kela.health\/wp-content\/uploads\/2018\/08\/search.svg\" alt=\"\" width=\"20\" height=\"20\" \/><\/p>\n<h5>Recherche de produits<\/h5>\n<h6>Voir les produits dans votre r\u00e9gion<\/h6>\n<p class=\"footer-menu-title\">Notre portefeuille couvre un large assortiment de produits pour la sant\u00e9 v\u00e9t\u00e9rinaire.<\/p>\n<p><a class=\"blue-button\" href=\"http:\/\/products.kela.health\">Voir les produits<\/a>[\/vc_column_text][\/vc_column][\/vc_row][\/vc_section]<\/p>\n<\/section>","protected":false},"excerpt":{"rendered":"<p>[vc_section full_width=&#8221;stretch_row&#8221; content_placement=&#8221;top&#8221; el_id=&#8221;home-hero&#8221; el_class=&#8221;hero&#8221;][vc_row][vc_column width=&#8221;1\/2&#8243;][vc_column_text el_class=&#8221;box intro&#8221; el_id=&#8221;hero-box&#8221;] Riche exp\u00e9rience, ant\u00e9c\u00e9dents av\u00e9r\u00e9s en mati\u00e8re de sant\u00e9 animale Nous sommes Kela. Nous sommes impatients de nous impliquer, de nouer des liens, de partager notre savoir-faire et notre exp\u00e9rience et de devenir votre partenaire durable dans le secteur de la sant\u00e9 animale. En savoir plus[\/vc_column_text][\/vc_column][vc_column width=&#8221;1\/2&#8243;][\/vc_column][\/vc_row][vc_row css_animation=&#8221;none&#8221; el_id=&#8221;hero-element&#8221; el_class=&#8221;element&#8221;][vc_column css_animation=&#8221;none&#8221; width=&#8221;1\/4&#8243;][vc_column_text [&hellip;]<\/p>\n","protected":false},"author":3,"featured_media":0,"parent":0,"menu_order":0,"comment_status":"closed","ping_status":"closed","template":"","meta":{"inline_featured_image":false},"acf":[],"yoast_head":"<!-- This site is optimized with the Yoast SEO plugin v20.8 - https:\/\/yoast.com\/wordpress\/plugins\/seo\/ -->\n<title>Home - Kela Health<\/title>\n<meta name=\"description\" content=\"Riche exp\u00e9rience, ant\u00e9c\u00e9dents av\u00e9r\u00e9s en mati\u00e8re de sant\u00e9 animale Nous sommes Kela. Nous sommes impatients de nous impliquer, de nouer des liens, de\" \/>\n<meta name=\"robots\" content=\"index, follow, max-snippet:-1, max-image-preview:large, max-video-preview:-1\" \/>\n<link rel=\"canonical\" href=\"https:\/\/www.kela.health\/fr\/\" \/>\n<meta property=\"og:locale\" content=\"fr_FR\" \/>\n<meta property=\"og:type\" content=\"article\" \/>\n<meta property=\"og:title\" content=\"Home - Kela Health\" \/>\n<meta property=\"og:description\" content=\"Riche exp\u00e9rience, ant\u00e9c\u00e9dents av\u00e9r\u00e9s en mati\u00e8re de sant\u00e9 animale Nous sommes Kela. Nous sommes impatients de nous impliquer, de nouer des liens, de\" \/>\n<meta property=\"og:url\" content=\"https:\/\/www.kela.health\/fr\/\" \/>\n<meta property=\"og:site_name\" content=\"Kela Health\" \/>\n<meta property=\"article:publisher\" content=\"https:\/\/www.facebook.com\/Kela.Hoogstraten\/\" \/>\n<meta property=\"article:modified_time\" content=\"2025-05-01T08:41:48+00:00\" \/>\n<meta property=\"og:image\" content=\"https:\/\/www.kela.health\/wp-content\/uploads\/2018\/08\/AdobeStock_84894985@2x.png\" \/>\n<meta name=\"twitter:card\" content=\"summary_large_image\" \/>\n<meta name=\"twitter:label1\" content=\"Est. reading time\" \/>\n\t<meta name=\"twitter:data1\" content=\"2 minutes\" \/>\n<script type=\"application\/ld+json\" class=\"yoast-schema-graph\">{\"@context\":\"https:\/\/schema.org\",\"@graph\":[{\"@type\":\"WebPage\",\"@id\":\"https:\/\/www.kela.health\/fr\/\",\"url\":\"https:\/\/www.kela.health\/fr\/\",\"name\":\"Home - Kela Health\",\"isPartOf\":{\"@id\":\"https:\/\/www.kela.health\/#website\"},\"datePublished\":\"2018-10-16T12:26:53+00:00\",\"dateModified\":\"2025-05-01T08:41:48+00:00\",\"description\":\"Riche exp\u00e9rience, ant\u00e9c\u00e9dents av\u00e9r\u00e9s en mati\u00e8re de sant\u00e9 animale Nous sommes Kela. Nous sommes impatients de nous impliquer, de nouer des liens, de\",\"breadcrumb\":{\"@id\":\"https:\/\/www.kela.health\/fr\/#breadcrumb\"},\"inLanguage\":\"fr-FR\",\"potentialAction\":[{\"@type\":\"ReadAction\",\"target\":[\"https:\/\/www.kela.health\/fr\/\"]}]},{\"@type\":\"BreadcrumbList\",\"@id\":\"https:\/\/www.kela.health\/fr\/#breadcrumb\",\"itemListElement\":[{\"@type\":\"ListItem\",\"position\":1,\"name\":\"Home\",\"item\":\"https:\/\/www.kela.health\/fr\/\"},{\"@type\":\"ListItem\",\"position\":2,\"name\":\"Home\"}]},{\"@type\":\"WebSite\",\"@id\":\"https:\/\/www.kela.health\/#website\",\"url\":\"https:\/\/www.kela.health\/\",\"name\":\"Kela Health\",\"description\":\"Focus on health\",\"publisher\":{\"@id\":\"https:\/\/www.kela.health\/#organization\"},\"potentialAction\":[{\"@type\":\"SearchAction\",\"target\":{\"@type\":\"EntryPoint\",\"urlTemplate\":\"https:\/\/www.kela.health\/?s={search_term_string}\"},\"query-input\":\"required name=search_term_string\"}],\"inLanguage\":\"fr-FR\"},{\"@type\":\"Organization\",\"@id\":\"https:\/\/www.kela.health\/#organization\",\"name\":\"Kela NV\",\"url\":\"https:\/\/www.kela.health\/\",\"logo\":{\"@type\":\"ImageObject\",\"inLanguage\":\"fr-FR\",\"@id\":\"https:\/\/www.kela.health\/#\/schema\/logo\/image\/\",\"url\":\"https:\/\/www.kela.health\/wp-content\/uploads\/2018\/09\/Kela-Pos-RGB.jpg\",\"contentUrl\":\"https:\/\/www.kela.health\/wp-content\/uploads\/2018\/09\/Kela-Pos-RGB.jpg\",\"width\":1000,\"height\":490,\"caption\":\"Kela NV\"},\"image\":{\"@id\":\"https:\/\/www.kela.health\/#\/schema\/logo\/image\/\"},\"sameAs\":[\"https:\/\/www.facebook.com\/Kela.Hoogstraten\/\",\"https:\/\/www.linkedin.com\/company\/kela-laboratoria-n-v-\/\"]}]}<\/script>\n<!-- \/ Yoast SEO plugin. -->","yoast_head_json":{"title":"Home - Kela Health","description":"Riche exp\u00e9rience, ant\u00e9c\u00e9dents av\u00e9r\u00e9s en mati\u00e8re de sant\u00e9 animale Nous sommes Kela. Nous sommes impatients de nous impliquer, de nouer des liens, de","robots":{"index":"index","follow":"follow","max-snippet":"max-snippet:-1","max-image-preview":"max-image-preview:large","max-video-preview":"max-video-preview:-1"},"canonical":"https:\/\/www.kela.health\/fr\/","og_locale":"fr_FR","og_type":"article","og_title":"Home - Kela Health","og_description":"Riche exp\u00e9rience, ant\u00e9c\u00e9dents av\u00e9r\u00e9s en mati\u00e8re de sant\u00e9 animale Nous sommes Kela. Nous sommes impatients de nous impliquer, de nouer des liens, de","og_url":"https:\/\/www.kela.health\/fr\/","og_site_name":"Kela Health","article_publisher":"https:\/\/www.facebook.com\/Kela.Hoogstraten\/","article_modified_time":"2025-05-01T08:41:48+00:00","og_image":[{"url":"https:\/\/www.kela.health\/wp-content\/uploads\/2018\/08\/AdobeStock_84894985@2x.png"}],"twitter_card":"summary_large_image","twitter_misc":{"Est. reading time":"2 minutes"},"schema":{"@context":"https:\/\/schema.org","@graph":[{"@type":"WebPage","@id":"https:\/\/www.kela.health\/fr\/","url":"https:\/\/www.kela.health\/fr\/","name":"Home - Kela Health","isPartOf":{"@id":"https:\/\/www.kela.health\/#website"},"datePublished":"2018-10-16T12:26:53+00:00","dateModified":"2025-05-01T08:41:48+00:00","description":"Riche exp\u00e9rience, ant\u00e9c\u00e9dents av\u00e9r\u00e9s en mati\u00e8re de sant\u00e9 animale Nous sommes Kela. Nous sommes impatients de nous impliquer, de nouer des liens, de","breadcrumb":{"@id":"https:\/\/www.kela.health\/fr\/#breadcrumb"},"inLanguage":"fr-FR","potentialAction":[{"@type":"ReadAction","target":["https:\/\/www.kela.health\/fr\/"]}]},{"@type":"BreadcrumbList","@id":"https:\/\/www.kela.health\/fr\/#breadcrumb","itemListElement":[{"@type":"ListItem","position":1,"name":"Home","item":"https:\/\/www.kela.health\/fr\/"},{"@type":"ListItem","position":2,"name":"Home"}]},{"@type":"WebSite","@id":"https:\/\/www.kela.health\/#website","url":"https:\/\/www.kela.health\/","name":"Kela Health","description":"Focus on health","publisher":{"@id":"https:\/\/www.kela.health\/#organization"},"potentialAction":[{"@type":"SearchAction","target":{"@type":"EntryPoint","urlTemplate":"https:\/\/www.kela.health\/?s={search_term_string}"},"query-input":"required name=search_term_string"}],"inLanguage":"fr-FR"},{"@type":"Organization","@id":"https:\/\/www.kela.health\/#organization","name":"Kela NV","url":"https:\/\/www.kela.health\/","logo":{"@type":"ImageObject","inLanguage":"fr-FR","@id":"https:\/\/www.kela.health\/#\/schema\/logo\/image\/","url":"https:\/\/www.kela.health\/wp-content\/uploads\/2018\/09\/Kela-Pos-RGB.jpg","contentUrl":"https:\/\/www.kela.health\/wp-content\/uploads\/2018\/09\/Kela-Pos-RGB.jpg","width":1000,"height":490,"caption":"Kela NV"},"image":{"@id":"https:\/\/www.kela.health\/#\/schema\/logo\/image\/"},"sameAs":["https:\/\/www.facebook.com\/Kela.Hoogstraten\/","https:\/\/www.linkedin.com\/company\/kela-laboratoria-n-v-\/"]}]}},"_links":{"self":[{"href":"https:\/\/www.kela.health\/fr\/wp-json\/wp\/v2\/pages\/1430"}],"collection":[{"href":"https:\/\/www.kela.health\/fr\/wp-json\/wp\/v2\/pages"}],"about":[{"href":"https:\/\/www.kela.health\/fr\/wp-json\/wp\/v2\/types\/page"}],"author":[{"embeddable":true,"href":"https:\/\/www.kela.health\/fr\/wp-json\/wp\/v2\/users\/3"}],"replies":[{"embeddable":true,"href":"https:\/\/www.kela.health\/fr\/wp-json\/wp\/v2\/comments?post=1430"}],"version-history":[{"count":21,"href":"https:\/\/www.kela.health\/fr\/wp-json\/wp\/v2\/pages\/1430\/revisions"}],"predecessor-version":[{"id":7318,"href":"https:\/\/www.kela.health\/fr\/wp-json\/wp\/v2\/pages\/1430\/revisions\/7318"}],"wp:attachment":[{"href":"https:\/\/www.kela.health\/fr\/wp-json\/wp\/v2\/media?parent=1430"}],"curies":[{"name":"wp","href":"https:\/\/api.w.org\/{rel}","templated":true}]}}