{"id":1436,"date":"2018-10-16T14:31:03","date_gmt":"2018-10-16T12:31:03","guid":{"rendered":"https:\/\/www.kela.health\/?page_id=1436"},"modified":"2018-11-26T17:11:31","modified_gmt":"2018-11-26T16:11:31","slug":"sante-animale","status":"publish","type":"page","link":"https:\/\/www.kela.health\/fr\/sante-animale\/","title":{"rendered":"Sant\u00e9 animale"},"content":{"rendered":"<section class=\"wpb-content-wrapper\"><p>[vc_row][vc_column][\/vc_column][\/vc_row][vc_section full_width=&#8221;stretch_row&#8221; content_placement=&#8221;top&#8221; el_id=&#8221;cat-landing&#8221; el_class=&#8221;cat-landing animal-landing&#8221;][vc_row][vc_column]<div class=\"templatera_shortcode\"><div class=\"vc_row wpb_row vc_row-fluid\"><div class=\"wpb_column vc_column_container vc_col-sm-12\"><div class=\"vc_column-inner\"><div class=\"wpb_wrapper\"><div class=\"evc-section-title evc-shortcode page-title\" style=\"text-align: left\">\n\t<div class=\"evc-st-inner\">\n\t\t\t\t\t<h2 class=\"evc-st-title\" >\n\t\t\t\tSant\u00e9 animale\t\t\t<\/h2>\n\t\t\t\t\t\t\t\t\t<\/div>\n<\/div>\n<\/div><\/div><\/div><\/div><\/div>[\/vc_column][\/vc_row][vc_row][vc_column width=&#8221;1\/2&#8243;][vc_column_text]Nos produits de sant\u00e9 \u00e0 usage v\u00e9t\u00e9rinaire sont principalement constitu\u00e9s de produits pharmaceutiques et de compl\u00e9ments alimentaires destin\u00e9s au b\u00e9tail \u00e0 travers le monde et aux animaux de compagnie dans certains pays. Nous estimons qu&#8217;une bonne sant\u00e9 animale est un atout social et \u00e9conomique consid\u00e9rable pour nos clients.<\/p>\n<p><a class=\"blue-button\" href=\"https:\/\/www.kela.health\/fr\/sante-animale\/valeur-ajoutee-pour-les-clients\">En savoir plus<\/a>[\/vc_column_text][\/vc_column][\/vc_row][vc_row][vc_column width=&#8221;7\/12&#8243; offset=&#8221;vc_col-lg-offset-0 vc_col-lg-5 vc_col-md-offset-0 vc_col-md-6 vc_col-sm-offset-0 vc_col-xs-12&#8243;][vc_wp_custommenu nav_menu=&#8221;7&#8243; el_class=&#8221;sidebar-large&#8221;][\/vc_column][vc_column width=&#8221;5\/12&#8243; offset=&#8221;vc_hidden-lg vc_hidden-md vc_hidden-sm vc_hidden-xs&#8221;][\/vc_column][\/vc_row][\/vc_section][vc_section][vc_row][vc_column width=&#8221;7\/12&#8243;][vc_column_text]<\/p>\n<h2><strong>En quoi sommes-nous diff\u00e9rents\u00a0?<\/strong><\/h2>\n<p>[\/vc_column_text][vc_column_text]Le succ\u00e8s de Kela repose sur 3 facteurs indissociables\u00a0: son exp\u00e9rience, ses employ\u00e9s et son offre.<\/p>\n<p><strong>Notre savoir-faire in\u00e9gal\u00e9<\/strong> est le fruit de d\u00e9cennies d\u2019efforts incessants de recherche, de d\u00e9veloppement et d\u2019innovation dans le domaine de la sant\u00e9 animale. Kela \u0153uvre depuis de longues ann\u00e9es \u00e0 assister les v\u00e9t\u00e9rinaires dans le traitement antimicrobien, cela nous a permis de devenir l\u2019un des rares producteurs mondiaux de la p\u00e9nicilline en tant que produit fini \u00e0 usage v\u00e9t\u00e9rinaire.<\/p>\n<p><strong>Notre personnel <\/strong>qui travaille dans le secteur de la sant\u00e9 animale est tr\u00e8s qualifi\u00e9 et comprend la motivation des v\u00e9t\u00e9rinaires, quelle que soit la r\u00e9gion o\u00f9 ils exercent leur activit\u00e9. Nous employons des v\u00e9t\u00e9rinaires \u00e0 formation acad\u00e9mique, des pharmaciens (industriels), des ing\u00e9nieurs, des \u00e9conomistes et des employ\u00e9s qualifi\u00e9s titulaires de MBA.\u00a0Notre personnel soutient les \u00e9leveurs \u00e0 travers une approche mondiale, adapt\u00e9e au contexte local. Gr\u00e2ce \u00e0 cette riche exp\u00e9rience, nous sommes tr\u00e8s proches des d\u00e9fis quotidiens des v\u00e9t\u00e9rinaires et des pharmaciens.<\/p>\n<p><strong>Notre gamme compl\u00e8te<\/strong> a pour but de r\u00e9pondre aux exigences des v\u00e9t\u00e9rinaires dans diverses r\u00e9gions du monde. Ceci, combin\u00e9 \u00e0 nos efforts pour offrir un support produit adapt\u00e9, contribue \u00e0 faire de Kela un partenaire fiable pour de nombreux professionnels du secteur de la sant\u00e9 animale.[\/vc_column_text][\/vc_column][vc_column width=&#8221;1\/12&#8243;][\/vc_column][vc_column width=&#8221;4\/12&#8243;][vc_column_text el_class=&#8221;box box-gradient&#8221;]<\/p>\n<blockquote>\n<p>\u00ab\u00a0Kela se situe dans la cha\u00eene de valeur alimentaire entre la protection de la sant\u00e9 du b\u00e9tail pour les \u00e9leveurs et l\u2019accroissement de la s\u00e9curit\u00e9 des aliments pour les consommateurs.\u00a0\u00bb<\/p>\n<\/blockquote>\n<p>[\/vc_column_text][vc_column_text el_class=&#8221;box box-contact&#8221; css=&#8221;.vc_custom_1543248656469{background-color: #ffffff !important;}&#8221;]<img decoding=\"async\" loading=\"lazy\" class=\"alignnone size-medium wp-image-86\" src=\"https:\/\/www.kela.health\/wp-content\/uploads\/2018\/08\/chat-bubble.svg\" alt=\"\" width=\"30\" height=\"26\" \/><\/p>\n<h5>SANTE ANIMAL<\/h5>\n<h6><strong>Contactez-nous pour plus d<\/strong>\u2019<strong>informations<\/strong><\/h6>\n<p>+ 32 (0)3 340 04 11<br \/>\n<a href=\"mailto:info@kela.health\">info@kela.health<\/a><\/p>\n<p><a class=\"blue-button\" href=\"https:\/\/www.kela.health\/fr\/sante-animale\/contactez-nous\">Contactez Kela<\/a>[\/vc_column_text][\/vc_column][\/vc_row][\/vc_section]<\/p>\n<\/section>","protected":false},"excerpt":{"rendered":"Sant\u00e9 animale","protected":false},"author":3,"featured_media":0,"parent":0,"menu_order":0,"comment_status":"closed","ping_status":"closed","template":"","meta":{"inline_featured_image":false},"acf":[],"yoast_head":"<!-- This site is optimized with the Yoast SEO plugin v20.8 - https:\/\/yoast.com\/wordpress\/plugins\/seo\/ -->\n<title>Sant\u00e9 animale - Kela Health<\/title>\n<meta name=\"robots\" content=\"index, follow, max-snippet:-1, max-image-preview:large, max-video-preview:-1\" \/>\n<link rel=\"canonical\" href=\"https:\/\/www.kela.health\/fr\/sante-animale\/\" \/>\n<meta property=\"og:locale\" content=\"fr_FR\" \/>\n<meta property=\"og:type\" content=\"article\" \/>\n<meta property=\"og:title\" content=\"Sant\u00e9 animale - Kela Health\" \/>\n<meta property=\"og:url\" content=\"https:\/\/www.kela.health\/fr\/sante-animale\/\" \/>\n<meta property=\"og:site_name\" content=\"Kela Health\" \/>\n<meta property=\"article:publisher\" content=\"https:\/\/www.facebook.com\/Kela.Hoogstraten\/\" \/>\n<meta property=\"article:modified_time\" content=\"2018-11-26T16:11:31+00:00\" \/>\n<meta property=\"og:image\" content=\"https:\/\/www.kela.health\/wp-content\/uploads\/2018\/08\/chat-bubble.svg\" \/>\n<meta name=\"twitter:card\" content=\"summary_large_image\" \/>\n<meta name=\"twitter:label1\" content=\"Est. reading time\" \/>\n\t<meta name=\"twitter:data1\" content=\"2 minutes\" \/>\n<script type=\"application\/ld+json\" class=\"yoast-schema-graph\">{\"@context\":\"https:\/\/schema.org\",\"@graph\":[{\"@type\":\"WebPage\",\"@id\":\"https:\/\/www.kela.health\/fr\/sante-animale\/\",\"url\":\"https:\/\/www.kela.health\/fr\/sante-animale\/\",\"name\":\"Sant\u00e9 animale - Kela Health\",\"isPartOf\":{\"@id\":\"https:\/\/www.kela.health\/#website\"},\"datePublished\":\"2018-10-16T12:31:03+00:00\",\"dateModified\":\"2018-11-26T16:11:31+00:00\",\"breadcrumb\":{\"@id\":\"https:\/\/www.kela.health\/fr\/sante-animale\/#breadcrumb\"},\"inLanguage\":\"fr-FR\",\"potentialAction\":[{\"@type\":\"ReadAction\",\"target\":[\"https:\/\/www.kela.health\/fr\/sante-animale\/\"]}]},{\"@type\":\"BreadcrumbList\",\"@id\":\"https:\/\/www.kela.health\/fr\/sante-animale\/#breadcrumb\",\"itemListElement\":[{\"@type\":\"ListItem\",\"position\":1,\"name\":\"Home\",\"item\":\"https:\/\/www.kela.health\/fr\/\"},{\"@type\":\"ListItem\",\"position\":2,\"name\":\"Sant\u00e9 animale\"}]},{\"@type\":\"WebSite\",\"@id\":\"https:\/\/www.kela.health\/#website\",\"url\":\"https:\/\/www.kela.health\/\",\"name\":\"Kela Health\",\"description\":\"Focus on health\",\"publisher\":{\"@id\":\"https:\/\/www.kela.health\/#organization\"},\"potentialAction\":[{\"@type\":\"SearchAction\",\"target\":{\"@type\":\"EntryPoint\",\"urlTemplate\":\"https:\/\/www.kela.health\/?s={search_term_string}\"},\"query-input\":\"required name=search_term_string\"}],\"inLanguage\":\"fr-FR\"},{\"@type\":\"Organization\",\"@id\":\"https:\/\/www.kela.health\/#organization\",\"name\":\"Kela NV\",\"url\":\"https:\/\/www.kela.health\/\",\"logo\":{\"@type\":\"ImageObject\",\"inLanguage\":\"fr-FR\",\"@id\":\"https:\/\/www.kela.health\/#\/schema\/logo\/image\/\",\"url\":\"https:\/\/www.kela.health\/wp-content\/uploads\/2018\/09\/Kela-Pos-RGB.jpg\",\"contentUrl\":\"https:\/\/www.kela.health\/wp-content\/uploads\/2018\/09\/Kela-Pos-RGB.jpg\",\"width\":1000,\"height\":490,\"caption\":\"Kela NV\"},\"image\":{\"@id\":\"https:\/\/www.kela.health\/#\/schema\/logo\/image\/\"},\"sameAs\":[\"https:\/\/www.facebook.com\/Kela.Hoogstraten\/\",\"https:\/\/www.linkedin.com\/company\/kela-laboratoria-n-v-\/\"]}]}<\/script>\n<!-- \/ Yoast SEO plugin. -->","yoast_head_json":{"title":"Sant\u00e9 animale - Kela Health","robots":{"index":"index","follow":"follow","max-snippet":"max-snippet:-1","max-image-preview":"max-image-preview:large","max-video-preview":"max-video-preview:-1"},"canonical":"https:\/\/www.kela.health\/fr\/sante-animale\/","og_locale":"fr_FR","og_type":"article","og_title":"Sant\u00e9 animale - Kela Health","og_url":"https:\/\/www.kela.health\/fr\/sante-animale\/","og_site_name":"Kela Health","article_publisher":"https:\/\/www.facebook.com\/Kela.Hoogstraten\/","article_modified_time":"2018-11-26T16:11:31+00:00","og_image":[{"url":"https:\/\/www.kela.health\/wp-content\/uploads\/2018\/08\/chat-bubble.svg"}],"twitter_card":"summary_large_image","twitter_misc":{"Est. reading time":"2 minutes"},"schema":{"@context":"https:\/\/schema.org","@graph":[{"@type":"WebPage","@id":"https:\/\/www.kela.health\/fr\/sante-animale\/","url":"https:\/\/www.kela.health\/fr\/sante-animale\/","name":"Sant\u00e9 animale - Kela Health","isPartOf":{"@id":"https:\/\/www.kela.health\/#website"},"datePublished":"2018-10-16T12:31:03+00:00","dateModified":"2018-11-26T16:11:31+00:00","breadcrumb":{"@id":"https:\/\/www.kela.health\/fr\/sante-animale\/#breadcrumb"},"inLanguage":"fr-FR","potentialAction":[{"@type":"ReadAction","target":["https:\/\/www.kela.health\/fr\/sante-animale\/"]}]},{"@type":"BreadcrumbList","@id":"https:\/\/www.kela.health\/fr\/sante-animale\/#breadcrumb","itemListElement":[{"@type":"ListItem","position":1,"name":"Home","item":"https:\/\/www.kela.health\/fr\/"},{"@type":"ListItem","position":2,"name":"Sant\u00e9 animale"}]},{"@type":"WebSite","@id":"https:\/\/www.kela.health\/#website","url":"https:\/\/www.kela.health\/","name":"Kela Health","description":"Focus on health","publisher":{"@id":"https:\/\/www.kela.health\/#organization"},"potentialAction":[{"@type":"SearchAction","target":{"@type":"EntryPoint","urlTemplate":"https:\/\/www.kela.health\/?s={search_term_string}"},"query-input":"required name=search_term_string"}],"inLanguage":"fr-FR"},{"@type":"Organization","@id":"https:\/\/www.kela.health\/#organization","name":"Kela NV","url":"https:\/\/www.kela.health\/","logo":{"@type":"ImageObject","inLanguage":"fr-FR","@id":"https:\/\/www.kela.health\/#\/schema\/logo\/image\/","url":"https:\/\/www.kela.health\/wp-content\/uploads\/2018\/09\/Kela-Pos-RGB.jpg","contentUrl":"https:\/\/www.kela.health\/wp-content\/uploads\/2018\/09\/Kela-Pos-RGB.jpg","width":1000,"height":490,"caption":"Kela NV"},"image":{"@id":"https:\/\/www.kela.health\/#\/schema\/logo\/image\/"},"sameAs":["https:\/\/www.facebook.com\/Kela.Hoogstraten\/","https:\/\/www.linkedin.com\/company\/kela-laboratoria-n-v-\/"]}]}},"_links":{"self":[{"href":"https:\/\/www.kela.health\/fr\/wp-json\/wp\/v2\/pages\/1436"}],"collection":[{"href":"https:\/\/www.kela.health\/fr\/wp-json\/wp\/v2\/pages"}],"about":[{"href":"https:\/\/www.kela.health\/fr\/wp-json\/wp\/v2\/types\/page"}],"author":[{"embeddable":true,"href":"https:\/\/www.kela.health\/fr\/wp-json\/wp\/v2\/users\/3"}],"replies":[{"embeddable":true,"href":"https:\/\/www.kela.health\/fr\/wp-json\/wp\/v2\/comments?post=1436"}],"version-history":[{"count":8,"href":"https:\/\/www.kela.health\/fr\/wp-json\/wp\/v2\/pages\/1436\/revisions"}],"predecessor-version":[{"id":2040,"href":"https:\/\/www.kela.health\/fr\/wp-json\/wp\/v2\/pages\/1436\/revisions\/2040"}],"wp:attachment":[{"href":"https:\/\/www.kela.health\/fr\/wp-json\/wp\/v2\/media?parent=1436"}],"curies":[{"name":"wp","href":"https:\/\/api.w.org\/{rel}","templated":true}]}}