{"id":1451,"date":"2018-10-16T14:52:03","date_gmt":"2018-10-16T12:52:03","guid":{"rendered":"https:\/\/www.kela.health\/?page_id=1451"},"modified":"2025-01-17T16:48:49","modified_gmt":"2025-01-17T15:48:49","slug":"a-propos-de-kela","status":"publish","type":"page","link":"https:\/\/www.kela.health\/fr\/a-propos-de-kela\/","title":{"rendered":"\u00c0 propos de Kela"},"content":{"rendered":"<section class=\"wpb-content-wrapper\"><p>[vc_row][vc_column][\/vc_column][\/vc_row][vc_section full_width=&#8221;stretch_row&#8221; content_placement=&#8221;top&#8221; el_id=&#8221;cat-landing-2&#8243; el_class=&#8221;cat-landing about-landing&#8221;][vc_row][vc_column width=&#8221;3\/12&#8243;][vc_row_inner][vc_column_inner][vc_wp_custommenu nav_menu=&#8221;13&#8243; el_class=&#8221;sidebar-small&#8221;][\/vc_column_inner][\/vc_row_inner][\/vc_column][vc_column width=&#8221;1\/12&#8243;][\/vc_column][vc_column width=&#8221;6\/12&#8243;][vc_column_text]<\/p>\n<h1><strong>\u00c0 propos de Kela<\/strong><\/h1>\n<h3>Expertise<\/h3>\n<p>Kela est une entreprise familiale belge fond\u00e9e en 1941. Nous avons acquis une grande expertise dans chaque aspect de la mise sur le march\u00e9 de produits pharmaceutiques et de compl\u00e9ments alimentaires. Notre savoir-faire repose sur des acquisitions soigneusement cibl\u00e9es et une politique de recrutement interne visant \u00e0 constituer des \u00e9quipes de sp\u00e9cialistes dans tous les domaines de la recherche et du d\u00e9veloppement (R&amp;D), de la fabrication, des enregistrements au niveau mondial, du marketing, de la vente et de l&#8217;exportation. Nos \u00e9quipes con\u00e7oivent et am\u00e9liorent des produits pharmaceutiques qui r\u00e9pondent aux besoins de diff\u00e9rentes esp\u00e8ces d\u2019animaux et aux d\u00e9fis agricoles dans le secteur de la sant\u00e9 animale \u00e0 l\u2019\u00e9chelle mondiale.<\/p>\n<h3>Partenaire exhaustif pour nos clients<\/h3>\n<p>Outre la qualit\u00e9 sup\u00e9rieure de ses produits, Kela est r\u00e9put\u00e9e pour ses comp\u00e9tences notoires en mati\u00e8re des pratiques r\u00e9glementaires locales et des processus d\u2019enregistrement dans le monde entier. Cela nous permet de respecter les exigences en mati\u00e8re d&#8217;enregistrement les plus vari\u00e9es en soumettant des dossiers sur mesure aux autorit\u00e9s locales. Dans le domaine de la distribution et du marketing, nous travaillons de concert avec nos filiales et par l\u2019interm\u00e9diaire de partenaires de distribution externes. Nous parvenons ainsi \u00e0 orienter plus efficacement nos ressources de vente et de marketing vers les canaux de distribution qui offrent des performances maximales et g\u00e9n\u00e8rent des niveaux de rentabilit\u00e9 avantageux pour toutes les parties concern\u00e9es. Plusieurs d\u00e9cennies d&#8217;exp\u00e9rience dans la fabrication ont mis Kela \u00e0 un niveau exemplaire, apte \u00e0 g\u00e9rer les processus de fabrication les plus d\u00e9licats et complexes. Nos normes strictes en mati\u00e8re de fabrication et nos performances \u00e0 l&#8217;exportation in\u00e9gal\u00e9es font de nous un partenaire privil\u00e9gi\u00e9 dans le domaine de la fabrication en sous-traitance (CMO) pour les fournisseurs de produits v\u00e9t\u00e9rinaires dans le monde.<\/p>\n<h3>Membre d\u2019Access VetMed<\/h3>\n<p>Kela est fier d\u2019\u00eatre membre <a href=\"https:\/\/accessvetmed.eu\/\" target=\"_blank\" rel=\"noopener\">d&#8217;Access VetMed<\/a>.<\/p>\n<p>Access VetMed, avant connu sous le nom de European Group for Generic Veterinary Products (EGGVP), a \u00e9t\u00e9 fond\u00e9 en 2002 pour repr\u00e9senter l&#8217;industrie des m\u00e9dicaments v\u00e9t\u00e9rinaires g\u00e9n\u00e9riques en Europe.<\/p>\n<p>\u00c0 l&#8217;\u00e9poque, Kela \u00e9tait l&#8217;un des membres fondateurs de l&#8217;EGGVP.<\/p>\n<p>Access VetMed met l&#8217;accent sur la valeur des m\u00e9dicaments v\u00e9t\u00e9rinaires g\u00e9n\u00e9riques pour la sant\u00e9 animale et la soci\u00e9t\u00e9 et joue un r\u00f4le actif dans le processus d\u00e9cisionnel de l&#8217;UE. L&#8217;association d\u00e9fend l&#8217;utilisation responsable des m\u00e9dicaments v\u00e9t\u00e9rinaires afin de s&#8217;assurer qu&#8217;ils sont utilis\u00e9s au b\u00e9n\u00e9fice des animaux selon l&#8217;approche One Health. Avec cette approche, ils correspondent parfaitement \u00e0 notre propre vision.[\/vc_column_text][\/vc_column][vc_column width=&#8221;2\/12&#8243;][\/vc_column][\/vc_row][\/vc_section][vc_row][vc_column]<div class=\"templatera_shortcode\"><div class=\"vc_row wpb_row vc_row-fluid\"><div class=\"wpb_column vc_column_container vc_col-sm-4\"><div class=\"vc_column-inner\"><div class=\"wpb_wrapper\">\n\t<div class=\"wpb_text_column wpb_content_element  box box-home\" >\n\t\t<div class=\"wpb_wrapper\">\n\t\t\t<p><a href=\"https:\/\/www.kela.health\/fr\/sante-animale\/\"><img class=\"size-full wp-image-206 alignleft\" src=\"https:\/\/www.kela.health\/wp-content\/uploads\/2018\/08\/AdobeStock_84894985@2x.png\" alt=\"\" width=\"540\" height=\"404\" \/><\/a><\/p>\n<p><a href=\"https:\/\/www.kela.health\/fr\/sante-animale\/\">Sant\u00e9 animale<\/a><\/p>\n\n\t\t<\/div>\n\t<\/div>\n<\/div><\/div><\/div><div class=\"wpb_column vc_column_container vc_col-sm-4\"><div class=\"vc_column-inner\"><div class=\"wpb_wrapper\">\n\t<div class=\"wpb_text_column wpb_content_element  box box-home\" >\n\t\t<div class=\"wpb_wrapper\">\n\t\t\t<p><a href=\"https:\/\/www.kela.health\/fr\/fabrication-en-sous-traitance\/\"><img class=\"alignnone wp-image-1929 size-full\" src=\"https:\/\/www.kela.health\/wp-content\/uploads\/2018\/09\/DSC3436-corr-crop-1.png\" alt=\"\" width=\"540\" height=\"404\" \/><\/a><\/p>\n<p><a href=\"https:\/\/www.kela.health\/fr\/fabrication-en-sous-traitance\/\">Fabrication en sous-traitance<\/a><\/p>\n\n\t\t<\/div>\n\t<\/div>\n<\/div><\/div><\/div><\/div><\/div>[\/vc_column][\/vc_row]<\/p>\n<\/section>","protected":false},"excerpt":{"rendered":"Sant\u00e9 animale Fabrication en sous-traitance","protected":false},"author":3,"featured_media":0,"parent":0,"menu_order":0,"comment_status":"closed","ping_status":"closed","template":"","meta":{"inline_featured_image":false},"acf":[],"yoast_head":"<!-- This site is optimized with the Yoast SEO plugin v20.8 - https:\/\/yoast.com\/wordpress\/plugins\/seo\/ -->\n<title>\u00c0 propos de Kela - Kela Health<\/title>\n<meta name=\"robots\" content=\"index, follow, max-snippet:-1, max-image-preview:large, max-video-preview:-1\" \/>\n<link rel=\"canonical\" href=\"https:\/\/www.kela.health\/es\/acerca-de-kela\/\" \/>\n<meta property=\"og:locale\" content=\"fr_FR\" \/>\n<meta property=\"og:type\" content=\"article\" \/>\n<meta property=\"og:title\" content=\"\u00c0 propos de Kela - Kela Health\" \/>\n<meta property=\"og:url\" content=\"https:\/\/www.kela.health\/es\/acerca-de-kela\/\" \/>\n<meta property=\"og:site_name\" content=\"Kela Health\" \/>\n<meta property=\"article:publisher\" content=\"https:\/\/www.facebook.com\/Kela.Hoogstraten\/\" \/>\n<meta property=\"article:modified_time\" content=\"2025-01-17T15:48:49+00:00\" \/>\n<meta property=\"og:image\" content=\"https:\/\/www.kela.health\/wp-content\/uploads\/2018\/11\/og_01.png\" \/>\n\t<meta property=\"og:image:width\" content=\"1200\" \/>\n\t<meta property=\"og:image:height\" content=\"630\" \/>\n\t<meta property=\"og:image:type\" content=\"image\/png\" \/>\n<meta name=\"twitter:card\" content=\"summary_large_image\" \/>\n<meta name=\"twitter:label1\" content=\"Est. reading time\" \/>\n\t<meta name=\"twitter:data1\" content=\"2 minutes\" \/>\n<script type=\"application\/ld+json\" class=\"yoast-schema-graph\">{\"@context\":\"https:\/\/schema.org\",\"@graph\":[{\"@type\":\"WebPage\",\"@id\":\"https:\/\/www.kela.health\/es\/acerca-de-kela\/\",\"url\":\"https:\/\/www.kela.health\/es\/acerca-de-kela\/\",\"name\":\"\u00c0 propos de Kela - Kela Health\",\"isPartOf\":{\"@id\":\"https:\/\/www.kela.health\/#website\"},\"datePublished\":\"2018-10-16T12:52:03+00:00\",\"dateModified\":\"2025-01-17T15:48:49+00:00\",\"breadcrumb\":{\"@id\":\"https:\/\/www.kela.health\/es\/acerca-de-kela\/#breadcrumb\"},\"inLanguage\":\"fr-FR\",\"potentialAction\":[{\"@type\":\"ReadAction\",\"target\":[\"https:\/\/www.kela.health\/es\/acerca-de-kela\/\"]}]},{\"@type\":\"BreadcrumbList\",\"@id\":\"https:\/\/www.kela.health\/es\/acerca-de-kela\/#breadcrumb\",\"itemListElement\":[{\"@type\":\"ListItem\",\"position\":1,\"name\":\"Home\",\"item\":\"https:\/\/www.kela.health\/fr\/\"},{\"@type\":\"ListItem\",\"position\":2,\"name\":\"\u00c0 propos de Kela\"}]},{\"@type\":\"WebSite\",\"@id\":\"https:\/\/www.kela.health\/#website\",\"url\":\"https:\/\/www.kela.health\/\",\"name\":\"Kela Health\",\"description\":\"Focus on health\",\"publisher\":{\"@id\":\"https:\/\/www.kela.health\/#organization\"},\"potentialAction\":[{\"@type\":\"SearchAction\",\"target\":{\"@type\":\"EntryPoint\",\"urlTemplate\":\"https:\/\/www.kela.health\/?s={search_term_string}\"},\"query-input\":\"required name=search_term_string\"}],\"inLanguage\":\"fr-FR\"},{\"@type\":\"Organization\",\"@id\":\"https:\/\/www.kela.health\/#organization\",\"name\":\"Kela NV\",\"url\":\"https:\/\/www.kela.health\/\",\"logo\":{\"@type\":\"ImageObject\",\"inLanguage\":\"fr-FR\",\"@id\":\"https:\/\/www.kela.health\/#\/schema\/logo\/image\/\",\"url\":\"https:\/\/www.kela.health\/wp-content\/uploads\/2018\/09\/Kela-Pos-RGB.jpg\",\"contentUrl\":\"https:\/\/www.kela.health\/wp-content\/uploads\/2018\/09\/Kela-Pos-RGB.jpg\",\"width\":1000,\"height\":490,\"caption\":\"Kela NV\"},\"image\":{\"@id\":\"https:\/\/www.kela.health\/#\/schema\/logo\/image\/\"},\"sameAs\":[\"https:\/\/www.facebook.com\/Kela.Hoogstraten\/\",\"https:\/\/www.linkedin.com\/company\/kela-laboratoria-n-v-\/\"]}]}<\/script>\n<!-- \/ Yoast SEO plugin. -->","yoast_head_json":{"title":"\u00c0 propos de Kela - Kela Health","robots":{"index":"index","follow":"follow","max-snippet":"max-snippet:-1","max-image-preview":"max-image-preview:large","max-video-preview":"max-video-preview:-1"},"canonical":"https:\/\/www.kela.health\/es\/acerca-de-kela\/","og_locale":"fr_FR","og_type":"article","og_title":"\u00c0 propos de Kela - Kela Health","og_url":"https:\/\/www.kela.health\/es\/acerca-de-kela\/","og_site_name":"Kela Health","article_publisher":"https:\/\/www.facebook.com\/Kela.Hoogstraten\/","article_modified_time":"2025-01-17T15:48:49+00:00","og_image":[{"width":1200,"height":630,"url":"https:\/\/www.kela.health\/wp-content\/uploads\/2018\/11\/og_01.png","type":"image\/png"}],"twitter_card":"summary_large_image","twitter_misc":{"Est. reading time":"2 minutes"},"schema":{"@context":"https:\/\/schema.org","@graph":[{"@type":"WebPage","@id":"https:\/\/www.kela.health\/es\/acerca-de-kela\/","url":"https:\/\/www.kela.health\/es\/acerca-de-kela\/","name":"\u00c0 propos de Kela - Kela Health","isPartOf":{"@id":"https:\/\/www.kela.health\/#website"},"datePublished":"2018-10-16T12:52:03+00:00","dateModified":"2025-01-17T15:48:49+00:00","breadcrumb":{"@id":"https:\/\/www.kela.health\/es\/acerca-de-kela\/#breadcrumb"},"inLanguage":"fr-FR","potentialAction":[{"@type":"ReadAction","target":["https:\/\/www.kela.health\/es\/acerca-de-kela\/"]}]},{"@type":"BreadcrumbList","@id":"https:\/\/www.kela.health\/es\/acerca-de-kela\/#breadcrumb","itemListElement":[{"@type":"ListItem","position":1,"name":"Home","item":"https:\/\/www.kela.health\/fr\/"},{"@type":"ListItem","position":2,"name":"\u00c0 propos de Kela"}]},{"@type":"WebSite","@id":"https:\/\/www.kela.health\/#website","url":"https:\/\/www.kela.health\/","name":"Kela Health","description":"Focus on health","publisher":{"@id":"https:\/\/www.kela.health\/#organization"},"potentialAction":[{"@type":"SearchAction","target":{"@type":"EntryPoint","urlTemplate":"https:\/\/www.kela.health\/?s={search_term_string}"},"query-input":"required name=search_term_string"}],"inLanguage":"fr-FR"},{"@type":"Organization","@id":"https:\/\/www.kela.health\/#organization","name":"Kela NV","url":"https:\/\/www.kela.health\/","logo":{"@type":"ImageObject","inLanguage":"fr-FR","@id":"https:\/\/www.kela.health\/#\/schema\/logo\/image\/","url":"https:\/\/www.kela.health\/wp-content\/uploads\/2018\/09\/Kela-Pos-RGB.jpg","contentUrl":"https:\/\/www.kela.health\/wp-content\/uploads\/2018\/09\/Kela-Pos-RGB.jpg","width":1000,"height":490,"caption":"Kela NV"},"image":{"@id":"https:\/\/www.kela.health\/#\/schema\/logo\/image\/"},"sameAs":["https:\/\/www.facebook.com\/Kela.Hoogstraten\/","https:\/\/www.linkedin.com\/company\/kela-laboratoria-n-v-\/"]}]}},"_links":{"self":[{"href":"https:\/\/www.kela.health\/fr\/wp-json\/wp\/v2\/pages\/1451"}],"collection":[{"href":"https:\/\/www.kela.health\/fr\/wp-json\/wp\/v2\/pages"}],"about":[{"href":"https:\/\/www.kela.health\/fr\/wp-json\/wp\/v2\/types\/page"}],"author":[{"embeddable":true,"href":"https:\/\/www.kela.health\/fr\/wp-json\/wp\/v2\/users\/3"}],"replies":[{"embeddable":true,"href":"https:\/\/www.kela.health\/fr\/wp-json\/wp\/v2\/comments?post=1451"}],"version-history":[{"count":7,"href":"https:\/\/www.kela.health\/fr\/wp-json\/wp\/v2\/pages\/1451\/revisions"}],"predecessor-version":[{"id":7089,"href":"https:\/\/www.kela.health\/fr\/wp-json\/wp\/v2\/pages\/1451\/revisions\/7089"}],"wp:attachment":[{"href":"https:\/\/www.kela.health\/fr\/wp-json\/wp\/v2\/media?parent=1451"}],"curies":[{"name":"wp","href":"https:\/\/api.w.org\/{rel}","templated":true}]}}