{"id":1524,"date":"2018-10-16T16:09:13","date_gmt":"2018-10-16T14:09:13","guid":{"rendered":"https:\/\/www.kela.health\/?page_id=1524"},"modified":"2025-02-28T18:06:07","modified_gmt":"2025-02-28T17:06:07","slug":"mission-vision","status":"publish","type":"page","link":"https:\/\/www.kela.health\/fr\/a-propos-de-kela\/mission-vision\/","title":{"rendered":"Mission et vision"},"content":{"rendered":"<section class=\"wpb-content-wrapper\"><p>[vc_row][vc_column][\/vc_column][\/vc_row][vc_section full_width=&#8221;stretch_row&#8221; content_placement=&#8221;top&#8221; el_id=&#8221;cat-landing-2&#8243; el_class=&#8221;cat-landing about-landing&#8221;][vc_row][vc_column width=&#8221;3\/12&#8243;][vc_row_inner][vc_column_inner][vc_wp_custommenu nav_menu=&#8221;13&#8243; el_class=&#8221;sidebar-small&#8221;][\/vc_column_inner][\/vc_row_inner][\/vc_column][vc_column width=&#8221;1\/12&#8243;][\/vc_column][vc_column width=&#8221;6\/12&#8243;][vc_column_text]<\/p>\n<h1>Mission et vision<\/h1>\n<h3>Mission<\/h3>\n<p>Kela stands for a sustainable \u2018one health\u2018 approach to support the responsible use of antibiotics and other medicines.<br \/>\nWith our selective product portfolio, we provide safe and reliable solutions and services to our international business partners while providing health, economic and social benefits to society.<\/p>\n<h3>Vision<\/h3>\n<p><span data-olk-copy-source=\"MessageBody\">Kela encourage l\u2019approche durable \u2018One health\u2019 afin de soutenir l\u2019utilisation responsable des antibiotiques et d\u2019autres m\u00e9dicaments. Gr\u00e2ce \u00e0 sa gamme de produits s\u00e9lective, Kela fournit des solutions et des services s\u00fbrs et fiables \u00e0 ses partenaires commerciaux internationaux tout en offrant des avantages sanitaires, \u00e9conomiques et sociaux \u00e0 la communaut\u00e9.<\/span>[\/vc_column_text][\/vc_column][vc_column width=&#8221;2\/12&#8243;][\/vc_column][\/vc_row][\/vc_section][vc_row][vc_column]<div class=\"templatera_shortcode\"><div class=\"vc_row wpb_row vc_row-fluid\"><div class=\"wpb_column vc_column_container vc_col-sm-4\"><div class=\"vc_column-inner\"><div class=\"wpb_wrapper\">\n\t<div class=\"wpb_text_column wpb_content_element  box box-home\" >\n\t\t<div class=\"wpb_wrapper\">\n\t\t\t<p><a href=\"https:\/\/www.kela.health\/fr\/sante-animale\/\"><img class=\"size-full wp-image-206 alignleft\" src=\"https:\/\/www.kela.health\/wp-content\/uploads\/2018\/08\/AdobeStock_84894985@2x.png\" alt=\"\" width=\"540\" height=\"404\" \/><\/a><\/p>\n<p><a href=\"https:\/\/www.kela.health\/fr\/sante-animale\/\">Sant\u00e9 animale<\/a><\/p>\n\n\t\t<\/div>\n\t<\/div>\n<\/div><\/div><\/div><div class=\"wpb_column vc_column_container vc_col-sm-4\"><div class=\"vc_column-inner\"><div class=\"wpb_wrapper\">\n\t<div class=\"wpb_text_column wpb_content_element  box box-home\" >\n\t\t<div class=\"wpb_wrapper\">\n\t\t\t<p><a href=\"https:\/\/www.kela.health\/fr\/fabrication-en-sous-traitance\/\"><img class=\"alignnone wp-image-1929 size-full\" src=\"https:\/\/www.kela.health\/wp-content\/uploads\/2018\/09\/DSC3436-corr-crop-1.png\" alt=\"\" width=\"540\" height=\"404\" \/><\/a><\/p>\n<p><a href=\"https:\/\/www.kela.health\/fr\/fabrication-en-sous-traitance\/\">Fabrication en sous-traitance<\/a><\/p>\n\n\t\t<\/div>\n\t<\/div>\n<\/div><\/div><\/div><\/div><\/div>[\/vc_column][\/vc_row]<\/p>\n<\/section>","protected":false},"excerpt":{"rendered":"Sant\u00e9 animale Fabrication en sous-traitance","protected":false},"author":3,"featured_media":0,"parent":1451,"menu_order":0,"comment_status":"closed","ping_status":"closed","template":"","meta":{"inline_featured_image":false},"acf":[],"yoast_head":"<!-- This site is optimized with the Yoast SEO plugin v20.8 - https:\/\/yoast.com\/wordpress\/plugins\/seo\/ -->\n<title>Mission et vision - \u00c0 propos de Kela - Kela Health<\/title>\n<meta name=\"robots\" content=\"index, follow, max-snippet:-1, max-image-preview:large, max-video-preview:-1\" \/>\n<link rel=\"canonical\" href=\"https:\/\/www.kela.health\/fr\/a-propos-de-kela\/mission-vision\/\" \/>\n<meta property=\"og:locale\" content=\"fr_FR\" \/>\n<meta property=\"og:type\" content=\"article\" \/>\n<meta property=\"og:title\" content=\"Mission et vision - \u00c0 propos de Kela - Kela Health\" \/>\n<meta property=\"og:url\" content=\"https:\/\/www.kela.health\/fr\/a-propos-de-kela\/mission-vision\/\" \/>\n<meta property=\"og:site_name\" content=\"Kela Health\" \/>\n<meta property=\"article:publisher\" content=\"https:\/\/www.facebook.com\/Kela.Hoogstraten\/\" \/>\n<meta property=\"article:modified_time\" content=\"2025-02-28T17:06:07+00:00\" \/>\n<meta property=\"og:image\" content=\"https:\/\/www.kela.health\/wp-content\/uploads\/2018\/11\/og_01.png\" \/>\n\t<meta property=\"og:image:width\" content=\"1200\" \/>\n\t<meta property=\"og:image:height\" content=\"630\" \/>\n\t<meta property=\"og:image:type\" content=\"image\/png\" \/>\n<meta name=\"twitter:card\" content=\"summary_large_image\" \/>\n<meta name=\"twitter:label1\" content=\"Est. reading time\" \/>\n\t<meta name=\"twitter:data1\" content=\"1 minute\" \/>\n<script type=\"application\/ld+json\" class=\"yoast-schema-graph\">{\"@context\":\"https:\/\/schema.org\",\"@graph\":[{\"@type\":\"WebPage\",\"@id\":\"https:\/\/www.kela.health\/fr\/a-propos-de-kela\/mission-vision\/\",\"url\":\"https:\/\/www.kela.health\/fr\/a-propos-de-kela\/mission-vision\/\",\"name\":\"Mission et vision - \u00c0 propos de Kela - Kela Health\",\"isPartOf\":{\"@id\":\"https:\/\/www.kela.health\/#website\"},\"datePublished\":\"2018-10-16T14:09:13+00:00\",\"dateModified\":\"2025-02-28T17:06:07+00:00\",\"breadcrumb\":{\"@id\":\"https:\/\/www.kela.health\/fr\/a-propos-de-kela\/mission-vision\/#breadcrumb\"},\"inLanguage\":\"fr-FR\",\"potentialAction\":[{\"@type\":\"ReadAction\",\"target\":[\"https:\/\/www.kela.health\/fr\/a-propos-de-kela\/mission-vision\/\"]}]},{\"@type\":\"BreadcrumbList\",\"@id\":\"https:\/\/www.kela.health\/fr\/a-propos-de-kela\/mission-vision\/#breadcrumb\",\"itemListElement\":[{\"@type\":\"ListItem\",\"position\":1,\"name\":\"Home\",\"item\":\"https:\/\/www.kela.health\/fr\/\"},{\"@type\":\"ListItem\",\"position\":2,\"name\":\"\u00c0 propos de Kela\",\"item\":\"https:\/\/www.kela.health\/es\/acerca-de-kela\/\"},{\"@type\":\"ListItem\",\"position\":3,\"name\":\"Mission et vision\"}]},{\"@type\":\"WebSite\",\"@id\":\"https:\/\/www.kela.health\/#website\",\"url\":\"https:\/\/www.kela.health\/\",\"name\":\"Kela Health\",\"description\":\"Focus on health\",\"publisher\":{\"@id\":\"https:\/\/www.kela.health\/#organization\"},\"potentialAction\":[{\"@type\":\"SearchAction\",\"target\":{\"@type\":\"EntryPoint\",\"urlTemplate\":\"https:\/\/www.kela.health\/?s={search_term_string}\"},\"query-input\":\"required name=search_term_string\"}],\"inLanguage\":\"fr-FR\"},{\"@type\":\"Organization\",\"@id\":\"https:\/\/www.kela.health\/#organization\",\"name\":\"Kela NV\",\"url\":\"https:\/\/www.kela.health\/\",\"logo\":{\"@type\":\"ImageObject\",\"inLanguage\":\"fr-FR\",\"@id\":\"https:\/\/www.kela.health\/#\/schema\/logo\/image\/\",\"url\":\"https:\/\/www.kela.health\/wp-content\/uploads\/2018\/09\/Kela-Pos-RGB.jpg\",\"contentUrl\":\"https:\/\/www.kela.health\/wp-content\/uploads\/2018\/09\/Kela-Pos-RGB.jpg\",\"width\":1000,\"height\":490,\"caption\":\"Kela NV\"},\"image\":{\"@id\":\"https:\/\/www.kela.health\/#\/schema\/logo\/image\/\"},\"sameAs\":[\"https:\/\/www.facebook.com\/Kela.Hoogstraten\/\",\"https:\/\/www.linkedin.com\/company\/kela-laboratoria-n-v-\/\"]}]}<\/script>\n<!-- \/ Yoast SEO plugin. -->","yoast_head_json":{"title":"Mission et vision - \u00c0 propos de Kela - Kela Health","robots":{"index":"index","follow":"follow","max-snippet":"max-snippet:-1","max-image-preview":"max-image-preview:large","max-video-preview":"max-video-preview:-1"},"canonical":"https:\/\/www.kela.health\/fr\/a-propos-de-kela\/mission-vision\/","og_locale":"fr_FR","og_type":"article","og_title":"Mission et vision - \u00c0 propos de Kela - Kela Health","og_url":"https:\/\/www.kela.health\/fr\/a-propos-de-kela\/mission-vision\/","og_site_name":"Kela Health","article_publisher":"https:\/\/www.facebook.com\/Kela.Hoogstraten\/","article_modified_time":"2025-02-28T17:06:07+00:00","og_image":[{"width":1200,"height":630,"url":"https:\/\/www.kela.health\/wp-content\/uploads\/2018\/11\/og_01.png","type":"image\/png"}],"twitter_card":"summary_large_image","twitter_misc":{"Est. reading time":"1 minute"},"schema":{"@context":"https:\/\/schema.org","@graph":[{"@type":"WebPage","@id":"https:\/\/www.kela.health\/fr\/a-propos-de-kela\/mission-vision\/","url":"https:\/\/www.kela.health\/fr\/a-propos-de-kela\/mission-vision\/","name":"Mission et vision - \u00c0 propos de Kela - Kela Health","isPartOf":{"@id":"https:\/\/www.kela.health\/#website"},"datePublished":"2018-10-16T14:09:13+00:00","dateModified":"2025-02-28T17:06:07+00:00","breadcrumb":{"@id":"https:\/\/www.kela.health\/fr\/a-propos-de-kela\/mission-vision\/#breadcrumb"},"inLanguage":"fr-FR","potentialAction":[{"@type":"ReadAction","target":["https:\/\/www.kela.health\/fr\/a-propos-de-kela\/mission-vision\/"]}]},{"@type":"BreadcrumbList","@id":"https:\/\/www.kela.health\/fr\/a-propos-de-kela\/mission-vision\/#breadcrumb","itemListElement":[{"@type":"ListItem","position":1,"name":"Home","item":"https:\/\/www.kela.health\/fr\/"},{"@type":"ListItem","position":2,"name":"\u00c0 propos de Kela","item":"https:\/\/www.kela.health\/es\/acerca-de-kela\/"},{"@type":"ListItem","position":3,"name":"Mission et vision"}]},{"@type":"WebSite","@id":"https:\/\/www.kela.health\/#website","url":"https:\/\/www.kela.health\/","name":"Kela Health","description":"Focus on health","publisher":{"@id":"https:\/\/www.kela.health\/#organization"},"potentialAction":[{"@type":"SearchAction","target":{"@type":"EntryPoint","urlTemplate":"https:\/\/www.kela.health\/?s={search_term_string}"},"query-input":"required name=search_term_string"}],"inLanguage":"fr-FR"},{"@type":"Organization","@id":"https:\/\/www.kela.health\/#organization","name":"Kela NV","url":"https:\/\/www.kela.health\/","logo":{"@type":"ImageObject","inLanguage":"fr-FR","@id":"https:\/\/www.kela.health\/#\/schema\/logo\/image\/","url":"https:\/\/www.kela.health\/wp-content\/uploads\/2018\/09\/Kela-Pos-RGB.jpg","contentUrl":"https:\/\/www.kela.health\/wp-content\/uploads\/2018\/09\/Kela-Pos-RGB.jpg","width":1000,"height":490,"caption":"Kela NV"},"image":{"@id":"https:\/\/www.kela.health\/#\/schema\/logo\/image\/"},"sameAs":["https:\/\/www.facebook.com\/Kela.Hoogstraten\/","https:\/\/www.linkedin.com\/company\/kela-laboratoria-n-v-\/"]}]}},"_links":{"self":[{"href":"https:\/\/www.kela.health\/fr\/wp-json\/wp\/v2\/pages\/1524"}],"collection":[{"href":"https:\/\/www.kela.health\/fr\/wp-json\/wp\/v2\/pages"}],"about":[{"href":"https:\/\/www.kela.health\/fr\/wp-json\/wp\/v2\/types\/page"}],"author":[{"embeddable":true,"href":"https:\/\/www.kela.health\/fr\/wp-json\/wp\/v2\/users\/3"}],"replies":[{"embeddable":true,"href":"https:\/\/www.kela.health\/fr\/wp-json\/wp\/v2\/comments?post=1524"}],"version-history":[{"count":5,"href":"https:\/\/www.kela.health\/fr\/wp-json\/wp\/v2\/pages\/1524\/revisions"}],"predecessor-version":[{"id":7208,"href":"https:\/\/www.kela.health\/fr\/wp-json\/wp\/v2\/pages\/1524\/revisions\/7208"}],"up":[{"embeddable":true,"href":"https:\/\/www.kela.health\/fr\/wp-json\/wp\/v2\/pages\/1451"}],"wp:attachment":[{"href":"https:\/\/www.kela.health\/fr\/wp-json\/wp\/v2\/media?parent=1524"}],"curies":[{"name":"wp","href":"https:\/\/api.w.org\/{rel}","templated":true}]}}