{"id":1527,"date":"2018-10-16T16:12:25","date_gmt":"2018-10-16T14:12:25","guid":{"rendered":"https:\/\/www.kela.health\/?page_id=1527"},"modified":"2018-10-25T11:24:57","modified_gmt":"2018-10-25T09:24:57","slug":"nos-valeurs","status":"publish","type":"page","link":"https:\/\/www.kela.health\/fr\/a-propos-de-kela\/nos-valeurs\/","title":{"rendered":"Nos valeurs"},"content":{"rendered":"<section class=\"wpb-content-wrapper\"><p>[vc_row][vc_column][\/vc_column][\/vc_row][vc_section full_width=&#8221;stretch_row&#8221; content_placement=&#8221;top&#8221; el_id=&#8221;cat-landing-2&#8243; el_class=&#8221;cat-landing about-landing&#8221;][vc_row][vc_column width=&#8221;3\/12&#8243;][vc_row_inner][vc_column_inner][vc_wp_custommenu nav_menu=&#8221;13&#8243; el_class=&#8221;sidebar-small&#8221;][\/vc_column_inner][\/vc_row_inner][\/vc_column][vc_column width=&#8221;1\/12&#8243;][\/vc_column][vc_column width=&#8221;6\/12&#8243;][vc_column_text]<\/p>\n<h1>Nos valeurs<\/h1>\n<p>Nos valeurs sont incarn\u00e9es dans l&#8217;acronyme PARTICIPATE qui rassemble Passion, Responsabilit\u00e9, Respect, Ax\u00e9 sur les r\u00e9sultats et Travail d&#8217;\u00e9quipe, au sein d\u2019un verbe qui traduit qui nous sommes. We PARTICIPATE@KELA.<\/p>\n<p>Le <strong>Respect<\/strong> est un \u00e9l\u00e9ment cl\u00e9 dans notre entreprise. Le respect mutuel incite au respect des clients, des organismes de r\u00e9glementation et des autorit\u00e9s locales, des communaut\u00e9s dans lesquelles nous travaillons et \u00e0 qui nous fournissons nos services. Le respect est une question de confiance, de permettre \u00e0 chacun d\u2019apporter son savoir et ses comp\u00e9tences. Il est bas\u00e9 sur l\u2019int\u00e9grit\u00e9, la transparence et une attitude d\u2019\u00e9coute \u00e0 l\u2019\u00e9gard des autres, en interne comme en externe, et l\u2019adh\u00e9rence \u00e0 diff\u00e9rents points de vue.<\/p>\n<p>La <strong>Responsabilit\u00e9 <\/strong>commence par la prise au s\u00e9rieux de nos t\u00e2ches. Agir de mani\u00e8re professionnelle signifie travailler efficacement, selon le plan, dans le but de satisfaire nos clients. Nous faisons preuve de discipline en respectant les r\u00e8gles et les engagements.<\/p>\n<p>Notre attitude <strong>Ax\u00e9e sur les r\u00e9sultats<\/strong> se refl\u00e8te dans notre mentalit\u00e9 d\u2019entrepreneur. Nous sommes dynamiques, aspirons \u00e0 mieux conna\u00eetre nos clients et nos march\u00e9s et \u0153uvrons \u00e0 la recherche de solutions. Nous fixons des priorit\u00e9s et faisons des choix clairs prenant en compte les objectifs de Kela et les besoins de nos clients.<\/p>\n<p>Le <strong>Travail d<\/strong>\u2019<strong>\u00e9quipe<\/strong> va de soi. Nous favorisons un environnement de travail positif et reconnaissant bas\u00e9 sur le respect mutuel. Nous assistons et aidons nos coll\u00e8gues dans la mesure du possible et partageons nos connaissances. Nous consid\u00e9rons qu\u2019une communication efficace est essentielle pour l\u2019efficacit\u00e9 de nos services aux clients.<\/p>\n<p>La <strong>Passion<\/strong> regroupe toutes nos valeurs. Nous avan\u00e7ons gr\u00e2ce \u00e0 notre enthousiasme, nous sommes fiers de nos r\u00e9alisations personnelles et de celles de Kela. Nous sommes cr\u00e9atifs et nous aimons sortir des sentiers battus de mani\u00e8re \u00e0 apporter une valeur ajout\u00e9e aux clients.[\/vc_column_text][\/vc_column][vc_column width=&#8221;2\/12&#8243;][\/vc_column][\/vc_row][\/vc_section][vc_row][vc_column][\/vc_column][\/vc_row]<\/p>\n<\/section>","protected":false},"excerpt":{"rendered":"Sant\u00e9 animale Fabrication en sous-traitance","protected":false},"author":3,"featured_media":0,"parent":1451,"menu_order":0,"comment_status":"closed","ping_status":"closed","template":"","meta":{"inline_featured_image":false},"acf":[],"yoast_head":"<!-- This site is optimized with the Yoast SEO plugin v20.8 - https:\/\/yoast.com\/wordpress\/plugins\/seo\/ -->\n<title>Nos valeurs - \u00c0 propos de Kela - Kela Health<\/title>\n<meta name=\"robots\" content=\"index, follow, max-snippet:-1, max-image-preview:large, max-video-preview:-1\" \/>\n<link rel=\"canonical\" href=\"https:\/\/www.kela.health\/es\/acerca-de-kela\/nuestros-valores\/\" \/>\n<meta property=\"og:locale\" content=\"fr_FR\" \/>\n<meta property=\"og:type\" content=\"article\" \/>\n<meta property=\"og:title\" content=\"Nos valeurs - \u00c0 propos de Kela - Kela Health\" \/>\n<meta property=\"og:url\" content=\"https:\/\/www.kela.health\/es\/acerca-de-kela\/nuestros-valores\/\" \/>\n<meta property=\"og:site_name\" content=\"Kela Health\" \/>\n<meta property=\"article:publisher\" content=\"https:\/\/www.facebook.com\/Kela.Hoogstraten\/\" \/>\n<meta property=\"article:modified_time\" content=\"2018-10-25T09:24:57+00:00\" \/>\n<meta property=\"og:image\" content=\"https:\/\/www.kela.health\/wp-content\/uploads\/2018\/11\/og_01.png\" \/>\n\t<meta property=\"og:image:width\" content=\"1200\" \/>\n\t<meta property=\"og:image:height\" content=\"630\" \/>\n\t<meta property=\"og:image:type\" content=\"image\/png\" \/>\n<meta name=\"twitter:card\" content=\"summary_large_image\" \/>\n<meta name=\"twitter:label1\" content=\"Est. reading time\" \/>\n\t<meta name=\"twitter:data1\" content=\"2 minutes\" \/>\n<script type=\"application\/ld+json\" class=\"yoast-schema-graph\">{\"@context\":\"https:\/\/schema.org\",\"@graph\":[{\"@type\":\"WebPage\",\"@id\":\"https:\/\/www.kela.health\/es\/acerca-de-kela\/nuestros-valores\/\",\"url\":\"https:\/\/www.kela.health\/es\/acerca-de-kela\/nuestros-valores\/\",\"name\":\"Nos valeurs - \u00c0 propos de Kela - Kela Health\",\"isPartOf\":{\"@id\":\"https:\/\/www.kela.health\/#website\"},\"datePublished\":\"2018-10-16T14:12:25+00:00\",\"dateModified\":\"2018-10-25T09:24:57+00:00\",\"breadcrumb\":{\"@id\":\"https:\/\/www.kela.health\/es\/acerca-de-kela\/nuestros-valores\/#breadcrumb\"},\"inLanguage\":\"fr-FR\",\"potentialAction\":[{\"@type\":\"ReadAction\",\"target\":[\"https:\/\/www.kela.health\/es\/acerca-de-kela\/nuestros-valores\/\"]}]},{\"@type\":\"BreadcrumbList\",\"@id\":\"https:\/\/www.kela.health\/es\/acerca-de-kela\/nuestros-valores\/#breadcrumb\",\"itemListElement\":[{\"@type\":\"ListItem\",\"position\":1,\"name\":\"Home\",\"item\":\"https:\/\/www.kela.health\/fr\/\"},{\"@type\":\"ListItem\",\"position\":2,\"name\":\"\u00c0 propos de Kela\",\"item\":\"https:\/\/www.kela.health\/es\/acerca-de-kela\/\"},{\"@type\":\"ListItem\",\"position\":3,\"name\":\"Nos valeurs\"}]},{\"@type\":\"WebSite\",\"@id\":\"https:\/\/www.kela.health\/#website\",\"url\":\"https:\/\/www.kela.health\/\",\"name\":\"Kela Health\",\"description\":\"Focus on health\",\"publisher\":{\"@id\":\"https:\/\/www.kela.health\/#organization\"},\"potentialAction\":[{\"@type\":\"SearchAction\",\"target\":{\"@type\":\"EntryPoint\",\"urlTemplate\":\"https:\/\/www.kela.health\/?s={search_term_string}\"},\"query-input\":\"required name=search_term_string\"}],\"inLanguage\":\"fr-FR\"},{\"@type\":\"Organization\",\"@id\":\"https:\/\/www.kela.health\/#organization\",\"name\":\"Kela NV\",\"url\":\"https:\/\/www.kela.health\/\",\"logo\":{\"@type\":\"ImageObject\",\"inLanguage\":\"fr-FR\",\"@id\":\"https:\/\/www.kela.health\/#\/schema\/logo\/image\/\",\"url\":\"https:\/\/www.kela.health\/wp-content\/uploads\/2018\/09\/Kela-Pos-RGB.jpg\",\"contentUrl\":\"https:\/\/www.kela.health\/wp-content\/uploads\/2018\/09\/Kela-Pos-RGB.jpg\",\"width\":1000,\"height\":490,\"caption\":\"Kela NV\"},\"image\":{\"@id\":\"https:\/\/www.kela.health\/#\/schema\/logo\/image\/\"},\"sameAs\":[\"https:\/\/www.facebook.com\/Kela.Hoogstraten\/\",\"https:\/\/www.linkedin.com\/company\/kela-laboratoria-n-v-\/\"]}]}<\/script>\n<!-- \/ Yoast SEO plugin. -->","yoast_head_json":{"title":"Nos valeurs - \u00c0 propos de Kela - Kela Health","robots":{"index":"index","follow":"follow","max-snippet":"max-snippet:-1","max-image-preview":"max-image-preview:large","max-video-preview":"max-video-preview:-1"},"canonical":"https:\/\/www.kela.health\/es\/acerca-de-kela\/nuestros-valores\/","og_locale":"fr_FR","og_type":"article","og_title":"Nos valeurs - \u00c0 propos de Kela - Kela Health","og_url":"https:\/\/www.kela.health\/es\/acerca-de-kela\/nuestros-valores\/","og_site_name":"Kela Health","article_publisher":"https:\/\/www.facebook.com\/Kela.Hoogstraten\/","article_modified_time":"2018-10-25T09:24:57+00:00","og_image":[{"width":1200,"height":630,"url":"https:\/\/www.kela.health\/wp-content\/uploads\/2018\/11\/og_01.png","type":"image\/png"}],"twitter_card":"summary_large_image","twitter_misc":{"Est. reading time":"2 minutes"},"schema":{"@context":"https:\/\/schema.org","@graph":[{"@type":"WebPage","@id":"https:\/\/www.kela.health\/es\/acerca-de-kela\/nuestros-valores\/","url":"https:\/\/www.kela.health\/es\/acerca-de-kela\/nuestros-valores\/","name":"Nos valeurs - \u00c0 propos de Kela - Kela Health","isPartOf":{"@id":"https:\/\/www.kela.health\/#website"},"datePublished":"2018-10-16T14:12:25+00:00","dateModified":"2018-10-25T09:24:57+00:00","breadcrumb":{"@id":"https:\/\/www.kela.health\/es\/acerca-de-kela\/nuestros-valores\/#breadcrumb"},"inLanguage":"fr-FR","potentialAction":[{"@type":"ReadAction","target":["https:\/\/www.kela.health\/es\/acerca-de-kela\/nuestros-valores\/"]}]},{"@type":"BreadcrumbList","@id":"https:\/\/www.kela.health\/es\/acerca-de-kela\/nuestros-valores\/#breadcrumb","itemListElement":[{"@type":"ListItem","position":1,"name":"Home","item":"https:\/\/www.kela.health\/fr\/"},{"@type":"ListItem","position":2,"name":"\u00c0 propos de Kela","item":"https:\/\/www.kela.health\/es\/acerca-de-kela\/"},{"@type":"ListItem","position":3,"name":"Nos valeurs"}]},{"@type":"WebSite","@id":"https:\/\/www.kela.health\/#website","url":"https:\/\/www.kela.health\/","name":"Kela Health","description":"Focus on health","publisher":{"@id":"https:\/\/www.kela.health\/#organization"},"potentialAction":[{"@type":"SearchAction","target":{"@type":"EntryPoint","urlTemplate":"https:\/\/www.kela.health\/?s={search_term_string}"},"query-input":"required name=search_term_string"}],"inLanguage":"fr-FR"},{"@type":"Organization","@id":"https:\/\/www.kela.health\/#organization","name":"Kela NV","url":"https:\/\/www.kela.health\/","logo":{"@type":"ImageObject","inLanguage":"fr-FR","@id":"https:\/\/www.kela.health\/#\/schema\/logo\/image\/","url":"https:\/\/www.kela.health\/wp-content\/uploads\/2018\/09\/Kela-Pos-RGB.jpg","contentUrl":"https:\/\/www.kela.health\/wp-content\/uploads\/2018\/09\/Kela-Pos-RGB.jpg","width":1000,"height":490,"caption":"Kela NV"},"image":{"@id":"https:\/\/www.kela.health\/#\/schema\/logo\/image\/"},"sameAs":["https:\/\/www.facebook.com\/Kela.Hoogstraten\/","https:\/\/www.linkedin.com\/company\/kela-laboratoria-n-v-\/"]}]}},"_links":{"self":[{"href":"https:\/\/www.kela.health\/fr\/wp-json\/wp\/v2\/pages\/1527"}],"collection":[{"href":"https:\/\/www.kela.health\/fr\/wp-json\/wp\/v2\/pages"}],"about":[{"href":"https:\/\/www.kela.health\/fr\/wp-json\/wp\/v2\/types\/page"}],"author":[{"embeddable":true,"href":"https:\/\/www.kela.health\/fr\/wp-json\/wp\/v2\/users\/3"}],"replies":[{"embeddable":true,"href":"https:\/\/www.kela.health\/fr\/wp-json\/wp\/v2\/comments?post=1527"}],"version-history":[{"count":2,"href":"https:\/\/www.kela.health\/fr\/wp-json\/wp\/v2\/pages\/1527\/revisions"}],"predecessor-version":[{"id":1818,"href":"https:\/\/www.kela.health\/fr\/wp-json\/wp\/v2\/pages\/1527\/revisions\/1818"}],"up":[{"embeddable":true,"href":"https:\/\/www.kela.health\/fr\/wp-json\/wp\/v2\/pages\/1451"}],"wp:attachment":[{"href":"https:\/\/www.kela.health\/fr\/wp-json\/wp\/v2\/media?parent=1527"}],"curies":[{"name":"wp","href":"https:\/\/api.w.org\/{rel}","templated":true}]}}