{"id":1529,"date":"2018-10-16T16:13:49","date_gmt":"2018-10-16T14:13:49","guid":{"rendered":"https:\/\/www.kela.health\/?page_id=1529"},"modified":"2025-01-17T16:50:33","modified_gmt":"2025-01-17T15:50:33","slug":"historique","status":"publish","type":"page","link":"https:\/\/www.kela.health\/fr\/a-propos-de-kela\/historique\/","title":{"rendered":"Historique"},"content":{"rendered":"<section class=\"wpb-content-wrapper\"><p>[vc_row][vc_column][\/vc_column][\/vc_row][vc_section full_width=&#8221;stretch_row&#8221; content_placement=&#8221;top&#8221; el_id=&#8221;cat-landing-2&#8243; el_class=&#8221;cat-landing about-landing&#8221;][vc_row][vc_column width=&#8221;3\/12&#8243;][vc_row_inner][vc_column_inner][vc_wp_custommenu nav_menu=&#8221;13&#8243; el_class=&#8221;sidebar-small&#8221;][\/vc_column_inner][\/vc_row_inner][\/vc_column][vc_column width=&#8221;1\/12&#8243;][\/vc_column][vc_column width=&#8221;6\/12&#8243;][vc_column_text]<\/p>\n<h1><strong>Historique<\/strong><\/h1>\n<h3><strong>Un solide ancrage belge<\/strong><\/h3>\n<p>Kela a \u00e9t\u00e9 cr\u00e9\u00e9e en 1941 et se consacrait au d\u00e9part \u00e0 la fabrication de produits pharmaceutiques \u00e0 usage humain. Nos infrastructures de fabrication implant\u00e9es en Belgique ont \u00e9t\u00e9 s\u00e9rieusement endommag\u00e9es par les bombardements intensifs au cours de la Deuxi\u00e8me Guerre mondiale. La pers\u00e9v\u00e9rance qui fait partie de l\u2019ADN de Kela a toutefois aid\u00e9 cette jeune entreprise familiale \u00e0 rapidement reconstruire et restaurer ses usines, puis \u00e0 reprendre ses activit\u00e9s de fabrication.<\/p>\n<p>L&#8217;ann\u00e9e 1952 a \u00e9t\u00e9 une ann\u00e9e charni\u00e8re pour Kela car l\u2019entreprise s\u2019est engag\u00e9e dans la fabrication de produits pharmaceutiques \u00e0 usage v\u00e9t\u00e9rinaire. Force est de constater que cela a r\u00e9ellement boost\u00e9 l\u2019essor futur de Kela. Alors que notre entreprise prosp\u00e9rait, nous avons transf\u00e9r\u00e9 nos locaux vers un site industriel plus spacieux et plus r\u00e9cent bas\u00e9 \u00e0 Hoogstraten, en Belgique, et nous y avons install\u00e9 notre si\u00e8ge social en 1976. Notre objectif \u00e9tant de d\u00e9velopper l&#8217;entreprise d\u2019une mani\u00e8re bien r\u00e9fl\u00e9chie, nous sommes entr\u00e9s au capital de Wolfs NV en 1981 \u00e0 hauteur de 50\u00a0%. Notre premi\u00e8re acquisition nous a permis de renforcer notre acc\u00e8s au march\u00e9 de produits pharmaceutiques \u00e0 usage humain. Nous avons acquis les 50\u00a0% restants en 2004, ce qui nous a permis d\u2019enti\u00e8rement int\u00e9grer l\u2019entreprise et d\u2019\u00e9largir notre offre de produits. Alors que notre soci\u00e9t\u00e9 poursuivait son essor de mani\u00e8re constante, l\u2019ann\u00e9e 1990 a \u00e9t\u00e9 marqu\u00e9e par la construction d&#8217;un nouvel entrep\u00f4t et de bureaux connexes pour notre activit\u00e9 de distribution en produits humains et v\u00e9t\u00e9rinaires \u00e0 Sint-Niklaas, en Belgique. Un an plus tard, en 1991, nous sommes devenus les propri\u00e9taires exclusifs de Phenix Pharmaceuticals, renfor\u00e7ant davantage notre pr\u00e9sence sur le march\u00e9 des produits pharmaceutiques \u00e0 usage v\u00e9t\u00e9rinaire.<\/p>\n<h3><strong>Expansion mondiale<\/strong><\/h3>\n<p>Notre solide ancrage belge constitue le terreau id\u00e9al pour la prochaine \u00e9tape d\u00e9cisive de notre histoire\u00a0: l&#8217;expansion mondiale en tant que fabricant et distributeur de produits de sant\u00e9 v\u00e9t\u00e9rinaire. Bien que nos produits pharmaceutiques \u00e0 usage humain fussent toujours destin\u00e9s aux march\u00e9s belge et luxembourgeois, nos activit\u00e9s dans le secteur v\u00e9t\u00e9rinaire nous ont hiss\u00e9s au niveau mondial. Nous avons acquis Anupco au Royaume-Uni en 2004 \u00a0, nous permettant de renforcer nos pratiques en mati\u00e8re de sant\u00e9 animale. Apr\u00e8s une r\u00e9organisation strat\u00e9gique en 2002, nous nous sommes pleinement investis dans la fabrication et la vente de nos propres marques Kela et Anupco. Dix ans plus tard, notre pr\u00e9sence sur la sc\u00e8ne mondiale a \u00e9t\u00e9 confirm\u00e9e avec la cr\u00e9ation de notre coentreprise GPMK en Alg\u00e9rie (participation de 49\u00a0% en 2012). Ensuite, la cr\u00e9ation de Kela de las Americas en 2013 nous a offert un acc\u00e8s direct \u00e0 la distribution au Mexique. En 2015, nous avons cr\u00e9\u00e9 Kela Thailand. Et comme que nous avions consacr\u00e9 du temps et des ressources \u00e0 l\u2019extension de notre r\u00e9seau mondial d\u2019exportations, l\u2019ann\u00e9e 2016 a \u00e9t\u00e9 une ann\u00e9e charni\u00e8re pour notre march\u00e9 v\u00e9t\u00e9rinaire. Notre coentreprise avec Vetop China (d\u00e9tenue \u00e0 50\u00a0%) nous a permis de fabriquer et de distribuer des produits pharmaceutiques \u00e0 usage v\u00e9t\u00e9rinaire dans la r\u00e9gion. L\u2019acquisition de Biagral Belgium (d\u00e9tenue \u00e0 80\u00a0%) a permis \u00e0 Kela de fabriquer des m\u00e9langes d\u2019herbes aromatiques \u00e0 usage v\u00e9t\u00e9rinaire.<\/p>\n<p>En D\u00e9cembre 2024, Kela Pharma, la division Sant\u00e9 Humaine de Kela nv, a \u00e9t\u00e9 acquise par Ceres Pharma nv, une entreprise pharmaceutique belge sp\u00e9cialis\u00e9e dans les soins de sant\u00e9 f\u00e9minins et familiaux. Cette acquisition repr\u00e9sente une \u00e9tape importante dans la croissance continue de Kela Pharma et ouvre de nouvelles opportunit\u00e9s pour renforcer et \u00e9largir le portefeuille de produits Sant\u00e9 Humaine.<\/p>\n<p>Kela nv reste enti\u00e8rement engag\u00e9e dans ses activit\u00e9s principales : la division Sant\u00e9 Animale et les op\u00e9rations en tant qu\u2019Organisation de D\u00e9veloppement et de Fabrication \u00e0 Fa\u00e7on (CDMO). Nous continuerons \u00e0 d\u00e9velopper, produire et distribuer des solutions v\u00e9t\u00e9rinaires de haute qualit\u00e9 dans le monde entier.[\/vc_column_text][\/vc_column][vc_column width=&#8221;2\/12&#8243;][\/vc_column][\/vc_row][\/vc_section][vc_row][vc_column]<div class=\"templatera_shortcode\"><div class=\"vc_row wpb_row vc_row-fluid\"><div class=\"wpb_column vc_column_container vc_col-sm-4\"><div class=\"vc_column-inner\"><div class=\"wpb_wrapper\">\n\t<div class=\"wpb_text_column wpb_content_element  box box-home\" >\n\t\t<div class=\"wpb_wrapper\">\n\t\t\t<p><a href=\"https:\/\/www.kela.health\/fr\/sante-animale\/\"><img class=\"size-full wp-image-206 alignleft\" src=\"https:\/\/www.kela.health\/wp-content\/uploads\/2018\/08\/AdobeStock_84894985@2x.png\" alt=\"\" width=\"540\" height=\"404\" \/><\/a><\/p>\n<p><a href=\"https:\/\/www.kela.health\/fr\/sante-animale\/\">Sant\u00e9 animale<\/a><\/p>\n\n\t\t<\/div>\n\t<\/div>\n<\/div><\/div><\/div><div class=\"wpb_column vc_column_container vc_col-sm-4\"><div class=\"vc_column-inner\"><div class=\"wpb_wrapper\">\n\t<div class=\"wpb_text_column wpb_content_element  box box-home\" >\n\t\t<div class=\"wpb_wrapper\">\n\t\t\t<p><a href=\"https:\/\/www.kela.health\/fr\/fabrication-en-sous-traitance\/\"><img class=\"alignnone wp-image-1929 size-full\" src=\"https:\/\/www.kela.health\/wp-content\/uploads\/2018\/09\/DSC3436-corr-crop-1.png\" alt=\"\" width=\"540\" height=\"404\" \/><\/a><\/p>\n<p><a href=\"https:\/\/www.kela.health\/fr\/fabrication-en-sous-traitance\/\">Fabrication en sous-traitance<\/a><\/p>\n\n\t\t<\/div>\n\t<\/div>\n<\/div><\/div><\/div><\/div><\/div>[\/vc_column][\/vc_row]<\/p>\n<\/section>","protected":false},"excerpt":{"rendered":"Sant\u00e9 animale Fabrication en sous-traitance","protected":false},"author":3,"featured_media":0,"parent":1451,"menu_order":0,"comment_status":"closed","ping_status":"closed","template":"","meta":{"inline_featured_image":false},"acf":[],"yoast_head":"<!-- This site is optimized with the Yoast SEO plugin v20.8 - https:\/\/yoast.com\/wordpress\/plugins\/seo\/ -->\n<title>Historique - \u00c0 propos de Kela - Kela Health<\/title>\n<meta name=\"robots\" content=\"index, follow, max-snippet:-1, max-image-preview:large, max-video-preview:-1\" \/>\n<link rel=\"canonical\" href=\"https:\/\/www.kela.health\/es\/acerca-de-kela\/historia\/\" \/>\n<meta property=\"og:locale\" content=\"fr_FR\" \/>\n<meta property=\"og:type\" content=\"article\" \/>\n<meta property=\"og:title\" content=\"Historique - \u00c0 propos de Kela - Kela Health\" \/>\n<meta property=\"og:url\" content=\"https:\/\/www.kela.health\/es\/acerca-de-kela\/historia\/\" \/>\n<meta property=\"og:site_name\" content=\"Kela Health\" \/>\n<meta property=\"article:publisher\" content=\"https:\/\/www.facebook.com\/Kela.Hoogstraten\/\" \/>\n<meta property=\"article:modified_time\" content=\"2025-01-17T15:50:33+00:00\" \/>\n<meta property=\"og:image\" content=\"https:\/\/www.kela.health\/wp-content\/uploads\/2018\/11\/og_01.png\" \/>\n\t<meta property=\"og:image:width\" content=\"1200\" \/>\n\t<meta property=\"og:image:height\" content=\"630\" \/>\n\t<meta property=\"og:image:type\" content=\"image\/png\" \/>\n<meta name=\"twitter:card\" content=\"summary_large_image\" \/>\n<meta name=\"twitter:label1\" content=\"Est. reading time\" \/>\n\t<meta name=\"twitter:data1\" content=\"4 minutes\" \/>\n<script type=\"application\/ld+json\" class=\"yoast-schema-graph\">{\"@context\":\"https:\/\/schema.org\",\"@graph\":[{\"@type\":\"WebPage\",\"@id\":\"https:\/\/www.kela.health\/es\/acerca-de-kela\/historia\/\",\"url\":\"https:\/\/www.kela.health\/es\/acerca-de-kela\/historia\/\",\"name\":\"Historique - \u00c0 propos de Kela - Kela Health\",\"isPartOf\":{\"@id\":\"https:\/\/www.kela.health\/#website\"},\"datePublished\":\"2018-10-16T14:13:49+00:00\",\"dateModified\":\"2025-01-17T15:50:33+00:00\",\"breadcrumb\":{\"@id\":\"https:\/\/www.kela.health\/es\/acerca-de-kela\/historia\/#breadcrumb\"},\"inLanguage\":\"fr-FR\",\"potentialAction\":[{\"@type\":\"ReadAction\",\"target\":[\"https:\/\/www.kela.health\/es\/acerca-de-kela\/historia\/\"]}]},{\"@type\":\"BreadcrumbList\",\"@id\":\"https:\/\/www.kela.health\/es\/acerca-de-kela\/historia\/#breadcrumb\",\"itemListElement\":[{\"@type\":\"ListItem\",\"position\":1,\"name\":\"Home\",\"item\":\"https:\/\/www.kela.health\/fr\/\"},{\"@type\":\"ListItem\",\"position\":2,\"name\":\"\u00c0 propos de Kela\",\"item\":\"https:\/\/www.kela.health\/es\/acerca-de-kela\/\"},{\"@type\":\"ListItem\",\"position\":3,\"name\":\"Historique\"}]},{\"@type\":\"WebSite\",\"@id\":\"https:\/\/www.kela.health\/#website\",\"url\":\"https:\/\/www.kela.health\/\",\"name\":\"Kela Health\",\"description\":\"Focus on health\",\"publisher\":{\"@id\":\"https:\/\/www.kela.health\/#organization\"},\"potentialAction\":[{\"@type\":\"SearchAction\",\"target\":{\"@type\":\"EntryPoint\",\"urlTemplate\":\"https:\/\/www.kela.health\/?s={search_term_string}\"},\"query-input\":\"required name=search_term_string\"}],\"inLanguage\":\"fr-FR\"},{\"@type\":\"Organization\",\"@id\":\"https:\/\/www.kela.health\/#organization\",\"name\":\"Kela NV\",\"url\":\"https:\/\/www.kela.health\/\",\"logo\":{\"@type\":\"ImageObject\",\"inLanguage\":\"fr-FR\",\"@id\":\"https:\/\/www.kela.health\/#\/schema\/logo\/image\/\",\"url\":\"https:\/\/www.kela.health\/wp-content\/uploads\/2018\/09\/Kela-Pos-RGB.jpg\",\"contentUrl\":\"https:\/\/www.kela.health\/wp-content\/uploads\/2018\/09\/Kela-Pos-RGB.jpg\",\"width\":1000,\"height\":490,\"caption\":\"Kela NV\"},\"image\":{\"@id\":\"https:\/\/www.kela.health\/#\/schema\/logo\/image\/\"},\"sameAs\":[\"https:\/\/www.facebook.com\/Kela.Hoogstraten\/\",\"https:\/\/www.linkedin.com\/company\/kela-laboratoria-n-v-\/\"]}]}<\/script>\n<!-- \/ Yoast SEO plugin. -->","yoast_head_json":{"title":"Historique - \u00c0 propos de Kela - Kela Health","robots":{"index":"index","follow":"follow","max-snippet":"max-snippet:-1","max-image-preview":"max-image-preview:large","max-video-preview":"max-video-preview:-1"},"canonical":"https:\/\/www.kela.health\/es\/acerca-de-kela\/historia\/","og_locale":"fr_FR","og_type":"article","og_title":"Historique - \u00c0 propos de Kela - Kela Health","og_url":"https:\/\/www.kela.health\/es\/acerca-de-kela\/historia\/","og_site_name":"Kela Health","article_publisher":"https:\/\/www.facebook.com\/Kela.Hoogstraten\/","article_modified_time":"2025-01-17T15:50:33+00:00","og_image":[{"width":1200,"height":630,"url":"https:\/\/www.kela.health\/wp-content\/uploads\/2018\/11\/og_01.png","type":"image\/png"}],"twitter_card":"summary_large_image","twitter_misc":{"Est. reading time":"4 minutes"},"schema":{"@context":"https:\/\/schema.org","@graph":[{"@type":"WebPage","@id":"https:\/\/www.kela.health\/es\/acerca-de-kela\/historia\/","url":"https:\/\/www.kela.health\/es\/acerca-de-kela\/historia\/","name":"Historique - \u00c0 propos de Kela - Kela Health","isPartOf":{"@id":"https:\/\/www.kela.health\/#website"},"datePublished":"2018-10-16T14:13:49+00:00","dateModified":"2025-01-17T15:50:33+00:00","breadcrumb":{"@id":"https:\/\/www.kela.health\/es\/acerca-de-kela\/historia\/#breadcrumb"},"inLanguage":"fr-FR","potentialAction":[{"@type":"ReadAction","target":["https:\/\/www.kela.health\/es\/acerca-de-kela\/historia\/"]}]},{"@type":"BreadcrumbList","@id":"https:\/\/www.kela.health\/es\/acerca-de-kela\/historia\/#breadcrumb","itemListElement":[{"@type":"ListItem","position":1,"name":"Home","item":"https:\/\/www.kela.health\/fr\/"},{"@type":"ListItem","position":2,"name":"\u00c0 propos de Kela","item":"https:\/\/www.kela.health\/es\/acerca-de-kela\/"},{"@type":"ListItem","position":3,"name":"Historique"}]},{"@type":"WebSite","@id":"https:\/\/www.kela.health\/#website","url":"https:\/\/www.kela.health\/","name":"Kela Health","description":"Focus on health","publisher":{"@id":"https:\/\/www.kela.health\/#organization"},"potentialAction":[{"@type":"SearchAction","target":{"@type":"EntryPoint","urlTemplate":"https:\/\/www.kela.health\/?s={search_term_string}"},"query-input":"required name=search_term_string"}],"inLanguage":"fr-FR"},{"@type":"Organization","@id":"https:\/\/www.kela.health\/#organization","name":"Kela NV","url":"https:\/\/www.kela.health\/","logo":{"@type":"ImageObject","inLanguage":"fr-FR","@id":"https:\/\/www.kela.health\/#\/schema\/logo\/image\/","url":"https:\/\/www.kela.health\/wp-content\/uploads\/2018\/09\/Kela-Pos-RGB.jpg","contentUrl":"https:\/\/www.kela.health\/wp-content\/uploads\/2018\/09\/Kela-Pos-RGB.jpg","width":1000,"height":490,"caption":"Kela NV"},"image":{"@id":"https:\/\/www.kela.health\/#\/schema\/logo\/image\/"},"sameAs":["https:\/\/www.facebook.com\/Kela.Hoogstraten\/","https:\/\/www.linkedin.com\/company\/kela-laboratoria-n-v-\/"]}]}},"_links":{"self":[{"href":"https:\/\/www.kela.health\/fr\/wp-json\/wp\/v2\/pages\/1529"}],"collection":[{"href":"https:\/\/www.kela.health\/fr\/wp-json\/wp\/v2\/pages"}],"about":[{"href":"https:\/\/www.kela.health\/fr\/wp-json\/wp\/v2\/types\/page"}],"author":[{"embeddable":true,"href":"https:\/\/www.kela.health\/fr\/wp-json\/wp\/v2\/users\/3"}],"replies":[{"embeddable":true,"href":"https:\/\/www.kela.health\/fr\/wp-json\/wp\/v2\/comments?post=1529"}],"version-history":[{"count":5,"href":"https:\/\/www.kela.health\/fr\/wp-json\/wp\/v2\/pages\/1529\/revisions"}],"predecessor-version":[{"id":7091,"href":"https:\/\/www.kela.health\/fr\/wp-json\/wp\/v2\/pages\/1529\/revisions\/7091"}],"up":[{"embeddable":true,"href":"https:\/\/www.kela.health\/fr\/wp-json\/wp\/v2\/pages\/1451"}],"wp:attachment":[{"href":"https:\/\/www.kela.health\/fr\/wp-json\/wp\/v2\/media?parent=1529"}],"curies":[{"name":"wp","href":"https:\/\/api.w.org\/{rel}","templated":true}]}}