{"id":1532,"date":"2018-10-16T16:17:15","date_gmt":"2018-10-16T14:17:15","guid":{"rendered":"https:\/\/www.kela.health\/?page_id=1532"},"modified":"2026-02-02T20:52:20","modified_gmt":"2026-02-02T19:52:20","slug":"direction","status":"publish","type":"page","link":"https:\/\/www.kela.health\/fr\/a-propos-de-kela\/direction\/","title":{"rendered":"Direction"},"content":{"rendered":"<section class=\"wpb-content-wrapper\"><p>[vc_row][vc_column][\/vc_column][\/vc_row][vc_section full_width=&#8221;stretch_row&#8221; content_placement=&#8221;top&#8221; el_id=&#8221;cat-landing-2&#8243; el_class=&#8221;cat-landing about-landing&#8221;][vc_row][vc_column width=&#8221;3\/12&#8243;][vc_row_inner][vc_column_inner][vc_wp_custommenu nav_menu=&#8221;13&#8243; el_class=&#8221;sidebar-small&#8221;][\/vc_column_inner][\/vc_row_inner][\/vc_column][vc_column width=&#8221;1\/12&#8243;][\/vc_column][vc_column width=&#8221;6\/12&#8243;][vc_column_text]<\/p>\n<h1><strong>Dirigeants<\/strong><\/h1>\n<p>[\/vc_column_text][vc_column_text]<\/p>\n<h3>Pascal Beyens<\/h3>\n<h4>General Manager<\/h4>\n<p>Pascal est le Directeur G\u00e9n\u00e9ral de Kela depuis 2010 et poss\u00e8de \u00a0plus de 30\u00a0ans d&#8217;exp\u00e9rience dans divers secteurs industriels au niveau international. Il ma\u00eetrise les domaines de la vente, de la finance, des programmes d\u2019am\u00e9lioration continue ainsi que des fusions et acquisitions. Pascal g\u00e8re le plan strat\u00e9gique de Kela, la politique RH int\u00e9gr\u00e9e de la soci\u00e9t\u00e9 et la communication permanente avec les actionnaires familiaux.[\/vc_column_text][vc_column_text]<\/p>\n<h3>Bart Lavrysen<\/h3>\n<h4>Global Finance Director<\/h4>\n<p>Bart est le responsable financier de Kela au niveau mondial et g\u00e8re tous les services de l&#8217;entreprise qui contribuent \u00e0 cr\u00e9er un environnement tr\u00e8s performant en mati\u00e8re des finances, des ressources humaines et de l\u2019informatique. Bart tire son savoir-faire des diff\u00e9rents postes de direction qu\u2019il a occup\u00e9s dans les services bancaires pour grandes et moyennes entreprises. Son leadership tactique et strat\u00e9gique inspire tous les d\u00e9partements du groupe \u00e0 la meilleure performance au service des clients de KELA.[\/vc_column_text][vc_column_text]<\/p>\n<h3><strong>Kristel Senten<\/strong><\/h3>\n<h4>Directrice Technique R&amp;D<\/h4>\n<p>Kristel poss\u00e8de pr\u00e8s de 20 ans d\u2019expertise pharmaceutique dans le domaine des m\u00e9dicaments v\u00e9t\u00e9rinaires et est titulaire d\u2019un doctorat en chimie m\u00e9dicinale. Elle dispose d\u2019une vaste exp\u00e9rience en d\u00e9veloppement pharmaceutique, en autorisations de mise sur le march\u00e9 \u00e0 l\u2019\u00e9chelle mondiale, en gestion du cycle de vie et en transferts de technologies de produits. Elle soutient l\u2019alignement de l\u2019expertise pharmaceutique et r\u00e9glementaire avec les priorit\u00e9s commerciales, renfor\u00e7ant ainsi la position de Kela en tant que partenaire global pour les produits, solutions et services v\u00e9t\u00e9rinaires.[\/vc_column_text][vc_column_text]<\/p>\n<h3><strong>Joeri Veiro<\/strong><\/h3>\n<h4>Directeur Qualit\u00e9 &amp; Op\u00e9rations<\/h4>\n<p>Joeri b\u00e9n\u00e9ficie d\u2019une vaste exp\u00e9rience en assurance qualit\u00e9 et en op\u00e9rations au sein de l\u2019industrie pharmaceutique. Depuis qu\u2019il a rejoint Kela en 2018, il a occup\u00e9 des fonctions cl\u00e9s, notamment celles de Responsable Assurance Qualit\u00e9 et de Pharmacien Responsable (Qualified Person), renfor\u00e7ant la conformit\u00e9 et la supervision de la qualit\u00e9. Dans son r\u00f4le actuel, Joeri combine la direction des d\u00e9partements QC et QA avec ses responsabilit\u00e9s de Pharmacien Responsable, soutenant une ex\u00e9cution rigoureuse, la conformit\u00e9 et la supervision des op\u00e9rations de Kela.[\/vc_column_text][\/vc_column][vc_column width=&#8221;2\/12&#8243;][\/vc_column][\/vc_row][\/vc_section][vc_row][vc_column]<div class=\"templatera_shortcode\"><div class=\"vc_row wpb_row vc_row-fluid\"><div class=\"wpb_column vc_column_container vc_col-sm-4\"><div class=\"vc_column-inner\"><div class=\"wpb_wrapper\">\n\t<div class=\"wpb_text_column wpb_content_element  box box-home\" >\n\t\t<div class=\"wpb_wrapper\">\n\t\t\t<p><a href=\"https:\/\/www.kela.health\/fr\/sante-animale\/\"><img class=\"size-full wp-image-206 alignleft\" src=\"https:\/\/www.kela.health\/wp-content\/uploads\/2018\/08\/AdobeStock_84894985@2x.png\" alt=\"\" width=\"540\" height=\"404\" \/><\/a><\/p>\n<p><a href=\"https:\/\/www.kela.health\/fr\/sante-animale\/\">Sant\u00e9 animale<\/a><\/p>\n\n\t\t<\/div>\n\t<\/div>\n<\/div><\/div><\/div><div class=\"wpb_column vc_column_container vc_col-sm-4\"><div class=\"vc_column-inner\"><div class=\"wpb_wrapper\">\n\t<div class=\"wpb_text_column wpb_content_element  box box-home\" >\n\t\t<div class=\"wpb_wrapper\">\n\t\t\t<p><a href=\"https:\/\/www.kela.health\/fr\/fabrication-en-sous-traitance\/\"><img class=\"alignnone wp-image-1929 size-full\" src=\"https:\/\/www.kela.health\/wp-content\/uploads\/2018\/09\/DSC3436-corr-crop-1.png\" alt=\"\" width=\"540\" height=\"404\" \/><\/a><\/p>\n<p><a href=\"https:\/\/www.kela.health\/fr\/fabrication-en-sous-traitance\/\">Fabrication en sous-traitance<\/a><\/p>\n\n\t\t<\/div>\n\t<\/div>\n<\/div><\/div><\/div><\/div><\/div>[\/vc_column][\/vc_row]<\/p>\n<\/section>","protected":false},"excerpt":{"rendered":"Sant\u00e9 animale Fabrication en sous-traitance","protected":false},"author":3,"featured_media":0,"parent":1451,"menu_order":0,"comment_status":"closed","ping_status":"closed","template":"","meta":{"inline_featured_image":false},"acf":[],"yoast_head":"<!-- This site is optimized with the Yoast SEO plugin v20.8 - https:\/\/yoast.com\/wordpress\/plugins\/seo\/ -->\n<title>Direction - \u00c0 propos de Kela - Kela Health<\/title>\n<meta name=\"robots\" content=\"index, follow, max-snippet:-1, max-image-preview:large, max-video-preview:-1\" \/>\n<link rel=\"canonical\" href=\"https:\/\/www.kela.health\/fr\/a-propos-de-kela\/direction\/\" \/>\n<meta property=\"og:locale\" content=\"fr_FR\" \/>\n<meta property=\"og:type\" content=\"article\" \/>\n<meta property=\"og:title\" content=\"Direction - \u00c0 propos de Kela - Kela Health\" \/>\n<meta property=\"og:url\" content=\"https:\/\/www.kela.health\/fr\/a-propos-de-kela\/direction\/\" \/>\n<meta property=\"og:site_name\" content=\"Kela Health\" \/>\n<meta property=\"article:publisher\" content=\"https:\/\/www.facebook.com\/Kela.Hoogstraten\/\" \/>\n<meta property=\"article:modified_time\" content=\"2026-02-02T19:52:20+00:00\" \/>\n<meta property=\"og:image\" content=\"https:\/\/www.kela.health\/wp-content\/uploads\/2018\/11\/og_01.png\" \/>\n\t<meta property=\"og:image:width\" content=\"1200\" \/>\n\t<meta property=\"og:image:height\" content=\"630\" \/>\n\t<meta property=\"og:image:type\" content=\"image\/png\" \/>\n<meta name=\"twitter:card\" content=\"summary_large_image\" \/>\n<meta name=\"twitter:label1\" content=\"Est. reading time\" \/>\n\t<meta name=\"twitter:data1\" content=\"2 minutes\" \/>\n<script type=\"application\/ld+json\" class=\"yoast-schema-graph\">{\"@context\":\"https:\/\/schema.org\",\"@graph\":[{\"@type\":\"WebPage\",\"@id\":\"https:\/\/www.kela.health\/fr\/a-propos-de-kela\/direction\/\",\"url\":\"https:\/\/www.kela.health\/fr\/a-propos-de-kela\/direction\/\",\"name\":\"Direction - \u00c0 propos de Kela - Kela Health\",\"isPartOf\":{\"@id\":\"https:\/\/www.kela.health\/#website\"},\"datePublished\":\"2018-10-16T14:17:15+00:00\",\"dateModified\":\"2026-02-02T19:52:20+00:00\",\"breadcrumb\":{\"@id\":\"https:\/\/www.kela.health\/fr\/a-propos-de-kela\/direction\/#breadcrumb\"},\"inLanguage\":\"fr-FR\",\"potentialAction\":[{\"@type\":\"ReadAction\",\"target\":[\"https:\/\/www.kela.health\/fr\/a-propos-de-kela\/direction\/\"]}]},{\"@type\":\"BreadcrumbList\",\"@id\":\"https:\/\/www.kela.health\/fr\/a-propos-de-kela\/direction\/#breadcrumb\",\"itemListElement\":[{\"@type\":\"ListItem\",\"position\":1,\"name\":\"Home\",\"item\":\"https:\/\/www.kela.health\/fr\/\"},{\"@type\":\"ListItem\",\"position\":2,\"name\":\"\u00c0 propos de Kela\",\"item\":\"https:\/\/www.kela.health\/es\/acerca-de-kela\/\"},{\"@type\":\"ListItem\",\"position\":3,\"name\":\"Direction\"}]},{\"@type\":\"WebSite\",\"@id\":\"https:\/\/www.kela.health\/#website\",\"url\":\"https:\/\/www.kela.health\/\",\"name\":\"Kela Health\",\"description\":\"Focus on health\",\"publisher\":{\"@id\":\"https:\/\/www.kela.health\/#organization\"},\"potentialAction\":[{\"@type\":\"SearchAction\",\"target\":{\"@type\":\"EntryPoint\",\"urlTemplate\":\"https:\/\/www.kela.health\/?s={search_term_string}\"},\"query-input\":\"required name=search_term_string\"}],\"inLanguage\":\"fr-FR\"},{\"@type\":\"Organization\",\"@id\":\"https:\/\/www.kela.health\/#organization\",\"name\":\"Kela NV\",\"url\":\"https:\/\/www.kela.health\/\",\"logo\":{\"@type\":\"ImageObject\",\"inLanguage\":\"fr-FR\",\"@id\":\"https:\/\/www.kela.health\/#\/schema\/logo\/image\/\",\"url\":\"https:\/\/www.kela.health\/wp-content\/uploads\/2018\/09\/Kela-Pos-RGB.jpg\",\"contentUrl\":\"https:\/\/www.kela.health\/wp-content\/uploads\/2018\/09\/Kela-Pos-RGB.jpg\",\"width\":1000,\"height\":490,\"caption\":\"Kela NV\"},\"image\":{\"@id\":\"https:\/\/www.kela.health\/#\/schema\/logo\/image\/\"},\"sameAs\":[\"https:\/\/www.facebook.com\/Kela.Hoogstraten\/\",\"https:\/\/www.linkedin.com\/company\/kela-laboratoria-n-v-\/\"]}]}<\/script>\n<!-- \/ Yoast SEO plugin. -->","yoast_head_json":{"title":"Direction - \u00c0 propos de Kela - Kela Health","robots":{"index":"index","follow":"follow","max-snippet":"max-snippet:-1","max-image-preview":"max-image-preview:large","max-video-preview":"max-video-preview:-1"},"canonical":"https:\/\/www.kela.health\/fr\/a-propos-de-kela\/direction\/","og_locale":"fr_FR","og_type":"article","og_title":"Direction - \u00c0 propos de Kela - Kela Health","og_url":"https:\/\/www.kela.health\/fr\/a-propos-de-kela\/direction\/","og_site_name":"Kela Health","article_publisher":"https:\/\/www.facebook.com\/Kela.Hoogstraten\/","article_modified_time":"2026-02-02T19:52:20+00:00","og_image":[{"width":1200,"height":630,"url":"https:\/\/www.kela.health\/wp-content\/uploads\/2018\/11\/og_01.png","type":"image\/png"}],"twitter_card":"summary_large_image","twitter_misc":{"Est. reading time":"2 minutes"},"schema":{"@context":"https:\/\/schema.org","@graph":[{"@type":"WebPage","@id":"https:\/\/www.kela.health\/fr\/a-propos-de-kela\/direction\/","url":"https:\/\/www.kela.health\/fr\/a-propos-de-kela\/direction\/","name":"Direction - \u00c0 propos de Kela - Kela Health","isPartOf":{"@id":"https:\/\/www.kela.health\/#website"},"datePublished":"2018-10-16T14:17:15+00:00","dateModified":"2026-02-02T19:52:20+00:00","breadcrumb":{"@id":"https:\/\/www.kela.health\/fr\/a-propos-de-kela\/direction\/#breadcrumb"},"inLanguage":"fr-FR","potentialAction":[{"@type":"ReadAction","target":["https:\/\/www.kela.health\/fr\/a-propos-de-kela\/direction\/"]}]},{"@type":"BreadcrumbList","@id":"https:\/\/www.kela.health\/fr\/a-propos-de-kela\/direction\/#breadcrumb","itemListElement":[{"@type":"ListItem","position":1,"name":"Home","item":"https:\/\/www.kela.health\/fr\/"},{"@type":"ListItem","position":2,"name":"\u00c0 propos de Kela","item":"https:\/\/www.kela.health\/es\/acerca-de-kela\/"},{"@type":"ListItem","position":3,"name":"Direction"}]},{"@type":"WebSite","@id":"https:\/\/www.kela.health\/#website","url":"https:\/\/www.kela.health\/","name":"Kela Health","description":"Focus on health","publisher":{"@id":"https:\/\/www.kela.health\/#organization"},"potentialAction":[{"@type":"SearchAction","target":{"@type":"EntryPoint","urlTemplate":"https:\/\/www.kela.health\/?s={search_term_string}"},"query-input":"required name=search_term_string"}],"inLanguage":"fr-FR"},{"@type":"Organization","@id":"https:\/\/www.kela.health\/#organization","name":"Kela NV","url":"https:\/\/www.kela.health\/","logo":{"@type":"ImageObject","inLanguage":"fr-FR","@id":"https:\/\/www.kela.health\/#\/schema\/logo\/image\/","url":"https:\/\/www.kela.health\/wp-content\/uploads\/2018\/09\/Kela-Pos-RGB.jpg","contentUrl":"https:\/\/www.kela.health\/wp-content\/uploads\/2018\/09\/Kela-Pos-RGB.jpg","width":1000,"height":490,"caption":"Kela NV"},"image":{"@id":"https:\/\/www.kela.health\/#\/schema\/logo\/image\/"},"sameAs":["https:\/\/www.facebook.com\/Kela.Hoogstraten\/","https:\/\/www.linkedin.com\/company\/kela-laboratoria-n-v-\/"]}]}},"_links":{"self":[{"href":"https:\/\/www.kela.health\/fr\/wp-json\/wp\/v2\/pages\/1532"}],"collection":[{"href":"https:\/\/www.kela.health\/fr\/wp-json\/wp\/v2\/pages"}],"about":[{"href":"https:\/\/www.kela.health\/fr\/wp-json\/wp\/v2\/types\/page"}],"author":[{"embeddable":true,"href":"https:\/\/www.kela.health\/fr\/wp-json\/wp\/v2\/users\/3"}],"replies":[{"embeddable":true,"href":"https:\/\/www.kela.health\/fr\/wp-json\/wp\/v2\/comments?post=1532"}],"version-history":[{"count":7,"href":"https:\/\/www.kela.health\/fr\/wp-json\/wp\/v2\/pages\/1532\/revisions"}],"predecessor-version":[{"id":7611,"href":"https:\/\/www.kela.health\/fr\/wp-json\/wp\/v2\/pages\/1532\/revisions\/7611"}],"up":[{"embeddable":true,"href":"https:\/\/www.kela.health\/fr\/wp-json\/wp\/v2\/pages\/1451"}],"wp:attachment":[{"href":"https:\/\/www.kela.health\/fr\/wp-json\/wp\/v2\/media?parent=1532"}],"curies":[{"name":"wp","href":"https:\/\/api.w.org\/{rel}","templated":true}]}}