{"id":1534,"date":"2018-10-16T16:18:43","date_gmt":"2018-10-16T14:18:43","guid":{"rendered":"https:\/\/www.kela.health\/?page_id=1534"},"modified":"2018-10-25T11:33:47","modified_gmt":"2018-10-25T09:33:47","slug":"nos-marques","status":"publish","type":"page","link":"https:\/\/www.kela.health\/fr\/nos-marques\/","title":{"rendered":"Nos marques"},"content":{"rendered":"<section class=\"wpb-content-wrapper\"><p>[vc_row][vc_column][\/vc_column][\/vc_row][vc_section full_width=&#8221;stretch_row&#8221; content_placement=&#8221;top&#8221; el_id=&#8221;cat-landing-2&#8243; el_class=&#8221;cat-landing about-landing&#8221;][vc_row][vc_column width=&#8221;3\/12&#8243;][vc_row_inner][vc_column_inner][vc_wp_custommenu nav_menu=&#8221;13&#8243; el_class=&#8221;sidebar-small&#8221;][\/vc_column_inner][\/vc_row_inner][\/vc_column][vc_column width=&#8221;1\/12&#8243;][\/vc_column][vc_column width=&#8221;6\/12&#8243;][vc_column_text]<\/p>\n<h1>Nos marques<\/h1>\n<p>En tant que concepteur, fabricant et distributeur mondial de produits pharmaceutiques et de compl\u00e9ments alimentaires bas\u00e9 en Europe, Kela N.V. g\u00e8re trois marques distinctes\u00a0: Kela, Anupco et Phenix.[\/vc_column_text][vc_row_inner][vc_column_inner width=&#8221;1\/4&#8243;][vc_single_image image=&#8221;1418&#8243;][\/vc_column_inner][vc_column_inner width=&#8221;3\/4&#8243;][vc_column_text]<\/p>\n<h3>Kela<\/h3>\n<p>Sous notre marque phare Kela, nous commercialisons \u00e0 la fois des produits pharmaceutiques \u00e0 usage humain et v\u00e9t\u00e9rinaire. Notre gamme de produits \u00e0 usage humain Kela est essentiellement destin\u00e9e \u00e0 la Belgique et au Luxembourg. Les produits \u00e0 usage v\u00e9t\u00e9rinaire Kela quant \u00e0 eux sont distribu\u00e9s \u00e0 travers le monde. La marque Kela est r\u00e9put\u00e9e \u00ab\u00a0norme de qualit\u00e9 europ\u00e9enne\u00a0garantie\u00bb. Les produits Kela sont produits exclusivement dans nos usines de fabrication bas\u00e9es \u00e0 Hoogstraten, en Belgique.[\/vc_column_text][\/vc_column_inner][\/vc_row_inner][vc_row_inner][vc_column_inner width=&#8221;1\/4&#8243;][vc_single_image image=&#8221;1416&#8243;][\/vc_column_inner][vc_column_inner width=&#8221;3\/4&#8243;][vc_column_text]<\/p>\n<h3>Anupco<\/h3>\n<p>La marque Anupco est synonyme de produits de qualit\u00e9 sup\u00e9rieure destin\u00e9s \u00e0 am\u00e9liorer et \u00e0 pr\u00e9server la sant\u00e9, les performances et le bien-\u00eatre du b\u00e9tail et des animaux de compagnie. Les produits et compl\u00e9ments alimentaires \u00e0 usage v\u00e9t\u00e9rinaire Anupco sont distribu\u00e9s dans plus de 50\u00a0pays. Con\u00e7us et fabriqu\u00e9s dans diff\u00e9rents sites de fabrication Kela, les produits Anupco sont distribu\u00e9s conform\u00e9ment aux normes de qualit\u00e9 et de s\u00e9curit\u00e9 Kela.[\/vc_column_text][\/vc_column_inner][\/vc_row_inner][vc_row_inner][vc_column_inner width=&#8221;1\/4&#8243;][vc_single_image image=&#8221;1034&#8243;][\/vc_column_inner][vc_column_inner width=&#8221;3\/4&#8243;][vc_column_text]<\/p>\n<h3>Phenix<\/h3>\n<p>Phenix est une marque de sp\u00e9cialit\u00e9s en produits pharmaceutiques de haute qualit\u00e9 \u00e0 usage v\u00e9t\u00e9rinaire, distribu\u00e9e sur des march\u00e9s s\u00e9lectifs \u00e0 travers le monde.[\/vc_column_text][\/vc_column_inner][\/vc_row_inner][\/vc_column][vc_column width=&#8221;2\/12&#8243;][\/vc_column][\/vc_row][\/vc_section][vc_row][vc_column]<div class=\"templatera_shortcode\"><div class=\"vc_row wpb_row vc_row-fluid\"><div class=\"wpb_column vc_column_container vc_col-sm-4\"><div class=\"vc_column-inner\"><div class=\"wpb_wrapper\">\n\t<div class=\"wpb_text_column wpb_content_element  box box-home\" >\n\t\t<div class=\"wpb_wrapper\">\n\t\t\t<p><a href=\"https:\/\/www.kela.health\/fr\/sante-animale\/\"><img class=\"size-full wp-image-206 alignleft\" src=\"https:\/\/www.kela.health\/wp-content\/uploads\/2018\/08\/AdobeStock_84894985@2x.png\" alt=\"\" width=\"540\" height=\"404\" \/><\/a><\/p>\n<p><a href=\"https:\/\/www.kela.health\/fr\/sante-animale\/\">Sant\u00e9 animale<\/a><\/p>\n\n\t\t<\/div>\n\t<\/div>\n<\/div><\/div><\/div><div class=\"wpb_column vc_column_container vc_col-sm-4\"><div class=\"vc_column-inner\"><div class=\"wpb_wrapper\">\n\t<div class=\"wpb_text_column wpb_content_element  box box-home\" >\n\t\t<div class=\"wpb_wrapper\">\n\t\t\t<p><a href=\"https:\/\/www.kela.health\/fr\/fabrication-en-sous-traitance\/\"><img class=\"alignnone wp-image-1929 size-full\" src=\"https:\/\/www.kela.health\/wp-content\/uploads\/2018\/09\/DSC3436-corr-crop-1.png\" alt=\"\" width=\"540\" height=\"404\" \/><\/a><\/p>\n<p><a href=\"https:\/\/www.kela.health\/fr\/fabrication-en-sous-traitance\/\">Fabrication en sous-traitance<\/a><\/p>\n\n\t\t<\/div>\n\t<\/div>\n<\/div><\/div><\/div><\/div><\/div>[\/vc_column][\/vc_row]<\/p>\n<\/section>","protected":false},"excerpt":{"rendered":"Sant\u00e9 animale Fabrication en sous-traitance","protected":false},"author":3,"featured_media":0,"parent":0,"menu_order":0,"comment_status":"closed","ping_status":"closed","template":"","meta":{"inline_featured_image":false},"acf":[],"yoast_head":"<!-- This site is optimized with the Yoast SEO plugin v20.8 - https:\/\/yoast.com\/wordpress\/plugins\/seo\/ -->\n<title>Nos marques - Kela Health<\/title>\n<meta name=\"robots\" content=\"index, follow, max-snippet:-1, max-image-preview:large, max-video-preview:-1\" \/>\n<link rel=\"canonical\" href=\"https:\/\/www.kela.health\/fr\/nos-marques\/\" \/>\n<meta property=\"og:locale\" content=\"fr_FR\" \/>\n<meta property=\"og:type\" content=\"article\" \/>\n<meta property=\"og:title\" content=\"Nos marques - Kela Health\" \/>\n<meta property=\"og:url\" content=\"https:\/\/www.kela.health\/fr\/nos-marques\/\" \/>\n<meta property=\"og:site_name\" content=\"Kela Health\" \/>\n<meta property=\"article:publisher\" content=\"https:\/\/www.facebook.com\/Kela.Hoogstraten\/\" \/>\n<meta property=\"article:modified_time\" content=\"2018-10-25T09:33:47+00:00\" \/>\n<meta property=\"og:image\" content=\"https:\/\/www.kela.health\/wp-content\/uploads\/2018\/11\/og_01.png\" \/>\n\t<meta property=\"og:image:width\" content=\"1200\" \/>\n\t<meta property=\"og:image:height\" content=\"630\" \/>\n\t<meta property=\"og:image:type\" content=\"image\/png\" \/>\n<meta name=\"twitter:card\" content=\"summary_large_image\" \/>\n<meta name=\"twitter:label1\" content=\"Est. reading time\" \/>\n\t<meta name=\"twitter:data1\" content=\"2 minutes\" \/>\n<script type=\"application\/ld+json\" class=\"yoast-schema-graph\">{\"@context\":\"https:\/\/schema.org\",\"@graph\":[{\"@type\":\"WebPage\",\"@id\":\"https:\/\/www.kela.health\/fr\/nos-marques\/\",\"url\":\"https:\/\/www.kela.health\/fr\/nos-marques\/\",\"name\":\"Nos marques - Kela Health\",\"isPartOf\":{\"@id\":\"https:\/\/www.kela.health\/#website\"},\"datePublished\":\"2018-10-16T14:18:43+00:00\",\"dateModified\":\"2018-10-25T09:33:47+00:00\",\"breadcrumb\":{\"@id\":\"https:\/\/www.kela.health\/fr\/nos-marques\/#breadcrumb\"},\"inLanguage\":\"fr-FR\",\"potentialAction\":[{\"@type\":\"ReadAction\",\"target\":[\"https:\/\/www.kela.health\/fr\/nos-marques\/\"]}]},{\"@type\":\"BreadcrumbList\",\"@id\":\"https:\/\/www.kela.health\/fr\/nos-marques\/#breadcrumb\",\"itemListElement\":[{\"@type\":\"ListItem\",\"position\":1,\"name\":\"Home\",\"item\":\"https:\/\/www.kela.health\/fr\/\"},{\"@type\":\"ListItem\",\"position\":2,\"name\":\"Nos marques\"}]},{\"@type\":\"WebSite\",\"@id\":\"https:\/\/www.kela.health\/#website\",\"url\":\"https:\/\/www.kela.health\/\",\"name\":\"Kela Health\",\"description\":\"Focus on health\",\"publisher\":{\"@id\":\"https:\/\/www.kela.health\/#organization\"},\"potentialAction\":[{\"@type\":\"SearchAction\",\"target\":{\"@type\":\"EntryPoint\",\"urlTemplate\":\"https:\/\/www.kela.health\/?s={search_term_string}\"},\"query-input\":\"required name=search_term_string\"}],\"inLanguage\":\"fr-FR\"},{\"@type\":\"Organization\",\"@id\":\"https:\/\/www.kela.health\/#organization\",\"name\":\"Kela NV\",\"url\":\"https:\/\/www.kela.health\/\",\"logo\":{\"@type\":\"ImageObject\",\"inLanguage\":\"fr-FR\",\"@id\":\"https:\/\/www.kela.health\/#\/schema\/logo\/image\/\",\"url\":\"https:\/\/www.kela.health\/wp-content\/uploads\/2018\/09\/Kela-Pos-RGB.jpg\",\"contentUrl\":\"https:\/\/www.kela.health\/wp-content\/uploads\/2018\/09\/Kela-Pos-RGB.jpg\",\"width\":1000,\"height\":490,\"caption\":\"Kela NV\"},\"image\":{\"@id\":\"https:\/\/www.kela.health\/#\/schema\/logo\/image\/\"},\"sameAs\":[\"https:\/\/www.facebook.com\/Kela.Hoogstraten\/\",\"https:\/\/www.linkedin.com\/company\/kela-laboratoria-n-v-\/\"]}]}<\/script>\n<!-- \/ Yoast SEO plugin. -->","yoast_head_json":{"title":"Nos marques - Kela Health","robots":{"index":"index","follow":"follow","max-snippet":"max-snippet:-1","max-image-preview":"max-image-preview:large","max-video-preview":"max-video-preview:-1"},"canonical":"https:\/\/www.kela.health\/fr\/nos-marques\/","og_locale":"fr_FR","og_type":"article","og_title":"Nos marques - Kela Health","og_url":"https:\/\/www.kela.health\/fr\/nos-marques\/","og_site_name":"Kela Health","article_publisher":"https:\/\/www.facebook.com\/Kela.Hoogstraten\/","article_modified_time":"2018-10-25T09:33:47+00:00","og_image":[{"width":1200,"height":630,"url":"https:\/\/www.kela.health\/wp-content\/uploads\/2018\/11\/og_01.png","type":"image\/png"}],"twitter_card":"summary_large_image","twitter_misc":{"Est. reading time":"2 minutes"},"schema":{"@context":"https:\/\/schema.org","@graph":[{"@type":"WebPage","@id":"https:\/\/www.kela.health\/fr\/nos-marques\/","url":"https:\/\/www.kela.health\/fr\/nos-marques\/","name":"Nos marques - Kela Health","isPartOf":{"@id":"https:\/\/www.kela.health\/#website"},"datePublished":"2018-10-16T14:18:43+00:00","dateModified":"2018-10-25T09:33:47+00:00","breadcrumb":{"@id":"https:\/\/www.kela.health\/fr\/nos-marques\/#breadcrumb"},"inLanguage":"fr-FR","potentialAction":[{"@type":"ReadAction","target":["https:\/\/www.kela.health\/fr\/nos-marques\/"]}]},{"@type":"BreadcrumbList","@id":"https:\/\/www.kela.health\/fr\/nos-marques\/#breadcrumb","itemListElement":[{"@type":"ListItem","position":1,"name":"Home","item":"https:\/\/www.kela.health\/fr\/"},{"@type":"ListItem","position":2,"name":"Nos marques"}]},{"@type":"WebSite","@id":"https:\/\/www.kela.health\/#website","url":"https:\/\/www.kela.health\/","name":"Kela Health","description":"Focus on health","publisher":{"@id":"https:\/\/www.kela.health\/#organization"},"potentialAction":[{"@type":"SearchAction","target":{"@type":"EntryPoint","urlTemplate":"https:\/\/www.kela.health\/?s={search_term_string}"},"query-input":"required name=search_term_string"}],"inLanguage":"fr-FR"},{"@type":"Organization","@id":"https:\/\/www.kela.health\/#organization","name":"Kela NV","url":"https:\/\/www.kela.health\/","logo":{"@type":"ImageObject","inLanguage":"fr-FR","@id":"https:\/\/www.kela.health\/#\/schema\/logo\/image\/","url":"https:\/\/www.kela.health\/wp-content\/uploads\/2018\/09\/Kela-Pos-RGB.jpg","contentUrl":"https:\/\/www.kela.health\/wp-content\/uploads\/2018\/09\/Kela-Pos-RGB.jpg","width":1000,"height":490,"caption":"Kela NV"},"image":{"@id":"https:\/\/www.kela.health\/#\/schema\/logo\/image\/"},"sameAs":["https:\/\/www.facebook.com\/Kela.Hoogstraten\/","https:\/\/www.linkedin.com\/company\/kela-laboratoria-n-v-\/"]}]}},"_links":{"self":[{"href":"https:\/\/www.kela.health\/fr\/wp-json\/wp\/v2\/pages\/1534"}],"collection":[{"href":"https:\/\/www.kela.health\/fr\/wp-json\/wp\/v2\/pages"}],"about":[{"href":"https:\/\/www.kela.health\/fr\/wp-json\/wp\/v2\/types\/page"}],"author":[{"embeddable":true,"href":"https:\/\/www.kela.health\/fr\/wp-json\/wp\/v2\/users\/3"}],"replies":[{"embeddable":true,"href":"https:\/\/www.kela.health\/fr\/wp-json\/wp\/v2\/comments?post=1534"}],"version-history":[{"count":3,"href":"https:\/\/www.kela.health\/fr\/wp-json\/wp\/v2\/pages\/1534\/revisions"}],"predecessor-version":[{"id":1822,"href":"https:\/\/www.kela.health\/fr\/wp-json\/wp\/v2\/pages\/1534\/revisions\/1822"}],"wp:attachment":[{"href":"https:\/\/www.kela.health\/fr\/wp-json\/wp\/v2\/media?parent=1534"}],"curies":[{"name":"wp","href":"https:\/\/api.w.org\/{rel}","templated":true}]}}