{"id":1541,"date":"2018-10-16T16:20:36","date_gmt":"2018-10-16T14:20:36","guid":{"rendered":"https:\/\/www.kela.health\/?page_id=1541"},"modified":"2018-10-25T11:35:09","modified_gmt":"2018-10-25T09:35:09","slug":"sante-unique","status":"publish","type":"page","link":"https:\/\/www.kela.health\/fr\/sante-unique\/","title":{"rendered":"One health"},"content":{"rendered":"<section class=\"wpb-content-wrapper\"><p>[vc_row][vc_column][\/vc_column][\/vc_row][vc_section full_width=&#8221;stretch_row&#8221; content_placement=&#8221;top&#8221; el_id=&#8221;cat-landing-2&#8243; el_class=&#8221;cat-landing about-landing&#8221;][vc_row][vc_column width=&#8221;3\/12&#8243;][vc_row_inner][vc_column_inner][vc_wp_custommenu nav_menu=&#8221;13&#8243; el_class=&#8221;sidebar-small&#8221;][\/vc_column_inner][\/vc_row_inner][\/vc_column][vc_column width=&#8221;1\/12&#8243;][\/vc_column][vc_column width=&#8221;6\/12&#8243;][vc_column_text]<\/p>\n<h1>Approche \u00ab\u00a0One health\u00a0\u00bb le concept de la \u00absant\u00e9 unique\u00bb<\/h1>\n<p>L\u2019\u00e9levage, peu importe la r\u00e9gion dans laquelle il est pratiqu\u00e9, l\u2019esp\u00e8ce d\u2019animaux ou la finalit\u00e9 de consommation, est un moyen de subsistance pour les \u00e9leveurs et une source importante d\u2019approvisionnement alimentaire pour le consommateur. Kela prend ces deux facteurs \u00e0 c\u0153ur. Notre mod\u00e8le commercial consiste \u00e0 soutenir les \u00e9leveurs dans la protection de leur b\u00e9tail contre les maladies dans les environnements r\u00e9gionaux et les mod\u00e8les \u00e9conomiques les plus divers. Notre responsabilit\u00e9 sociale est motiv\u00e9e par le fait que nous contribuons \u00e0 l\u2019assurance que les produits issus de l\u2019\u00e9levage soient sains et sans danger pour ceux qui les consomment. Pour ce faire, Kela pr\u00f4ne l&#8217;utilisation responsable et durable des antibiotiques et autres m\u00e9dicaments dans l\u2019\u00e9levage, mais \u00e9galement dans le traitement des animaux de compagnie.<\/p>\n<p>Notre philosophie \u00ab\u00a0One health\u00a0\u00bb repose sur la conviction qu\u2019une bonne sant\u00e9 animale est un avantage significatif sur le plan social et \u00e9conomique pour nos clients et leurs animaux, ainsi que pour les consommateurs et l\u2019environnement en g\u00e9n\u00e9ral. Notre contribution principale \u00e0 la prise de conscience de plus en plus croissante de l\u2019importance de l\u2019\u00e9levage durable se situe dans les domaines de la formation et de l\u2019\u00e9ducation.\u00a0 Nos experts dans le secteur v\u00e9t\u00e9rinaire collaborent avec les clients et les distributeurs locaux en fournissant l\u2019encadrement propice au comportement durable dans les soins des animaux. Par ailleurs, lorsque l\u2019utilisation des antibiotiques s\u2019av\u00e8re indispensable, nous pr\u00e9conisons un traitement individuel pour les animaux, plut\u00f4t que l&#8217;administration syst\u00e9matique et collective d&#8217;antibiotiques \u00a0(\u00e0 plusieurs animaux d&#8217;un seul troupeau).<\/p>\n<p>La p\u00e9nicilline est par excellence un produit qui s&#8217;inscrit dans notre approche \u00ab\u00a0One health\u00a0\u00bb, car elle permet pr\u00e9cis\u00e9ment de proposer des traitements personnalis\u00e9s sous forme injectable. Nous constatons que de plus en plus d\u2019\u00e9leveurs traitent les animaux au cas par cas dans la mesure du possible, surtout les bovins. Le traitement individuel leur permet d\u2019appliquer la bonne dose et le bon cycle de traitement selon les besoins de l\u2019animal, conform\u00e9ment aux consignes sur la notice. Lorsqu\u2019il s\u2019av\u00e8re impossible de recourir \u00e0 un traitement individuel, notamment chez la volaille, nos poudres solubles sont faciles \u00e0 administrer, aussi bien dans les petits que dans les tr\u00e8s grands\u00e9levages. Nous fournissons \u00e9galement des conseils aux entreprises d\u2019\u00e9levage industriel notamment sur les technologies de distribution de produits solubles qui permettent de traiter efficacement les animaux malades par le biais de \u00a0leur eau de consommation. De telles mesures constituent un apport significatif dans l&#8217;utilisation durable des m\u00e9dicaments dans le secteur de l\u2019\u00e9levage.<\/p>\n<p>En adoptant l\u2019approche \u00ab\u00a0One health\u00a0\u00bb, nous soutenons l&#8217;\u00e9levage durable, la sant\u00e9 et la s\u00e9curit\u00e9 des consommateurs ainsi que la protection de l&#8217;environnement dans le monde entier.[\/vc_column_text][\/vc_column][vc_column width=&#8221;2\/12&#8243;][\/vc_column][\/vc_row][\/vc_section][vc_row][vc_column]<div class=\"templatera_shortcode\"><div class=\"vc_row wpb_row vc_row-fluid\"><div class=\"wpb_column vc_column_container vc_col-sm-4\"><div class=\"vc_column-inner\"><div class=\"wpb_wrapper\">\n\t<div class=\"wpb_text_column wpb_content_element  box box-home\" >\n\t\t<div class=\"wpb_wrapper\">\n\t\t\t<p><a href=\"https:\/\/www.kela.health\/fr\/sante-animale\/\"><img class=\"size-full wp-image-206 alignleft\" src=\"https:\/\/www.kela.health\/wp-content\/uploads\/2018\/08\/AdobeStock_84894985@2x.png\" alt=\"\" width=\"540\" height=\"404\" \/><\/a><\/p>\n<p><a href=\"https:\/\/www.kela.health\/fr\/sante-animale\/\">Sant\u00e9 animale<\/a><\/p>\n\n\t\t<\/div>\n\t<\/div>\n<\/div><\/div><\/div><div class=\"wpb_column vc_column_container vc_col-sm-4\"><div class=\"vc_column-inner\"><div class=\"wpb_wrapper\">\n\t<div class=\"wpb_text_column wpb_content_element  box box-home\" >\n\t\t<div class=\"wpb_wrapper\">\n\t\t\t<p><a href=\"https:\/\/www.kela.health\/fr\/fabrication-en-sous-traitance\/\"><img class=\"alignnone wp-image-1929 size-full\" src=\"https:\/\/www.kela.health\/wp-content\/uploads\/2018\/09\/DSC3436-corr-crop-1.png\" alt=\"\" width=\"540\" height=\"404\" \/><\/a><\/p>\n<p><a href=\"https:\/\/www.kela.health\/fr\/fabrication-en-sous-traitance\/\">Fabrication en sous-traitance<\/a><\/p>\n\n\t\t<\/div>\n\t<\/div>\n<\/div><\/div><\/div><\/div><\/div>[\/vc_column][\/vc_row]<\/p>\n<\/section>","protected":false},"excerpt":{"rendered":"Sant\u00e9 animale Fabrication en sous-traitance","protected":false},"author":3,"featured_media":0,"parent":0,"menu_order":0,"comment_status":"closed","ping_status":"closed","template":"","meta":{"inline_featured_image":false},"acf":[],"yoast_head":"<!-- This site is optimized with the Yoast SEO plugin v20.8 - https:\/\/yoast.com\/wordpress\/plugins\/seo\/ -->\n<title>One health - Kela Health<\/title>\n<meta name=\"robots\" content=\"index, follow, max-snippet:-1, max-image-preview:large, max-video-preview:-1\" \/>\n<link rel=\"canonical\" href=\"https:\/\/www.kela.health\/fr\/sante-unique\/\" \/>\n<meta property=\"og:locale\" content=\"fr_FR\" \/>\n<meta property=\"og:type\" content=\"article\" \/>\n<meta property=\"og:title\" content=\"One health - Kela Health\" \/>\n<meta property=\"og:url\" content=\"https:\/\/www.kela.health\/fr\/sante-unique\/\" \/>\n<meta property=\"og:site_name\" content=\"Kela Health\" \/>\n<meta property=\"article:publisher\" content=\"https:\/\/www.facebook.com\/Kela.Hoogstraten\/\" \/>\n<meta property=\"article:modified_time\" content=\"2018-10-25T09:35:09+00:00\" \/>\n<meta property=\"og:image\" content=\"https:\/\/www.kela.health\/wp-content\/uploads\/2018\/11\/og_01.png\" \/>\n\t<meta property=\"og:image:width\" content=\"1200\" \/>\n\t<meta property=\"og:image:height\" content=\"630\" \/>\n\t<meta property=\"og:image:type\" content=\"image\/png\" \/>\n<meta name=\"twitter:card\" content=\"summary_large_image\" \/>\n<meta name=\"twitter:label1\" content=\"Est. reading time\" \/>\n\t<meta name=\"twitter:data1\" content=\"3 minutes\" \/>\n<script type=\"application\/ld+json\" class=\"yoast-schema-graph\">{\"@context\":\"https:\/\/schema.org\",\"@graph\":[{\"@type\":\"WebPage\",\"@id\":\"https:\/\/www.kela.health\/fr\/sante-unique\/\",\"url\":\"https:\/\/www.kela.health\/fr\/sante-unique\/\",\"name\":\"One health - Kela Health\",\"isPartOf\":{\"@id\":\"https:\/\/www.kela.health\/#website\"},\"datePublished\":\"2018-10-16T14:20:36+00:00\",\"dateModified\":\"2018-10-25T09:35:09+00:00\",\"breadcrumb\":{\"@id\":\"https:\/\/www.kela.health\/fr\/sante-unique\/#breadcrumb\"},\"inLanguage\":\"fr-FR\",\"potentialAction\":[{\"@type\":\"ReadAction\",\"target\":[\"https:\/\/www.kela.health\/fr\/sante-unique\/\"]}]},{\"@type\":\"BreadcrumbList\",\"@id\":\"https:\/\/www.kela.health\/fr\/sante-unique\/#breadcrumb\",\"itemListElement\":[{\"@type\":\"ListItem\",\"position\":1,\"name\":\"Home\",\"item\":\"https:\/\/www.kela.health\/fr\/\"},{\"@type\":\"ListItem\",\"position\":2,\"name\":\"One health\"}]},{\"@type\":\"WebSite\",\"@id\":\"https:\/\/www.kela.health\/#website\",\"url\":\"https:\/\/www.kela.health\/\",\"name\":\"Kela Health\",\"description\":\"Focus on health\",\"publisher\":{\"@id\":\"https:\/\/www.kela.health\/#organization\"},\"potentialAction\":[{\"@type\":\"SearchAction\",\"target\":{\"@type\":\"EntryPoint\",\"urlTemplate\":\"https:\/\/www.kela.health\/?s={search_term_string}\"},\"query-input\":\"required name=search_term_string\"}],\"inLanguage\":\"fr-FR\"},{\"@type\":\"Organization\",\"@id\":\"https:\/\/www.kela.health\/#organization\",\"name\":\"Kela NV\",\"url\":\"https:\/\/www.kela.health\/\",\"logo\":{\"@type\":\"ImageObject\",\"inLanguage\":\"fr-FR\",\"@id\":\"https:\/\/www.kela.health\/#\/schema\/logo\/image\/\",\"url\":\"https:\/\/www.kela.health\/wp-content\/uploads\/2018\/09\/Kela-Pos-RGB.jpg\",\"contentUrl\":\"https:\/\/www.kela.health\/wp-content\/uploads\/2018\/09\/Kela-Pos-RGB.jpg\",\"width\":1000,\"height\":490,\"caption\":\"Kela NV\"},\"image\":{\"@id\":\"https:\/\/www.kela.health\/#\/schema\/logo\/image\/\"},\"sameAs\":[\"https:\/\/www.facebook.com\/Kela.Hoogstraten\/\",\"https:\/\/www.linkedin.com\/company\/kela-laboratoria-n-v-\/\"]}]}<\/script>\n<!-- \/ Yoast SEO plugin. -->","yoast_head_json":{"title":"One health - Kela Health","robots":{"index":"index","follow":"follow","max-snippet":"max-snippet:-1","max-image-preview":"max-image-preview:large","max-video-preview":"max-video-preview:-1"},"canonical":"https:\/\/www.kela.health\/fr\/sante-unique\/","og_locale":"fr_FR","og_type":"article","og_title":"One health - Kela Health","og_url":"https:\/\/www.kela.health\/fr\/sante-unique\/","og_site_name":"Kela Health","article_publisher":"https:\/\/www.facebook.com\/Kela.Hoogstraten\/","article_modified_time":"2018-10-25T09:35:09+00:00","og_image":[{"width":1200,"height":630,"url":"https:\/\/www.kela.health\/wp-content\/uploads\/2018\/11\/og_01.png","type":"image\/png"}],"twitter_card":"summary_large_image","twitter_misc":{"Est. reading time":"3 minutes"},"schema":{"@context":"https:\/\/schema.org","@graph":[{"@type":"WebPage","@id":"https:\/\/www.kela.health\/fr\/sante-unique\/","url":"https:\/\/www.kela.health\/fr\/sante-unique\/","name":"One health - Kela Health","isPartOf":{"@id":"https:\/\/www.kela.health\/#website"},"datePublished":"2018-10-16T14:20:36+00:00","dateModified":"2018-10-25T09:35:09+00:00","breadcrumb":{"@id":"https:\/\/www.kela.health\/fr\/sante-unique\/#breadcrumb"},"inLanguage":"fr-FR","potentialAction":[{"@type":"ReadAction","target":["https:\/\/www.kela.health\/fr\/sante-unique\/"]}]},{"@type":"BreadcrumbList","@id":"https:\/\/www.kela.health\/fr\/sante-unique\/#breadcrumb","itemListElement":[{"@type":"ListItem","position":1,"name":"Home","item":"https:\/\/www.kela.health\/fr\/"},{"@type":"ListItem","position":2,"name":"One health"}]},{"@type":"WebSite","@id":"https:\/\/www.kela.health\/#website","url":"https:\/\/www.kela.health\/","name":"Kela Health","description":"Focus on health","publisher":{"@id":"https:\/\/www.kela.health\/#organization"},"potentialAction":[{"@type":"SearchAction","target":{"@type":"EntryPoint","urlTemplate":"https:\/\/www.kela.health\/?s={search_term_string}"},"query-input":"required name=search_term_string"}],"inLanguage":"fr-FR"},{"@type":"Organization","@id":"https:\/\/www.kela.health\/#organization","name":"Kela NV","url":"https:\/\/www.kela.health\/","logo":{"@type":"ImageObject","inLanguage":"fr-FR","@id":"https:\/\/www.kela.health\/#\/schema\/logo\/image\/","url":"https:\/\/www.kela.health\/wp-content\/uploads\/2018\/09\/Kela-Pos-RGB.jpg","contentUrl":"https:\/\/www.kela.health\/wp-content\/uploads\/2018\/09\/Kela-Pos-RGB.jpg","width":1000,"height":490,"caption":"Kela NV"},"image":{"@id":"https:\/\/www.kela.health\/#\/schema\/logo\/image\/"},"sameAs":["https:\/\/www.facebook.com\/Kela.Hoogstraten\/","https:\/\/www.linkedin.com\/company\/kela-laboratoria-n-v-\/"]}]}},"_links":{"self":[{"href":"https:\/\/www.kela.health\/fr\/wp-json\/wp\/v2\/pages\/1541"}],"collection":[{"href":"https:\/\/www.kela.health\/fr\/wp-json\/wp\/v2\/pages"}],"about":[{"href":"https:\/\/www.kela.health\/fr\/wp-json\/wp\/v2\/types\/page"}],"author":[{"embeddable":true,"href":"https:\/\/www.kela.health\/fr\/wp-json\/wp\/v2\/users\/3"}],"replies":[{"embeddable":true,"href":"https:\/\/www.kela.health\/fr\/wp-json\/wp\/v2\/comments?post=1541"}],"version-history":[{"count":3,"href":"https:\/\/www.kela.health\/fr\/wp-json\/wp\/v2\/pages\/1541\/revisions"}],"predecessor-version":[{"id":1823,"href":"https:\/\/www.kela.health\/fr\/wp-json\/wp\/v2\/pages\/1541\/revisions\/1823"}],"wp:attachment":[{"href":"https:\/\/www.kela.health\/fr\/wp-json\/wp\/v2\/media?parent=1541"}],"curies":[{"name":"wp","href":"https:\/\/api.w.org\/{rel}","templated":true}]}}