{"id":1584,"date":"2018-10-16T16:37:36","date_gmt":"2018-10-16T14:37:36","guid":{"rendered":"https:\/\/www.kela.health\/?page_id=1584"},"modified":"2018-11-12T15:41:09","modified_gmt":"2018-11-12T14:41:09","slug":"volaille","status":"publish","type":"page","link":"https:\/\/www.kela.health\/fr\/sante-animale\/especes\/volaille\/","title":{"rendered":"Volaille"},"content":{"rendered":"<section class=\"wpb-content-wrapper\"><p>[vc_row][vc_column][\/vc_column][\/vc_row][vc_section full_width=&#8221;stretch_row&#8221; content_placement=&#8221;top&#8221; el_id=&#8221;cat-landing-2&#8243; el_class=&#8221;cat-landing animal-landing&#8221;][vc_row][vc_column width=&#8221;3\/12&#8243;][vc_row_inner][vc_column_inner][vc_wp_custommenu nav_menu=&#8221;8&#8243; el_class=&#8221;sidebar-small&#8221;][\/vc_column_inner][\/vc_row_inner][\/vc_column][vc_column width=&#8221;1\/12&#8243;][\/vc_column][vc_column width=&#8221;6\/12&#8243;][vc_column_text el_class=&#8221;breadcrumb&#8221;]Sant\u00e9 animale[\/vc_column_text][vc_column_text]<\/p>\n<h1>Volaille<\/h1>\n<p>La volaille fait partie de nos esp\u00e8ces d\u2019animaux cibles du fait qu\u2019elle constitue une importante source de prot\u00e9ine et d\u2019\u00e9nergie (viande et \u0153ufs) et qu\u2019elle est essentielle pour la production d\u2019\u0153ufs dans le monde entier.<\/p>\n<p>Le plus grand d\u00e9fi en mati\u00e8re d\u2019\u00e9levage de volaille r\u00e9side dans l\u2019efficacit\u00e9 du traitement antiparasitaire et des infections. L\u2019\u00e9levage de volaille fait partie du mod\u00e8le industriel d&#8217;int\u00e9gration verticale dans un nombre croissant de pays.<\/p>\n<p>Bon nombre de ces exploitations tr\u00e8s industrialis\u00e9es consid\u00e8rent Kela comme un partenaire de choix du fait que nous fournissons des produits pharmaceutiques haut de gamme et que notre personnel comprend les enjeux des \u00e9leveurs de volaille ainsi que leurs besoins en mati\u00e8re d\u2019aliments de qualit\u00e9 sup\u00e9rieure et le souci de s\u00e9curit\u00e9 des consommateurs au bout de leur cha\u00eene de valeurs.<\/p>\n<p>&nbsp;[\/vc_column_text][\/vc_column][vc_column width=&#8221;2\/12&#8243;][\/vc_column][\/vc_row][\/vc_section][vc_row][vc_column]<div class=\"templatera_shortcode\"><div class=\"vc_row wpb_row vc_row-fluid\"><div class=\"wpb_column vc_column_container vc_col-sm-4\"><div class=\"vc_column-inner\"><div class=\"wpb_wrapper\">\n\t<div class=\"wpb_text_column wpb_content_element  vc_custom_1543247635647 box box-contact\" >\n\t\t<div class=\"wpb_wrapper\">\n\t\t\t<p><img class=\"alignnone size-medium wp-image-86\" src=\"https:\/\/www.kela.health\/wp-content\/uploads\/2018\/08\/chat-bubble.svg\" alt=\"\" width=\"30\" height=\"26\" \/><\/p>\n<h5>SANTE ANIMALE<\/h5>\n<h6><strong>Contactez-nous pour plus d<\/strong>\u2019<strong>informations<\/strong><\/h6>\n<p>+32 (0)3 340 04 11<br \/>\n<a href=\"mailto:info@kela.health\">info@kela.health<\/a><\/p>\n<p><a class=\"blue-button\" href=\"https:\/\/www.kela.health\/fr\/sante-animale\/contactez-nous\">Contactez Kela<\/a><\/p>\n\n\t\t<\/div>\n\t<\/div>\n<\/div><\/div><\/div><div class=\"wpb_column vc_column_container vc_col-sm-4\"><div class=\"vc_column-inner\"><div class=\"wpb_wrapper\">\n\t<div class=\"wpb_text_column wpb_content_element  box box-kela\" >\n\t\t<div class=\"wpb_wrapper\">\n\t\t\t<h5>En quoi sommes-nous diff\u00e9rents\u00a0?<\/h5>\n<h6>Notre exp\u00e9rience in\u00e9gal\u00e9e<\/h6>\n<h6>Les comp\u00e9tences de notre personnel<\/h6>\n<h6>La valeur apport\u00e9e \u00e0 ce que nous faisons<\/h6>\n<p><a class=\"blue-button\" href=\"https:\/\/www.kela.health\/fr\/sante-animale\/valeur-ajoutee-pour-les-clients\/en-quoi-sommes-nous-differents\">En savoir plus<\/a><\/p>\n\n\t\t<\/div>\n\t<\/div>\n<\/div><\/div><\/div><div class=\"wpb_column vc_column_container vc_col-sm-4\"><div class=\"vc_column-inner\"><div class=\"wpb_wrapper\">\n\t<div class=\"wpb_text_column wpb_content_element  box box-productfinder\" >\n\t\t<div class=\"wpb_wrapper\">\n\t\t\t<p><img class=\"alignnone size-medium wp-image-116\" src=\"https:\/\/www.kela.health\/wp-content\/uploads\/2018\/08\/search.svg\" alt=\"\" width=\"20\" height=\"20\" \/><\/p>\n<h5>RECHERCHE DE PRODUITS<\/h5>\n<h6>Voir les produits dans votre r\u00e9gion<\/h6>\n<p>Notre portefeuille couvre un large assortiment de produits pour la sant\u00e9 v\u00e9t\u00e9rinaire.<\/p>\n<p><a class=\"blue-button\" href=\"http:\/\/products.kela.health\">Voir les produits<\/a><\/p>\n\n\t\t<\/div>\n\t<\/div>\n<\/div><\/div><\/div><\/div><\/div>[\/vc_column][\/vc_row]<\/p>\n<\/section>","protected":false},"excerpt":{"rendered":"SANTE ANIMALE Contactez-nous pour plus d\u2019informations +32 (0)3 340 04 11 info@kela.health Contactez Kela En quoi sommes-nous diff\u00e9rents\u00a0? Notre exp\u00e9rience in\u00e9gal\u00e9e Les comp\u00e9tences de notre personnel La valeur apport\u00e9e \u00e0 ce que nous faisons En savoir plus RECHERCHE DE PRODUITS Voir les produits dans votre r\u00e9gion Notre portefeuille couvre un large assortiment de produits pour la sant\u00e9 v\u00e9t\u00e9rinaire. Voir les [...]","protected":false},"author":3,"featured_media":0,"parent":1580,"menu_order":0,"comment_status":"closed","ping_status":"closed","template":"","meta":{"inline_featured_image":false},"acf":[],"yoast_head":"<!-- This site is optimized with the Yoast SEO plugin v20.8 - https:\/\/yoast.com\/wordpress\/plugins\/seo\/ -->\n<title>Volaille - Esp\u00e8ces cibles - Kela Health<\/title>\n<meta name=\"robots\" content=\"index, follow, max-snippet:-1, max-image-preview:large, max-video-preview:-1\" \/>\n<link rel=\"canonical\" href=\"https:\/\/www.kela.health\/fr\/sante-animale\/especes\/volaille\/\" \/>\n<meta property=\"og:locale\" content=\"fr_FR\" \/>\n<meta property=\"og:type\" content=\"article\" \/>\n<meta property=\"og:title\" content=\"Volaille - Esp\u00e8ces cibles - Kela Health\" \/>\n<meta property=\"og:url\" content=\"https:\/\/www.kela.health\/fr\/sante-animale\/especes\/volaille\/\" \/>\n<meta property=\"og:site_name\" content=\"Kela Health\" \/>\n<meta property=\"article:publisher\" content=\"https:\/\/www.facebook.com\/Kela.Hoogstraten\/\" \/>\n<meta property=\"article:modified_time\" content=\"2018-11-12T14:41:09+00:00\" \/>\n<meta property=\"og:image\" content=\"https:\/\/www.kela.health\/wp-content\/uploads\/2018\/11\/og_01.png\" \/>\n\t<meta property=\"og:image:width\" content=\"1200\" \/>\n\t<meta property=\"og:image:height\" content=\"630\" \/>\n\t<meta property=\"og:image:type\" content=\"image\/png\" \/>\n<meta name=\"twitter:card\" content=\"summary_large_image\" \/>\n<meta name=\"twitter:label1\" content=\"Est. reading time\" \/>\n\t<meta name=\"twitter:data1\" content=\"1 minute\" \/>\n<script type=\"application\/ld+json\" class=\"yoast-schema-graph\">{\"@context\":\"https:\/\/schema.org\",\"@graph\":[{\"@type\":\"WebPage\",\"@id\":\"https:\/\/www.kela.health\/fr\/sante-animale\/especes\/volaille\/\",\"url\":\"https:\/\/www.kela.health\/fr\/sante-animale\/especes\/volaille\/\",\"name\":\"Volaille - Esp\u00e8ces cibles - Kela Health\",\"isPartOf\":{\"@id\":\"https:\/\/www.kela.health\/#website\"},\"datePublished\":\"2018-10-16T14:37:36+00:00\",\"dateModified\":\"2018-11-12T14:41:09+00:00\",\"breadcrumb\":{\"@id\":\"https:\/\/www.kela.health\/fr\/sante-animale\/especes\/volaille\/#breadcrumb\"},\"inLanguage\":\"fr-FR\",\"potentialAction\":[{\"@type\":\"ReadAction\",\"target\":[\"https:\/\/www.kela.health\/fr\/sante-animale\/especes\/volaille\/\"]}]},{\"@type\":\"BreadcrumbList\",\"@id\":\"https:\/\/www.kela.health\/fr\/sante-animale\/especes\/volaille\/#breadcrumb\",\"itemListElement\":[{\"@type\":\"ListItem\",\"position\":1,\"name\":\"Home\",\"item\":\"https:\/\/www.kela.health\/fr\/\"},{\"@type\":\"ListItem\",\"position\":2,\"name\":\"Sant\u00e9 animale\",\"item\":\"https:\/\/www.kela.health\/fr\/sante-animale\/\"},{\"@type\":\"ListItem\",\"position\":3,\"name\":\"Esp\u00e8ces cibles\",\"item\":\"https:\/\/www.kela.health\/fr\/sante-animale\/especes\/\"},{\"@type\":\"ListItem\",\"position\":4,\"name\":\"Volaille\"}]},{\"@type\":\"WebSite\",\"@id\":\"https:\/\/www.kela.health\/#website\",\"url\":\"https:\/\/www.kela.health\/\",\"name\":\"Kela Health\",\"description\":\"Focus on health\",\"publisher\":{\"@id\":\"https:\/\/www.kela.health\/#organization\"},\"potentialAction\":[{\"@type\":\"SearchAction\",\"target\":{\"@type\":\"EntryPoint\",\"urlTemplate\":\"https:\/\/www.kela.health\/?s={search_term_string}\"},\"query-input\":\"required name=search_term_string\"}],\"inLanguage\":\"fr-FR\"},{\"@type\":\"Organization\",\"@id\":\"https:\/\/www.kela.health\/#organization\",\"name\":\"Kela NV\",\"url\":\"https:\/\/www.kela.health\/\",\"logo\":{\"@type\":\"ImageObject\",\"inLanguage\":\"fr-FR\",\"@id\":\"https:\/\/www.kela.health\/#\/schema\/logo\/image\/\",\"url\":\"https:\/\/www.kela.health\/wp-content\/uploads\/2018\/09\/Kela-Pos-RGB.jpg\",\"contentUrl\":\"https:\/\/www.kela.health\/wp-content\/uploads\/2018\/09\/Kela-Pos-RGB.jpg\",\"width\":1000,\"height\":490,\"caption\":\"Kela NV\"},\"image\":{\"@id\":\"https:\/\/www.kela.health\/#\/schema\/logo\/image\/\"},\"sameAs\":[\"https:\/\/www.facebook.com\/Kela.Hoogstraten\/\",\"https:\/\/www.linkedin.com\/company\/kela-laboratoria-n-v-\/\"]}]}<\/script>\n<!-- \/ Yoast SEO plugin. -->","yoast_head_json":{"title":"Volaille - Esp\u00e8ces cibles - Kela Health","robots":{"index":"index","follow":"follow","max-snippet":"max-snippet:-1","max-image-preview":"max-image-preview:large","max-video-preview":"max-video-preview:-1"},"canonical":"https:\/\/www.kela.health\/fr\/sante-animale\/especes\/volaille\/","og_locale":"fr_FR","og_type":"article","og_title":"Volaille - Esp\u00e8ces cibles - Kela Health","og_url":"https:\/\/www.kela.health\/fr\/sante-animale\/especes\/volaille\/","og_site_name":"Kela Health","article_publisher":"https:\/\/www.facebook.com\/Kela.Hoogstraten\/","article_modified_time":"2018-11-12T14:41:09+00:00","og_image":[{"width":1200,"height":630,"url":"https:\/\/www.kela.health\/wp-content\/uploads\/2018\/11\/og_01.png","type":"image\/png"}],"twitter_card":"summary_large_image","twitter_misc":{"Est. reading time":"1 minute"},"schema":{"@context":"https:\/\/schema.org","@graph":[{"@type":"WebPage","@id":"https:\/\/www.kela.health\/fr\/sante-animale\/especes\/volaille\/","url":"https:\/\/www.kela.health\/fr\/sante-animale\/especes\/volaille\/","name":"Volaille - Esp\u00e8ces cibles - Kela Health","isPartOf":{"@id":"https:\/\/www.kela.health\/#website"},"datePublished":"2018-10-16T14:37:36+00:00","dateModified":"2018-11-12T14:41:09+00:00","breadcrumb":{"@id":"https:\/\/www.kela.health\/fr\/sante-animale\/especes\/volaille\/#breadcrumb"},"inLanguage":"fr-FR","potentialAction":[{"@type":"ReadAction","target":["https:\/\/www.kela.health\/fr\/sante-animale\/especes\/volaille\/"]}]},{"@type":"BreadcrumbList","@id":"https:\/\/www.kela.health\/fr\/sante-animale\/especes\/volaille\/#breadcrumb","itemListElement":[{"@type":"ListItem","position":1,"name":"Home","item":"https:\/\/www.kela.health\/fr\/"},{"@type":"ListItem","position":2,"name":"Sant\u00e9 animale","item":"https:\/\/www.kela.health\/fr\/sante-animale\/"},{"@type":"ListItem","position":3,"name":"Esp\u00e8ces cibles","item":"https:\/\/www.kela.health\/fr\/sante-animale\/especes\/"},{"@type":"ListItem","position":4,"name":"Volaille"}]},{"@type":"WebSite","@id":"https:\/\/www.kela.health\/#website","url":"https:\/\/www.kela.health\/","name":"Kela Health","description":"Focus on health","publisher":{"@id":"https:\/\/www.kela.health\/#organization"},"potentialAction":[{"@type":"SearchAction","target":{"@type":"EntryPoint","urlTemplate":"https:\/\/www.kela.health\/?s={search_term_string}"},"query-input":"required name=search_term_string"}],"inLanguage":"fr-FR"},{"@type":"Organization","@id":"https:\/\/www.kela.health\/#organization","name":"Kela NV","url":"https:\/\/www.kela.health\/","logo":{"@type":"ImageObject","inLanguage":"fr-FR","@id":"https:\/\/www.kela.health\/#\/schema\/logo\/image\/","url":"https:\/\/www.kela.health\/wp-content\/uploads\/2018\/09\/Kela-Pos-RGB.jpg","contentUrl":"https:\/\/www.kela.health\/wp-content\/uploads\/2018\/09\/Kela-Pos-RGB.jpg","width":1000,"height":490,"caption":"Kela NV"},"image":{"@id":"https:\/\/www.kela.health\/#\/schema\/logo\/image\/"},"sameAs":["https:\/\/www.facebook.com\/Kela.Hoogstraten\/","https:\/\/www.linkedin.com\/company\/kela-laboratoria-n-v-\/"]}]}},"_links":{"self":[{"href":"https:\/\/www.kela.health\/fr\/wp-json\/wp\/v2\/pages\/1584"}],"collection":[{"href":"https:\/\/www.kela.health\/fr\/wp-json\/wp\/v2\/pages"}],"about":[{"href":"https:\/\/www.kela.health\/fr\/wp-json\/wp\/v2\/types\/page"}],"author":[{"embeddable":true,"href":"https:\/\/www.kela.health\/fr\/wp-json\/wp\/v2\/users\/3"}],"replies":[{"embeddable":true,"href":"https:\/\/www.kela.health\/fr\/wp-json\/wp\/v2\/comments?post=1584"}],"version-history":[{"count":3,"href":"https:\/\/www.kela.health\/fr\/wp-json\/wp\/v2\/pages\/1584\/revisions"}],"predecessor-version":[{"id":1982,"href":"https:\/\/www.kela.health\/fr\/wp-json\/wp\/v2\/pages\/1584\/revisions\/1982"}],"up":[{"embeddable":true,"href":"https:\/\/www.kela.health\/fr\/wp-json\/wp\/v2\/pages\/1580"}],"wp:attachment":[{"href":"https:\/\/www.kela.health\/fr\/wp-json\/wp\/v2\/media?parent=1584"}],"curies":[{"name":"wp","href":"https:\/\/api.w.org\/{rel}","templated":true}]}}