{"id":1590,"date":"2018-10-16T16:42:20","date_gmt":"2018-10-16T14:42:20","guid":{"rendered":"https:\/\/www.kela.health\/?page_id=1590"},"modified":"2022-09-28T12:19:13","modified_gmt":"2022-09-28T10:19:13","slug":"kela-veterinaria-n-v","status":"publish","type":"page","link":"https:\/\/www.kela.health\/fr\/sante-animale\/distribution\/kela-veterinaria-n-v\/","title":{"rendered":"Kela Veterinaria"},"content":{"rendered":"<section class=\"wpb-content-wrapper\"><p>[vc_row][vc_column][\/vc_column][\/vc_row][vc_section full_width=&#8221;stretch_row&#8221; content_placement=&#8221;top&#8221; el_id=&#8221;cat-landing-2&#8243; el_class=&#8221;cat-landing animal-landing&#8221;][vc_row][vc_column width=&#8221;3\/12&#8243;][vc_row_inner][vc_column_inner][vc_wp_custommenu nav_menu=&#8221;8&#8243; el_class=&#8221;sidebar-small&#8221;][\/vc_column_inner][\/vc_row_inner][\/vc_column][vc_column width=&#8221;1\/12&#8243;][\/vc_column][vc_column width=&#8221;6\/12&#8243;][vc_column_text el_class=&#8221;breadcrumb&#8221;]Sant\u00e9 animale[\/vc_column_text][vc_column_text]<\/p>\n<h1><strong>Kela Veterinaria<\/strong><\/h1>\n<p>Notre activit\u00e9 de distribution en Belgique consiste essentiellement \u00e0 mettre sur le march\u00e9 des produits qui apportent de la valeur ajout\u00e9e aux v\u00e9t\u00e9rinaires, destin\u00e9s \u00e0 la fois aux animaux de compagnie et d\u2019\u00e9levage. Notre philosophie d\u2019entreprise consiste \u00e0 fournir des produits de qualit\u00e9 et gagner la confiance tout en garantissant un v\u00e9ritable sense du service et de flexibilit\u00e9. Fournir des produits de qualit\u00e9 qui r\u00e9pondent aux besoins du march\u00e9 est notre priorit\u00e9. Nous mettons tout en \u0153uvre pour nous assurer que chaque \u00e9tape du processus, de la fabrication \u00e0 la distribution, fait l\u2019objet d\u2019un suivi r\u00e9pondant \u00e0 des normes de qualit\u00e9 strictes.<\/p>\n<p>Nous nous effor\u00e7ons chaque jour de m\u00e9riter la confiance de nos clients, des v\u00e9t\u00e9rinaires ou des grossistes. Pour ce faire, nous mettons tout en \u0153uvre pour nous assurer de toujours fournir des produits de sant\u00e9 de qualit\u00e9 sup\u00e9rieure. La confiance accord\u00e9e par nos clients et nos partenaires commerciaux r\u00e9sulte \u00e9galement de la fiabilit\u00e9 de notre service ainsi que notre flexibilit\u00e9 d\u2019ex\u00e9cution. Nous nous engageons \u00e0 proposer une forte gamme de base, facilement accessible au march\u00e9. C\u2019est pourquoi nous livrons quotidiennement des produits en stock \u00e0 nos partenaires grossistes. Ainsi, les v\u00e9t\u00e9rinaires peuvent se procurer les produits de sant\u00e9 dont ils ont besoin chez leur grossiste en permanence \u00e0 travers tout le pays. Notre \u00e9quipe de repr\u00e9sentants commerciaux s\u2019engage \u00e0 partager son savoir-faire avec les v\u00e9t\u00e9rinaires et, au besoin, \u00e0 leur fournir une assistance produit technique.[\/vc_column_text][vc_column_text el_class=&#8221;location&#8221;]<\/p>\n<h4><strong><a href=\"https:\/\/www.google.com\/maps\/place\/Sint+Lenaartseweg+48,+2320+Hoogstraten\/@51.3866317,4.732999,17z\/data=!3m1!4b1!4m5!3m4!1s0x47c6a84fa707c81b:0x78989578c12a6e50!8m2!3d51.3866284!4d4.7351877\" class=\"image-link\"><img decoding=\"async\" loading=\"lazy\" class=\"alignnone size-thumbnail wp-image-4467\" src=\"https:\/\/www.kela.health\/wp-content\/uploads\/2021\/08\/Schermafbeelding-2021-08-27-173658-150x150.png\" alt=\"\" width=\"150\" height=\"150\" \/><\/a>Kela Veterinaria NV<\/strong><\/h4>\n<p><strong>Si\u00e8ge social<\/strong><br \/>\nSint Lenaartseweg 48<br \/>\n2320 Hoogstraten<br \/>\nRPR Antwerpen, dep. Turnhout<br \/>\nBelgium<\/p>\n<p>&nbsp;<\/p>\n<p>Tel: +32 (0)3 780 63 90<br \/>\nEmail: <a href=\"mailto:info.vet@kela.health\">info.vet@kela.health<\/a>[\/vc_column_text][vc_column_text el_class=&#8221;location&#8221;]<a href=\"https:\/\/goo.gl\/maps\/u87pZSXc8BwdaHsi7\"><strong><span class=\"VIiyi\" lang=\"fr\"><span class=\"JLqJ4b ChMk0b\" data-language-for-alternatives=\"fr\" data-language-to-translate-into=\"nl\" data-phrase-index=\"2\"><img decoding=\"async\" loading=\"lazy\" class=\"alignnone size-thumbnail wp-image-4472\" src=\"https:\/\/www.kela.health\/wp-content\/uploads\/2021\/08\/Schermafbeelding-2021-08-27-174017-150x150.png\" alt=\"\" width=\"150\" height=\"150\" \/><\/span><\/span><\/strong><\/a><\/p>\n<p><strong><span class=\"VIiyi\" lang=\"fr\"><span class=\"JLqJ4b ChMk0b\" data-language-for-alternatives=\"fr\" data-language-to-translate-into=\"nl\" data-phrase-index=\"2\">Adresse professionelle<\/span><\/span><\/strong><br \/>\nNieuwe Steenweg 62<br \/>\n9140 Elversele<br \/>\nBelgium<\/p>\n<p>&nbsp;<\/p>\n<p>Tel: +32 (0)3 780 63 90<br \/>\nEmail: <a href=\"mailto:info.vet@kela.health\">info.vet@kela.health<\/a>[\/vc_column_text][\/vc_column][vc_column width=&#8221;2\/12&#8243;][\/vc_column][\/vc_row][\/vc_section][vc_row][vc_column]<div class=\"templatera_shortcode\"><div class=\"vc_row wpb_row vc_row-fluid\"><div class=\"wpb_column vc_column_container vc_col-sm-4\"><div class=\"vc_column-inner\"><div class=\"wpb_wrapper\">\n\t<div class=\"wpb_text_column wpb_content_element  vc_custom_1543247635647 box box-contact\" >\n\t\t<div class=\"wpb_wrapper\">\n\t\t\t<p><img class=\"alignnone size-medium wp-image-86\" src=\"https:\/\/www.kela.health\/wp-content\/uploads\/2018\/08\/chat-bubble.svg\" alt=\"\" width=\"30\" height=\"26\" \/><\/p>\n<h5>SANTE ANIMALE<\/h5>\n<h6><strong>Contactez-nous pour plus d<\/strong>\u2019<strong>informations<\/strong><\/h6>\n<p>+32 (0)3 340 04 11<br \/>\n<a href=\"mailto:info@kela.health\">info@kela.health<\/a><\/p>\n<p><a class=\"blue-button\" href=\"https:\/\/www.kela.health\/fr\/sante-animale\/contactez-nous\">Contactez Kela<\/a><\/p>\n\n\t\t<\/div>\n\t<\/div>\n<\/div><\/div><\/div><div class=\"wpb_column vc_column_container vc_col-sm-4\"><div class=\"vc_column-inner\"><div class=\"wpb_wrapper\">\n\t<div class=\"wpb_text_column wpb_content_element  box box-kela\" >\n\t\t<div class=\"wpb_wrapper\">\n\t\t\t<h5>En quoi sommes-nous diff\u00e9rents\u00a0?<\/h5>\n<h6>Notre exp\u00e9rience in\u00e9gal\u00e9e<\/h6>\n<h6>Les comp\u00e9tences de notre personnel<\/h6>\n<h6>La valeur apport\u00e9e \u00e0 ce que nous faisons<\/h6>\n<p><a class=\"blue-button\" href=\"https:\/\/www.kela.health\/fr\/sante-animale\/valeur-ajoutee-pour-les-clients\/en-quoi-sommes-nous-differents\">En savoir plus<\/a><\/p>\n\n\t\t<\/div>\n\t<\/div>\n<\/div><\/div><\/div><div class=\"wpb_column vc_column_container vc_col-sm-4\"><div class=\"vc_column-inner\"><div class=\"wpb_wrapper\">\n\t<div class=\"wpb_text_column wpb_content_element  box box-productfinder\" >\n\t\t<div class=\"wpb_wrapper\">\n\t\t\t<p><img class=\"alignnone size-medium wp-image-116\" src=\"https:\/\/www.kela.health\/wp-content\/uploads\/2018\/08\/search.svg\" alt=\"\" width=\"20\" height=\"20\" \/><\/p>\n<h5>RECHERCHE DE PRODUITS<\/h5>\n<h6>Voir les produits dans votre r\u00e9gion<\/h6>\n<p>Notre portefeuille couvre un large assortiment de produits pour la sant\u00e9 v\u00e9t\u00e9rinaire.<\/p>\n<p><a class=\"blue-button\" href=\"http:\/\/products.kela.health\">Voir les produits<\/a><\/p>\n\n\t\t<\/div>\n\t<\/div>\n<\/div><\/div><\/div><\/div><\/div>[\/vc_column][\/vc_row]<\/p>\n<\/section>","protected":false},"excerpt":{"rendered":"SANTE ANIMALE Contactez-nous pour plus d\u2019informations +32 (0)3 340 04 11 info@kela.health Contactez Kela En quoi sommes-nous diff\u00e9rents\u00a0? Notre exp\u00e9rience in\u00e9gal\u00e9e Les comp\u00e9tences de notre personnel La valeur apport\u00e9e \u00e0 ce que nous faisons En savoir plus RECHERCHE DE PRODUITS Voir les produits dans votre r\u00e9gion Notre portefeuille couvre un large assortiment de produits pour la sant\u00e9 v\u00e9t\u00e9rinaire. Voir les [...]","protected":false},"author":3,"featured_media":0,"parent":1588,"menu_order":1,"comment_status":"closed","ping_status":"closed","template":"","meta":{"inline_featured_image":false},"acf":[],"yoast_head":"<!-- This site is optimized with the Yoast SEO plugin v20.8 - https:\/\/yoast.com\/wordpress\/plugins\/seo\/ -->\n<title>Kela Veterinaria - Distribution propre - Kela Health<\/title>\n<meta name=\"robots\" content=\"index, follow, max-snippet:-1, max-image-preview:large, max-video-preview:-1\" \/>\n<link rel=\"canonical\" href=\"https:\/\/www.kela.health\/animal-health\/distribution\/belgium\/\" \/>\n<meta property=\"og:locale\" content=\"fr_FR\" \/>\n<meta property=\"og:type\" content=\"article\" \/>\n<meta property=\"og:title\" content=\"Kela Veterinaria - Distribution propre - Kela Health\" \/>\n<meta property=\"og:url\" content=\"https:\/\/www.kela.health\/animal-health\/distribution\/belgium\/\" \/>\n<meta property=\"og:site_name\" content=\"Kela Health\" \/>\n<meta property=\"article:publisher\" content=\"https:\/\/www.facebook.com\/Kela.Hoogstraten\/\" \/>\n<meta property=\"article:modified_time\" content=\"2022-09-28T10:19:13+00:00\" \/>\n<meta property=\"og:image\" content=\"https:\/\/www.kela.health\/wp-content\/uploads\/2021\/08\/Schermafbeelding-2021-08-27-173658-150x150.png\" \/>\n<meta name=\"twitter:card\" content=\"summary_large_image\" \/>\n<meta name=\"twitter:label1\" content=\"Est. reading time\" \/>\n\t<meta name=\"twitter:data1\" content=\"2 minutes\" \/>\n<script type=\"application\/ld+json\" class=\"yoast-schema-graph\">{\"@context\":\"https:\/\/schema.org\",\"@graph\":[{\"@type\":\"WebPage\",\"@id\":\"https:\/\/www.kela.health\/animal-health\/distribution\/belgium\/\",\"url\":\"https:\/\/www.kela.health\/animal-health\/distribution\/belgium\/\",\"name\":\"Kela Veterinaria - Distribution propre - Kela Health\",\"isPartOf\":{\"@id\":\"https:\/\/www.kela.health\/#website\"},\"datePublished\":\"2018-10-16T14:42:20+00:00\",\"dateModified\":\"2022-09-28T10:19:13+00:00\",\"breadcrumb\":{\"@id\":\"https:\/\/www.kela.health\/animal-health\/distribution\/belgium\/#breadcrumb\"},\"inLanguage\":\"fr-FR\",\"potentialAction\":[{\"@type\":\"ReadAction\",\"target\":[\"https:\/\/www.kela.health\/animal-health\/distribution\/belgium\/\"]}]},{\"@type\":\"BreadcrumbList\",\"@id\":\"https:\/\/www.kela.health\/animal-health\/distribution\/belgium\/#breadcrumb\",\"itemListElement\":[{\"@type\":\"ListItem\",\"position\":1,\"name\":\"Home\",\"item\":\"https:\/\/www.kela.health\/fr\/\"},{\"@type\":\"ListItem\",\"position\":2,\"name\":\"Sant\u00e9 animale\",\"item\":\"https:\/\/www.kela.health\/fr\/sante-animale\/\"},{\"@type\":\"ListItem\",\"position\":3,\"name\":\"Distribution propre\",\"item\":\"https:\/\/www.kela.health\/fr\/sante-animale\/distribution\/\"},{\"@type\":\"ListItem\",\"position\":4,\"name\":\"Kela Veterinaria\"}]},{\"@type\":\"WebSite\",\"@id\":\"https:\/\/www.kela.health\/#website\",\"url\":\"https:\/\/www.kela.health\/\",\"name\":\"Kela Health\",\"description\":\"Focus on health\",\"publisher\":{\"@id\":\"https:\/\/www.kela.health\/#organization\"},\"potentialAction\":[{\"@type\":\"SearchAction\",\"target\":{\"@type\":\"EntryPoint\",\"urlTemplate\":\"https:\/\/www.kela.health\/?s={search_term_string}\"},\"query-input\":\"required name=search_term_string\"}],\"inLanguage\":\"fr-FR\"},{\"@type\":\"Organization\",\"@id\":\"https:\/\/www.kela.health\/#organization\",\"name\":\"Kela NV\",\"url\":\"https:\/\/www.kela.health\/\",\"logo\":{\"@type\":\"ImageObject\",\"inLanguage\":\"fr-FR\",\"@id\":\"https:\/\/www.kela.health\/#\/schema\/logo\/image\/\",\"url\":\"https:\/\/www.kela.health\/wp-content\/uploads\/2018\/09\/Kela-Pos-RGB.jpg\",\"contentUrl\":\"https:\/\/www.kela.health\/wp-content\/uploads\/2018\/09\/Kela-Pos-RGB.jpg\",\"width\":1000,\"height\":490,\"caption\":\"Kela NV\"},\"image\":{\"@id\":\"https:\/\/www.kela.health\/#\/schema\/logo\/image\/\"},\"sameAs\":[\"https:\/\/www.facebook.com\/Kela.Hoogstraten\/\",\"https:\/\/www.linkedin.com\/company\/kela-laboratoria-n-v-\/\"]}]}<\/script>\n<!-- \/ Yoast SEO plugin. -->","yoast_head_json":{"title":"Kela Veterinaria - Distribution propre - Kela Health","robots":{"index":"index","follow":"follow","max-snippet":"max-snippet:-1","max-image-preview":"max-image-preview:large","max-video-preview":"max-video-preview:-1"},"canonical":"https:\/\/www.kela.health\/animal-health\/distribution\/belgium\/","og_locale":"fr_FR","og_type":"article","og_title":"Kela Veterinaria - Distribution propre - Kela Health","og_url":"https:\/\/www.kela.health\/animal-health\/distribution\/belgium\/","og_site_name":"Kela Health","article_publisher":"https:\/\/www.facebook.com\/Kela.Hoogstraten\/","article_modified_time":"2022-09-28T10:19:13+00:00","og_image":[{"url":"https:\/\/www.kela.health\/wp-content\/uploads\/2021\/08\/Schermafbeelding-2021-08-27-173658-150x150.png"}],"twitter_card":"summary_large_image","twitter_misc":{"Est. reading time":"2 minutes"},"schema":{"@context":"https:\/\/schema.org","@graph":[{"@type":"WebPage","@id":"https:\/\/www.kela.health\/animal-health\/distribution\/belgium\/","url":"https:\/\/www.kela.health\/animal-health\/distribution\/belgium\/","name":"Kela Veterinaria - Distribution propre - Kela Health","isPartOf":{"@id":"https:\/\/www.kela.health\/#website"},"datePublished":"2018-10-16T14:42:20+00:00","dateModified":"2022-09-28T10:19:13+00:00","breadcrumb":{"@id":"https:\/\/www.kela.health\/animal-health\/distribution\/belgium\/#breadcrumb"},"inLanguage":"fr-FR","potentialAction":[{"@type":"ReadAction","target":["https:\/\/www.kela.health\/animal-health\/distribution\/belgium\/"]}]},{"@type":"BreadcrumbList","@id":"https:\/\/www.kela.health\/animal-health\/distribution\/belgium\/#breadcrumb","itemListElement":[{"@type":"ListItem","position":1,"name":"Home","item":"https:\/\/www.kela.health\/fr\/"},{"@type":"ListItem","position":2,"name":"Sant\u00e9 animale","item":"https:\/\/www.kela.health\/fr\/sante-animale\/"},{"@type":"ListItem","position":3,"name":"Distribution propre","item":"https:\/\/www.kela.health\/fr\/sante-animale\/distribution\/"},{"@type":"ListItem","position":4,"name":"Kela Veterinaria"}]},{"@type":"WebSite","@id":"https:\/\/www.kela.health\/#website","url":"https:\/\/www.kela.health\/","name":"Kela Health","description":"Focus on health","publisher":{"@id":"https:\/\/www.kela.health\/#organization"},"potentialAction":[{"@type":"SearchAction","target":{"@type":"EntryPoint","urlTemplate":"https:\/\/www.kela.health\/?s={search_term_string}"},"query-input":"required name=search_term_string"}],"inLanguage":"fr-FR"},{"@type":"Organization","@id":"https:\/\/www.kela.health\/#organization","name":"Kela NV","url":"https:\/\/www.kela.health\/","logo":{"@type":"ImageObject","inLanguage":"fr-FR","@id":"https:\/\/www.kela.health\/#\/schema\/logo\/image\/","url":"https:\/\/www.kela.health\/wp-content\/uploads\/2018\/09\/Kela-Pos-RGB.jpg","contentUrl":"https:\/\/www.kela.health\/wp-content\/uploads\/2018\/09\/Kela-Pos-RGB.jpg","width":1000,"height":490,"caption":"Kela NV"},"image":{"@id":"https:\/\/www.kela.health\/#\/schema\/logo\/image\/"},"sameAs":["https:\/\/www.facebook.com\/Kela.Hoogstraten\/","https:\/\/www.linkedin.com\/company\/kela-laboratoria-n-v-\/"]}]}},"_links":{"self":[{"href":"https:\/\/www.kela.health\/fr\/wp-json\/wp\/v2\/pages\/1590"}],"collection":[{"href":"https:\/\/www.kela.health\/fr\/wp-json\/wp\/v2\/pages"}],"about":[{"href":"https:\/\/www.kela.health\/fr\/wp-json\/wp\/v2\/types\/page"}],"author":[{"embeddable":true,"href":"https:\/\/www.kela.health\/fr\/wp-json\/wp\/v2\/users\/3"}],"replies":[{"embeddable":true,"href":"https:\/\/www.kela.health\/fr\/wp-json\/wp\/v2\/comments?post=1590"}],"version-history":[{"count":4,"href":"https:\/\/www.kela.health\/fr\/wp-json\/wp\/v2\/pages\/1590\/revisions"}],"predecessor-version":[{"id":5050,"href":"https:\/\/www.kela.health\/fr\/wp-json\/wp\/v2\/pages\/1590\/revisions\/5050"}],"up":[{"embeddable":true,"href":"https:\/\/www.kela.health\/fr\/wp-json\/wp\/v2\/pages\/1588"}],"wp:attachment":[{"href":"https:\/\/www.kela.health\/fr\/wp-json\/wp\/v2\/media?parent=1590"}],"curies":[{"name":"wp","href":"https:\/\/api.w.org\/{rel}","templated":true}]}}