{"id":1592,"date":"2018-10-16T16:43:28","date_gmt":"2018-10-16T14:43:28","guid":{"rendered":"https:\/\/www.kela.health\/?page_id=1592"},"modified":"2018-11-30T19:48:39","modified_gmt":"2018-11-30T18:48:39","slug":"kela-de-las-americas-sa","status":"publish","type":"page","link":"https:\/\/www.kela.health\/fr\/sante-animale\/distribution\/kela-de-las-americas-sa\/","title":{"rendered":"Kela de las Am\u00e9ricas"},"content":{"rendered":"<section class=\"wpb-content-wrapper\"><p>[vc_row][vc_column][\/vc_column][\/vc_row][vc_section full_width=&#8221;stretch_row&#8221; content_placement=&#8221;top&#8221; el_id=&#8221;cat-landing-2&#8243; el_class=&#8221;cat-landing animal-landing&#8221;][vc_row][vc_column width=&#8221;3\/12&#8243;][vc_row_inner][vc_column_inner][vc_wp_custommenu nav_menu=&#8221;8&#8243; el_class=&#8221;sidebar-small&#8221;][\/vc_column_inner][\/vc_row_inner][\/vc_column][vc_column width=&#8221;1\/12&#8243;][\/vc_column][vc_column width=&#8221;6\/12&#8243;][vc_column_text el_class=&#8221;breadcrumb&#8221;]Sant\u00e9 animale[\/vc_column_text][vc_column_text]<\/p>\n<h1>Kela de las Am\u00e9ricas<\/h1>\n<p>Kela De Las Am\u00e9ricas a son si\u00e8ge \u00e0 Guadalajara (\u00c9tat de Jalisco) depuis\u00a02013. Notre strat\u00e9gie au Mexique consiste \u00e0 fournir des produits pharmaceutiques injectables destin\u00e9s principalement au secteur de l\u2019\u00e9levage bovin et \u00e0 l&#8217;industrie laiti\u00e8re. Le march\u00e9 mexicain est important pour Kela du fait que le Mexique est le 8<sup>e<\/sup>\u00a0producteur mondial de viande. Kela de las Am\u00e9ricas collabore avec des distributeurs \u00e0 travers tout le pays dans le but d\u2019\u00e9largir ses activit\u00e9s au niveau local. \u00c0 cet \u00e9gard, nous prenons r\u00e9guli\u00e8rement part \u00e0 des \u00e9v\u00e9nements locaux afin d\u2019accro\u00eetre notre visibilit\u00e9 et de renforcer la notori\u00e9t\u00e9 de notre marque.<\/p>\n<p>Nos clients au Mexique sont des distributeurs qui fournissent des produits pharmaceutiques aux \u00e9levages familiaux ainsi qu\u2019aux grands groupes int\u00e9gr\u00e9s. Gr\u00e2ce \u00e0 notre gamme qui compte environ 40\u00a0enregistrements, nous fournissons essentiellement des antibiotiques injectables et des multivitamines ainsi qu\u2019un produit antiparasitaire et deux produits anti-inflammatoires. Nous promouvons l&#8217;importance de proc\u00e9der \u00e0 des essais locaux ainsi qu\u2019\u00e0 des essais r\u00e9guliers de terrain \u00e0 petite \u00e9chelle. Nous avons sign\u00e9 un contrat avec l\u2019universit\u00e9 de Guadalajara nous permettant d\u2019effectuer des essais locaux et nous entretenons de bonnes relations avec l\u2019Asociaci\u00f3n De M\u00e9dicos Veterinarios Zootecnistas Especialistas en Bovinos de l\u2019\u00c9tat de Veracruz qui nous aide \u00e9galement \u00e0 r\u00e9aliser ces essais.<\/p>\n<p>Nous avons pour objectif de devenir un acteur reconnu et respect\u00e9 dans le domaine des antibiotiques injectables et des multivitamines destin\u00e9s au b\u00e9tail du march\u00e9 mexicain. Notre \u00e9quipe de vente sur le terrain assure la promotion de nos produits chez les distributeurs locaux. Notre pr\u00e9sence sur le march\u00e9 nous permet d&#8217;accumuler une exp\u00e9rience pr\u00e9cieuse dans les attouts qui nous permettront de m\u00e9riter la cr\u00e9dibilit\u00e9 locale en tant qu\u2019entreprise europ\u00e9enne. Kela a pour ambition de devenir une r\u00e9f\u00e9rence dans le domaine de l\u2019utilisation responsable et efficace des antibiotiques au profit des exploitations d\u2019\u00e9levage familiales et des groupes int\u00e9gr\u00e9s mexicains.[\/vc_column_text][vc_column_text el_class=&#8221;location&#8221;]<img decoding=\"async\" loading=\"lazy\" class=\"alignnone wp-image-2066 size-thumbnail\" src=\"https:\/\/www.kela.health\/wp-content\/uploads\/2018\/11\/kela-mex-150x150.png\" alt=\"\" width=\"150\" height=\"150\" srcset=\"https:\/\/www.kela.health\/wp-content\/uploads\/2018\/11\/kela-mex-150x150.png 150w, https:\/\/www.kela.health\/wp-content\/uploads\/2018\/11\/kela-mex.png 402w\" sizes=\"(max-width: 150px) 100vw, 150px\" \/><\/p>\n<h4><strong>KELA DE LAS AM\u00c9RICAS SA DE CV <\/strong><\/h4>\n<p>Samos 845<br \/>\nSenderos del Valle<br \/>\nTlajomulco De Z\u00fa\u00f1iga<br \/>\nJalisco 45654<br \/>\nT\u00e9l: +52 33 3121 6145<br \/>\nE-mail: <a href=\"mailto:info@kela.mx\">info@kela.mx<\/a>[\/vc_column_text][vc_gmaps link=&#8221;#E-8_JTNDaWZyYW1lJTIwc3JjJTNEJTIyaHR0cHMlM0ElMkYlMkZ3d3cuZ29vZ2xlLmNvbSUyRm1hcHMlMkZlbWJlZCUzRnBiJTNEJTIxMW0xOCUyMTFtMTIlMjExbTMlMjExZDE4NjguMDM5MzA5NjY4MzA1MSUyMTJkLTEwMy4zNTgzNzQ4MjQwNDMyMiUyMTNkMjAuNTQzOTYzOTA4MTc5Mjg2JTIxMm0zJTIxMWYwJTIxMmYwJTIxM2YwJTIxM20yJTIxMWkxMDI0JTIxMmk3NjglMjE0ZjEzLjElMjEzbTMlMjExbTIlMjExczB4ODQyZjRkNjFiZjdkMzcyYiUyNTNBMHg3MmZiZWViNDA4NDhiOGQ3JTIxMnNLZWxhJTJCZGUlMkJsYXMlMkJhbWVyaWNhcyUyMTVlMCUyMTNtMiUyMTFzZW4lMjEyc2JlJTIxNHYxNTM4NTU1MTg4MjcxJTIyJTIwd2lkdGglM0QlMjI2MDAlMjIlMjBoZWlnaHQlM0QlMjI0NTAlMjIlMjBmcmFtZWJvcmRlciUzRCUyMjAlMjIlMjBzdHlsZSUzRCUyMmJvcmRlciUzQTAlMjIlMjBhbGxvd2Z1bGxzY3JlZW4lM0UlM0MlMkZpZnJhbWUlM0U=&#8221;][\/vc_column][vc_column width=&#8221;2\/12&#8243;][\/vc_column][\/vc_row][\/vc_section][vc_row][vc_column]<div class=\"templatera_shortcode\"><div class=\"vc_row wpb_row vc_row-fluid\"><div class=\"wpb_column vc_column_container vc_col-sm-4\"><div class=\"vc_column-inner\"><div class=\"wpb_wrapper\">\n\t<div class=\"wpb_text_column wpb_content_element  vc_custom_1543247635647 box box-contact\" >\n\t\t<div class=\"wpb_wrapper\">\n\t\t\t<p><img class=\"alignnone size-medium wp-image-86\" src=\"https:\/\/www.kela.health\/wp-content\/uploads\/2018\/08\/chat-bubble.svg\" alt=\"\" width=\"30\" height=\"26\" \/><\/p>\n<h5>SANTE ANIMALE<\/h5>\n<h6><strong>Contactez-nous pour plus d<\/strong>\u2019<strong>informations<\/strong><\/h6>\n<p>+32 (0)3 340 04 11<br \/>\n<a href=\"mailto:info@kela.health\">info@kela.health<\/a><\/p>\n<p><a class=\"blue-button\" href=\"https:\/\/www.kela.health\/fr\/sante-animale\/contactez-nous\">Contactez Kela<\/a><\/p>\n\n\t\t<\/div>\n\t<\/div>\n<\/div><\/div><\/div><div class=\"wpb_column vc_column_container vc_col-sm-4\"><div class=\"vc_column-inner\"><div class=\"wpb_wrapper\">\n\t<div class=\"wpb_text_column wpb_content_element  box box-kela\" >\n\t\t<div class=\"wpb_wrapper\">\n\t\t\t<h5>En quoi sommes-nous diff\u00e9rents\u00a0?<\/h5>\n<h6>Notre exp\u00e9rience in\u00e9gal\u00e9e<\/h6>\n<h6>Les comp\u00e9tences de notre personnel<\/h6>\n<h6>La valeur apport\u00e9e \u00e0 ce que nous faisons<\/h6>\n<p><a class=\"blue-button\" href=\"https:\/\/www.kela.health\/fr\/sante-animale\/valeur-ajoutee-pour-les-clients\/en-quoi-sommes-nous-differents\">En savoir plus<\/a><\/p>\n\n\t\t<\/div>\n\t<\/div>\n<\/div><\/div><\/div><div class=\"wpb_column vc_column_container vc_col-sm-4\"><div class=\"vc_column-inner\"><div class=\"wpb_wrapper\">\n\t<div class=\"wpb_text_column wpb_content_element  box box-productfinder\" >\n\t\t<div class=\"wpb_wrapper\">\n\t\t\t<p><img class=\"alignnone size-medium wp-image-116\" src=\"https:\/\/www.kela.health\/wp-content\/uploads\/2018\/08\/search.svg\" alt=\"\" width=\"20\" height=\"20\" \/><\/p>\n<h5>RECHERCHE DE PRODUITS<\/h5>\n<h6>Voir les produits dans votre r\u00e9gion<\/h6>\n<p>Notre portefeuille couvre un large assortiment de produits pour la sant\u00e9 v\u00e9t\u00e9rinaire.<\/p>\n<p><a class=\"blue-button\" href=\"http:\/\/products.kela.health\">Voir les produits<\/a><\/p>\n\n\t\t<\/div>\n\t<\/div>\n<\/div><\/div><\/div><\/div><\/div>[\/vc_column][\/vc_row]<\/p>\n<\/section>","protected":false},"excerpt":{"rendered":"SANTE ANIMALE Contactez-nous pour plus d\u2019informations +32 (0)3 340 04 11 info@kela.health Contactez Kela En quoi sommes-nous diff\u00e9rents\u00a0? Notre exp\u00e9rience in\u00e9gal\u00e9e Les comp\u00e9tences de notre personnel La valeur apport\u00e9e \u00e0 ce que nous faisons En savoir plus RECHERCHE DE PRODUITS Voir les produits dans votre r\u00e9gion Notre portefeuille couvre un large assortiment de produits pour la sant\u00e9 v\u00e9t\u00e9rinaire. Voir les [...]","protected":false},"author":3,"featured_media":0,"parent":1588,"menu_order":2,"comment_status":"closed","ping_status":"closed","template":"","meta":{"inline_featured_image":false},"acf":[],"yoast_head":"<!-- This site is optimized with the Yoast SEO plugin v20.8 - https:\/\/yoast.com\/wordpress\/plugins\/seo\/ -->\n<title>Kela de las Am\u00e9ricas - Distribution propre - Kela Health<\/title>\n<meta name=\"robots\" content=\"index, follow, max-snippet:-1, max-image-preview:large, max-video-preview:-1\" \/>\n<link rel=\"canonical\" href=\"https:\/\/www.kela.health\/fr\/sante-animale\/distribution\/kela-de-las-americas-sa\/\" \/>\n<meta property=\"og:locale\" content=\"fr_FR\" \/>\n<meta property=\"og:type\" content=\"article\" \/>\n<meta property=\"og:title\" content=\"Kela de las Am\u00e9ricas - Distribution propre - Kela Health\" \/>\n<meta property=\"og:url\" content=\"https:\/\/www.kela.health\/fr\/sante-animale\/distribution\/kela-de-las-americas-sa\/\" \/>\n<meta property=\"og:site_name\" content=\"Kela Health\" \/>\n<meta property=\"article:publisher\" content=\"https:\/\/www.facebook.com\/Kela.Hoogstraten\/\" \/>\n<meta property=\"article:modified_time\" content=\"2018-11-30T18:48:39+00:00\" \/>\n<meta property=\"og:image\" content=\"https:\/\/www.kela.health\/wp-content\/uploads\/2018\/11\/kela-mex-150x150.png\" \/>\n<meta name=\"twitter:card\" content=\"summary_large_image\" \/>\n<meta name=\"twitter:label1\" content=\"Est. reading time\" \/>\n\t<meta name=\"twitter:data1\" content=\"3 minutes\" \/>\n<script type=\"application\/ld+json\" class=\"yoast-schema-graph\">{\"@context\":\"https:\/\/schema.org\",\"@graph\":[{\"@type\":\"WebPage\",\"@id\":\"https:\/\/www.kela.health\/fr\/sante-animale\/distribution\/kela-de-las-americas-sa\/\",\"url\":\"https:\/\/www.kela.health\/fr\/sante-animale\/distribution\/kela-de-las-americas-sa\/\",\"name\":\"Kela de las Am\u00e9ricas - Distribution propre - Kela Health\",\"isPartOf\":{\"@id\":\"https:\/\/www.kela.health\/#website\"},\"datePublished\":\"2018-10-16T14:43:28+00:00\",\"dateModified\":\"2018-11-30T18:48:39+00:00\",\"breadcrumb\":{\"@id\":\"https:\/\/www.kela.health\/fr\/sante-animale\/distribution\/kela-de-las-americas-sa\/#breadcrumb\"},\"inLanguage\":\"fr-FR\",\"potentialAction\":[{\"@type\":\"ReadAction\",\"target\":[\"https:\/\/www.kela.health\/fr\/sante-animale\/distribution\/kela-de-las-americas-sa\/\"]}]},{\"@type\":\"BreadcrumbList\",\"@id\":\"https:\/\/www.kela.health\/fr\/sante-animale\/distribution\/kela-de-las-americas-sa\/#breadcrumb\",\"itemListElement\":[{\"@type\":\"ListItem\",\"position\":1,\"name\":\"Home\",\"item\":\"https:\/\/www.kela.health\/fr\/\"},{\"@type\":\"ListItem\",\"position\":2,\"name\":\"Sant\u00e9 animale\",\"item\":\"https:\/\/www.kela.health\/fr\/sante-animale\/\"},{\"@type\":\"ListItem\",\"position\":3,\"name\":\"Distribution propre\",\"item\":\"https:\/\/www.kela.health\/fr\/sante-animale\/distribution\/\"},{\"@type\":\"ListItem\",\"position\":4,\"name\":\"Kela de las Am\u00e9ricas\"}]},{\"@type\":\"WebSite\",\"@id\":\"https:\/\/www.kela.health\/#website\",\"url\":\"https:\/\/www.kela.health\/\",\"name\":\"Kela Health\",\"description\":\"Focus on health\",\"publisher\":{\"@id\":\"https:\/\/www.kela.health\/#organization\"},\"potentialAction\":[{\"@type\":\"SearchAction\",\"target\":{\"@type\":\"EntryPoint\",\"urlTemplate\":\"https:\/\/www.kela.health\/?s={search_term_string}\"},\"query-input\":\"required name=search_term_string\"}],\"inLanguage\":\"fr-FR\"},{\"@type\":\"Organization\",\"@id\":\"https:\/\/www.kela.health\/#organization\",\"name\":\"Kela NV\",\"url\":\"https:\/\/www.kela.health\/\",\"logo\":{\"@type\":\"ImageObject\",\"inLanguage\":\"fr-FR\",\"@id\":\"https:\/\/www.kela.health\/#\/schema\/logo\/image\/\",\"url\":\"https:\/\/www.kela.health\/wp-content\/uploads\/2018\/09\/Kela-Pos-RGB.jpg\",\"contentUrl\":\"https:\/\/www.kela.health\/wp-content\/uploads\/2018\/09\/Kela-Pos-RGB.jpg\",\"width\":1000,\"height\":490,\"caption\":\"Kela NV\"},\"image\":{\"@id\":\"https:\/\/www.kela.health\/#\/schema\/logo\/image\/\"},\"sameAs\":[\"https:\/\/www.facebook.com\/Kela.Hoogstraten\/\",\"https:\/\/www.linkedin.com\/company\/kela-laboratoria-n-v-\/\"]}]}<\/script>\n<!-- \/ Yoast SEO plugin. -->","yoast_head_json":{"title":"Kela de las Am\u00e9ricas - Distribution propre - Kela Health","robots":{"index":"index","follow":"follow","max-snippet":"max-snippet:-1","max-image-preview":"max-image-preview:large","max-video-preview":"max-video-preview:-1"},"canonical":"https:\/\/www.kela.health\/fr\/sante-animale\/distribution\/kela-de-las-americas-sa\/","og_locale":"fr_FR","og_type":"article","og_title":"Kela de las Am\u00e9ricas - Distribution propre - Kela Health","og_url":"https:\/\/www.kela.health\/fr\/sante-animale\/distribution\/kela-de-las-americas-sa\/","og_site_name":"Kela Health","article_publisher":"https:\/\/www.facebook.com\/Kela.Hoogstraten\/","article_modified_time":"2018-11-30T18:48:39+00:00","og_image":[{"url":"https:\/\/www.kela.health\/wp-content\/uploads\/2018\/11\/kela-mex-150x150.png"}],"twitter_card":"summary_large_image","twitter_misc":{"Est. reading time":"3 minutes"},"schema":{"@context":"https:\/\/schema.org","@graph":[{"@type":"WebPage","@id":"https:\/\/www.kela.health\/fr\/sante-animale\/distribution\/kela-de-las-americas-sa\/","url":"https:\/\/www.kela.health\/fr\/sante-animale\/distribution\/kela-de-las-americas-sa\/","name":"Kela de las Am\u00e9ricas - Distribution propre - Kela Health","isPartOf":{"@id":"https:\/\/www.kela.health\/#website"},"datePublished":"2018-10-16T14:43:28+00:00","dateModified":"2018-11-30T18:48:39+00:00","breadcrumb":{"@id":"https:\/\/www.kela.health\/fr\/sante-animale\/distribution\/kela-de-las-americas-sa\/#breadcrumb"},"inLanguage":"fr-FR","potentialAction":[{"@type":"ReadAction","target":["https:\/\/www.kela.health\/fr\/sante-animale\/distribution\/kela-de-las-americas-sa\/"]}]},{"@type":"BreadcrumbList","@id":"https:\/\/www.kela.health\/fr\/sante-animale\/distribution\/kela-de-las-americas-sa\/#breadcrumb","itemListElement":[{"@type":"ListItem","position":1,"name":"Home","item":"https:\/\/www.kela.health\/fr\/"},{"@type":"ListItem","position":2,"name":"Sant\u00e9 animale","item":"https:\/\/www.kela.health\/fr\/sante-animale\/"},{"@type":"ListItem","position":3,"name":"Distribution propre","item":"https:\/\/www.kela.health\/fr\/sante-animale\/distribution\/"},{"@type":"ListItem","position":4,"name":"Kela de las Am\u00e9ricas"}]},{"@type":"WebSite","@id":"https:\/\/www.kela.health\/#website","url":"https:\/\/www.kela.health\/","name":"Kela Health","description":"Focus on health","publisher":{"@id":"https:\/\/www.kela.health\/#organization"},"potentialAction":[{"@type":"SearchAction","target":{"@type":"EntryPoint","urlTemplate":"https:\/\/www.kela.health\/?s={search_term_string}"},"query-input":"required name=search_term_string"}],"inLanguage":"fr-FR"},{"@type":"Organization","@id":"https:\/\/www.kela.health\/#organization","name":"Kela NV","url":"https:\/\/www.kela.health\/","logo":{"@type":"ImageObject","inLanguage":"fr-FR","@id":"https:\/\/www.kela.health\/#\/schema\/logo\/image\/","url":"https:\/\/www.kela.health\/wp-content\/uploads\/2018\/09\/Kela-Pos-RGB.jpg","contentUrl":"https:\/\/www.kela.health\/wp-content\/uploads\/2018\/09\/Kela-Pos-RGB.jpg","width":1000,"height":490,"caption":"Kela NV"},"image":{"@id":"https:\/\/www.kela.health\/#\/schema\/logo\/image\/"},"sameAs":["https:\/\/www.facebook.com\/Kela.Hoogstraten\/","https:\/\/www.linkedin.com\/company\/kela-laboratoria-n-v-\/"]}]}},"_links":{"self":[{"href":"https:\/\/www.kela.health\/fr\/wp-json\/wp\/v2\/pages\/1592"}],"collection":[{"href":"https:\/\/www.kela.health\/fr\/wp-json\/wp\/v2\/pages"}],"about":[{"href":"https:\/\/www.kela.health\/fr\/wp-json\/wp\/v2\/types\/page"}],"author":[{"embeddable":true,"href":"https:\/\/www.kela.health\/fr\/wp-json\/wp\/v2\/users\/3"}],"replies":[{"embeddable":true,"href":"https:\/\/www.kela.health\/fr\/wp-json\/wp\/v2\/comments?post=1592"}],"version-history":[{"count":4,"href":"https:\/\/www.kela.health\/fr\/wp-json\/wp\/v2\/pages\/1592\/revisions"}],"predecessor-version":[{"id":2077,"href":"https:\/\/www.kela.health\/fr\/wp-json\/wp\/v2\/pages\/1592\/revisions\/2077"}],"up":[{"embeddable":true,"href":"https:\/\/www.kela.health\/fr\/wp-json\/wp\/v2\/pages\/1588"}],"wp:attachment":[{"href":"https:\/\/www.kela.health\/fr\/wp-json\/wp\/v2\/media?parent=1592"}],"curies":[{"name":"wp","href":"https:\/\/api.w.org\/{rel}","templated":true}]}}