{"id":1594,"date":"2018-10-16T16:44:34","date_gmt":"2018-10-16T14:44:34","guid":{"rendered":"https:\/\/www.kela.health\/?page_id=1594"},"modified":"2023-06-22T08:37:06","modified_gmt":"2023-06-22T06:37:06","slug":"anupco","status":"publish","type":"page","link":"https:\/\/www.kela.health\/fr\/sante-animale\/distribution\/anupco\/","title":{"rendered":"Anupco"},"content":{"rendered":"<section class=\"wpb-content-wrapper\"><p>[vc_row][vc_column][\/vc_column][\/vc_row][vc_section full_width=&#8221;stretch_row&#8221; content_placement=&#8221;top&#8221; el_id=&#8221;cat-landing-2&#8243; el_class=&#8221;cat-landing animal-landing&#8221;][vc_row][vc_column width=&#8221;3\/12&#8243;][vc_row_inner][vc_column_inner][vc_wp_custommenu nav_menu=&#8221;8&#8243; el_class=&#8221;sidebar-small&#8221;][\/vc_column_inner][\/vc_row_inner][\/vc_column][vc_column width=&#8221;1\/12&#8243;][\/vc_column][vc_column width=&#8221;6\/12&#8243;][vc_column_text el_class=&#8221;breadcrumb&#8221;]Sant\u00e9 animale[\/vc_column_text][vc_column_text]<\/p>\n<h1><strong>ANUPCO<\/strong><\/h1>\n<p>Anupco a \u00e9t\u00e9 cr\u00e9\u00e9e au Royaume-Uni en 1976 dans le but de fabriquer et de commercialiser des produits de sant\u00e9 \u00e0 usage animal de qualit\u00e9 sup\u00e9rieure \u00e0 la fois aux secteurs commercial et priv\u00e9 du monde entier. Nous sommes sp\u00e9cialis\u00e9s dans la fabrication de produits destin\u00e9s \u00e0 am\u00e9liorer et \u00e0 pr\u00e9server la sant\u00e9, les performances et le bien-\u00eatre du b\u00e9tail et des animaux de compagnie.<\/p>\n<p>Notre strat\u00e9gie de distribution au Royaume-Uni consiste \u00e0 mettre sur le march\u00e9 les produits de sant\u00e9 adapt\u00e9s aux animaux de compagnie et d\u2019\u00e9levage, produits qui se distinguent le plus souvent des gammes sur-peupl\u00e9es. Nous nous effor\u00e7ons \u00e9galement de r\u00e9introduire, gr\u00e2ce \u00e0 des licences d&#8217;importation sp\u00e9ciales, des produits devenus indisponibles en raison du manque de substance \u00e0 l\u2019origine ou de l\u2019arr\u00eat de production au Royaume-Uni. C\u2019est ainsi que nous cr\u00e9ons de la valeur pour les v\u00e9t\u00e9rinaires qui peuvent alors offrir des services de sant\u00e9 efficaces \u00e0 leurs clients et leurs animaux.<\/p>\n<p>Aujourd\u2019hui, les produits d\u2019Anupco sont utilis\u00e9s dans plus de 50\u00a0pays \u00e0 travers le monde. En vue de toujours satisfaire les clients et les distributeurs, nous contr\u00f4lons en permanence la qualit\u00e9 de tous nos produits et respectons des crit\u00e8res de fabrication stricts. Cela nous permet de maintenir non seulement la constance de qualit\u00e9 et la performance, mais \u00e9galement notre expertise de pointe relative aux mati\u00e8res premi\u00e8res, \u00e0 la production et aux emballages que nous utilisons.[\/vc_column_text][vc_column_text el_class=&#8221;location&#8221;]<img decoding=\"async\" loading=\"lazy\" class=\"alignnone wp-image-2060 size-thumbnail\" src=\"https:\/\/www.kela.health\/wp-content\/uploads\/2018\/11\/anupco-150x150.png\" alt=\"\" width=\"150\" height=\"150\" srcset=\"https:\/\/www.kela.health\/wp-content\/uploads\/2018\/11\/anupco-150x150.png 150w, https:\/\/www.kela.health\/wp-content\/uploads\/2018\/11\/anupco.png 402w\" sizes=\"(max-width: 150px) 100vw, 150px\" \/><\/p>\n<h4><strong>ANUPCO LTD T\/A KELA ANIMAL HEALTH UK<\/strong><\/h4>\n<p>Office 39, Lodge House, Lodge Park,<br \/>\nLodge Lane, Langham, Colchester, Essex, CO4 5NE<br \/>\nEngland<br \/>\nTel: +44(0) 1206 233528<br \/>\nEmail: <a href=\"mailto:anupco.sales@kela.health\" data-linkindex=\"0\">anupco.sales@kela.health<\/a>[\/vc_column_text][vc_gmaps link=&#8221;#E-8_JTNDaWZyYW1lJTIwc3JjJTNEJTIyaHR0cHMlM0ElMkYlMkZ3d3cuZ29vZ2xlLmNvbSUyRm1hcHMlMkZlbWJlZCUzRnBiJTNEJTIxMW0xOCUyMTFtMTIlMjExbTMlMjExZDIwNjMuMTAzMTQxNDAxNzU2JTIxMmQwLjk2NDAwNzA5MzE2NDg2NTIlMjEzZDUyLjA1MzIwMzA5OTMwNzAzNCUyMTJtMyUyMTFmMCUyMTJmMCUyMTNmMCUyMTNtMiUyMTFpMTAyNCUyMTJpNzY4JTIxNGYxMy4xJTIxM20zJTIxMW0yJTIxMXMweDQ3ZDlhODc4OWUzNWMxNjklMjUzQTB4YjU0NmM4Mjc3ODE4N2E3ZCUyMTJzQW51cGNvJTIxNWUwJTIxM20yJTIxMXNlbiUyMTJzYmUlMjE0djE1Mzg1NTUyNzAzMTUlMjIlMjB3aWR0aCUzRCUyMjYwMCUyMiUyMGhlaWdodCUzRCUyMjQ1MCUyMiUyMGZyYW1lYm9yZGVyJTNEJTIyMCUyMiUyMHN0eWxlJTNEJTIyYm9yZGVyJTNBMCUyMiUyMGFsbG93ZnVsbHNjcmVlbiUzRSUzQyUyRmlmcmFtZSUzRQ==&#8221;][\/vc_column][vc_column width=&#8221;2\/12&#8243;][\/vc_column][\/vc_row][\/vc_section][vc_row][vc_column]<div class=\"templatera_shortcode\"><div class=\"vc_row wpb_row vc_row-fluid\"><div class=\"wpb_column vc_column_container vc_col-sm-4\"><div class=\"vc_column-inner\"><div class=\"wpb_wrapper\">\n\t<div class=\"wpb_text_column wpb_content_element  vc_custom_1543247635647 box box-contact\" >\n\t\t<div class=\"wpb_wrapper\">\n\t\t\t<p><img class=\"alignnone size-medium wp-image-86\" src=\"https:\/\/www.kela.health\/wp-content\/uploads\/2018\/08\/chat-bubble.svg\" alt=\"\" width=\"30\" height=\"26\" \/><\/p>\n<h5>SANTE ANIMALE<\/h5>\n<h6><strong>Contactez-nous pour plus d<\/strong>\u2019<strong>informations<\/strong><\/h6>\n<p>+32 (0)3 340 04 11<br \/>\n<a href=\"mailto:info@kela.health\">info@kela.health<\/a><\/p>\n<p><a class=\"blue-button\" href=\"https:\/\/www.kela.health\/fr\/sante-animale\/contactez-nous\">Contactez Kela<\/a><\/p>\n\n\t\t<\/div>\n\t<\/div>\n<\/div><\/div><\/div><div class=\"wpb_column vc_column_container vc_col-sm-4\"><div class=\"vc_column-inner\"><div class=\"wpb_wrapper\">\n\t<div class=\"wpb_text_column wpb_content_element  box box-kela\" >\n\t\t<div class=\"wpb_wrapper\">\n\t\t\t<h5>En quoi sommes-nous diff\u00e9rents\u00a0?<\/h5>\n<h6>Notre exp\u00e9rience in\u00e9gal\u00e9e<\/h6>\n<h6>Les comp\u00e9tences de notre personnel<\/h6>\n<h6>La valeur apport\u00e9e \u00e0 ce que nous faisons<\/h6>\n<p><a class=\"blue-button\" href=\"https:\/\/www.kela.health\/fr\/sante-animale\/valeur-ajoutee-pour-les-clients\/en-quoi-sommes-nous-differents\">En savoir plus<\/a><\/p>\n\n\t\t<\/div>\n\t<\/div>\n<\/div><\/div><\/div><div class=\"wpb_column vc_column_container vc_col-sm-4\"><div class=\"vc_column-inner\"><div class=\"wpb_wrapper\">\n\t<div class=\"wpb_text_column wpb_content_element  box box-productfinder\" >\n\t\t<div class=\"wpb_wrapper\">\n\t\t\t<p><img class=\"alignnone size-medium wp-image-116\" src=\"https:\/\/www.kela.health\/wp-content\/uploads\/2018\/08\/search.svg\" alt=\"\" width=\"20\" height=\"20\" \/><\/p>\n<h5>RECHERCHE DE PRODUITS<\/h5>\n<h6>Voir les produits dans votre r\u00e9gion<\/h6>\n<p>Notre portefeuille couvre un large assortiment de produits pour la sant\u00e9 v\u00e9t\u00e9rinaire.<\/p>\n<p><a class=\"blue-button\" href=\"http:\/\/products.kela.health\">Voir les produits<\/a><\/p>\n\n\t\t<\/div>\n\t<\/div>\n<\/div><\/div><\/div><\/div><\/div>[\/vc_column][\/vc_row]<\/p>\n<\/section>","protected":false},"excerpt":{"rendered":"SANTE ANIMALE Contactez-nous pour plus d\u2019informations +32 (0)3 340 04 11 info@kela.health Contactez Kela En quoi sommes-nous diff\u00e9rents\u00a0? Notre exp\u00e9rience in\u00e9gal\u00e9e Les comp\u00e9tences de notre personnel La valeur apport\u00e9e \u00e0 ce que nous faisons En savoir plus RECHERCHE DE PRODUITS Voir les produits dans votre r\u00e9gion Notre portefeuille couvre un large assortiment de produits pour la sant\u00e9 v\u00e9t\u00e9rinaire. Voir les [...]","protected":false},"author":3,"featured_media":0,"parent":1588,"menu_order":3,"comment_status":"closed","ping_status":"closed","template":"","meta":{"inline_featured_image":false},"acf":[],"yoast_head":"<!-- This site is optimized with the Yoast SEO plugin v20.8 - https:\/\/yoast.com\/wordpress\/plugins\/seo\/ -->\n<title>Anupco - Distribution propre - Kela Health<\/title>\n<meta name=\"robots\" content=\"index, follow, max-snippet:-1, max-image-preview:large, max-video-preview:-1\" \/>\n<link rel=\"canonical\" href=\"https:\/\/www.kela.health\/animal-health\/distribution\/anupco\/\" \/>\n<meta property=\"og:locale\" content=\"fr_FR\" \/>\n<meta property=\"og:type\" content=\"article\" \/>\n<meta property=\"og:title\" content=\"Anupco - Distribution propre - Kela Health\" \/>\n<meta property=\"og:url\" content=\"https:\/\/www.kela.health\/animal-health\/distribution\/anupco\/\" \/>\n<meta property=\"og:site_name\" content=\"Kela Health\" \/>\n<meta property=\"article:publisher\" content=\"https:\/\/www.facebook.com\/Kela.Hoogstraten\/\" \/>\n<meta property=\"article:modified_time\" content=\"2023-06-22T06:37:06+00:00\" \/>\n<meta property=\"og:image\" content=\"https:\/\/www.kela.health\/wp-content\/uploads\/2018\/11\/anupco-150x150.png\" \/>\n<meta name=\"twitter:card\" content=\"summary_large_image\" \/>\n<meta name=\"twitter:label1\" content=\"Est. reading time\" \/>\n\t<meta name=\"twitter:data1\" content=\"2 minutes\" \/>\n<script type=\"application\/ld+json\" class=\"yoast-schema-graph\">{\"@context\":\"https:\/\/schema.org\",\"@graph\":[{\"@type\":\"WebPage\",\"@id\":\"https:\/\/www.kela.health\/animal-health\/distribution\/anupco\/\",\"url\":\"https:\/\/www.kela.health\/animal-health\/distribution\/anupco\/\",\"name\":\"Anupco - Distribution propre - Kela Health\",\"isPartOf\":{\"@id\":\"https:\/\/www.kela.health\/#website\"},\"datePublished\":\"2018-10-16T14:44:34+00:00\",\"dateModified\":\"2023-06-22T06:37:06+00:00\",\"breadcrumb\":{\"@id\":\"https:\/\/www.kela.health\/animal-health\/distribution\/anupco\/#breadcrumb\"},\"inLanguage\":\"fr-FR\",\"potentialAction\":[{\"@type\":\"ReadAction\",\"target\":[\"https:\/\/www.kela.health\/animal-health\/distribution\/anupco\/\"]}]},{\"@type\":\"BreadcrumbList\",\"@id\":\"https:\/\/www.kela.health\/animal-health\/distribution\/anupco\/#breadcrumb\",\"itemListElement\":[{\"@type\":\"ListItem\",\"position\":1,\"name\":\"Home\",\"item\":\"https:\/\/www.kela.health\/fr\/\"},{\"@type\":\"ListItem\",\"position\":2,\"name\":\"Sant\u00e9 animale\",\"item\":\"https:\/\/www.kela.health\/fr\/sante-animale\/\"},{\"@type\":\"ListItem\",\"position\":3,\"name\":\"Distribution propre\",\"item\":\"https:\/\/www.kela.health\/fr\/sante-animale\/distribution\/\"},{\"@type\":\"ListItem\",\"position\":4,\"name\":\"Anupco\"}]},{\"@type\":\"WebSite\",\"@id\":\"https:\/\/www.kela.health\/#website\",\"url\":\"https:\/\/www.kela.health\/\",\"name\":\"Kela Health\",\"description\":\"Focus on health\",\"publisher\":{\"@id\":\"https:\/\/www.kela.health\/#organization\"},\"potentialAction\":[{\"@type\":\"SearchAction\",\"target\":{\"@type\":\"EntryPoint\",\"urlTemplate\":\"https:\/\/www.kela.health\/?s={search_term_string}\"},\"query-input\":\"required name=search_term_string\"}],\"inLanguage\":\"fr-FR\"},{\"@type\":\"Organization\",\"@id\":\"https:\/\/www.kela.health\/#organization\",\"name\":\"Kela NV\",\"url\":\"https:\/\/www.kela.health\/\",\"logo\":{\"@type\":\"ImageObject\",\"inLanguage\":\"fr-FR\",\"@id\":\"https:\/\/www.kela.health\/#\/schema\/logo\/image\/\",\"url\":\"https:\/\/www.kela.health\/wp-content\/uploads\/2018\/09\/Kela-Pos-RGB.jpg\",\"contentUrl\":\"https:\/\/www.kela.health\/wp-content\/uploads\/2018\/09\/Kela-Pos-RGB.jpg\",\"width\":1000,\"height\":490,\"caption\":\"Kela NV\"},\"image\":{\"@id\":\"https:\/\/www.kela.health\/#\/schema\/logo\/image\/\"},\"sameAs\":[\"https:\/\/www.facebook.com\/Kela.Hoogstraten\/\",\"https:\/\/www.linkedin.com\/company\/kela-laboratoria-n-v-\/\"]}]}<\/script>\n<!-- \/ Yoast SEO plugin. -->","yoast_head_json":{"title":"Anupco - Distribution propre - Kela Health","robots":{"index":"index","follow":"follow","max-snippet":"max-snippet:-1","max-image-preview":"max-image-preview:large","max-video-preview":"max-video-preview:-1"},"canonical":"https:\/\/www.kela.health\/animal-health\/distribution\/anupco\/","og_locale":"fr_FR","og_type":"article","og_title":"Anupco - Distribution propre - Kela Health","og_url":"https:\/\/www.kela.health\/animal-health\/distribution\/anupco\/","og_site_name":"Kela Health","article_publisher":"https:\/\/www.facebook.com\/Kela.Hoogstraten\/","article_modified_time":"2023-06-22T06:37:06+00:00","og_image":[{"url":"https:\/\/www.kela.health\/wp-content\/uploads\/2018\/11\/anupco-150x150.png"}],"twitter_card":"summary_large_image","twitter_misc":{"Est. reading time":"2 minutes"},"schema":{"@context":"https:\/\/schema.org","@graph":[{"@type":"WebPage","@id":"https:\/\/www.kela.health\/animal-health\/distribution\/anupco\/","url":"https:\/\/www.kela.health\/animal-health\/distribution\/anupco\/","name":"Anupco - Distribution propre - Kela Health","isPartOf":{"@id":"https:\/\/www.kela.health\/#website"},"datePublished":"2018-10-16T14:44:34+00:00","dateModified":"2023-06-22T06:37:06+00:00","breadcrumb":{"@id":"https:\/\/www.kela.health\/animal-health\/distribution\/anupco\/#breadcrumb"},"inLanguage":"fr-FR","potentialAction":[{"@type":"ReadAction","target":["https:\/\/www.kela.health\/animal-health\/distribution\/anupco\/"]}]},{"@type":"BreadcrumbList","@id":"https:\/\/www.kela.health\/animal-health\/distribution\/anupco\/#breadcrumb","itemListElement":[{"@type":"ListItem","position":1,"name":"Home","item":"https:\/\/www.kela.health\/fr\/"},{"@type":"ListItem","position":2,"name":"Sant\u00e9 animale","item":"https:\/\/www.kela.health\/fr\/sante-animale\/"},{"@type":"ListItem","position":3,"name":"Distribution propre","item":"https:\/\/www.kela.health\/fr\/sante-animale\/distribution\/"},{"@type":"ListItem","position":4,"name":"Anupco"}]},{"@type":"WebSite","@id":"https:\/\/www.kela.health\/#website","url":"https:\/\/www.kela.health\/","name":"Kela Health","description":"Focus on health","publisher":{"@id":"https:\/\/www.kela.health\/#organization"},"potentialAction":[{"@type":"SearchAction","target":{"@type":"EntryPoint","urlTemplate":"https:\/\/www.kela.health\/?s={search_term_string}"},"query-input":"required name=search_term_string"}],"inLanguage":"fr-FR"},{"@type":"Organization","@id":"https:\/\/www.kela.health\/#organization","name":"Kela NV","url":"https:\/\/www.kela.health\/","logo":{"@type":"ImageObject","inLanguage":"fr-FR","@id":"https:\/\/www.kela.health\/#\/schema\/logo\/image\/","url":"https:\/\/www.kela.health\/wp-content\/uploads\/2018\/09\/Kela-Pos-RGB.jpg","contentUrl":"https:\/\/www.kela.health\/wp-content\/uploads\/2018\/09\/Kela-Pos-RGB.jpg","width":1000,"height":490,"caption":"Kela NV"},"image":{"@id":"https:\/\/www.kela.health\/#\/schema\/logo\/image\/"},"sameAs":["https:\/\/www.facebook.com\/Kela.Hoogstraten\/","https:\/\/www.linkedin.com\/company\/kela-laboratoria-n-v-\/"]}]}},"_links":{"self":[{"href":"https:\/\/www.kela.health\/fr\/wp-json\/wp\/v2\/pages\/1594"}],"collection":[{"href":"https:\/\/www.kela.health\/fr\/wp-json\/wp\/v2\/pages"}],"about":[{"href":"https:\/\/www.kela.health\/fr\/wp-json\/wp\/v2\/types\/page"}],"author":[{"embeddable":true,"href":"https:\/\/www.kela.health\/fr\/wp-json\/wp\/v2\/users\/3"}],"replies":[{"embeddable":true,"href":"https:\/\/www.kela.health\/fr\/wp-json\/wp\/v2\/comments?post=1594"}],"version-history":[{"count":6,"href":"https:\/\/www.kela.health\/fr\/wp-json\/wp\/v2\/pages\/1594\/revisions"}],"predecessor-version":[{"id":6138,"href":"https:\/\/www.kela.health\/fr\/wp-json\/wp\/v2\/pages\/1594\/revisions\/6138"}],"up":[{"embeddable":true,"href":"https:\/\/www.kela.health\/fr\/wp-json\/wp\/v2\/pages\/1588"}],"wp:attachment":[{"href":"https:\/\/www.kela.health\/fr\/wp-json\/wp\/v2\/media?parent=1594"}],"curies":[{"name":"wp","href":"https:\/\/api.w.org\/{rel}","templated":true}]}}