{"id":1236,"date":"2018-10-16T11:09:51","date_gmt":"2018-10-16T09:09:51","guid":{"rendered":"https:\/\/www.kela.health\/?page_id=1236"},"modified":"2025-01-24T10:13:42","modified_gmt":"2025-01-24T09:13:42","slug":"dierengezondheid","status":"publish","type":"page","link":"https:\/\/www.kela.health\/nl\/dierengezondheid\/","title":{"rendered":"Dierengezondheid"},"content":{"rendered":"<section class=\"wpb-content-wrapper\"><p>[vc_row][vc_column][\/vc_column][\/vc_row][vc_section full_width=&#8221;stretch_row&#8221; content_placement=&#8221;top&#8221; el_id=&#8221;cat-landing&#8221; el_class=&#8221;cat-landing animal-landing&#8221;][vc_row][vc_column]<div class=\"templatera_shortcode\"><div class=\"vc_row wpb_row vc_row-fluid\"><div class=\"wpb_column vc_column_container vc_col-sm-12\"><div class=\"vc_column-inner\"><div class=\"wpb_wrapper\"><div class=\"evc-section-title evc-shortcode page-title\" style=\"text-align: left\">\n\t<div class=\"evc-st-inner\">\n\t\t\t\t\t<h2 class=\"evc-st-title\" >\n\t\t\t\tDiergezondheid\t\t\t<\/h2>\n\t\t\t\t\t\t\t\t\t<\/div>\n<\/div>\n<\/div><\/div><\/div><\/div><\/div>[\/vc_column][\/vc_row][vc_row][vc_column width=&#8221;1\/2&#8243;][vc_column_text]Onze diergeneeskundige producten bestaan hoofdzakelijk uit diergeneesmiddelen en voedingssupplementen voor landbouwhuisdieren en in bepaalde landen ook voor gezelschapsdieren. We vinden dat een goede diergezondheid een belangrijk sociaal en economisch voordeel is voor onze klanten.<\/p>\n<p><a class=\"blue-button\" href=\"https:\/\/www.kela.health\/nl\/dierengezondheid\/waarde-voor-klanten\/\">Lees verder<\/a>[\/vc_column_text][\/vc_column][\/vc_row][vc_row][vc_column width=&#8221;7\/12&#8243; offset=&#8221;vc_col-lg-offset-0 vc_col-lg-5 vc_col-md-offset-0 vc_col-md-6 vc_col-sm-offset-0 vc_col-xs-12&#8243;][vc_wp_custommenu nav_menu=&#8221;7&#8243; el_class=&#8221;sidebar-large&#8221;][\/vc_column][vc_column width=&#8221;5\/12&#8243; offset=&#8221;vc_hidden-lg vc_hidden-md vc_hidden-sm vc_hidden-xs&#8221;][\/vc_column][\/vc_row][\/vc_section][vc_section][vc_row][vc_column width=&#8221;7\/12&#8243;][vc_column_text]<\/p>\n<h2>Wat maakt ons verschillend in diergezondheid?<strong><br \/>\n<\/strong><\/h2>\n<p>[\/vc_column_text][vc_column_text]Kela\u2019s sterkte ligt in de kruisbestuiving tussen ons erfgoed, onze mensen en ons aanbod.<\/p>\n<p><strong>Onze onge\u00ebvenaarde expertise<\/strong> komt voort uit decennia onophoudelijke onderzoeks-, ontwikkelings- en innoveringsinspanningen in het domein van de diergezondheid. Kela&#8217;s historische focus op het vergemakkelijken van een antimicrobi\u00eble behandeling voor dierenartsen heeft ons tot \u00e9\u00e9n van de weinige wereldwijde spelers van penicilline als een eindproduct voor diergeneeskundig gebruik gemaakt.<\/p>\n<p><strong>Onze mensen in onze diergezondheidsbusiness<\/strong> zijn hoog opgeleid en begrijpen de noden en uitdagingen van dierenartsen, ongeacht de regio waar ze werken. We hebben dierenartsen, (industrie-) apothekers, ingenieurs, economen en MBA-gekwalificeerde mensen in dienst.\u00a0Met hun deskundige knowhow en een aan de lokale omstandigheden aangepaste aanpak\u00a0 ondersteunen onze mensen veetelers wereldwijd. Dankzij deze enorme bron van ervaring staan we dicht bij de dagelijkse uitdagingen van dierenartsen en landbouwers.<\/p>\n<p><strong>Onze uitgebreide portfolio<\/strong> is ontwikkeld om te voldoen aan de eisen van de dierenartsen in zeer verschillende wereldgebieden. Dit, in combinatie met onze inspanningen om relevante productondersteuning te bieden, maakt van Kela een betrouwbare partner voor vele zorgverleners in de diergezondheid.[\/vc_column_text][\/vc_column][vc_column width=&#8221;1\/12&#8243;][\/vc_column][vc_column width=&#8221;4\/12&#8243;][vc_column_text el_class=&#8221;box box-gradient&#8221;]<\/p>\n<blockquote>\n<p><em>&#8220;Wij bij Kela bevinden ons in de voedingswaardeketen tussen het garanderen van de diergezondheid voor de veetelers en het engagement voor voedselveiligheid voor consumenten <\/em><em>.&#8221;<\/em><\/p>\n<\/blockquote>\n<p>[\/vc_column_text][vc_column_text el_class=&#8221;box box-contact&#8221; css=&#8221;.vc_custom_1737710010656{background-color: #ffffff !important;}&#8221;]<img decoding=\"async\" loading=\"lazy\" class=\"alignnone size-medium wp-image-86\" src=\"https:\/\/www.kela.health\/wp-content\/uploads\/2018\/08\/chat-bubble.svg\" alt=\"\" width=\"30\" height=\"26\" \/><\/p>\n<h5>Diergezondheid<\/h5>\n<h6>Contacteer ons voor meer informatie<\/h6>\n<p>+ 32 (0)3 340 04 11<br \/>\n<a href=\"mailto:info@kela.health\">info@kela.health<\/a><\/p>\n<p><a class=\"blue-button\" href=\"https:\/\/www.kela.health\/nl\/dierengezondheid\/contact\">Contacteer Kela<\/a>[\/vc_column_text][\/vc_column][\/vc_row][\/vc_section]<\/p>\n<\/section>","protected":false},"excerpt":{"rendered":"Diergezondheid","protected":false},"author":3,"featured_media":0,"parent":0,"menu_order":0,"comment_status":"closed","ping_status":"closed","template":"","meta":{"inline_featured_image":false},"acf":[],"yoast_head":"<!-- This site is optimized with the Yoast SEO plugin v20.8 - https:\/\/yoast.com\/wordpress\/plugins\/seo\/ -->\n<title>Dierengezondheid - Kela Health<\/title>\n<meta name=\"robots\" content=\"index, follow, max-snippet:-1, max-image-preview:large, max-video-preview:-1\" \/>\n<link rel=\"canonical\" href=\"https:\/\/www.kela.health\/animal-health\/\" \/>\n<meta property=\"og:locale\" content=\"nl_NL\" \/>\n<meta property=\"og:type\" content=\"article\" \/>\n<meta property=\"og:title\" content=\"Dierengezondheid - Kela Health\" \/>\n<meta property=\"og:url\" content=\"https:\/\/www.kela.health\/animal-health\/\" \/>\n<meta property=\"og:site_name\" content=\"Kela Health\" \/>\n<meta property=\"article:publisher\" content=\"https:\/\/www.facebook.com\/Kela.Hoogstraten\/\" \/>\n<meta property=\"article:modified_time\" content=\"2025-01-24T09:13:42+00:00\" \/>\n<meta property=\"og:image\" content=\"https:\/\/www.kela.health\/wp-content\/uploads\/2018\/08\/chat-bubble.svg\" \/>\n<meta name=\"twitter:card\" content=\"summary_large_image\" \/>\n<meta name=\"twitter:label1\" content=\"Est. reading time\" \/>\n\t<meta name=\"twitter:data1\" content=\"2 minutes\" \/>\n<script type=\"application\/ld+json\" class=\"yoast-schema-graph\">{\"@context\":\"https:\/\/schema.org\",\"@graph\":[{\"@type\":\"WebPage\",\"@id\":\"https:\/\/www.kela.health\/animal-health\/\",\"url\":\"https:\/\/www.kela.health\/animal-health\/\",\"name\":\"Dierengezondheid - Kela Health\",\"isPartOf\":{\"@id\":\"https:\/\/www.kela.health\/#website\"},\"datePublished\":\"2018-10-16T09:09:51+00:00\",\"dateModified\":\"2025-01-24T09:13:42+00:00\",\"breadcrumb\":{\"@id\":\"https:\/\/www.kela.health\/animal-health\/#breadcrumb\"},\"inLanguage\":\"nl-NL\",\"potentialAction\":[{\"@type\":\"ReadAction\",\"target\":[\"https:\/\/www.kela.health\/animal-health\/\"]}]},{\"@type\":\"BreadcrumbList\",\"@id\":\"https:\/\/www.kela.health\/animal-health\/#breadcrumb\",\"itemListElement\":[{\"@type\":\"ListItem\",\"position\":1,\"name\":\"Home\",\"item\":\"https:\/\/www.kela.health\/nl\/\"},{\"@type\":\"ListItem\",\"position\":2,\"name\":\"Dierengezondheid\"}]},{\"@type\":\"WebSite\",\"@id\":\"https:\/\/www.kela.health\/#website\",\"url\":\"https:\/\/www.kela.health\/\",\"name\":\"Kela Health\",\"description\":\"Focus on health\",\"publisher\":{\"@id\":\"https:\/\/www.kela.health\/#organization\"},\"potentialAction\":[{\"@type\":\"SearchAction\",\"target\":{\"@type\":\"EntryPoint\",\"urlTemplate\":\"https:\/\/www.kela.health\/?s={search_term_string}\"},\"query-input\":\"required name=search_term_string\"}],\"inLanguage\":\"nl-NL\"},{\"@type\":\"Organization\",\"@id\":\"https:\/\/www.kela.health\/#organization\",\"name\":\"Kela NV\",\"url\":\"https:\/\/www.kela.health\/\",\"logo\":{\"@type\":\"ImageObject\",\"inLanguage\":\"nl-NL\",\"@id\":\"https:\/\/www.kela.health\/#\/schema\/logo\/image\/\",\"url\":\"https:\/\/www.kela.health\/wp-content\/uploads\/2018\/09\/Kela-Pos-RGB.jpg\",\"contentUrl\":\"https:\/\/www.kela.health\/wp-content\/uploads\/2018\/09\/Kela-Pos-RGB.jpg\",\"width\":1000,\"height\":490,\"caption\":\"Kela NV\"},\"image\":{\"@id\":\"https:\/\/www.kela.health\/#\/schema\/logo\/image\/\"},\"sameAs\":[\"https:\/\/www.facebook.com\/Kela.Hoogstraten\/\",\"https:\/\/www.linkedin.com\/company\/kela-laboratoria-n-v-\/\"]}]}<\/script>\n<!-- \/ Yoast SEO plugin. -->","yoast_head_json":{"title":"Dierengezondheid - Kela Health","robots":{"index":"index","follow":"follow","max-snippet":"max-snippet:-1","max-image-preview":"max-image-preview:large","max-video-preview":"max-video-preview:-1"},"canonical":"https:\/\/www.kela.health\/animal-health\/","og_locale":"nl_NL","og_type":"article","og_title":"Dierengezondheid - Kela Health","og_url":"https:\/\/www.kela.health\/animal-health\/","og_site_name":"Kela Health","article_publisher":"https:\/\/www.facebook.com\/Kela.Hoogstraten\/","article_modified_time":"2025-01-24T09:13:42+00:00","og_image":[{"url":"https:\/\/www.kela.health\/wp-content\/uploads\/2018\/08\/chat-bubble.svg"}],"twitter_card":"summary_large_image","twitter_misc":{"Est. reading time":"2 minutes"},"schema":{"@context":"https:\/\/schema.org","@graph":[{"@type":"WebPage","@id":"https:\/\/www.kela.health\/animal-health\/","url":"https:\/\/www.kela.health\/animal-health\/","name":"Dierengezondheid - Kela Health","isPartOf":{"@id":"https:\/\/www.kela.health\/#website"},"datePublished":"2018-10-16T09:09:51+00:00","dateModified":"2025-01-24T09:13:42+00:00","breadcrumb":{"@id":"https:\/\/www.kela.health\/animal-health\/#breadcrumb"},"inLanguage":"nl-NL","potentialAction":[{"@type":"ReadAction","target":["https:\/\/www.kela.health\/animal-health\/"]}]},{"@type":"BreadcrumbList","@id":"https:\/\/www.kela.health\/animal-health\/#breadcrumb","itemListElement":[{"@type":"ListItem","position":1,"name":"Home","item":"https:\/\/www.kela.health\/nl\/"},{"@type":"ListItem","position":2,"name":"Dierengezondheid"}]},{"@type":"WebSite","@id":"https:\/\/www.kela.health\/#website","url":"https:\/\/www.kela.health\/","name":"Kela Health","description":"Focus on health","publisher":{"@id":"https:\/\/www.kela.health\/#organization"},"potentialAction":[{"@type":"SearchAction","target":{"@type":"EntryPoint","urlTemplate":"https:\/\/www.kela.health\/?s={search_term_string}"},"query-input":"required name=search_term_string"}],"inLanguage":"nl-NL"},{"@type":"Organization","@id":"https:\/\/www.kela.health\/#organization","name":"Kela NV","url":"https:\/\/www.kela.health\/","logo":{"@type":"ImageObject","inLanguage":"nl-NL","@id":"https:\/\/www.kela.health\/#\/schema\/logo\/image\/","url":"https:\/\/www.kela.health\/wp-content\/uploads\/2018\/09\/Kela-Pos-RGB.jpg","contentUrl":"https:\/\/www.kela.health\/wp-content\/uploads\/2018\/09\/Kela-Pos-RGB.jpg","width":1000,"height":490,"caption":"Kela NV"},"image":{"@id":"https:\/\/www.kela.health\/#\/schema\/logo\/image\/"},"sameAs":["https:\/\/www.facebook.com\/Kela.Hoogstraten\/","https:\/\/www.linkedin.com\/company\/kela-laboratoria-n-v-\/"]}]}},"_links":{"self":[{"href":"https:\/\/www.kela.health\/nl\/wp-json\/wp\/v2\/pages\/1236"}],"collection":[{"href":"https:\/\/www.kela.health\/nl\/wp-json\/wp\/v2\/pages"}],"about":[{"href":"https:\/\/www.kela.health\/nl\/wp-json\/wp\/v2\/types\/page"}],"author":[{"embeddable":true,"href":"https:\/\/www.kela.health\/nl\/wp-json\/wp\/v2\/users\/3"}],"replies":[{"embeddable":true,"href":"https:\/\/www.kela.health\/nl\/wp-json\/wp\/v2\/comments?post=1236"}],"version-history":[{"count":11,"href":"https:\/\/www.kela.health\/nl\/wp-json\/wp\/v2\/pages\/1236\/revisions"}],"predecessor-version":[{"id":7098,"href":"https:\/\/www.kela.health\/nl\/wp-json\/wp\/v2\/pages\/1236\/revisions\/7098"}],"wp:attachment":[{"href":"https:\/\/www.kela.health\/nl\/wp-json\/wp\/v2\/media?parent=1236"}],"curies":[{"name":"wp","href":"https:\/\/api.w.org\/{rel}","templated":true}]}}