{"id":1260,"date":"2018-10-16T11:38:31","date_gmt":"2018-10-16T09:38:31","guid":{"rendered":"https:\/\/www.kela.health\/?page_id=1260"},"modified":"2026-02-02T20:50:42","modified_gmt":"2026-02-02T19:50:42","slug":"leiderschap","status":"publish","type":"page","link":"https:\/\/www.kela.health\/nl\/over-kela\/leiderschap\/","title":{"rendered":"General management"},"content":{"rendered":"<section class=\"wpb-content-wrapper\"><p>[vc_row][vc_column][\/vc_column][\/vc_row][vc_section full_width=&#8221;stretch_row&#8221; content_placement=&#8221;top&#8221; el_id=&#8221;cat-landing-2&#8243; el_class=&#8221;cat-landing about-landing&#8221;][vc_row][vc_column width=&#8221;3\/12&#8243;][vc_row_inner][vc_column_inner][vc_wp_custommenu nav_menu=&#8221;13&#8243; el_class=&#8221;sidebar-small&#8221;][\/vc_column_inner][\/vc_row_inner][\/vc_column][vc_column width=&#8221;1\/12&#8243;][\/vc_column][vc_column width=&#8221;6\/12&#8243;][vc_column_text]<\/p>\n<h1>General management<\/h1>\n<p>[\/vc_column_text][vc_column_text]<\/p>\n<h3>Pascal Beyens<\/h3>\n<h4>General Manager<\/h4>\n<p>Pascal is sinds 2010 de Algemene Directeur van Kela en heeft meer dan 30 jaar ervaring in een waaier van internationale industri\u00eble omgevingen. Hij heeft een uitgebreide kennis van verkoop, financi\u00ebn, continue verbeteringsprogramma&#8217;s en fusies en overnames. Pascal stuurt de strategie van Kela, het ge\u00efntegreerde personeelsbeleid van het bedrijf en de continue communicatie met de familiale aandeelhouders aan.[\/vc_column_text][vc_column_text]<\/p>\n<h3>Bart Lavrysen<\/h3>\n<h4>Global Finance Director<\/h4>\n<p>Bart is verantwoordelijk voor de wereldwijde financi\u00ebn van Kela en leidt alle bedrijfsdiensten die bijdragen tot een sterk performante financi\u00eble, HR- en IT-omgeving. Bart\u2019s ervaring komt uit verscheidene leidinggevende posities in zakelijk bankieren voor middelgrote en grote multinationale ondernemingen. Zijn tactisch en strategisch leiderschap ondersteunt alle afdelingen van de groep om op hun best te presteren ten dienste van de klanten van Kela.[\/vc_column_text][vc_column_text]<\/p>\n<h3><strong>Kristel Senten<\/strong><\/h3>\n<h4>Technical R&amp;D Director<\/h4>\n<p>Kristel beschikt over bijna 20 jaar farmaceutische expertise in diergeneesmiddelen en behaalde een PhD in Medicinale Chemie. Ze heeft uitgebreide ervaring in farmaceutische ontwikkeling, wereldwijde marketingautorisaties, lifecycle management en overdracht van producttechnologie. Ze ondersteunt de alignering van farmaceutische en regelgevende expertise met de bedrijfsprioriteiten en versterkt zo Kela\u2019s positie als allround partner voor veterinaire producten, oplossingen en diensten.[\/vc_column_text][vc_column_text]<\/p>\n<h3><strong>Joeri Veiro<\/strong><\/h3>\n<h4>Quality &amp; Operations Director<\/h4>\n<p>Joeri brengt uitgebreide ervaring mee op het gebied van kwaliteitsborging en operations binnen de farmaceutische industrie. Sinds zijn indiensttreding bij Kela in 2018 heeft hij sleutelrollen vervuld, waaronder QA Manager en Qualified Person, waarmee hij de compliance en kwaliteitscontrole verder heeft versterkt. In zijn huidige rol combineert Joeri het leiderschap over de QC- en QA-afdelingen met zijn verantwoordelijkheden als Qualified Person, ter ondersteuning van een sterke uitvoering, naleving en toezicht binnen Kela\u2019s activiteiten.[\/vc_column_text][\/vc_column][vc_column width=&#8221;2\/12&#8243;][\/vc_column][\/vc_row][\/vc_section][vc_row][vc_column]<div class=\"templatera_shortcode\"><div class=\"vc_row wpb_row vc_row-fluid\"><div class=\"wpb_column vc_column_container vc_col-sm-4\"><div class=\"vc_column-inner\"><div class=\"wpb_wrapper\">\n\t<div class=\"wpb_text_column wpb_content_element  box box-home\" >\n\t\t<div class=\"wpb_wrapper\">\n\t\t\t<p><a href=\"https:\/\/www.kela.health\/nl\/dierengezondheid\"><img class=\"alignleft wp-image-206 size-full\" src=\"https:\/\/www.kela.health\/wp-content\/uploads\/2018\/08\/AdobeStock_84894985@2x.png\" alt=\"\" width=\"540\" height=\"404\" \/><\/a><\/p>\n<p><a href=\"https:\/\/www.kela.health\/nl\/dierengezondheid\/\">Dierengezondheid<\/a><\/p>\n\n\t\t<\/div>\n\t<\/div>\n<\/div><\/div><\/div><div class=\"wpb_column vc_column_container vc_col-sm-4\"><div class=\"vc_column-inner\"><div class=\"wpb_wrapper\">\n\t<div class=\"wpb_text_column wpb_content_element  box box-home\" >\n\t\t<div class=\"wpb_wrapper\">\n\t\t\t<p><a href=\"https:\/\/www.kela.health\/nl\/loonproductie\/\"><img class=\"alignnone wp-image-1928 size-full\" src=\"https:\/\/www.kela.health\/wp-content\/uploads\/2018\/09\/DSC3436-corr-crop-1.png\" alt=\"\" width=\"540\" height=\"404\" \/><\/a><\/p>\n<p><a href=\"https:\/\/www.kela.health\/nl\/loonproductie\/\">Loonproductie<\/a><\/p>\n\n\t\t<\/div>\n\t<\/div>\n<\/div><\/div><\/div><\/div><\/div>[\/vc_column][\/vc_row]<\/p>\n<\/section>","protected":false},"excerpt":{"rendered":"Dierengezondheid Loonproductie","protected":false},"author":3,"featured_media":0,"parent":1223,"menu_order":0,"comment_status":"closed","ping_status":"closed","template":"","meta":{"inline_featured_image":false},"acf":[],"yoast_head":"<!-- This site is optimized with the Yoast SEO plugin v20.8 - https:\/\/yoast.com\/wordpress\/plugins\/seo\/ -->\n<title>General management - Over Kela - Kela Health<\/title>\n<meta name=\"robots\" content=\"index, follow, max-snippet:-1, max-image-preview:large, max-video-preview:-1\" \/>\n<link rel=\"canonical\" href=\"https:\/\/www.kela.health\/nl\/over-kela\/leiderschap\/\" \/>\n<meta property=\"og:locale\" content=\"nl_NL\" \/>\n<meta property=\"og:type\" content=\"article\" \/>\n<meta property=\"og:title\" content=\"General management - Over Kela - Kela Health\" \/>\n<meta property=\"og:url\" content=\"https:\/\/www.kela.health\/nl\/over-kela\/leiderschap\/\" \/>\n<meta property=\"og:site_name\" content=\"Kela Health\" \/>\n<meta property=\"article:publisher\" content=\"https:\/\/www.facebook.com\/Kela.Hoogstraten\/\" \/>\n<meta property=\"article:modified_time\" content=\"2026-02-02T19:50:42+00:00\" \/>\n<meta property=\"og:image\" content=\"https:\/\/www.kela.health\/wp-content\/uploads\/2018\/11\/og_01.png\" \/>\n\t<meta property=\"og:image:width\" content=\"1200\" \/>\n\t<meta property=\"og:image:height\" content=\"630\" \/>\n\t<meta property=\"og:image:type\" content=\"image\/png\" \/>\n<meta name=\"twitter:card\" content=\"summary_large_image\" \/>\n<meta name=\"twitter:label1\" content=\"Est. reading time\" \/>\n\t<meta name=\"twitter:data1\" content=\"2 minutes\" \/>\n<script type=\"application\/ld+json\" class=\"yoast-schema-graph\">{\"@context\":\"https:\/\/schema.org\",\"@graph\":[{\"@type\":\"WebPage\",\"@id\":\"https:\/\/www.kela.health\/nl\/over-kela\/leiderschap\/\",\"url\":\"https:\/\/www.kela.health\/nl\/over-kela\/leiderschap\/\",\"name\":\"General management - Over Kela - Kela Health\",\"isPartOf\":{\"@id\":\"https:\/\/www.kela.health\/#website\"},\"datePublished\":\"2018-10-16T09:38:31+00:00\",\"dateModified\":\"2026-02-02T19:50:42+00:00\",\"breadcrumb\":{\"@id\":\"https:\/\/www.kela.health\/nl\/over-kela\/leiderschap\/#breadcrumb\"},\"inLanguage\":\"nl-NL\",\"potentialAction\":[{\"@type\":\"ReadAction\",\"target\":[\"https:\/\/www.kela.health\/nl\/over-kela\/leiderschap\/\"]}]},{\"@type\":\"BreadcrumbList\",\"@id\":\"https:\/\/www.kela.health\/nl\/over-kela\/leiderschap\/#breadcrumb\",\"itemListElement\":[{\"@type\":\"ListItem\",\"position\":1,\"name\":\"Home\",\"item\":\"https:\/\/www.kela.health\/nl\/\"},{\"@type\":\"ListItem\",\"position\":2,\"name\":\"Over Kela\",\"item\":\"https:\/\/www.kela.health\/about\/\"},{\"@type\":\"ListItem\",\"position\":3,\"name\":\"General management\"}]},{\"@type\":\"WebSite\",\"@id\":\"https:\/\/www.kela.health\/#website\",\"url\":\"https:\/\/www.kela.health\/\",\"name\":\"Kela Health\",\"description\":\"Focus on health\",\"publisher\":{\"@id\":\"https:\/\/www.kela.health\/#organization\"},\"potentialAction\":[{\"@type\":\"SearchAction\",\"target\":{\"@type\":\"EntryPoint\",\"urlTemplate\":\"https:\/\/www.kela.health\/?s={search_term_string}\"},\"query-input\":\"required name=search_term_string\"}],\"inLanguage\":\"nl-NL\"},{\"@type\":\"Organization\",\"@id\":\"https:\/\/www.kela.health\/#organization\",\"name\":\"Kela NV\",\"url\":\"https:\/\/www.kela.health\/\",\"logo\":{\"@type\":\"ImageObject\",\"inLanguage\":\"nl-NL\",\"@id\":\"https:\/\/www.kela.health\/#\/schema\/logo\/image\/\",\"url\":\"https:\/\/www.kela.health\/wp-content\/uploads\/2018\/09\/Kela-Pos-RGB.jpg\",\"contentUrl\":\"https:\/\/www.kela.health\/wp-content\/uploads\/2018\/09\/Kela-Pos-RGB.jpg\",\"width\":1000,\"height\":490,\"caption\":\"Kela NV\"},\"image\":{\"@id\":\"https:\/\/www.kela.health\/#\/schema\/logo\/image\/\"},\"sameAs\":[\"https:\/\/www.facebook.com\/Kela.Hoogstraten\/\",\"https:\/\/www.linkedin.com\/company\/kela-laboratoria-n-v-\/\"]}]}<\/script>\n<!-- \/ Yoast SEO plugin. -->","yoast_head_json":{"title":"General management - Over Kela - Kela Health","robots":{"index":"index","follow":"follow","max-snippet":"max-snippet:-1","max-image-preview":"max-image-preview:large","max-video-preview":"max-video-preview:-1"},"canonical":"https:\/\/www.kela.health\/nl\/over-kela\/leiderschap\/","og_locale":"nl_NL","og_type":"article","og_title":"General management - Over Kela - Kela Health","og_url":"https:\/\/www.kela.health\/nl\/over-kela\/leiderschap\/","og_site_name":"Kela Health","article_publisher":"https:\/\/www.facebook.com\/Kela.Hoogstraten\/","article_modified_time":"2026-02-02T19:50:42+00:00","og_image":[{"width":1200,"height":630,"url":"https:\/\/www.kela.health\/wp-content\/uploads\/2018\/11\/og_01.png","type":"image\/png"}],"twitter_card":"summary_large_image","twitter_misc":{"Est. reading time":"2 minutes"},"schema":{"@context":"https:\/\/schema.org","@graph":[{"@type":"WebPage","@id":"https:\/\/www.kela.health\/nl\/over-kela\/leiderschap\/","url":"https:\/\/www.kela.health\/nl\/over-kela\/leiderschap\/","name":"General management - Over Kela - Kela Health","isPartOf":{"@id":"https:\/\/www.kela.health\/#website"},"datePublished":"2018-10-16T09:38:31+00:00","dateModified":"2026-02-02T19:50:42+00:00","breadcrumb":{"@id":"https:\/\/www.kela.health\/nl\/over-kela\/leiderschap\/#breadcrumb"},"inLanguage":"nl-NL","potentialAction":[{"@type":"ReadAction","target":["https:\/\/www.kela.health\/nl\/over-kela\/leiderschap\/"]}]},{"@type":"BreadcrumbList","@id":"https:\/\/www.kela.health\/nl\/over-kela\/leiderschap\/#breadcrumb","itemListElement":[{"@type":"ListItem","position":1,"name":"Home","item":"https:\/\/www.kela.health\/nl\/"},{"@type":"ListItem","position":2,"name":"Over Kela","item":"https:\/\/www.kela.health\/about\/"},{"@type":"ListItem","position":3,"name":"General management"}]},{"@type":"WebSite","@id":"https:\/\/www.kela.health\/#website","url":"https:\/\/www.kela.health\/","name":"Kela Health","description":"Focus on health","publisher":{"@id":"https:\/\/www.kela.health\/#organization"},"potentialAction":[{"@type":"SearchAction","target":{"@type":"EntryPoint","urlTemplate":"https:\/\/www.kela.health\/?s={search_term_string}"},"query-input":"required name=search_term_string"}],"inLanguage":"nl-NL"},{"@type":"Organization","@id":"https:\/\/www.kela.health\/#organization","name":"Kela NV","url":"https:\/\/www.kela.health\/","logo":{"@type":"ImageObject","inLanguage":"nl-NL","@id":"https:\/\/www.kela.health\/#\/schema\/logo\/image\/","url":"https:\/\/www.kela.health\/wp-content\/uploads\/2018\/09\/Kela-Pos-RGB.jpg","contentUrl":"https:\/\/www.kela.health\/wp-content\/uploads\/2018\/09\/Kela-Pos-RGB.jpg","width":1000,"height":490,"caption":"Kela NV"},"image":{"@id":"https:\/\/www.kela.health\/#\/schema\/logo\/image\/"},"sameAs":["https:\/\/www.facebook.com\/Kela.Hoogstraten\/","https:\/\/www.linkedin.com\/company\/kela-laboratoria-n-v-\/"]}]}},"_links":{"self":[{"href":"https:\/\/www.kela.health\/nl\/wp-json\/wp\/v2\/pages\/1260"}],"collection":[{"href":"https:\/\/www.kela.health\/nl\/wp-json\/wp\/v2\/pages"}],"about":[{"href":"https:\/\/www.kela.health\/nl\/wp-json\/wp\/v2\/types\/page"}],"author":[{"embeddable":true,"href":"https:\/\/www.kela.health\/nl\/wp-json\/wp\/v2\/users\/3"}],"replies":[{"embeddable":true,"href":"https:\/\/www.kela.health\/nl\/wp-json\/wp\/v2\/comments?post=1260"}],"version-history":[{"count":13,"href":"https:\/\/www.kela.health\/nl\/wp-json\/wp\/v2\/pages\/1260\/revisions"}],"predecessor-version":[{"id":7610,"href":"https:\/\/www.kela.health\/nl\/wp-json\/wp\/v2\/pages\/1260\/revisions\/7610"}],"up":[{"embeddable":true,"href":"https:\/\/www.kela.health\/nl\/wp-json\/wp\/v2\/pages\/1223"}],"wp:attachment":[{"href":"https:\/\/www.kela.health\/nl\/wp-json\/wp\/v2\/media?parent=1260"}],"curies":[{"name":"wp","href":"https:\/\/api.w.org\/{rel}","templated":true}]}}