{"id":1310,"date":"2018-10-16T12:14:51","date_gmt":"2018-10-16T10:14:51","guid":{"rendered":"https:\/\/www.kela.health\/?page_id=1310"},"modified":"2025-01-24T10:20:10","modified_gmt":"2025-01-24T09:20:10","slug":"wat-maakt-ons-verschillend","status":"publish","type":"page","link":"https:\/\/www.kela.health\/nl\/dierengezondheid\/waarde-voor-klanten\/wat-maakt-ons-verschillend\/","title":{"rendered":"Wat maakt ons verschillend?"},"content":{"rendered":"<section class=\"wpb-content-wrapper\"><p>[vc_row][vc_column][\/vc_column][\/vc_row][vc_section full_width=&#8221;stretch_row&#8221; content_placement=&#8221;top&#8221; el_id=&#8221;cat-landing-2&#8243; el_class=&#8221;cat-landing animal-landing&#8221;][vc_row][vc_column width=&#8221;3\/12&#8243;][vc_row_inner][vc_column_inner][vc_wp_custommenu nav_menu=&#8221;8&#8243; el_class=&#8221;sidebar-small&#8221;][\/vc_column_inner][\/vc_row_inner][\/vc_column][vc_column width=&#8221;1\/12&#8243;][\/vc_column][vc_column width=&#8221;6\/12&#8243;][vc_column_text el_class=&#8221;breadcrumb&#8221;]Diergezondheid[\/vc_column_text][vc_column_text]<\/p>\n<h1>Wat maakt ons verschillend?<\/h1>\n<p>Kela\u2019s sterkte ligt in \u00a0de kruisbestuiving tussen ons erfgoed, onze mensen en ons aanbod.<\/p>\n<p><strong>Onze onge\u00ebvenaarde expertise<\/strong> komt voort uit decennia onophoudelijke onderzoeks-, ontwikkelings- en innoveringsinspanningen in het domein van de diergezondheid. Kela&#8217;s historische focus op het vergemakkelijken van een antimicrobi\u00eble behandeling voor dierenartsen heeft ons tot \u00e9\u00e9n van de weinige wereldwijde spelers van penicilline als een eindproduct voor diergeneeskundig gebruik gemaakt.<\/p>\n<p><strong>Onze mensen in onze diergezondheidsbusiness<\/strong> zijn hoog opgeleid en begrijpen de noden en uitdagingen van dierenartsen, ongeacht de regio waar ze werken. We hebben dierenartsen, (industrie-) apothekers, ingenieurs, economen en MBA-gekwalificeerde mensen in dienst.\u00a0Met hun deskundige knowhow en een aan de lokale omstandigheden aangepaste aanpak\u00a0 ondersteunen onze mensen veetelers wereldwijd. Dankzij deze enorme bron van ervaring staan we dicht bij de dagelijkse uitdagingen van dierenartsen en landbouwers.<\/p>\n<p><strong>Onze uitgebreide portfolio<\/strong> is ontwikkeld om te voldoen aan de eisen van de dierenartsen in zeer verschillende wereldgebieden. Dit, in combinatie met onze inspanningen om relevante productondersteuning te bieden, maakt van Kela een betrouwbare partner voor vele zorgverleners in de diergezondheid.[\/vc_column_text][\/vc_column][vc_column width=&#8221;2\/12&#8243;][\/vc_column][\/vc_row][\/vc_section][vc_row][vc_column]<div class=\"templatera_shortcode\"><div class=\"vc_row wpb_row vc_row-fluid\"><div class=\"wpb_column vc_column_container vc_col-sm-4\"><div class=\"vc_column-inner\"><div class=\"wpb_wrapper\">\n\t<div class=\"wpb_text_column wpb_content_element  vc_custom_1737710091245 box box-contact\" >\n\t\t<div class=\"wpb_wrapper\">\n\t\t\t<p><img class=\"alignnone size-medium wp-image-86\" src=\"https:\/\/www.kela.health\/wp-content\/uploads\/2018\/08\/chat-bubble.svg\" alt=\"\" width=\"30\" height=\"26\" \/><\/p>\n<h5>Diergezondheid<\/h5>\n<h6>Contacteer ons voor meer informatie<\/h6>\n<p>+32 (0)3 340 04 11<br \/>\n<a href=\"mailto:info@kela.health\">info@kela.health<\/a><\/p>\n<p><a class=\"blue-button\" href=\"https:\/\/www.kela.health\/nl\/dierengezondheid\/contact\/\">Contacteer Kela<\/a><\/p>\n\n\t\t<\/div>\n\t<\/div>\n<\/div><\/div><\/div><div class=\"wpb_column vc_column_container vc_col-sm-4\"><div class=\"vc_column-inner\"><div class=\"wpb_wrapper\">\n\t<div class=\"wpb_text_column wpb_content_element  box box-kela\" >\n\t\t<div class=\"wpb_wrapper\">\n\t\t\t<h5>Wat maakt ons verschillend?<\/h5>\n<h6>Onze onge\u00ebvenaarde ervaring<\/h6>\n<h6>De achtergrond van onze mensen<\/h6>\n<h6>De waarde in wat we doen<\/h6>\n<p><a class=\"blue-button\" href=\"https:\/\/www.kela.health\/nl\/dierengezondheid\/waarde-voor-klanten\/wat-maakt-ons-verschillend\/\">Meer informatie<\/a><\/p>\n\n\t\t<\/div>\n\t<\/div>\n<\/div><\/div><\/div><div class=\"wpb_column vc_column_container vc_col-sm-4\"><div class=\"vc_column-inner\"><div class=\"wpb_wrapper\">\n\t<div class=\"wpb_text_column wpb_content_element  box box-productfinder\" >\n\t\t<div class=\"wpb_wrapper\">\n\t\t\t<p><img class=\"alignnone size-medium wp-image-116\" src=\"https:\/\/www.kela.health\/wp-content\/uploads\/2018\/08\/search.svg\" alt=\"\" width=\"20\" height=\"20\" \/><\/p>\n<h5>Productzoeker<\/h5>\n<h6>Vind producten in uw regio<\/h6>\n<p>Onze portfolio dekt een uitgebreid gamma van diergezondheidsproducten.<\/p>\n<p><a class=\"blue-button\" href=\"http:\/\/products.kela.health\">Bekijk producten<\/a><\/p>\n\n\t\t<\/div>\n\t<\/div>\n<\/div><\/div><\/div><\/div><\/div>[\/vc_column][\/vc_row]<\/p>\n<\/section>","protected":false},"excerpt":{"rendered":"Diergezondheid Contacteer ons voor meer informatie +32 (0)3 340 04 11 info@kela.health Contacteer Kela Wat maakt ons verschillend? Onze onge\u00ebvenaarde ervaring De achtergrond van onze mensen De waarde in wat we doen Meer informatie Productzoeker Vind producten in uw regio Onze portfolio dekt een uitgebreid gamma van diergezondheidsproducten. Bekijk producten","protected":false},"author":3,"featured_media":0,"parent":1308,"menu_order":0,"comment_status":"closed","ping_status":"closed","template":"","meta":{"inline_featured_image":false},"acf":[],"yoast_head":"<!-- This site is optimized with the Yoast SEO plugin v20.8 - https:\/\/yoast.com\/wordpress\/plugins\/seo\/ -->\n<title>Wat maakt ons verschillend? - Waarde voor klanten - Kela Health<\/title>\n<meta name=\"robots\" content=\"index, follow, max-snippet:-1, max-image-preview:large, max-video-preview:-1\" \/>\n<link rel=\"canonical\" href=\"https:\/\/www.kela.health\/nl\/dierengezondheid\/waarde-voor-klanten\/wat-maakt-ons-verschillend\/\" \/>\n<meta property=\"og:locale\" content=\"nl_NL\" \/>\n<meta property=\"og:type\" content=\"article\" \/>\n<meta property=\"og:title\" content=\"Wat maakt ons verschillend? - Waarde voor klanten - Kela Health\" \/>\n<meta property=\"og:url\" content=\"https:\/\/www.kela.health\/nl\/dierengezondheid\/waarde-voor-klanten\/wat-maakt-ons-verschillend\/\" \/>\n<meta property=\"og:site_name\" content=\"Kela Health\" \/>\n<meta property=\"article:publisher\" content=\"https:\/\/www.facebook.com\/Kela.Hoogstraten\/\" \/>\n<meta property=\"article:modified_time\" content=\"2025-01-24T09:20:10+00:00\" \/>\n<meta property=\"og:image\" content=\"https:\/\/www.kela.health\/wp-content\/uploads\/2018\/11\/og_01.png\" \/>\n\t<meta property=\"og:image:width\" content=\"1200\" \/>\n\t<meta property=\"og:image:height\" content=\"630\" \/>\n\t<meta property=\"og:image:type\" content=\"image\/png\" \/>\n<meta name=\"twitter:card\" content=\"summary_large_image\" \/>\n<meta name=\"twitter:label1\" content=\"Est. reading time\" \/>\n\t<meta name=\"twitter:data1\" content=\"1 minute\" \/>\n<script type=\"application\/ld+json\" class=\"yoast-schema-graph\">{\"@context\":\"https:\/\/schema.org\",\"@graph\":[{\"@type\":\"WebPage\",\"@id\":\"https:\/\/www.kela.health\/nl\/dierengezondheid\/waarde-voor-klanten\/wat-maakt-ons-verschillend\/\",\"url\":\"https:\/\/www.kela.health\/nl\/dierengezondheid\/waarde-voor-klanten\/wat-maakt-ons-verschillend\/\",\"name\":\"Wat maakt ons verschillend? - Waarde voor klanten - Kela Health\",\"isPartOf\":{\"@id\":\"https:\/\/www.kela.health\/#website\"},\"datePublished\":\"2018-10-16T10:14:51+00:00\",\"dateModified\":\"2025-01-24T09:20:10+00:00\",\"breadcrumb\":{\"@id\":\"https:\/\/www.kela.health\/nl\/dierengezondheid\/waarde-voor-klanten\/wat-maakt-ons-verschillend\/#breadcrumb\"},\"inLanguage\":\"nl-NL\",\"potentialAction\":[{\"@type\":\"ReadAction\",\"target\":[\"https:\/\/www.kela.health\/nl\/dierengezondheid\/waarde-voor-klanten\/wat-maakt-ons-verschillend\/\"]}]},{\"@type\":\"BreadcrumbList\",\"@id\":\"https:\/\/www.kela.health\/nl\/dierengezondheid\/waarde-voor-klanten\/wat-maakt-ons-verschillend\/#breadcrumb\",\"itemListElement\":[{\"@type\":\"ListItem\",\"position\":1,\"name\":\"Home\",\"item\":\"https:\/\/www.kela.health\/nl\/\"},{\"@type\":\"ListItem\",\"position\":2,\"name\":\"Dierengezondheid\",\"item\":\"https:\/\/www.kela.health\/animal-health\/\"},{\"@type\":\"ListItem\",\"position\":3,\"name\":\"Waarde voor klanten\",\"item\":\"https:\/\/www.kela.health\/nl\/dierengezondheid\/waarde-voor-klanten\/\"},{\"@type\":\"ListItem\",\"position\":4,\"name\":\"Wat maakt ons verschillend?\"}]},{\"@type\":\"WebSite\",\"@id\":\"https:\/\/www.kela.health\/#website\",\"url\":\"https:\/\/www.kela.health\/\",\"name\":\"Kela Health\",\"description\":\"Focus on health\",\"publisher\":{\"@id\":\"https:\/\/www.kela.health\/#organization\"},\"potentialAction\":[{\"@type\":\"SearchAction\",\"target\":{\"@type\":\"EntryPoint\",\"urlTemplate\":\"https:\/\/www.kela.health\/?s={search_term_string}\"},\"query-input\":\"required name=search_term_string\"}],\"inLanguage\":\"nl-NL\"},{\"@type\":\"Organization\",\"@id\":\"https:\/\/www.kela.health\/#organization\",\"name\":\"Kela NV\",\"url\":\"https:\/\/www.kela.health\/\",\"logo\":{\"@type\":\"ImageObject\",\"inLanguage\":\"nl-NL\",\"@id\":\"https:\/\/www.kela.health\/#\/schema\/logo\/image\/\",\"url\":\"https:\/\/www.kela.health\/wp-content\/uploads\/2018\/09\/Kela-Pos-RGB.jpg\",\"contentUrl\":\"https:\/\/www.kela.health\/wp-content\/uploads\/2018\/09\/Kela-Pos-RGB.jpg\",\"width\":1000,\"height\":490,\"caption\":\"Kela NV\"},\"image\":{\"@id\":\"https:\/\/www.kela.health\/#\/schema\/logo\/image\/\"},\"sameAs\":[\"https:\/\/www.facebook.com\/Kela.Hoogstraten\/\",\"https:\/\/www.linkedin.com\/company\/kela-laboratoria-n-v-\/\"]}]}<\/script>\n<!-- \/ Yoast SEO plugin. -->","yoast_head_json":{"title":"Wat maakt ons verschillend? - Waarde voor klanten - Kela Health","robots":{"index":"index","follow":"follow","max-snippet":"max-snippet:-1","max-image-preview":"max-image-preview:large","max-video-preview":"max-video-preview:-1"},"canonical":"https:\/\/www.kela.health\/nl\/dierengezondheid\/waarde-voor-klanten\/wat-maakt-ons-verschillend\/","og_locale":"nl_NL","og_type":"article","og_title":"Wat maakt ons verschillend? - Waarde voor klanten - Kela Health","og_url":"https:\/\/www.kela.health\/nl\/dierengezondheid\/waarde-voor-klanten\/wat-maakt-ons-verschillend\/","og_site_name":"Kela Health","article_publisher":"https:\/\/www.facebook.com\/Kela.Hoogstraten\/","article_modified_time":"2025-01-24T09:20:10+00:00","og_image":[{"width":1200,"height":630,"url":"https:\/\/www.kela.health\/wp-content\/uploads\/2018\/11\/og_01.png","type":"image\/png"}],"twitter_card":"summary_large_image","twitter_misc":{"Est. reading time":"1 minute"},"schema":{"@context":"https:\/\/schema.org","@graph":[{"@type":"WebPage","@id":"https:\/\/www.kela.health\/nl\/dierengezondheid\/waarde-voor-klanten\/wat-maakt-ons-verschillend\/","url":"https:\/\/www.kela.health\/nl\/dierengezondheid\/waarde-voor-klanten\/wat-maakt-ons-verschillend\/","name":"Wat maakt ons verschillend? - Waarde voor klanten - Kela Health","isPartOf":{"@id":"https:\/\/www.kela.health\/#website"},"datePublished":"2018-10-16T10:14:51+00:00","dateModified":"2025-01-24T09:20:10+00:00","breadcrumb":{"@id":"https:\/\/www.kela.health\/nl\/dierengezondheid\/waarde-voor-klanten\/wat-maakt-ons-verschillend\/#breadcrumb"},"inLanguage":"nl-NL","potentialAction":[{"@type":"ReadAction","target":["https:\/\/www.kela.health\/nl\/dierengezondheid\/waarde-voor-klanten\/wat-maakt-ons-verschillend\/"]}]},{"@type":"BreadcrumbList","@id":"https:\/\/www.kela.health\/nl\/dierengezondheid\/waarde-voor-klanten\/wat-maakt-ons-verschillend\/#breadcrumb","itemListElement":[{"@type":"ListItem","position":1,"name":"Home","item":"https:\/\/www.kela.health\/nl\/"},{"@type":"ListItem","position":2,"name":"Dierengezondheid","item":"https:\/\/www.kela.health\/animal-health\/"},{"@type":"ListItem","position":3,"name":"Waarde voor klanten","item":"https:\/\/www.kela.health\/nl\/dierengezondheid\/waarde-voor-klanten\/"},{"@type":"ListItem","position":4,"name":"Wat maakt ons verschillend?"}]},{"@type":"WebSite","@id":"https:\/\/www.kela.health\/#website","url":"https:\/\/www.kela.health\/","name":"Kela Health","description":"Focus on health","publisher":{"@id":"https:\/\/www.kela.health\/#organization"},"potentialAction":[{"@type":"SearchAction","target":{"@type":"EntryPoint","urlTemplate":"https:\/\/www.kela.health\/?s={search_term_string}"},"query-input":"required name=search_term_string"}],"inLanguage":"nl-NL"},{"@type":"Organization","@id":"https:\/\/www.kela.health\/#organization","name":"Kela NV","url":"https:\/\/www.kela.health\/","logo":{"@type":"ImageObject","inLanguage":"nl-NL","@id":"https:\/\/www.kela.health\/#\/schema\/logo\/image\/","url":"https:\/\/www.kela.health\/wp-content\/uploads\/2018\/09\/Kela-Pos-RGB.jpg","contentUrl":"https:\/\/www.kela.health\/wp-content\/uploads\/2018\/09\/Kela-Pos-RGB.jpg","width":1000,"height":490,"caption":"Kela NV"},"image":{"@id":"https:\/\/www.kela.health\/#\/schema\/logo\/image\/"},"sameAs":["https:\/\/www.facebook.com\/Kela.Hoogstraten\/","https:\/\/www.linkedin.com\/company\/kela-laboratoria-n-v-\/"]}]}},"_links":{"self":[{"href":"https:\/\/www.kela.health\/nl\/wp-json\/wp\/v2\/pages\/1310"}],"collection":[{"href":"https:\/\/www.kela.health\/nl\/wp-json\/wp\/v2\/pages"}],"about":[{"href":"https:\/\/www.kela.health\/nl\/wp-json\/wp\/v2\/types\/page"}],"author":[{"embeddable":true,"href":"https:\/\/www.kela.health\/nl\/wp-json\/wp\/v2\/users\/3"}],"replies":[{"embeddable":true,"href":"https:\/\/www.kela.health\/nl\/wp-json\/wp\/v2\/comments?post=1310"}],"version-history":[{"count":6,"href":"https:\/\/www.kela.health\/nl\/wp-json\/wp\/v2\/pages\/1310\/revisions"}],"predecessor-version":[{"id":7100,"href":"https:\/\/www.kela.health\/nl\/wp-json\/wp\/v2\/pages\/1310\/revisions\/7100"}],"up":[{"embeddable":true,"href":"https:\/\/www.kela.health\/nl\/wp-json\/wp\/v2\/pages\/1308"}],"wp:attachment":[{"href":"https:\/\/www.kela.health\/nl\/wp-json\/wp\/v2\/media?parent=1310"}],"curies":[{"name":"wp","href":"https:\/\/api.w.org\/{rel}","templated":true}]}}